{"id":64113,"date":"2025-07-19T15:58:11","date_gmt":"2025-07-19T15:58:11","guid":{"rendered":"https:\/\/snus-malmo.se\/?post_type=product&#038;p=64113"},"modified":"2025-08-03T08:30:42","modified_gmt":"2025-08-03T08:30:42","slug":"levia-glacial-beat","status":"publish","type":"product","link":"https:\/\/snus-malmo.se\/sv\/produkt\/levia-glacial-beat\/","title":{"rendered":"LEVIA Glacial Beat"},"content":{"rendered":"<h1 data-start=\"245\" data-end=\"318\">LEVIA Glacial Beat<\/h1>\n<h2 data-start=\"672\" data-end=\"734\">\ud83e\uddca LEVIA Glacial Beat \u2013 Iskall mentolupplevelse utan tobak<\/h2>\n<p data-start=\"736\" data-end=\"1063\"><strong data-start=\"736\" data-end=\"758\">LEVIA Glacial Beat<\/strong> \u00e4r valet f\u00f6r dig som s\u00f6ker en <strong data-start=\"789\" data-end=\"861\">intensiv och uppfriskande nikotinupplevelse med kraftfull mentolsmak<\/strong>. Stickorna \u00e4r <strong data-start=\"876\" data-end=\"895\">helt tobaksfria<\/strong> men inneh\u00e5ller nikotin som aktiveras genom uppv\u00e4rmning \u2013 inte f\u00f6rbr\u00e4nning \u2013 vilket g\u00f6r produkten b\u00e5de <strong data-start=\"998\" data-end=\"1034\">renare, fr\u00e4schare och diskretare<\/strong> \u00e4n traditionella alternativ.<\/p>\n<p data-start=\"1065\" data-end=\"1285\">Stickorna anv\u00e4nds exklusivt med <strong data-start=\"1097\" data-end=\"1111\">IQOS ILUMA<\/strong> och <strong data-start=\"1116\" data-end=\"1129\">ILUMA ONE<\/strong>, d\u00e4r den innovativa <strong data-start=\"1150\" data-end=\"1181\">Smartcore Induction System\u2122<\/strong>v\u00e4rmer stickan inifr\u00e5n f\u00f6r att frig\u00f6ra nikotin och smak i form av \u00e5nga \u2013 <strong data-start=\"1255\" data-end=\"1284\">utan r\u00f6k, gl\u00f6d eller aska<\/strong>.<\/p>\n<hr data-start=\"1287\" data-end=\"1290\" \/>\n<h2 data-start=\"1292\" data-end=\"1334\">\u2705 <strong data-start=\"1298\" data-end=\"1334\">F\u00f6rdelar med LEVIA Glacial Beat:<\/strong><\/h2>\n<ul data-start=\"1335\" data-end=\"1586\">\n<li data-start=\"1335\" data-end=\"1371\">\n<p data-start=\"1337\" data-end=\"1371\">\u2744\ufe0f Iskall och ren <strong data-start=\"1355\" data-end=\"1369\">mentolsmak<\/strong><\/p>\n<\/li>\n<li data-start=\"1372\" data-end=\"1416\">\n<p data-start=\"1374\" data-end=\"1416\">\ud83d\udfe2 <strong data-start=\"1377\" data-end=\"1390\">Tobaksfri<\/strong>, men inneh\u00e5ller nikotin<\/p>\n<\/li>\n<li data-start=\"1417\" data-end=\"1457\">\n<p data-start=\"1419\" data-end=\"1457\">\ud83d\udeab Ingen r\u00f6k, ingen lukt, ingen aska<\/p>\n<\/li>\n<li data-start=\"1458\" data-end=\"1509\">\n<p data-start=\"1460\" data-end=\"1509\">\ud83d\udd12 Kompatibel endast med <strong data-start=\"1485\" data-end=\"1499\">IQOS ILUMA<\/strong>-enheter<\/p>\n<\/li>\n<li data-start=\"1510\" data-end=\"1558\">\n<p data-start=\"1512\" data-end=\"1558\">\ud83d\udd2c Smartcore-teknik f\u00f6r effektiv uppv\u00e4rmning<\/p>\n<\/li>\n<li data-start=\"1559\" data-end=\"1586\">\n<p data-start=\"1561\" data-end=\"1586\">\ud83e\uddfc Ingen reng\u00f6ring beh\u00f6vs<\/p>\n<\/li>\n<\/ul>\n<hr data-start=\"1588\" data-end=\"1591\" \/>\n<h3 data-start=\"1593\" data-end=\"1619\">\ud83d\udd0d <strong data-start=\"1600\" data-end=\"1619\">S\u00e5 fungerar det<\/strong><\/h3>\n<p data-start=\"1621\" data-end=\"1918\">IQOS ILUMA v\u00e4rmer LEVIA-stickor till cirka <strong data-start=\"1664\" data-end=\"1673\">350\u00b0C<\/strong>, tillr\u00e4ckligt f\u00f6r att frig\u00f6ra nikotin och smak \u2013 men utan att br\u00e4nna materialet. Det skapas en <strong data-start=\"1769\" data-end=\"1797\">luktfri och diskret \u00e5nga<\/strong>, fr\u00e4mst best\u00e5ende av <strong data-start=\"1819\" data-end=\"1851\">vatten, glycerin och nikotin<\/strong>. Resultatet \u00e4r en <strong data-start=\"1870\" data-end=\"1898\">renare nikotinupplevelse<\/strong> utan andrahandsr\u00f6k.<\/p>\n<hr data-start=\"1920\" data-end=\"1923\" \/>\n<h3 data-start=\"1925\" data-end=\"1976\">\ud83d\udce6 <strong data-start=\"1932\" data-end=\"1976\">Produktinformation \u2013 LEVIA Glacial Beat:<\/strong><\/h3>\n<ul data-start=\"1977\" data-end=\"2221\">\n<li data-start=\"1977\" data-end=\"2031\">\n<p data-start=\"1979\" data-end=\"2031\">Inneh\u00e5ll: <strong data-start=\"1989\" data-end=\"2029\">20 SMARTCORE-stickor per f\u00f6rpackning<\/strong><\/p>\n<\/li>\n<li data-start=\"2032\" data-end=\"2077\">\n<p data-start=\"2034\" data-end=\"2077\">Smak: <strong data-start=\"2040\" data-end=\"2075\">Kraftig mentol \/ kylande effekt<\/strong><\/p>\n<\/li>\n<li data-start=\"2078\" data-end=\"2131\">\n<p data-start=\"2080\" data-end=\"2131\">Kompatibilitet: <strong data-start=\"2096\" data-end=\"2129\">Endast IQOS ILUMA &amp; ILUMA ONE<\/strong><\/p>\n<\/li>\n<li data-start=\"2132\" data-end=\"2174\">\n<p data-start=\"2134\" data-end=\"2174\">Funktion: Uppv\u00e4rmning utan f\u00f6rbr\u00e4nning<\/p>\n<\/li>\n<li data-start=\"2175\" data-end=\"2221\">\n<p data-start=\"2177\" data-end=\"2221\">Tobaksinneh\u00e5ll: <strong data-start=\"2193\" data-end=\"2206\">0 % tobak<\/strong>, nikotin ing\u00e5r<\/p>\n<\/li>\n<\/ul>\n<hr data-start=\"2223\" data-end=\"2226\" \/>\n<h3 data-start=\"2228\" data-end=\"2275\">\ud83d\uded2 <strong data-start=\"2235\" data-end=\"2275\">K\u00f6p LEVIA Glacial Beat hos Veloop.se<\/strong><\/h3>\n<p data-start=\"2277\" data-end=\"2517\">Om du f\u00f6redrar en <strong data-start=\"2295\" data-end=\"2338\">iskall, r\u00f6kfri och tobaksfri upplevelse<\/strong> med nikotin \u00e4r <strong data-start=\"2354\" data-end=\"2376\">LEVIA Glacial Beat<\/strong> det sj\u00e4lvklara valet. Veloop.se erbjuder <strong data-start=\"2418\" data-end=\"2487\">snabb leverans, s\u00e4kra betalningsl\u00f6sningar och ett brett sortiment<\/strong> av LEVIA- och IQOS-produkter.<\/p>\n<h2 data-start=\"2450\" data-end=\"2489\">\ud83d\udd17 Relaterade produkter &amp; kategorier<\/h2>\n<ul data-start=\"2491\" data-end=\"2806\">\n<li data-start=\"2491\" data-end=\"2587\">\n<p data-start=\"2493\" data-end=\"2587\">Utforska fler smaker i <strong data-start=\"2516\" data-end=\"2585\"><a class=\"\" href=\"https:\/\/snus-malmo.se\/sv\/produkt-kategori\/levia\/\" target=\"_new\" rel=\"noopener\" data-start=\"2518\" data-end=\"2583\">LEVIA-serien h\u00e4r<\/a><\/strong><\/p>\n<\/li>\n<li data-start=\"2588\" data-end=\"2692\">\n<p data-start=\"2590\" data-end=\"2692\">Se hela utbudet av <strong data-start=\"2609\" data-end=\"2690\"><a class=\"\" href=\"https:\/\/snus-malmo.se\/sv\/produkt-kategori\/terea\/\" target=\"_new\" rel=\"noopener\" data-start=\"2611\" data-end=\"2688\">TEREA-stickor f\u00f6r IQOS ILUMA<\/a><\/strong><\/p>\n<\/li>\n<li data-start=\"2693\" data-end=\"2806\">\n<p data-start=\"2695\" data-end=\"2806\">Uppt\u00e4ck alla kompatibla <strong data-start=\"2719\" data-end=\"2804\"><a class=\"\" href=\"https:\/\/snus-malmo.se\/sv\/produkt-kategori\/iluma\/\" target=\"_new\" rel=\"noopener\" data-start=\"2721\" data-end=\"2802\">IQOS ILUMA-enheter och tillbeh\u00f6r<\/a><\/strong><\/p>\n<\/li>\n<\/ul>","protected":false},"excerpt":{"rendered":"<h1 data-start=\"245\" data-end=\"318\">LEVIA Glacial Beat<\/h1>\n<h2 data-start=\"672\" data-end=\"734\">\ud83e\uddca LEVIA Glacial Beat \u2013 Iskall mentolupplevelse utan tobak<\/h2>\n<p><strong data-start=\"300\" data-end=\"322\">LEVIA Glacial Beat<\/strong> \u00e4r en tobaksfri nikotinprodukt med en kraftfull, isande smak av <strong data-start=\"387\" data-end=\"401\">ren mentol<\/strong>. Designad f\u00f6r anv\u00e4ndning med <strong data-start=\"431\" data-end=\"445\">IQOS ILUMA<\/strong>, utan r\u00f6k, lukt eller aska. Varje f\u00f6rpackning inneh\u00e5ller <strong data-start=\"503\" data-end=\"527\">20 SMARTCORE-stickor<\/strong>. K\u00f6p LEVIA Glacial Beat hos <strong data-start=\"556\" data-end=\"569\">Veloop.se<\/strong> \u2013 snabb leverans och s\u00e4kra betalningar!<\/p>\n<h2 data-start=\"2450\" data-end=\"2489\">\ud83d\udd17 Relaterade produkter &amp; kategorier<\/h2>\n<ul data-start=\"2491\" data-end=\"2806\">\n<li data-start=\"2491\" data-end=\"2587\">\n<p data-start=\"2493\" data-end=\"2587\">Utforska fler smaker i <strong data-start=\"2516\" data-end=\"2585\"><a class=\"\" href=\"https:\/\/snus-malmo.se\/sv\/produkt-kategori\/levia\/\" target=\"_new\" rel=\"noopener\" data-start=\"2518\" data-end=\"2583\">LEVIA-serien h\u00e4r<\/a><\/strong><\/p>\n<\/li>\n<li data-start=\"2588\" data-end=\"2692\">\n<p data-start=\"2590\" data-end=\"2692\">Se hela utbudet av <strong data-start=\"2609\" data-end=\"2690\"><a class=\"\" href=\"https:\/\/snus-malmo.se\/sv\/produkt-kategori\/terea\/\" target=\"_new\" rel=\"noopener\" data-start=\"2611\" data-end=\"2688\">TEREA-stickor f\u00f6r IQOS ILUMA<\/a><\/strong><\/p>\n<\/li>\n<li data-start=\"2693\" data-end=\"2806\">\n<p data-start=\"2695\" data-end=\"2806\">Uppt\u00e4ck alla kompatibla <strong data-start=\"2719\" data-end=\"2804\"><a class=\"\" href=\"https:\/\/snus-malmo.se\/sv\/produkt-kategori\/iluma\/\" target=\"_new\" rel=\"noopener\" data-start=\"2721\" data-end=\"2802\">IQOS ILUMA-enheter och tillbeh\u00f6r<\/a><\/strong><\/p>\n<\/li>\n<\/ul>","protected":false},"featured_media":66900,"comment_status":"open","ping_status":"closed","template":"","meta":[],"product_brand":[410,408],"product_cat":[28,29,210,224,76,250,411],"product_tag":[],"class_list":{"0":"post-64113","1":"product","2":"type-product","3":"status-publish","4":"has-post-thumbnail","6":"product_brand-levia","7":"product_brand-terea","8":"product_cat-cigaretter","9":"product_cat-heat-not-burn","10":"product_cat-iluma","11":"product_cat-levia","12":"product_cat-nikotinfritt-snus","13":"product_cat-terea","14":"product_cat-tobaksfri","16":"first","17":"instock","18":"taxable","19":"shipping-taxable","20":"purchasable","21":"product-type-variable"},"_links":{"self":[{"href":"https:\/\/snus-malmo.se\/sv\/wp-json\/wp\/v2\/product\/64113","targetHints":{"allow":["GET"]}}],"collection":[{"href":"https:\/\/snus-malmo.se\/sv\/wp-json\/wp\/v2\/product"}],"about":[{"href":"https:\/\/snus-malmo.se\/sv\/wp-json\/wp\/v2\/types\/product"}],"replies":[{"embeddable":true,"href":"https:\/\/snus-malmo.se\/sv\/wp-json\/wp\/v2\/comments?post=64113"}],"version-history":[{"count":0,"href":"https:\/\/snus-malmo.se\/sv\/wp-json\/wp\/v2\/product\/64113\/revisions"}],"wp:featuredmedia":[{"embeddable":true,"href":"https:\/\/snus-malmo.se\/sv\/wp-json\/wp\/v2\/media\/66900"}],"wp:attachment":[{"href":"https:\/\/snus-malmo.se\/sv\/wp-json\/wp\/v2\/media?parent=64113"}],"wp:term":[{"taxonomy":"product_brand","embeddable":true,"href":"https:\/\/snus-malmo.se\/sv\/wp-json\/wp\/v2\/product_brand?post=64113"},{"taxonomy":"product_cat","embeddable":true,"href":"https:\/\/snus-malmo.se\/sv\/wp-json\/wp\/v2\/product_cat?post=64113"},{"taxonomy":"product_tag","embeddable":true,"href":"https:\/\/snus-malmo.se\/sv\/wp-json\/wp\/v2\/product_tag?post=64113"}],"curies":[{"name":"wp","href":"https:\/\/api.w.org\/{rel}","templated":true}]}}