{"id":64121,"date":"2025-07-19T16:46:40","date_gmt":"2025-07-19T16:46:40","guid":{"rendered":"https:\/\/snus-malmo.se\/?post_type=product&#038;p=64121"},"modified":"2025-10-05T09:47:01","modified_gmt":"2025-10-05T09:47:01","slug":"rizla-red-double-cigarette-papers","status":"publish","type":"product","link":"https:\/\/snus-malmo.se\/sv\/produkt\/rizla-red-double-cigarette-papers\/","title":{"rendered":"Rizla Red Double Cigarette Papers"},"content":{"rendered":"<div class=\"product__description rte quick-add-hidden\">\n<h1 data-start=\"244\" data-end=\"313\"><strong data-start=\"250\" data-end=\"313\">Rizla Red Double Cigarette Papers<\/strong><\/h1>\n<\/div>\n<blockquote data-start=\"1443\" data-end=\"1725\">\n<h2 data-start=\"678\" data-end=\"747\">\ud83d\udfe5 <strong data-start=\"684\" data-end=\"747\">\u00a0Rizla Red Double Cigarette Papers<\/strong><\/h2>\n<h3 data-start=\"749\" data-end=\"841\">Rizla Red Double \u2013 Klassiska cigarettpapper med balans mellan styrka och smakneutralitet<\/h3>\n<p data-start=\"843\" data-end=\"1138\"><strong data-start=\"843\" data-end=\"880\">Rizla Red Double Cigarette Papers<\/strong> \u00e4r ett popul\u00e4rt val bland r\u00f6kare som f\u00f6redrar att rulla sina egna cigaretter. Dessa papper har en <strong data-start=\"979\" data-end=\"998\">normal tjocklek<\/strong> vilket g\u00f6r dem <strong data-start=\"1014\" data-end=\"1035\">l\u00e4tta att hantera<\/strong>, samtidigt som de erbjuder <strong data-start=\"1063\" data-end=\"1095\">j\u00e4mn och l\u00e5ngsam f\u00f6rbr\u00e4nning<\/strong> \u2013 perfekt f\u00f6r en avslappnad r\u00f6kupplevelse.<\/p>\n<p data-start=\"1140\" data-end=\"1355\">Med sin <strong data-start=\"1148\" data-end=\"1172\">diskreta papperssmak<\/strong> p\u00e5verkar Rizla Red inte tobakens karakt\u00e4r, utan l\u00e5ter smaken st\u00e5 i centrum. Det g\u00f6r dem s\u00e4rskilt l\u00e4mpliga f\u00f6r dig som uppskattar tydliga tobakstoner utan att st\u00f6ras av papprets smak.<\/p>\n<p data-start=\"1357\" data-end=\"1495\">Papperen fungerar utm\u00e4rkt b\u00e5de f\u00f6r <strong data-start=\"1392\" data-end=\"1427\">handrullning och med rullmaskin<\/strong>, och det dubbla paketet inneb\u00e4r att du f\u00e5r mer \u2013 till ett bra pris.<\/p>\n<hr data-start=\"1497\" data-end=\"1500\" \/>\n<h3 data-start=\"1502\" data-end=\"1523\">\u2705 <strong data-start=\"1508\" data-end=\"1523\">Egenskaper:<\/strong><\/h3>\n<ul data-start=\"1524\" data-end=\"1756\">\n<li data-start=\"1524\" data-end=\"1564\">\n<p data-start=\"1526\" data-end=\"1564\">Normaltjockt papper \u2013 l\u00e4tt att rulla<\/p>\n<\/li>\n<li data-start=\"1565\" data-end=\"1597\">\n<p data-start=\"1567\" data-end=\"1597\">J\u00e4mn och l\u00e5ngsam f\u00f6rbr\u00e4nning<\/p>\n<\/li>\n<li data-start=\"1598\" data-end=\"1640\">\n<p data-start=\"1600\" data-end=\"1640\">Neutral smak som inte p\u00e5verkar tobaken<\/p>\n<\/li>\n<li data-start=\"1641\" data-end=\"1677\">\n<p data-start=\"1643\" data-end=\"1677\">H\u00f6g kvalitet fr\u00e5n v\u00e4lk\u00e4nda Rizla<\/p>\n<\/li>\n<li data-start=\"1678\" data-end=\"1722\">\n<p data-start=\"1680\" data-end=\"1722\">Passar b\u00e5de handrullning och rullverktyg<\/p>\n<\/li>\n<li data-start=\"1723\" data-end=\"1756\">\n<p data-start=\"1725\" data-end=\"1756\">Dubbelt paket f\u00f6r extra v\u00e4rde<\/p>\n<\/li>\n<\/ul>\n<hr data-start=\"1758\" data-end=\"1761\" \/>\n<h3 data-start=\"1763\" data-end=\"1785\">\ud83c\udfaf Passar dig som:<\/h3>\n<ul data-start=\"1786\" data-end=\"1979\">\n<li data-start=\"1786\" data-end=\"1824\">\n<p data-start=\"1788\" data-end=\"1824\">Rullar egna cigaretter regelbundet<\/p>\n<\/li>\n<li data-start=\"1825\" data-end=\"1879\">\n<p data-start=\"1827\" data-end=\"1879\">Vill ha ett klassiskt papper med p\u00e5litlig funktion<\/p>\n<\/li>\n<li data-start=\"1880\" data-end=\"1935\">\n<p data-start=\"1882\" data-end=\"1935\">F\u00f6redrar ett papper som inte f\u00f6r\u00e4ndrar tobakssmaken<\/p>\n<\/li>\n<li data-start=\"1936\" data-end=\"1979\">\n<p data-start=\"1938\" data-end=\"1979\">S\u00f6ker en l\u00e5ngsam och stabil f\u00f6rbr\u00e4nning<\/p>\n<\/li>\n<\/ul>\n<hr data-start=\"1981\" data-end=\"1984\" \/>\n<h3 data-start=\"1986\" data-end=\"2008\">\ud83d\udccc Sammanfattning:<\/h3>\n<p data-start=\"2010\" data-end=\"2309\"><strong data-start=\"2010\" data-end=\"2047\">Rizla Red Double Cigarette Papers<\/strong> \u00e4r det sj\u00e4lvklara valet f\u00f6r dig som vill ha ett <strong data-start=\"2096\" data-end=\"2141\">stabilt, p\u00e5litligt och diskret rullpapper<\/strong>. Med sin kombination av <strong data-start=\"2166\" data-end=\"2226\">klassisk k\u00e4nsla, neutral smak och kvalitativ br\u00e4nnbalans<\/strong> \u00e4r det ett av de mest uppskattade alternativen bland cigarettrullare v\u00e4rlden \u00f6ver.<\/p>\n<p data-start=\"2311\" data-end=\"2407\">\ud83d\udd17 <a class=\"\" href=\"https:\/\/snus-malmo.se\/sv\/produkt-kategori\/rizla\/\" target=\"_new\" rel=\"noopener\" data-start=\"2314\" data-end=\"2407\">Utforska fler Rizla-papper och tillbeh\u00f6r h\u00e4r<\/a><\/p>\n<\/blockquote>","protected":false},"excerpt":{"rendered":"<div class=\"product__description rte quick-add-hidden\">\n<h1 data-start=\"244\" data-end=\"313\"><strong data-start=\"250\" data-end=\"313\">Rizla Red Double Cigarette Papers<\/strong><\/h1>\n<h2 data-start=\"244\" data-end=\"313\">\ud83d\udfe5 <strong data-start=\"250\" data-end=\"313\">Rizla Red Double Cigarette Papers<\/strong><\/h2>\n<h3 data-start=\"749\" data-end=\"841\">Rizla Red Double \u2013 Klassiska cigarettpapper med balans mellan styrka och smakneutralitet<\/h3>\n<p data-start=\"315\" data-end=\"590\"><strong data-start=\"315\" data-end=\"335\">Rizla Red Double<\/strong> \u00e4r ett klassiskt rullpapper i normal tjocklek med j\u00e4mn och l\u00e5ngsam f\u00f6rbr\u00e4nning. Perfekt f\u00f6r dig som rullar egna cigaretter och vill ha ett <strong data-start=\"475\" data-end=\"510\">stabilt papper med neutral smak<\/strong>. Enkel att rulla f\u00f6r hand eller med maskin. K\u00f6p Rizla-papper hos <strong data-start=\"576\" data-end=\"589\">Veloop.se<\/strong>!<\/p>\n<p data-start=\"592\" data-end=\"671\">\ud83d\udd17 <a class=\"\" href=\"https:\/\/snus-malmo.se\/sv\/produkt-kategori\/rizla\/\" target=\"_new\" rel=\"noopener\" data-start=\"595\" data-end=\"671\">Se fler Rizla-produkter h\u00e4r<\/a><\/p>\n<p>&nbsp;<\/p>\n<\/div>\n<p>&nbsp;<\/p>","protected":false},"featured_media":67814,"comment_status":"open","ping_status":"closed","template":"","meta":[],"product_brand":[395],"product_cat":[71,213,269,270,241],"product_tag":[],"class_list":{"0":"post-64121","1":"product","2":"type-product","3":"status-publish","4":"has-post-thumbnail","6":"product_brand-rizla","7":"product_cat-ciggtillbehor","8":"product_cat-john-silver","9":"product_cat-papper-double","10":"product_cat-papper-single","11":"product_cat-rizla","13":"first","14":"instock","15":"taxable","16":"shipping-taxable","17":"purchasable","18":"product-type-variable"},"_links":{"self":[{"href":"https:\/\/snus-malmo.se\/sv\/wp-json\/wp\/v2\/product\/64121","targetHints":{"allow":["GET"]}}],"collection":[{"href":"https:\/\/snus-malmo.se\/sv\/wp-json\/wp\/v2\/product"}],"about":[{"href":"https:\/\/snus-malmo.se\/sv\/wp-json\/wp\/v2\/types\/product"}],"replies":[{"embeddable":true,"href":"https:\/\/snus-malmo.se\/sv\/wp-json\/wp\/v2\/comments?post=64121"}],"version-history":[{"count":0,"href":"https:\/\/snus-malmo.se\/sv\/wp-json\/wp\/v2\/product\/64121\/revisions"}],"wp:featuredmedia":[{"embeddable":true,"href":"https:\/\/snus-malmo.se\/sv\/wp-json\/wp\/v2\/media\/67814"}],"wp:attachment":[{"href":"https:\/\/snus-malmo.se\/sv\/wp-json\/wp\/v2\/media?parent=64121"}],"wp:term":[{"taxonomy":"product_brand","embeddable":true,"href":"https:\/\/snus-malmo.se\/sv\/wp-json\/wp\/v2\/product_brand?post=64121"},{"taxonomy":"product_cat","embeddable":true,"href":"https:\/\/snus-malmo.se\/sv\/wp-json\/wp\/v2\/product_cat?post=64121"},{"taxonomy":"product_tag","embeddable":true,"href":"https:\/\/snus-malmo.se\/sv\/wp-json\/wp\/v2\/product_tag?post=64121"}],"curies":[{"name":"wp","href":"https:\/\/api.w.org\/{rel}","templated":true}]}}