{"id":64127,"date":"2025-07-19T16:56:59","date_gmt":"2025-07-19T16:56:59","guid":{"rendered":"https:\/\/snus-malmo.se\/?post_type=product&#038;p=64127"},"modified":"2025-10-05T09:44:54","modified_gmt":"2025-10-05T09:44:54","slug":"rizla-red-single-cigarette-papers","status":"publish","type":"product","link":"https:\/\/snus-malmo.se\/sv\/produkt\/rizla-red-single-cigarette-papers\/","title":{"rendered":"Rizla Red Single Cigarette Papers"},"content":{"rendered":"<div class=\"product__description rte quick-add-hidden\">\n<h1 data-start=\"244\" data-end=\"313\">Rizla Red Single Cigarette Papers<\/h1>\n<\/div>\n<blockquote data-start=\"1443\" data-end=\"1725\">\n<h2 data-start=\"678\" data-end=\"747\">\ud83d\udfe5 <strong data-start=\"684\" data-end=\"747\"> Rizla Red Single Cigarette Papers<\/strong><\/h2>\n<h3 data-start=\"646\" data-end=\"739\">Rizla Red Single \u2013 Tunna, l\u00e5ngsamt brinnande cigarettpapper f\u00f6r en klassisk r\u00f6kupplevelse<\/h3>\n<p data-start=\"741\" data-end=\"996\"><strong data-start=\"741\" data-end=\"778\">Rizla Red Single Cigarette Papers<\/strong> \u00e4r det perfekta valet f\u00f6r dig som vill rulla egna cigaretter med ett tunnare, h\u00f6gkvalitativt papper. Dessa papper brinner l\u00e5ngsamt och j\u00e4mnt, vilket ger en behaglig och balanserad r\u00f6kupplevelse utan o\u00f6nskad eftersmak.<\/p>\n<p data-start=\"998\" data-end=\"1254\">Den neutrala smaken p\u00e5 Rizla Red Single l\u00e5ter tobaken st\u00e5 i fokus och st\u00f6r inte tobakens naturliga karakt\u00e4r. Papperet \u00e4r l\u00e4tt att hantera b\u00e5de vid handrullning och med rullmaskin, vilket g\u00f6r det till ett favoritpapper f\u00f6r b\u00e5de nyb\u00f6rjare och erfarna r\u00f6kare.<\/p>\n<hr data-start=\"1256\" data-end=\"1259\" \/>\n<h3 data-start=\"1261\" data-end=\"1282\">\u2705 <strong data-start=\"1267\" data-end=\"1282\">Egenskaper:<\/strong><\/h3>\n<ul data-start=\"1283\" data-end=\"1466\">\n<li data-start=\"1283\" data-end=\"1314\">\n<p data-start=\"1285\" data-end=\"1314\">Tunna och slitstarka papper<\/p>\n<\/li>\n<li data-start=\"1315\" data-end=\"1347\">\n<p data-start=\"1317\" data-end=\"1347\">L\u00e5ngsam och j\u00e4mn f\u00f6rbr\u00e4nning<\/p>\n<\/li>\n<li data-start=\"1348\" data-end=\"1389\">\n<p data-start=\"1350\" data-end=\"1389\">Neutral smak utan p\u00e5verkan p\u00e5 tobaken<\/p>\n<\/li>\n<li data-start=\"1390\" data-end=\"1422\">\n<p data-start=\"1392\" data-end=\"1422\">Kvalitet fr\u00e5n v\u00e4lk\u00e4nda Rizla<\/p>\n<\/li>\n<li data-start=\"1423\" data-end=\"1466\">\n<p data-start=\"1425\" data-end=\"1466\">Passar b\u00e5de handrullning och rullmaskin<\/p>\n<\/li>\n<\/ul>\n<hr data-start=\"1468\" data-end=\"1471\" \/>\n<h3 data-start=\"1473\" data-end=\"1495\">\ud83c\udfaf Passar dig som:<\/h3>\n<ul data-start=\"1496\" data-end=\"1708\">\n<li data-start=\"1496\" data-end=\"1550\">\n<p data-start=\"1498\" data-end=\"1550\">Vill ha ett tunnare rullpapper f\u00f6r egna cigaretter<\/p>\n<\/li>\n<li data-start=\"1551\" data-end=\"1612\">\n<p data-start=\"1553\" data-end=\"1612\">S\u00f6ker ett papper med neutral smak och l\u00e5ngsam f\u00f6rbr\u00e4nning<\/p>\n<\/li>\n<li data-start=\"1613\" data-end=\"1660\">\n<p data-start=\"1615\" data-end=\"1660\">F\u00f6redrar p\u00e5litliga och klassiska rullpapper<\/p>\n<\/li>\n<li data-start=\"1661\" data-end=\"1708\">\n<p data-start=\"1663\" data-end=\"1708\">Rullar cigaretter manuellt eller med maskin<\/p>\n<\/li>\n<\/ul>\n<hr data-start=\"1710\" data-end=\"1713\" \/>\n<h3 data-start=\"1715\" data-end=\"1737\">\ud83d\udccc Sammanfattning:<\/h3>\n<p data-start=\"1739\" data-end=\"1975\"><strong data-start=\"1739\" data-end=\"1776\">Rizla Red Single Cigarette Papers<\/strong> ger dig en <strong data-start=\"1788\" data-end=\"1822\">ren och klassisk r\u00f6kupplevelse<\/strong> med ett tunt, h\u00f6gkvalitativt papper som brinner j\u00e4mnt och l\u00e5ngsamt. Det \u00e4r ett p\u00e5litligt val f\u00f6r dig som v\u00e4rdes\u00e4tter smak och kvalitet i varje cigarett.<\/p>\n<p data-start=\"1977\" data-end=\"2076\">\ud83d\udd17 <a class=\"\" href=\"https:\/\/snus-malmo.se\/sv\/produkt-kategori\/rizla\/\" target=\"_new\" rel=\"noopener\" data-start=\"1980\" data-end=\"2076\">Utforska fler Rizla-produkter och tillbeh\u00f6r h\u00e4r<\/a><\/p>\n<p data-start=\"2311\" data-end=\"2407\">\n<\/blockquote>","protected":false},"excerpt":{"rendered":"<div class=\"product__description rte quick-add-hidden\">\n<h1 data-start=\"244\" data-end=\"313\">Rizla Red Single Cigarette Papers<\/h1>\n<h2 data-start=\"244\" data-end=\"313\">\ud83d\udfe5 Rizla Red Single Cigarette Papers<\/h2>\n<h3 data-start=\"646\" data-end=\"739\">Rizla Red Single \u2013 Tunna, l\u00e5ngsamt brinnande cigarettpapper f\u00f6r en klassisk r\u00f6kupplevelse<\/h3>\n<p data-start=\"239\" data-end=\"487\"><strong data-start=\"239\" data-end=\"259\">Rizla Red Single<\/strong> \u00e4r ett klassiskt, tunnare rullpapper som brinner l\u00e5ngsamt och j\u00e4mnt. Perfekt f\u00f6r dig som rullar egna cigaretter och vill ha ett smidigt papper med neutral smak. L\u00e4tt att rulla f\u00f6r hand eller med maskin. Finns hos <strong data-start=\"473\" data-end=\"486\">Veloop.se<\/strong>!<\/p>\n<p data-start=\"489\" data-end=\"568\">\ud83d\udd17 <a class=\"\" href=\"https:\/\/snus-malmo.se\/sv\/produkt-kategori\/rizla\/\" target=\"_new\" rel=\"noopener\" data-start=\"492\" data-end=\"568\">Se fler Rizla-produkter h\u00e4r<\/a><\/p>\n<p>&nbsp;<\/p>\n<\/div>\n<p>&nbsp;<\/p>","protected":false},"featured_media":67812,"comment_status":"open","ping_status":"closed","template":"","meta":[],"product_brand":[395],"product_cat":[71,213,269,270,241],"product_tag":[],"class_list":{"0":"post-64127","1":"product","2":"type-product","3":"status-publish","4":"has-post-thumbnail","6":"product_brand-rizla","7":"product_cat-ciggtillbehor","8":"product_cat-john-silver","9":"product_cat-papper-double","10":"product_cat-papper-single","11":"product_cat-rizla","13":"first","14":"instock","15":"taxable","16":"shipping-taxable","17":"purchasable","18":"product-type-variable"},"_links":{"self":[{"href":"https:\/\/snus-malmo.se\/sv\/wp-json\/wp\/v2\/product\/64127","targetHints":{"allow":["GET"]}}],"collection":[{"href":"https:\/\/snus-malmo.se\/sv\/wp-json\/wp\/v2\/product"}],"about":[{"href":"https:\/\/snus-malmo.se\/sv\/wp-json\/wp\/v2\/types\/product"}],"replies":[{"embeddable":true,"href":"https:\/\/snus-malmo.se\/sv\/wp-json\/wp\/v2\/comments?post=64127"}],"version-history":[{"count":0,"href":"https:\/\/snus-malmo.se\/sv\/wp-json\/wp\/v2\/product\/64127\/revisions"}],"wp:featuredmedia":[{"embeddable":true,"href":"https:\/\/snus-malmo.se\/sv\/wp-json\/wp\/v2\/media\/67812"}],"wp:attachment":[{"href":"https:\/\/snus-malmo.se\/sv\/wp-json\/wp\/v2\/media?parent=64127"}],"wp:term":[{"taxonomy":"product_brand","embeddable":true,"href":"https:\/\/snus-malmo.se\/sv\/wp-json\/wp\/v2\/product_brand?post=64127"},{"taxonomy":"product_cat","embeddable":true,"href":"https:\/\/snus-malmo.se\/sv\/wp-json\/wp\/v2\/product_cat?post=64127"},{"taxonomy":"product_tag","embeddable":true,"href":"https:\/\/snus-malmo.se\/sv\/wp-json\/wp\/v2\/product_tag?post=64127"}],"curies":[{"name":"wp","href":"https:\/\/api.w.org\/{rel}","templated":true}]}}