{"id":64145,"date":"2025-07-19T21:15:27","date_gmt":"2025-07-19T21:15:27","guid":{"rendered":"https:\/\/snus-malmo.se\/?post_type=product&#038;p=64145"},"modified":"2025-10-05T09:54:34","modified_gmt":"2025-10-05T09:54:34","slug":"rizla-silver-slim-king-size-cigarette-papers","status":"publish","type":"product","link":"https:\/\/snus-malmo.se\/sv\/produkt\/rizla-silver-slim-king-size-cigarette-papers\/","title":{"rendered":"Rizla Silver Slim King Size Cigarette Papers"},"content":{"rendered":"<div class=\"product__description rte quick-add-hidden\">\n<h1 data-start=\"244\" data-end=\"313\">Rizla Silver Slim King Size Cigarette Papers<\/h1>\n<\/div>\n<h2 data-start=\"775\" data-end=\"861\">Rizla Silver Slim King Size \u2013 Ultratunt papper f\u00f6r dig som vill ha mer, med mindre papper<\/h2>\n<p data-start=\"863\" data-end=\"1155\"><strong data-start=\"863\" data-end=\"894\">Rizla Silver Slim King Size<\/strong> \u00e4r ett av de <strong data-start=\"908\" data-end=\"945\">tunnaste rullpappren p\u00e5 marknaden<\/strong>, framtaget f\u00f6r dig som vill ha <strong data-start=\"977\" data-end=\"1027\">maximal tobakssmak och minimal pappersp\u00e5verkan<\/strong>. Det extra l\u00e5nga king size-formatet g\u00f6r det perfekt f\u00f6r dig som f\u00f6redrar <strong data-start=\"1101\" data-end=\"1121\">l\u00e5nga cigaretter<\/strong> med j\u00e4mn och l\u00e5ngsam f\u00f6rbr\u00e4nning.<\/p>\n<p data-start=\"1157\" data-end=\"1513\">Det h\u00e4r ultratunna pappret \u00e4r utvecklat f\u00f6r <strong data-start=\"1201\" data-end=\"1216\">vana r\u00f6kare<\/strong> som vill ha en s\u00e5 ren smakupplevelse som m\u00f6jligt. Trots sin l\u00e4tta vikt \u00e4r Rizla Silver Slim slitstarkt och enkelt att rulla b\u00e5de f\u00f6r hand och med rullmaskin. Den l\u00e5ngsamma br\u00e4nnhastigheten g\u00f6r att du f\u00e5r ut s\u00e5 mycket som m\u00f6jligt av varje cigarett \u2013 <strong data-start=\"1466\" data-end=\"1512\">utan eftersmak eller on\u00f6digt pappersrester<\/strong>.<\/p>\n<p data-start=\"185\" data-end=\"501\"><strong data-start=\"185\" data-end=\"216\">Rizla Silver Slim King Size<\/strong> \u00e4r det perfekta valet f\u00f6r den som vill njuta av <strong data-start=\"265\" data-end=\"311\">mer tobakssmak och en l\u00e4ngre r\u00f6kupplevelse<\/strong>, utan att kompromissa med diskretion eller kvalitet. Med ett <strong data-start=\"373\" data-end=\"404\">n\u00e4stan osynligt tunt papper<\/strong>, ger det maximal smak med minimal p\u00e5verkan \u2013 perfekt f\u00f6r finsmakaren som kr\u00e4ver det lilla extra.<\/p>\n<hr data-start=\"1515\" data-end=\"1518\" \/>\n<h3 data-start=\"1520\" data-end=\"1541\">\u2705 <strong data-start=\"1526\" data-end=\"1541\">Egenskaper:<\/strong><\/h3>\n<ul data-start=\"1542\" data-end=\"1784\">\n<li data-start=\"1542\" data-end=\"1590\">\n<p data-start=\"1544\" data-end=\"1590\"><strong data-start=\"1544\" data-end=\"1564\">King Size-format<\/strong> \u2013 f\u00f6r l\u00e4ngre cigaretter<\/p>\n<\/li>\n<li data-start=\"1591\" data-end=\"1633\">\n<p data-start=\"1593\" data-end=\"1633\"><strong data-start=\"1593\" data-end=\"1613\">Ultratunt papper<\/strong> \u2013 n\u00e4stan smakl\u00f6st<\/p>\n<\/li>\n<li data-start=\"1634\" data-end=\"1670\">\n<p data-start=\"1636\" data-end=\"1670\"><strong data-start=\"1636\" data-end=\"1668\">L\u00e5ngsam och j\u00e4mn f\u00f6rbr\u00e4nning<\/strong><\/p>\n<\/li>\n<li data-start=\"1671\" data-end=\"1705\">\n<p data-start=\"1673\" data-end=\"1705\">L\u00e4tt att rulla trots tunnheten<\/p>\n<\/li>\n<li data-start=\"1706\" data-end=\"1742\">\n<p data-start=\"1708\" data-end=\"1742\">Kvalitet fr\u00e5n v\u00e4lk\u00e4nda <strong data-start=\"1731\" data-end=\"1740\">Rizla<\/strong><\/p>\n<\/li>\n<li data-start=\"1743\" data-end=\"1784\">\n<p data-start=\"1745\" data-end=\"1784\">Passar b\u00e5de <strong data-start=\"1757\" data-end=\"1784\">handrullning och maskin<\/strong><\/p>\n<\/li>\n<\/ul>\n<hr data-start=\"1786\" data-end=\"1789\" \/>\n<h3 data-start=\"1791\" data-end=\"1813\">\ud83c\udfaf Passar dig som:<\/h3>\n<ul data-start=\"1814\" data-end=\"2025\">\n<li data-start=\"1814\" data-end=\"1877\">\n<p data-start=\"1816\" data-end=\"1877\">Vill ha <strong data-start=\"1824\" data-end=\"1851\">l\u00e5nga, tunna cigaretter<\/strong> med naturlig tobakssmak<\/p>\n<\/li>\n<li data-start=\"1878\" data-end=\"1933\">\n<p data-start=\"1880\" data-end=\"1933\">S\u00f6ker ett <strong data-start=\"1890\" data-end=\"1931\">professionellt och diskret rullpapper<\/strong><\/p>\n<\/li>\n<li data-start=\"1934\" data-end=\"1981\">\n<p data-start=\"1936\" data-end=\"1981\">Har erfarenhet av att rulla egna cigaretter<\/p>\n<\/li>\n<li data-start=\"1982\" data-end=\"2025\">\n<p data-start=\"1984\" data-end=\"2025\">Vill ha <strong data-start=\"1992\" data-end=\"2025\">minimalt papper, maximal smak<\/strong><\/p>\n<\/li>\n<\/ul>\n<hr data-start=\"2027\" data-end=\"2030\" \/>\n<h3 data-start=\"2032\" data-end=\"2054\">\ud83d\udccc Sammanfattning:<\/h3>\n<p data-start=\"2056\" data-end=\"2317\"><strong data-start=\"2056\" data-end=\"2087\">Rizla Silver Slim King Size<\/strong> \u00e4r det sj\u00e4lvklara valet f\u00f6r dig som vill kombinera <strong data-start=\"2139\" data-end=\"2172\">diskretion, smak och kvalitet<\/strong> i varje cigarett. Med sitt extra tunna papper och gener\u00f6sa l\u00e4ngd f\u00e5r du ett <strong data-start=\"2249\" data-end=\"2268\">premiumresultat<\/strong>, oavsett om du rullar f\u00f6r dig sj\u00e4lv eller andra.<\/p>\n<p data-start=\"2319\" data-end=\"2414\">\ud83d\udd17 <a class=\"\" href=\"https:\/\/snus-malmo.se\/sv\/produkt-kategori\/rizla\/\" target=\"_new\" rel=\"noopener\" data-start=\"2322\" data-end=\"2414\">Uppt\u00e4ck fler Rizla-papper och tillbeh\u00f6r h\u00e4r<\/a><\/p>","protected":false},"excerpt":{"rendered":"<div class=\"product__description rte quick-add-hidden\">\n<h1 data-start=\"234\" data-end=\"314\"><strong data-start=\"240\" data-end=\"314\">Rizla Silver Slim King Size Cigarette Papers<\/strong><\/h1>\n<h2 data-start=\"775\" data-end=\"861\">Rizla Silver Slim King Size \u2013 Ultratunt papper f\u00f6r dig som vill ha mer, med mindre papper<\/h2>\n<p data-start=\"316\" data-end=\"605\"><strong data-start=\"316\" data-end=\"347\">Rizla Silver Slim King Size<\/strong> \u00e4r ett <strong data-start=\"355\" data-end=\"395\">ultratunt och extra l\u00e5ngt rullpapper<\/strong> som brinner l\u00e5ngsamt och med minimal p\u00e5verkan p\u00e5 tobakens smak. Perfekt f\u00f6r dig som rullar egna cigaretter i king size-format och vill ha en <strong data-start=\"537\" data-end=\"570\">ren och diskret r\u00f6kupplevelse<\/strong>. K\u00f6p Rizla Slim hos <strong data-start=\"591\" data-end=\"604\">Veloop.se<\/strong>!<\/p>\n<p data-start=\"607\" data-end=\"686\">\ud83d\udd17 <a class=\"\" href=\"https:\/\/snus-malmo.se\/sv\/produkt-kategori\/rizla\/\" target=\"_new\" rel=\"noopener\" data-start=\"610\" data-end=\"686\">Se fler Rizla-produkter h\u00e4r<\/a><\/p>\n<p data-start=\"529\" data-end=\"608\">\n<\/div>\n<p>&nbsp;<\/p>","protected":false},"featured_media":67821,"comment_status":"open","ping_status":"closed","template":"","meta":[],"product_brand":[395],"product_cat":[71,213,269,270,241],"product_tag":[],"class_list":{"0":"post-64145","1":"product","2":"type-product","3":"status-publish","4":"has-post-thumbnail","6":"product_brand-rizla","7":"product_cat-ciggtillbehor","8":"product_cat-john-silver","9":"product_cat-papper-double","10":"product_cat-papper-single","11":"product_cat-rizla","13":"first","14":"instock","15":"taxable","16":"shipping-taxable","17":"purchasable","18":"product-type-variable"},"_links":{"self":[{"href":"https:\/\/snus-malmo.se\/sv\/wp-json\/wp\/v2\/product\/64145","targetHints":{"allow":["GET"]}}],"collection":[{"href":"https:\/\/snus-malmo.se\/sv\/wp-json\/wp\/v2\/product"}],"about":[{"href":"https:\/\/snus-malmo.se\/sv\/wp-json\/wp\/v2\/types\/product"}],"replies":[{"embeddable":true,"href":"https:\/\/snus-malmo.se\/sv\/wp-json\/wp\/v2\/comments?post=64145"}],"version-history":[{"count":0,"href":"https:\/\/snus-malmo.se\/sv\/wp-json\/wp\/v2\/product\/64145\/revisions"}],"wp:featuredmedia":[{"embeddable":true,"href":"https:\/\/snus-malmo.se\/sv\/wp-json\/wp\/v2\/media\/67821"}],"wp:attachment":[{"href":"https:\/\/snus-malmo.se\/sv\/wp-json\/wp\/v2\/media?parent=64145"}],"wp:term":[{"taxonomy":"product_brand","embeddable":true,"href":"https:\/\/snus-malmo.se\/sv\/wp-json\/wp\/v2\/product_brand?post=64145"},{"taxonomy":"product_cat","embeddable":true,"href":"https:\/\/snus-malmo.se\/sv\/wp-json\/wp\/v2\/product_cat?post=64145"},{"taxonomy":"product_tag","embeddable":true,"href":"https:\/\/snus-malmo.se\/sv\/wp-json\/wp\/v2\/product_tag?post=64145"}],"curies":[{"name":"wp","href":"https:\/\/api.w.org\/{rel}","templated":true}]}}