{"id":64212,"date":"2025-07-19T22:15:22","date_gmt":"2025-07-19T22:15:22","guid":{"rendered":"https:\/\/snus-malmo.se\/?post_type=product&#038;p=64212"},"modified":"2025-08-01T17:10:33","modified_gmt":"2025-08-01T17:10:33","slug":"clickzy-sprite","status":"publish","type":"product","link":"https:\/\/snus-malmo.se\/sv\/produkt\/clickzy-sprite\/","title":{"rendered":"Clickzy Sprite"},"content":{"rendered":"<div class=\"product__description rte quick-add-hidden\">\n<h1 data-start=\"199\" data-end=\"290\">\ud83d\udfe2\ud83d\udca8 <strong data-start=\"207\" data-end=\"290\">Clickzy Sprite Smakkapslar f\u00f6r Cigaretter | Veloop.se<\/strong><\/h1>\n<h2 data-start=\"292\" data-end=\"355\">Clickzy Sprite \u2013 G\u00f6r dina cigaretter friska &amp; citrusfr\u00e4scha<\/h2>\n<p data-start=\"357\" data-end=\"687\">Letar du efter ett enkelt s\u00e4tt att smaks\u00e4tta dina cigaretter? <strong data-start=\"419\" data-end=\"437\">Clickzy Sprite<\/strong> \u00e4r smakkapslar som ger din r\u00f6kning en <strong data-start=\"476\" data-end=\"534\">fr\u00e4sch smak av lime, citron och Sprite-liknande citrus<\/strong>. Kapseln placeras i cigarettens filter och aktiveras med ett klick \u2013 vilket direkt ger dig en <strong data-start=\"629\" data-end=\"686\">uppfriskande och syrlig r\u00f6kstund med en sval underton<\/strong>.<\/p>\n<p data-start=\"689\" data-end=\"903\">Clickzy \u00e4r det perfekta tillbeh\u00f6ret f\u00f6r r\u00f6kare som vill kunna p\u00e5verka smakupplevelsen sj\u00e4lv \u2013 utan att byta cigarettsort. <strong data-start=\"811\" data-end=\"829\">Clickzy Sprite<\/strong> passar b\u00e5de f\u00f6r f\u00e4rdigproducerade cigaretter och egentrullade med filter.<\/p>\n<hr data-start=\"905\" data-end=\"908\" \/>\n<h3 data-start=\"910\" data-end=\"944\">\u2705 F\u00f6rdelar med Clickzy Sprite:<\/h3>\n<ul data-start=\"945\" data-end=\"1238\">\n<li data-start=\"945\" data-end=\"1001\">\n<p data-start=\"947\" data-end=\"1001\">\ud83c\udf4b Frisk och syrlig <strong data-start=\"967\" data-end=\"999\">Sprite-inspirerad citrussmak<\/strong><\/p>\n<\/li>\n<li data-start=\"1002\" data-end=\"1044\">\n<p data-start=\"1004\" data-end=\"1044\">\ud83d\udd18 Enkel att anv\u00e4nda \u2013 klicka och njut<\/p>\n<\/li>\n<li data-start=\"1045\" data-end=\"1085\">\n<p data-start=\"1047\" data-end=\"1085\">\ud83d\udeac Passar alla cigaretter med filter<\/p>\n<\/li>\n<li data-start=\"1086\" data-end=\"1143\">\n<p data-start=\"1088\" data-end=\"1143\">\u2744\ufe0f Ger en svalkande effekt tillsammans med s\u00f6t citrus<\/p>\n<\/li>\n<li data-start=\"1144\" data-end=\"1194\">\n<p data-start=\"1146\" data-end=\"1194\">\ud83d\udca8 Idealisk f\u00f6r r\u00f6kare som s\u00f6ker smakvariation<\/p>\n<\/li>\n<li data-start=\"1195\" data-end=\"1238\">\n<p data-start=\"1197\" data-end=\"1238\">\ud83e\uddf3 L\u00e4tt att ta med \u2013 diskret och portabel<\/p>\n<\/li>\n<\/ul>\n<hr data-start=\"1240\" data-end=\"1243\" \/>\n<h3 data-start=\"1245\" data-end=\"1282\">\ud83d\udce6 S\u00e5 anv\u00e4nder du Clickzy Sprite:<\/h3>\n<h4 data-start=\"1284\" data-end=\"1318\"><strong data-start=\"1289\" data-end=\"1316\">Hur sker appliceringen?<\/strong><\/h4>\n<p data-start=\"1319\" data-end=\"1392\">Applikatorn finner du p\u00e5 Clickzy-paketets baksida. F\u00f6lj dessa enkla steg:<\/p>\n<ol data-start=\"1394\" data-end=\"1668\">\n<li data-start=\"1394\" data-end=\"1469\">\n<p data-start=\"1397\" data-end=\"1469\"><strong data-start=\"1397\" data-end=\"1417\">Skapa en \u00f6ppning<\/strong> i cigarettens filter med applikatorns vassa \u00e4nde.<\/p>\n<\/li>\n<li data-start=\"1470\" data-end=\"1536\">\n<p data-start=\"1473\" data-end=\"1536\"><strong data-start=\"1473\" data-end=\"1502\">F\u00e5nga upp en Clickzy-boll<\/strong> med applikatorns trubbiga sida.<\/p>\n<\/li>\n<li data-start=\"1537\" data-end=\"1587\">\n<p data-start=\"1540\" data-end=\"1587\"><strong data-start=\"1540\" data-end=\"1570\">Placera bollen i \u00f6ppningen<\/strong> du just gjort.<\/p>\n<\/li>\n<li data-start=\"1588\" data-end=\"1668\">\n<p data-start=\"1591\" data-end=\"1668\"><strong data-start=\"1591\" data-end=\"1608\">Klicka bollen<\/strong> genom att trycka l\u00e4tt p\u00e5 filtret \u2013 smaken aktiveras direkt.<\/p>\n<\/li>\n<\/ol>\n<blockquote data-start=\"1670\" data-end=\"1802\">\n<p data-start=\"1672\" data-end=\"1802\">\ud83d\udd1e <strong data-start=\"1675\" data-end=\"1702\">OBS! \u00c5ldersgr\u00e4ns 18 \u00e5r.<\/strong> F\u00f6rvara produkten o\u00e5tkomlig f\u00f6r barn och djur. <strong data-start=\"1750\" data-end=\"1802\">Clickzy tar inte ansvar f\u00f6r ol\u00e4mplig anv\u00e4ndning.<\/strong><\/p>\n<\/blockquote>\n<hr data-start=\"1804\" data-end=\"1807\" \/>\n<h3 data-start=\"1809\" data-end=\"1831\">\ud83c\udfaf Passar dig som:<\/h3>\n<ul data-start=\"1832\" data-end=\"2097\">\n<li data-start=\"1832\" data-end=\"1898\">\n<p data-start=\"1834\" data-end=\"1898\">Vill ha <strong data-start=\"1842\" data-end=\"1896\">smaksatta cigaretter med citrus och frisk karakt\u00e4r<\/strong><\/p>\n<\/li>\n<li data-start=\"1899\" data-end=\"1968\">\n<p data-start=\"1901\" data-end=\"1968\">S\u00f6ker en r\u00f6kningstillbeh\u00f6r som \u00e4r <strong data-start=\"1935\" data-end=\"1966\">enkelt, snabbt och smakrikt<\/strong><\/p>\n<\/li>\n<li data-start=\"1969\" data-end=\"2034\">\n<p data-start=\"1971\" data-end=\"2034\">F\u00f6redrar <strong data-start=\"1980\" data-end=\"1997\">DIY-l\u00f6sningar<\/strong> f\u00f6r att anpassa sin smakupplevelse<\/p>\n<\/li>\n<li data-start=\"2035\" data-end=\"2097\">\n<p data-start=\"2037\" data-end=\"2097\">Letar efter <strong data-start=\"2049\" data-end=\"2079\">Sprite-liknande smakprofil<\/strong> i sina cigaretter<\/p>\n<\/li>\n<\/ul>\n<hr data-start=\"2099\" data-end=\"2102\" \/>\n<h3 data-start=\"2104\" data-end=\"2126\">\ud83d\udccc Sammanfattning:<\/h3>\n<p data-start=\"2128\" data-end=\"2409\"><strong data-start=\"2128\" data-end=\"2161\">Clickzy Sprite fr\u00e5n Veloop.se<\/strong> erbjuder en unik m\u00f6jlighet att skapa <strong data-start=\"2199\" data-end=\"2259\">smaksatta cigaretter med en syrlig, citrusfrisk karakt\u00e4r<\/strong> \u2013 inspirerad av den klassiska drycken Sprite. Enkel applicering, tydlig smak och total kontroll \u2013 perfekt f\u00f6r dig som vill uppgradera varje r\u00f6kstund.<\/p>\n<p data-start=\"2411\" data-end=\"2537\">\ud83d\uded2 Best\u00e4ll Clickzy Sprite idag fr\u00e5n <strong data-start=\"2447\" data-end=\"2537\">Veloop.se \u2013 din expert p\u00e5 smakkapslar, r\u00f6kningstillbeh\u00f6r och personlig smakupplevelse!<\/strong><\/p>\n<p data-start=\"2539\" data-end=\"2641\">\ud83d\udd17 <a class=\"\" href=\"https:\/\/snus-malmo.se\/sv\/produkt-kategori\/tillbehor\/\" target=\"_new\" rel=\"noopener\" data-start=\"2542\" data-end=\"2641\">Utforska fler Clickzy-smaker och tillbeh\u00f6r h\u00e4r<\/a><\/p>\n<p data-start=\"3103\" data-end=\"3207\">\n<\/div>","protected":false},"excerpt":{"rendered":"<div class=\"product__description rte quick-add-hidden\">\n<h1 data-start=\"377\" data-end=\"483\">\ud83d\udfe2\ud83d\udca8 <strong data-start=\"385\" data-end=\"483\">Clickzy Sprite | Smakkapslar med citrusfrisk Sprite-smak<\/strong><\/h1>\n<h2 data-start=\"292\" data-end=\"355\">Clickzy Sprite \u2013 G\u00f6r dina cigaretter friska &amp; citrusfr\u00e4scha<\/h2>\n<p data-start=\"485\" data-end=\"780\"><strong data-start=\"485\" data-end=\"503\">Clickzy Sprite<\/strong> f\u00f6rvandlar dina vanliga cigaretter till en <strong data-start=\"547\" data-end=\"600\">uppfriskande r\u00f6kstund med smak av citrus och lime<\/strong> \u2013 inspirerad av den klassiska Sprite-drycken. Enkelt att anv\u00e4nda: placera kapseln i filtret, klicka till och njut. Passar b\u00e5de f\u00e4rdigrullade cigaretter och handrullade med filter.<\/p>\n<p data-start=\"782\" data-end=\"859\">\ud83d\uded2 K\u00f6p nu hos <strong data-start=\"796\" data-end=\"859\">Veloop.se \u2013 snabba leveranser &amp; brett utbud av smakkapslar!<\/strong><\/p>\n<p data-start=\"861\" data-end=\"957\">\ud83d\udd17 <a class=\"\" href=\"https:\/\/snus-malmo.se\/sv\/produkt-kategori\/tillbehor\/\" target=\"_new\" rel=\"noopener\" data-start=\"864\" data-end=\"957\">Se fler tillbeh\u00f6r och Clickzy-smaker h\u00e4r<\/a><\/p>\n<\/div>","protected":false},"featured_media":64195,"comment_status":"open","ping_status":"closed","template":"","meta":[],"product_brand":[394],"product_cat":[71,185,268,150,146],"product_tag":[],"class_list":{"0":"post-64212","1":"product","2":"type-product","3":"status-publish","4":"has-post-thumbnail","6":"product_brand-clickzy-smakkapslar","7":"product_cat-ciggtillbehor","8":"product_cat-clickzy","9":"product_cat-hylsor","10":"product_cat-ovriga","11":"product_cat-tillbehor","13":"first","14":"instock","15":"taxable","16":"shipping-taxable","17":"purchasable","18":"product-type-variable"},"_links":{"self":[{"href":"https:\/\/snus-malmo.se\/sv\/wp-json\/wp\/v2\/product\/64212","targetHints":{"allow":["GET"]}}],"collection":[{"href":"https:\/\/snus-malmo.se\/sv\/wp-json\/wp\/v2\/product"}],"about":[{"href":"https:\/\/snus-malmo.se\/sv\/wp-json\/wp\/v2\/types\/product"}],"replies":[{"embeddable":true,"href":"https:\/\/snus-malmo.se\/sv\/wp-json\/wp\/v2\/comments?post=64212"}],"version-history":[{"count":0,"href":"https:\/\/snus-malmo.se\/sv\/wp-json\/wp\/v2\/product\/64212\/revisions"}],"wp:featuredmedia":[{"embeddable":true,"href":"https:\/\/snus-malmo.se\/sv\/wp-json\/wp\/v2\/media\/64195"}],"wp:attachment":[{"href":"https:\/\/snus-malmo.se\/sv\/wp-json\/wp\/v2\/media?parent=64212"}],"wp:term":[{"taxonomy":"product_brand","embeddable":true,"href":"https:\/\/snus-malmo.se\/sv\/wp-json\/wp\/v2\/product_brand?post=64212"},{"taxonomy":"product_cat","embeddable":true,"href":"https:\/\/snus-malmo.se\/sv\/wp-json\/wp\/v2\/product_cat?post=64212"},{"taxonomy":"product_tag","embeddable":true,"href":"https:\/\/snus-malmo.se\/sv\/wp-json\/wp\/v2\/product_tag?post=64212"}],"curies":[{"name":"wp","href":"https:\/\/api.w.org\/{rel}","templated":true}]}}