{"id":64237,"date":"2025-07-19T22:43:10","date_gmt":"2025-07-19T22:43:10","guid":{"rendered":"https:\/\/snus-malmo.se\/?post_type=product&#038;p=64237"},"modified":"2025-08-05T20:01:23","modified_gmt":"2025-08-05T20:01:23","slug":"clickzy-passion-fruit","status":"publish","type":"product","link":"https:\/\/snus-malmo.se\/sv\/produkt\/clickzy-passion-fruit\/","title":{"rendered":"Clickzy Passion Fruit"},"content":{"rendered":"<h1 data-start=\"990\" data-end=\"1096\">\ud83d\udfe3\ud83d\udca8 <strong data-start=\"998\" data-end=\"1096\">Clickzy Passion Fruit Smakkapslar f\u00f6r Cigaretter | K\u00f6p hos Veloop.se<\/strong><\/h1>\n<h2 data-start=\"1098\" data-end=\"1157\">Clickzy Passion Fruit \u2013 Tropisk fruktighet i varje puff<\/h2>\n<p data-start=\"1159\" data-end=\"1445\">Ge din cigarett en <strong data-start=\"1178\" data-end=\"1209\">sp\u00e4nnande och tropisk twist<\/strong> med <strong data-start=\"1214\" data-end=\"1239\">Clickzy Passion Fruit<\/strong> \u2013 smakkapseln som tillf\u00f6r en <strong data-start=\"1269\" data-end=\"1320\">s\u00f6t, syrlig och aromatisk smak av passionsfrukt<\/strong>. Den livliga och fruktiga smaken aktiveras med ett klick i cigarettens filter, vilket skapar en unik och personlig r\u00f6kstund.<\/p>\n<p data-start=\"1447\" data-end=\"1717\">Smaken \u00e4r perfekt f\u00f6r dig som vill ha <strong data-start=\"1485\" data-end=\"1536\">n\u00e5got annorlunda \u00e4n klassisk tobak eller mentol<\/strong>. Clickzy Passion Fruit fungerar med alla cigaretter som har filter och passar b\u00e5de handrullade och f\u00e4rdiga alternativ. Enkel att anv\u00e4nda, l\u00e4tt att ta med \u2013 och helt i din kontroll.<\/p>\n<hr data-start=\"1719\" data-end=\"1722\" \/>\n<h3 data-start=\"1724\" data-end=\"1765\">\u2705 F\u00f6rdelar med Clickzy Passion Fruit:<\/h3>\n<ul data-start=\"1766\" data-end=\"2040\">\n<li data-start=\"1766\" data-end=\"1812\">\n<p data-start=\"1768\" data-end=\"1812\">\ud83d\udfe3 <strong data-start=\"1771\" data-end=\"1810\">Tropisk smak av mogen passionsfrukt<\/strong><\/p>\n<\/li>\n<li data-start=\"1813\" data-end=\"1858\">\n<p data-start=\"1815\" data-end=\"1858\">\ud83d\udd18 Enkel att applicera med klick-funktion<\/p>\n<\/li>\n<li data-start=\"1859\" data-end=\"1899\">\n<p data-start=\"1861\" data-end=\"1899\">\ud83d\udeac Passar alla cigaretter med filter<\/p>\n<\/li>\n<li data-start=\"1900\" data-end=\"1946\">\n<p data-start=\"1902\" data-end=\"1946\">\ud83d\udca8 Tillf\u00f6r en fruktig och frisk smakprofil<\/p>\n<\/li>\n<li data-start=\"1947\" data-end=\"1983\">\n<p data-start=\"1949\" data-end=\"1983\">\ud83e\uddf3 Diskret, portabel f\u00f6rpackning<\/p>\n<\/li>\n<li data-start=\"1984\" data-end=\"2040\">\n<p data-start=\"1986\" data-end=\"2040\">\ud83d\udcaf F\u00f6r dig som gillar variation och kontroll \u00f6ver smak<\/p>\n<\/li>\n<\/ul>\n<hr data-start=\"2042\" data-end=\"2045\" \/>\n<h3 data-start=\"2047\" data-end=\"2091\">\ud83d\udce6 S\u00e5 anv\u00e4nder du Clickzy Passion Fruit:<\/h3>\n<h4 data-start=\"2093\" data-end=\"2127\"><strong data-start=\"2098\" data-end=\"2125\">Hur sker appliceringen?<\/strong><\/h4>\n<p data-start=\"2128\" data-end=\"2195\">Applikatorn finns p\u00e5 baksidan av Clickzy-f\u00f6rpackningen. G\u00f6r s\u00e5 h\u00e4r:<\/p>\n<ol data-start=\"2197\" data-end=\"2459\">\n<li data-start=\"2197\" data-end=\"2272\">\n<p data-start=\"2200\" data-end=\"2272\">G\u00f6r en liten \u00f6ppning i cigarettens filter med applikatorns vassa sida.<\/p>\n<\/li>\n<li data-start=\"2273\" data-end=\"2363\">\n<p data-start=\"2276\" data-end=\"2363\">Anv\u00e4nd den trubbiga sidan f\u00f6r att plocka upp en <strong data-start=\"2324\" data-end=\"2360\">Clickzy Passion Fruit-smakkapsel<\/strong>.<\/p>\n<\/li>\n<li data-start=\"2364\" data-end=\"2397\">\n<p data-start=\"2367\" data-end=\"2397\">Placera kapseln i \u00f6ppningen.<\/p>\n<\/li>\n<li data-start=\"2398\" data-end=\"2459\">\n<p data-start=\"2401\" data-end=\"2459\">Tryck tills du h\u00f6r ett klick \u2013 <strong data-start=\"2432\" data-end=\"2459\">nu \u00e4r smaken aktiverad!<\/strong><\/p>\n<\/li>\n<\/ol>\n<blockquote data-start=\"2461\" data-end=\"2577\">\n<p data-start=\"2463\" data-end=\"2577\">\ud83d\udd1e <strong data-start=\"2466\" data-end=\"2493\">OBS! \u00c5ldersgr\u00e4ns 18 \u00e5r.<\/strong> F\u00f6rvaras o\u00e5tkomligt f\u00f6r barn och djur. Clickzy ansvarar ej f\u00f6r felaktig anv\u00e4ndning.<\/p>\n<\/blockquote>\n<hr data-start=\"2579\" data-end=\"2582\" \/>\n<h3 data-start=\"2584\" data-end=\"2606\">\ud83c\udfaf Passar dig som:<\/h3>\n<ul data-start=\"2607\" data-end=\"2814\">\n<li data-start=\"2607\" data-end=\"2663\">\n<p data-start=\"2609\" data-end=\"2663\">Gillar <strong data-start=\"2616\" data-end=\"2661\">smaksatta cigaretter med fruktig karakt\u00e4r<\/strong><\/p>\n<\/li>\n<li data-start=\"2664\" data-end=\"2708\">\n<p data-start=\"2666\" data-end=\"2708\">S\u00f6ker en <strong data-start=\"2675\" data-end=\"2706\">s\u00f6t och syrlig tropisk smak<\/strong><\/p>\n<\/li>\n<li data-start=\"2709\" data-end=\"2762\">\n<p data-start=\"2711\" data-end=\"2762\">Vill ha ett <strong data-start=\"2723\" data-end=\"2760\">enkelt s\u00e4tt att anpassa r\u00f6kningen<\/strong><\/p>\n<\/li>\n<li data-start=\"2763\" data-end=\"2814\">\n<p data-start=\"2765\" data-end=\"2814\">Vill ha <strong data-start=\"2773\" data-end=\"2814\">smidiga tillbeh\u00f6r att ta med \u00f6verallt<\/strong><\/p>\n<\/li>\n<\/ul>\n<hr data-start=\"2816\" data-end=\"2819\" \/>\n<h3 data-start=\"2821\" data-end=\"2843\">\ud83d\udccc Sammanfattning:<\/h3>\n<p data-start=\"2845\" data-end=\"3054\"><strong data-start=\"2845\" data-end=\"2885\">Clickzy Passion Fruit fr\u00e5n Veloop.se<\/strong> ger dig en r\u00f6kning med <strong data-start=\"2909\" data-end=\"2950\">fr\u00e4sch, tropisk smak av passionsfrukt<\/strong> \u2013 perfekt f\u00f6r dig som vill ha variation och kontroll. Enkel att anv\u00e4nda, portabel och full av karakt\u00e4r.<\/p>\n<p data-start=\"3056\" data-end=\"3178\">\ud83d\uded2 Best\u00e4ll Clickzy Passion Fruit idag fr\u00e5n <strong data-start=\"3099\" data-end=\"3178\">Veloop.se \u2013 experten p\u00e5 smakkapslar och tillbeh\u00f6r f\u00f6r smaksatta cigaretter!<\/strong><\/p>\n<p data-start=\"3180\" data-end=\"3284\">\ud83d\udd17 <a class=\"\" href=\"https:\/\/snus-malmo.se\/sv\/produkt-kategori\/tillbehor\/\" target=\"_new\" rel=\"noopener\" data-start=\"3183\" data-end=\"3284\">Uppt\u00e4ck fler Clickzy-produkter och tillbeh\u00f6r h\u00e4r<\/a><\/p>\n<p data-start=\"3176\" data-end=\"3281\">","protected":false},"excerpt":{"rendered":"<div class=\"product__description rte quick-add-hidden\">\n<h2 data-start=\"410\" data-end=\"521\">\ud83d\udfe3\ud83d\udca8 <strong data-start=\"418\" data-end=\"521\">Clickzy Passion Fruit | Smakkapslar med tropisk passionsfrukt \u2013 Veloop.se<\/strong><\/h2>\n<h2 data-start=\"1098\" data-end=\"1157\">Clickzy Passion Fruit \u2013 Tropisk fruktighet i varje puff<\/h2>\n<p data-start=\"523\" data-end=\"789\"><strong data-start=\"523\" data-end=\"548\">Clickzy Passion Fruit<\/strong> f\u00f6rvandlar dina cigaretter med en exotisk och fruktig smak av passionsfrukt. Placera kapseln i cigarettfiltret, klicka till och njut av en s\u00f6t, syrlig och uppfriskande smakupplevelse. Passar b\u00e5de handrullade och f\u00e4rdigcigaretter med filter.<\/p>\n<p data-start=\"791\" data-end=\"885\">\ud83d\uded2 K\u00f6p Clickzy Passion Fruit hos <strong data-start=\"824\" data-end=\"885\">Veloop.se \u2013 ledande inom smakkapslar &amp; r\u00f6kningstillbeh\u00f6r!<\/strong><\/p>\n<p data-start=\"887\" data-end=\"983\">\ud83d\udd17 <a class=\"\" href=\"https:\/\/snus-malmo.se\/sv\/produkt-kategori\/tillbehor\/\" target=\"_new\" rel=\"noopener\" data-start=\"890\" data-end=\"983\">Se fler Clickzy-smaker och tillbeh\u00f6r h\u00e4r<\/a><\/p>\n<p data-start=\"808\" data-end=\"904\">\n<\/div>","protected":false},"featured_media":64191,"comment_status":"open","ping_status":"closed","template":"","meta":[],"product_brand":[394],"product_cat":[71,185,268,150,146],"product_tag":[],"class_list":{"0":"post-64237","1":"product","2":"type-product","3":"status-publish","4":"has-post-thumbnail","6":"product_brand-clickzy-smakkapslar","7":"product_cat-ciggtillbehor","8":"product_cat-clickzy","9":"product_cat-hylsor","10":"product_cat-ovriga","11":"product_cat-tillbehor","13":"first","14":"instock","15":"taxable","16":"shipping-taxable","17":"purchasable","18":"product-type-variable"},"_links":{"self":[{"href":"https:\/\/snus-malmo.se\/sv\/wp-json\/wp\/v2\/product\/64237","targetHints":{"allow":["GET"]}}],"collection":[{"href":"https:\/\/snus-malmo.se\/sv\/wp-json\/wp\/v2\/product"}],"about":[{"href":"https:\/\/snus-malmo.se\/sv\/wp-json\/wp\/v2\/types\/product"}],"replies":[{"embeddable":true,"href":"https:\/\/snus-malmo.se\/sv\/wp-json\/wp\/v2\/comments?post=64237"}],"version-history":[{"count":0,"href":"https:\/\/snus-malmo.se\/sv\/wp-json\/wp\/v2\/product\/64237\/revisions"}],"wp:featuredmedia":[{"embeddable":true,"href":"https:\/\/snus-malmo.se\/sv\/wp-json\/wp\/v2\/media\/64191"}],"wp:attachment":[{"href":"https:\/\/snus-malmo.se\/sv\/wp-json\/wp\/v2\/media?parent=64237"}],"wp:term":[{"taxonomy":"product_brand","embeddable":true,"href":"https:\/\/snus-malmo.se\/sv\/wp-json\/wp\/v2\/product_brand?post=64237"},{"taxonomy":"product_cat","embeddable":true,"href":"https:\/\/snus-malmo.se\/sv\/wp-json\/wp\/v2\/product_cat?post=64237"},{"taxonomy":"product_tag","embeddable":true,"href":"https:\/\/snus-malmo.se\/sv\/wp-json\/wp\/v2\/product_tag?post=64237"}],"curies":[{"name":"wp","href":"https:\/\/api.w.org\/{rel}","templated":true}]}}