{"id":64300,"date":"2025-07-20T08:04:27","date_gmt":"2025-07-20T08:04:27","guid":{"rendered":"https:\/\/snus-malmo.se\/?post_type=product&#038;p=64300"},"modified":"2025-08-01T16:37:28","modified_gmt":"2025-08-01T16:37:28","slug":"clickzy-ice-cola","status":"publish","type":"product","link":"https:\/\/snus-malmo.se\/sv\/produkt\/clickzy-ice-cola\/","title":{"rendered":"Clickzy Ice Cola"},"content":{"rendered":"<h1 data-start=\"900\" data-end=\"990\">\ud83e\udd64\u2744\ufe0f Clickzy Ice Cola Smakkapslar f\u00f6r Cigaretter | Veloop.se<\/h1>\n<h2 data-start=\"992\" data-end=\"1060\"><strong data-start=\"997\" data-end=\"1060\">Clickzy Ice Cola \u2013 Fr\u00e4sch colasmak med kylande mentolk\u00e4nsla<\/strong><\/h2>\n<p data-start=\"1062\" data-end=\"1357\">Letar du efter n\u00e5got annorlunda att smaks\u00e4tta dina cigaretter med? <strong data-start=\"1129\" data-end=\"1149\">Clickzy Ice Cola<\/strong> erbjuder en sp\u00e4nnande kombination av den klassiska, s\u00f6ta colasmaken och en kylande mentolkick. Denna smak ger en nostalgisk men fr\u00e4sch r\u00f6kupplevelse som passar b\u00e5de till vardags och vid speciella tillf\u00e4llen.<\/p>\n<p data-start=\"1359\" data-end=\"1584\">Clickzy Ice Cola \u00e4r enkel att anv\u00e4nda och fungerar med alla cigaretter som har filter. Med ett snabbt klick aktiverar du smaken direkt i filtret, utan att f\u00f6r\u00e4ndra tobakens naturliga karakt\u00e4r \u2013 bara en ny, god smakupplevelse.<\/p>\n<hr data-start=\"1586\" data-end=\"1589\" \/>\n<h2 data-start=\"1591\" data-end=\"1627\">\u2705 <strong data-start=\"1593\" data-end=\"1627\">F\u00f6rdelar med Clickzy Ice Cola:<\/strong><\/h2>\n<p data-start=\"1629\" data-end=\"1913\">\ud83e\udd64\u2744\ufe0f Smak av klassisk cola med kylande mentol<br data-start=\"1674\" data-end=\"1677\" \/>\ud83d\udd18 Enkel att klicka in \u2013 redo att anv\u00e4ndas direkt<br data-start=\"1726\" data-end=\"1729\" \/>\ud83d\udeac Kompatibel med alla cigaretter med filter<br data-start=\"1773\" data-end=\"1776\" \/>\ud83d\udca8 Ger en s\u00f6t, fr\u00e4sch och sval r\u00f6kupplevelse<br data-start=\"1820\" data-end=\"1823\" \/>\ud83e\uddf3 Portabel och diskret \u2013 perfekt p\u00e5 spr\u00e5ng<br data-start=\"1866\" data-end=\"1869\" \/>\ud83d\udcaf Inget verktyg beh\u00f6vs \u2013 applikator ing\u00e5r<\/p>\n<hr data-start=\"1915\" data-end=\"1918\" \/>\n<h2 data-start=\"1920\" data-end=\"1959\">\ud83d\udce6 <strong data-start=\"1923\" data-end=\"1959\">S\u00e5 anv\u00e4nder du Clickzy Ice Cola:<\/strong><\/h2>\n<ol data-start=\"1961\" data-end=\"2177\">\n<li data-start=\"1961\" data-end=\"2016\">\n<p data-start=\"1964\" data-end=\"2016\">G\u00f6r ett h\u00e5l i filtret med applikatorns vassa sida.<\/p>\n<\/li>\n<li data-start=\"2017\" data-end=\"2078\">\n<p data-start=\"2020\" data-end=\"2078\">Anv\u00e4nd den andra sidan f\u00f6r att plocka upp en smakkapsel.<\/p>\n<\/li>\n<li data-start=\"2079\" data-end=\"2112\">\n<p data-start=\"2082\" data-end=\"2112\">Placera kapseln i \u00f6ppningen.<\/p>\n<\/li>\n<li data-start=\"2113\" data-end=\"2177\">\n<p data-start=\"2116\" data-end=\"2177\">Tryck in tills du h\u00f6r ett tydligt klick \u2013 smaken \u00e4r nu aktiv.<\/p>\n<\/li>\n<\/ol>\n<hr data-start=\"2179\" data-end=\"2182\" \/>\n<p data-start=\"2184\" data-end=\"2324\">\ud83d\udd1e <strong data-start=\"2187\" data-end=\"2210\">Viktig information:<\/strong> Endast f\u00f6r personer \u00f6ver 18 \u00e5r. F\u00f6rvara o\u00e5tkomligt f\u00f6r barn och husdjur. Felaktig anv\u00e4ndning sker p\u00e5 eget ansvar.<\/p>\n<hr data-start=\"2326\" data-end=\"2329\" \/>\n<h3 data-start=\"2331\" data-end=\"2370\">\ud83c\udfaf <strong data-start=\"2334\" data-end=\"2370\">Clickzy Ice Cola passar dig som:<\/strong><\/h3>\n<ul data-start=\"2372\" data-end=\"2553\">\n<li data-start=\"2372\" data-end=\"2410\">\n<p data-start=\"2374\" data-end=\"2410\">Gillar cigaretter med smaks\u00e4ttning<\/p>\n<\/li>\n<li data-start=\"2411\" data-end=\"2466\">\n<p data-start=\"2413\" data-end=\"2466\">Vill testa en ny och fr\u00e4sch smak av cola och mentol<\/p>\n<\/li>\n<li data-start=\"2467\" data-end=\"2506\">\n<p data-start=\"2469\" data-end=\"2506\">S\u00f6ker variation i din r\u00f6kupplevelse<\/p>\n<\/li>\n<li data-start=\"2507\" data-end=\"2553\">\n<p data-start=\"2509\" data-end=\"2553\">Vill ha en enkel, snabb och portabel l\u00f6sning<\/p>\n<\/li>\n<\/ul>\n<hr data-start=\"2555\" data-end=\"2558\" \/>\n<h3 data-start=\"2560\" data-end=\"2616\">\ud83d\udccc <strong data-start=\"2563\" data-end=\"2616\">Sammanfattning \u2013 Cola-smakkapslar f\u00f6r cigaretter:<\/strong><\/h3>\n<p data-start=\"2618\" data-end=\"2820\"><strong data-start=\"2618\" data-end=\"2653\">Clickzy Ice Cola fr\u00e5n Veloop.se<\/strong> ger dig en unik blandning av s\u00f6t colasmak och kall mentol \u2013 f\u00f6r dig som vill ha n\u00e5got ut\u00f6ver det vanliga. Smidigt format, l\u00e4tt att anv\u00e4nda och en smak som sticker ut.<\/p>\n<p data-start=\"2822\" data-end=\"2918\">\ud83d\uded2 <strong data-start=\"2825\" data-end=\"2867\">K\u00f6p Clickzy Ice Cola idag p\u00e5 Veloop.se<\/strong> \u2013 experten p\u00e5 cigarettsmak och smakkapslar online.<\/p>\n<p data-start=\"2920\" data-end=\"2982\">\ud83d\udd17 <a class=\"cursor-pointer\" rel=\"noopener\" data-start=\"2923\" data-end=\"2982\">Utforska fler Clickzy-smaker och r\u00f6kningstillbeh\u00f6r h\u00e4r<\/a><\/p>","protected":false},"excerpt":{"rendered":"<h1 data-start=\"312\" data-end=\"410\">\ud83e\udd64\u2744\ufe0f Clickzy Ice Cola | Frisk colasmak med isande mentol<\/h1>\n<h2 data-start=\"992\" data-end=\"1060\"><strong data-start=\"997\" data-end=\"1060\">Clickzy Ice Cola \u2013 Fr\u00e4sch colasmak med kylande mentolk\u00e4nsla<\/strong><\/h2>\n<p data-start=\"412\" data-end=\"674\"><strong data-start=\"412\" data-end=\"432\">Clickzy Ice Cola<\/strong> ger din cigarett en uppfriskande smak av klassisk cola kombinerat med en kylig mentolk\u00e4nsla. Med ett enkelt klick i filtret f\u00f6rvandlas din vanliga cigarett till en unik smakupplevelse \u2013 perfekt f\u00f6r dig som gillar colasmak med en frisk twist.<\/p>\n<p data-start=\"676\" data-end=\"747\">Passar alla cigaretter med filter \u2013 b\u00e5de f\u00e4rdigrullade och handrullade.<\/p>\n<p data-start=\"749\" data-end=\"852\">\ud83d\uded2 <strong data-start=\"752\" data-end=\"793\">Best\u00e4ll Clickzy Ice Cola p\u00e5 Veloop.se<\/strong> \u2013 din specialist p\u00e5 smakkapslar och tillbeh\u00f6r f\u00f6r r\u00f6kning.<\/p>\n<p data-start=\"854\" data-end=\"893\">\ud83d\udd17 <a class=\"cursor-pointer\" rel=\"noopener\" data-start=\"857\" data-end=\"893\">Se hela Clickzy-sortimentet h\u00e4r<\/a><\/p>","protected":false},"featured_media":64181,"comment_status":"open","ping_status":"closed","template":"","meta":[],"product_brand":[394],"product_cat":[71,185,268,150,146],"product_tag":[],"class_list":{"0":"post-64300","1":"product","2":"type-product","3":"status-publish","4":"has-post-thumbnail","6":"product_brand-clickzy-smakkapslar","7":"product_cat-ciggtillbehor","8":"product_cat-clickzy","9":"product_cat-hylsor","10":"product_cat-ovriga","11":"product_cat-tillbehor","13":"first","14":"instock","15":"taxable","16":"shipping-taxable","17":"purchasable","18":"product-type-variable"},"_links":{"self":[{"href":"https:\/\/snus-malmo.se\/sv\/wp-json\/wp\/v2\/product\/64300","targetHints":{"allow":["GET"]}}],"collection":[{"href":"https:\/\/snus-malmo.se\/sv\/wp-json\/wp\/v2\/product"}],"about":[{"href":"https:\/\/snus-malmo.se\/sv\/wp-json\/wp\/v2\/types\/product"}],"replies":[{"embeddable":true,"href":"https:\/\/snus-malmo.se\/sv\/wp-json\/wp\/v2\/comments?post=64300"}],"version-history":[{"count":0,"href":"https:\/\/snus-malmo.se\/sv\/wp-json\/wp\/v2\/product\/64300\/revisions"}],"wp:featuredmedia":[{"embeddable":true,"href":"https:\/\/snus-malmo.se\/sv\/wp-json\/wp\/v2\/media\/64181"}],"wp:attachment":[{"href":"https:\/\/snus-malmo.se\/sv\/wp-json\/wp\/v2\/media?parent=64300"}],"wp:term":[{"taxonomy":"product_brand","embeddable":true,"href":"https:\/\/snus-malmo.se\/sv\/wp-json\/wp\/v2\/product_brand?post=64300"},{"taxonomy":"product_cat","embeddable":true,"href":"https:\/\/snus-malmo.se\/sv\/wp-json\/wp\/v2\/product_cat?post=64300"},{"taxonomy":"product_tag","embeddable":true,"href":"https:\/\/snus-malmo.se\/sv\/wp-json\/wp\/v2\/product_tag?post=64300"}],"curies":[{"name":"wp","href":"https:\/\/api.w.org\/{rel}","templated":true}]}}