{"id":64427,"date":"2025-07-21T18:33:04","date_gmt":"2025-07-21T18:33:04","guid":{"rendered":"https:\/\/snus-malmo.se\/?post_type=product&#038;p=64427"},"modified":"2025-10-04T11:16:41","modified_gmt":"2025-10-04T11:16:41","slug":"petteroes-blanding-4","status":"publish","type":"product","link":"https:\/\/snus-malmo.se\/sv\/produkt\/petteroes-blanding-4\/","title":{"rendered":"Petter\u00f8es Blanding 4"},"content":{"rendered":"<h1>Petter\u00f8es Blanding 4<\/h1>\n<h1 data-start=\"1233\" data-end=\"1315\">Petter\u00f8es Blanding 4 Rulltobak 47g \u2013 Ljus och mild premiumtobak fr\u00e5n Norge<\/h1>\n<p data-start=\"1317\" data-end=\"1562\"><strong data-start=\"1317\" data-end=\"1355\">Petter\u00f8es Blanding 4 Rulltobak 47g<\/strong> \u00e4r det sj\u00e4lvklara valet f\u00f6r dig som s\u00f6ker en extra mild och ljus rulltobak med h\u00f6g kvalitet. Denna variant \u00e4r framtagen f\u00f6r r\u00f6kare som uppskattar en mjuk och diskret smak, med bibeh\u00e5llen karakt\u00e4r och arom.<\/p>\n<p data-start=\"1564\" data-end=\"1810\">Tobaken \u00e4r finf\u00f6rdelad och har perfekt fuktighet f\u00f6r att ge dig en smidig rullning \u2013 oavsett om du rullar f\u00f6r hand eller med maskin. Med <strong data-start=\"1701\" data-end=\"1739\">Petter\u00f8es Blanding 4 Rulltobak 47g<\/strong> f\u00e5r du ca 65\u201390 cigaretter per f\u00f6rpackning, beroende p\u00e5 hur du rullar.<\/p>\n<hr data-start=\"1812\" data-end=\"1815\" \/>\n<h2 data-start=\"1817\" data-end=\"1876\">Om Petter\u00f8es Blanding 4 \u2013 Norsk kvalitet sedan 1905<\/h2>\n<p data-start=\"1878\" data-end=\"2186\">Bakom <strong data-start=\"1884\" data-end=\"1922\">Petter\u00f8es Blanding 4 Rulltobak 47g<\/strong> st\u00e5r det norska tobaksarvet fr\u00e5n Halfdan Petter\u00f8, som grundade varum\u00e4rket redan 1905. Inom n\u00e5gra \u00e5r hade Petter\u00f8es vuxit till ett av Norges st\u00f6rsta tobaksf\u00f6retag. Idag tillverkas produkterna av <strong data-start=\"2117\" data-end=\"2139\">PM Tobakk Norge AS<\/strong>, under ledning av Philip Morris International.<\/p>\n<p data-start=\"2188\" data-end=\"2310\">Petter\u00f8es-serien k\u00e4nnetecknas av klassiska smaker i olika styrkor \u2013 d\u00e4r <strong data-start=\"2260\" data-end=\"2284\">Petter\u00f8es Blanding 4<\/strong> \u00e4r den mildaste i serien.<\/p>\n<hr data-start=\"2312\" data-end=\"2315\" \/>\n<h2 data-start=\"2317\" data-end=\"2372\">F\u00f6rdelar med Petter\u00f8es Blanding 4 Rulltobak 47g<\/h2>\n<ul data-start=\"2374\" data-end=\"2649\">\n<li data-start=\"2374\" data-end=\"2403\">\n<p data-start=\"2376\" data-end=\"2403\">Extra mild och ljus tobak<\/p>\n<\/li>\n<li data-start=\"2404\" data-end=\"2443\">\n<p data-start=\"2406\" data-end=\"2443\">Balanserad smak f\u00f6r en mjuk r\u00f6kning<\/p>\n<\/li>\n<li data-start=\"2444\" data-end=\"2502\">\n<p data-start=\"2446\" data-end=\"2502\">Enkel att rulla, b\u00e5de f\u00f6r nyb\u00f6rjare och vana anv\u00e4ndare<\/p>\n<\/li>\n<li data-start=\"2503\" data-end=\"2535\">\n<p data-start=\"2505\" data-end=\"2535\">F\u00f6rpackningsstorlek: 47 gram<\/p>\n<\/li>\n<li data-start=\"2536\" data-end=\"2568\">\n<p data-start=\"2538\" data-end=\"2568\">Ca 65\u201390 cigaretter per p\u00e5se<\/p>\n<\/li>\n<li data-start=\"2569\" data-end=\"2604\">\n<p data-start=\"2571\" data-end=\"2604\">Tillverkare: PM Tobakk Norge AS<\/p>\n<\/li>\n<li data-start=\"2605\" data-end=\"2627\">\n<p data-start=\"2607\" data-end=\"2627\">EAN: 7622100789697<\/p>\n<\/li>\n<li data-start=\"2628\" data-end=\"2649\">\n<p data-start=\"2630\" data-end=\"2649\">Fraktvikt: 0,085 kg<\/p>\n<\/li>\n<\/ul>\n<hr data-start=\"2651\" data-end=\"2654\" \/>\n<h2 data-start=\"2656\" data-end=\"2683\">Tips fr\u00e5n Velopp.se<\/h2>\n<p data-start=\"2685\" data-end=\"2960\">Vill du s\u00e4tta en personlig touch p\u00e5 din <strong data-start=\"2725\" data-end=\"2763\">Petter\u00f8es Blanding 4 Rulltobak 47g<\/strong>? Prova v\u00e5ra <strong data-start=\"2776\" data-end=\"2800\">smaksatta tobaksblad<\/strong> i Fresh Mint eller Menthol Chill \u2013 perfekt f\u00f6r att ge cigaretten extra fr\u00e4sch\u00f6r. Du kan ocks\u00e5 anv\u00e4nda smakkulor f\u00f6r att justera smaken enligt dina preferenser.<\/p>\n<p data-start=\"2962\" data-end=\"3090\">Men om du f\u00f6redrar den rena, naturliga smaken av mild tobak \u00e4r <strong data-start=\"3025\" data-end=\"3063\">Petter\u00f8es Blanding 4 Rulltobak 47g<\/strong> precis vad du letar efter.<\/p>\n<p data-start=\"3092\" data-end=\"3254\">\u2705 Best\u00e4ll enkelt online hos Velopp.se \u2013 l\u00e5ga priser, snabb leverans och trygg betalning.<br data-start=\"3180\" data-end=\"3183\" \/>\ud83d\udc49 Klicka h\u00e4r f\u00f6r att k\u00f6pa <strong data-start=\"3210\" data-end=\"3248\">Petter\u00f8es Blanding 4 Rulltobak 47g<\/strong> idag!<\/p>\n<h2 data-start=\"380\" data-end=\"462\">\ud83e\uddfe <strong data-start=\"386\" data-end=\"462\">J\u00e4mf\u00f6relse: Petter\u00f8es Blandingar &amp; Specialblandningar (Rulltobak 44\u201347g)<\/strong><\/h2>\n<div class=\"_tableContainer_80l1q_1\">\n<div class=\"_tableWrapper_80l1q_14 group flex w-fit flex-col-reverse\" tabindex=\"-1\">\n<table class=\"w-fit min-w-(--thread-content-width)\" data-start=\"464\" data-end=\"2310\">\n<thead data-start=\"464\" data-end=\"628\">\n<tr data-start=\"464\" data-end=\"628\">\n<th data-start=\"464\" data-end=\"497\" data-col-size=\"sm\">Egenskap<\/th>\n<th data-start=\"497\" data-end=\"524\" data-col-size=\"sm\"><strong data-start=\"499\" data-end=\"523\">Petter\u00f8es Blanding 4<\/strong><\/th>\n<th data-start=\"524\" data-end=\"551\" data-col-size=\"sm\"><strong data-start=\"526\" data-end=\"550\">Petter\u00f8es Blanding 3<\/strong><\/th>\n<th data-start=\"551\" data-end=\"578\" data-col-size=\"sm\"><strong data-start=\"553\" data-end=\"577\">Petter\u00f8es Blanding 2<\/strong><\/th>\n<th data-start=\"578\" data-end=\"604\" data-col-size=\"sm\"><strong data-start=\"580\" data-end=\"603\">Petter\u00f8es 3 Lys Bl\u00e5<\/strong><\/th>\n<th data-start=\"604\" data-end=\"628\" data-col-size=\"sm\"><strong data-start=\"606\" data-end=\"626\">Petter\u00f8es Hvit 3<\/strong><\/th>\n<\/tr>\n<\/thead>\n<tbody data-start=\"797\" data-end=\"2310\">\n<tr data-start=\"797\" data-end=\"964\">\n<td data-start=\"797\" data-end=\"829\" data-col-size=\"sm\"><strong data-start=\"799\" data-end=\"809\">Styrka<\/strong><\/td>\n<td data-col-size=\"sm\" data-start=\"829\" data-end=\"857\">\ud83d\udfe1 Mild<\/td>\n<td data-col-size=\"sm\" data-start=\"857\" data-end=\"885\">\ud83d\udfe1\ud83d\udd36 Medium-mild<\/td>\n<td data-col-size=\"sm\" data-start=\"885\" data-end=\"912\">\ud83d\udd36 Medium<\/td>\n<td data-col-size=\"sm\" data-start=\"912\" data-end=\"940\">\ud83d\udfe2 Extra mild<\/td>\n<td data-col-size=\"sm\" data-start=\"940\" data-end=\"964\">\u26aa Ultra-mild<\/td>\n<\/tr>\n<tr data-start=\"965\" data-end=\"1132\">\n<td data-start=\"965\" data-end=\"997\" data-col-size=\"sm\"><strong data-start=\"967\" data-end=\"981\">Smakprofil<\/strong><\/td>\n<td data-col-size=\"sm\" data-start=\"997\" data-end=\"1025\">Ljus &amp; rund<\/td>\n<td data-col-size=\"sm\" data-start=\"1025\" data-end=\"1053\">Balanserad &amp; mjuk<\/td>\n<td data-col-size=\"sm\" data-start=\"1053\" data-end=\"1081\">Klassisk &amp; neutral<\/td>\n<td data-col-size=\"sm\" data-start=\"1081\" data-end=\"1108\">Ljus, len &amp; diskret<\/td>\n<td data-col-size=\"sm\" data-start=\"1108\" data-end=\"1132\">Mjuk &amp; diskret<\/td>\n<\/tr>\n<tr data-start=\"1133\" data-end=\"1300\">\n<td data-start=\"1133\" data-end=\"1165\" data-col-size=\"sm\"><strong data-start=\"1135\" data-end=\"1148\">R\u00f6kstyrka<\/strong><\/td>\n<td data-col-size=\"sm\" data-start=\"1165\" data-end=\"1193\">L\u00e5g<\/td>\n<td data-col-size=\"sm\" data-start=\"1193\" data-end=\"1221\">Medel-l\u00e5g<\/td>\n<td data-col-size=\"sm\" data-start=\"1221\" data-end=\"1249\">Medel<\/td>\n<td data-col-size=\"sm\" data-start=\"1249\" data-end=\"1276\">Mycket l\u00e5g<\/td>\n<td data-col-size=\"sm\" data-start=\"1276\" data-end=\"1300\">Extremt l\u00e5g<\/td>\n<\/tr>\n<tr data-start=\"1301\" data-end=\"1470\">\n<td data-start=\"1301\" data-end=\"1333\" data-col-size=\"sm\"><strong data-start=\"1303\" data-end=\"1316\">Tobakstyp<\/strong><\/td>\n<td data-col-size=\"sm\" data-start=\"1333\" data-end=\"1361\">Ljus<\/td>\n<td data-col-size=\"sm\" data-start=\"1361\" data-end=\"1389\">Ljus\/medium<\/td>\n<td data-col-size=\"sm\" data-start=\"1389\" data-end=\"1417\">Medium\/m\u00f6rk<\/td>\n<td data-col-size=\"sm\" data-start=\"1417\" data-end=\"1444\">Ljus<\/td>\n<td data-col-size=\"sm\" data-start=\"1444\" data-end=\"1470\">Ljus, extra raffinerad<\/td>\n<\/tr>\n<tr data-start=\"1471\" data-end=\"1637\">\n<td data-start=\"1471\" data-end=\"1502\" data-col-size=\"sm\"><strong data-start=\"1473\" data-end=\"1488\">F\u00f6rpackning<\/strong><\/td>\n<td data-col-size=\"sm\" data-start=\"1502\" data-end=\"1530\">47 gram<\/td>\n<td data-col-size=\"sm\" data-start=\"1530\" data-end=\"1558\">47 gram<\/td>\n<td data-col-size=\"sm\" data-start=\"1558\" data-end=\"1586\">47 gram<\/td>\n<td data-col-size=\"sm\" data-start=\"1586\" data-end=\"1613\">44 gram<\/td>\n<td data-col-size=\"sm\" data-start=\"1613\" data-end=\"1637\">44 gram<\/td>\n<\/tr>\n<tr data-start=\"1638\" data-end=\"1805\">\n<td data-start=\"1638\" data-end=\"1670\" data-col-size=\"sm\"><strong data-start=\"1640\" data-end=\"1665\">Antal cigaretter\/p\u00e5se<\/strong><\/td>\n<td data-col-size=\"sm\" data-start=\"1670\" data-end=\"1698\">Ca 65\u201390<\/td>\n<td data-col-size=\"sm\" data-start=\"1698\" data-end=\"1726\">Ca 65\u201390<\/td>\n<td data-col-size=\"sm\" data-start=\"1726\" data-end=\"1754\">Ca 65\u201390<\/td>\n<td data-col-size=\"sm\" data-start=\"1754\" data-end=\"1781\">Ca 60\u201385<\/td>\n<td data-col-size=\"sm\" data-start=\"1781\" data-end=\"1805\">Ca 60\u201385<\/td>\n<\/tr>\n<tr data-start=\"1806\" data-end=\"1974\">\n<td data-start=\"1806\" data-end=\"1838\" data-col-size=\"sm\"><strong data-start=\"1808\" data-end=\"1822\">Passar f\u00f6r<\/strong><\/td>\n<td data-col-size=\"sm\" data-start=\"1838\" data-end=\"1866\">Nya &amp; vana r\u00f6kare<\/td>\n<td data-col-size=\"sm\" data-start=\"1866\" data-end=\"1894\">Vardagsanv\u00e4ndare<\/td>\n<td data-col-size=\"sm\" data-start=\"1894\" data-end=\"1922\">Klassiska r\u00f6kare<\/td>\n<td data-col-size=\"sm\" data-start=\"1922\" data-end=\"1949\">Nyb\u00f6rjare\/sensitive<\/td>\n<td data-col-size=\"sm\" data-start=\"1949\" data-end=\"1974\">\u00d6verg\u00e5ngsr\u00f6kare<\/td>\n<\/tr>\n<tr data-start=\"1975\" data-end=\"2142\">\n<td data-start=\"1975\" data-end=\"2007\" data-col-size=\"sm\"><strong data-start=\"1977\" data-end=\"1992\">Tillverkare<\/strong><\/td>\n<td data-col-size=\"sm\" data-start=\"2007\" data-end=\"2035\">PM Tobakk Norge AS<\/td>\n<td data-col-size=\"sm\" data-start=\"2035\" data-end=\"2063\">PM Tobakk Norge AS<\/td>\n<td data-col-size=\"sm\" data-start=\"2063\" data-end=\"2091\">PM Tobakk Norge AS<\/td>\n<td data-col-size=\"sm\" data-start=\"2091\" data-end=\"2118\">PM Tobakk Norge AS<\/td>\n<td data-col-size=\"sm\" data-start=\"2118\" data-end=\"2142\">PM Tobakk Norge AS<\/td>\n<\/tr>\n<\/tbody>\n<\/table>\n<\/div>\n<\/div>\n<hr data-start=\"3256\" data-end=\"3259\" \/>\n<h3 data-start=\"3261\" data-end=\"3296\">Utforska mer hos Velopp.se:<\/h3>\n<ul data-start=\"3297\" data-end=\"3555\">\n<li data-start=\"3297\" data-end=\"3380\">\n<p data-start=\"3299\" data-end=\"3380\">Rulltobak \u2013 hela sortimentet: <a class=\"\" href=\"https:\/\/snus-malmo.se\/sv\/produkt-kategori\/rulltobak\/\" target=\"_new\" rel=\"noopener\" data-start=\"3329\" data-end=\"3378\">https:\/\/snus-malmo.se\/product-category\/rulltobak\/<\/a><\/p>\n<\/li>\n<li data-start=\"3381\" data-end=\"3467\">\n<p data-start=\"3383\" data-end=\"3467\">Tillbeh\u00f6r \u2013 papper, filter m.m.: <a class=\"\" href=\"https:\/\/snus-malmo.se\/sv\/produkt-kategori\/tillbehor\/\" target=\"_new\" rel=\"noopener\" data-start=\"3416\" data-end=\"3465\">https:\/\/snus-malmo.se\/product-category\/tillbehor\/<\/a><\/p>\n<\/li>\n<li data-start=\"3468\" data-end=\"3555\">\n<p data-start=\"3470\" data-end=\"3555\">Ciggtillbeh\u00f6r \u2013 allt f\u00f6r en komplett upplevelse: <a class=\"\" href=\"https:\/\/snus-malmo.se\/sv\/ciggtillbehor\/\" target=\"_new\" rel=\"noopener\" data-start=\"3519\" data-end=\"3555\">https:\/\/snus-malmo.se\/ciggtillbehor\/<\/a><\/p>\n<\/li>\n<\/ul>","protected":false},"excerpt":{"rendered":"<h1>Petter\u00f8es Blanding 4<\/h1>\n<h1 data-start=\"359\" data-end=\"439\">Petter\u00f8es Blanding 4 Rulltobak 47g \u2013 Ljus, mild och balanserad rulltobak<\/h1>\n<p data-start=\"441\" data-end=\"755\">Letar du efter en riktigt mild rulltobak med klassisk k\u00e4nsla? <strong data-start=\"503\" data-end=\"541\">Petter\u00f8es Blanding 4 Rulltobak 47g<\/strong> \u00e4r en ljus, finf\u00f6rdelad tobak med rund och mjuk smak \u2013 perfekt f\u00f6r dig som vill ha en l\u00e4ttare r\u00f6kupplevelse utan att kompromissa med kvaliteten. Den \u00e4r enkel att rulla och passar b\u00e5de nyb\u00f6rjare och vana anv\u00e4ndare.<\/p>\n<p data-start=\"757\" data-end=\"869\">Hos Velopp.se f\u00e5r du alltid <strong data-start=\"785\" data-end=\"823\">Petter\u00f8es Blanding 4 Rulltobak 47g<\/strong> till l\u00e5gt pris, med snabb och s\u00e4ker leverans.<\/p>\n<hr data-start=\"871\" data-end=\"874\" \/>\n<h3 data-start=\"876\" data-end=\"911\">Utforska mer hos Velopp.se:<\/h3>\n<ul data-start=\"912\" data-end=\"1154\">\n<li data-start=\"912\" data-end=\"995\">\n<p data-start=\"914\" data-end=\"995\">Rulltobak \u2013 hela sortimentet: <a class=\"\" href=\"https:\/\/snus-malmo.se\/sv\/produkt-kategori\/rulltobak\/\" target=\"_new\" rel=\"noopener\" data-start=\"944\" data-end=\"993\">https:\/\/snus-malmo.se\/product-category\/rulltobak\/<\/a><\/p>\n<\/li>\n<li data-start=\"996\" data-end=\"1082\">\n<p data-start=\"998\" data-end=\"1082\">Tillbeh\u00f6r \u2013 papper, filter m.m.: <a class=\"\" href=\"https:\/\/snus-malmo.se\/sv\/produkt-kategori\/tillbehor\/\" target=\"_new\" rel=\"noopener\" data-start=\"1031\" data-end=\"1080\">https:\/\/snus-malmo.se\/product-category\/tillbehor\/<\/a><\/p>\n<\/li>\n<li data-start=\"1083\" data-end=\"1154\">\n<p data-start=\"1085\" data-end=\"1154\">Ciggtillbeh\u00f6r \u2013 allt du beh\u00f6ver: <a class=\"\" href=\"https:\/\/snus-malmo.se\/sv\/ciggtillbehor\/\" target=\"_new\" rel=\"noopener\" data-start=\"1118\" data-end=\"1154\">https:\/\/snus-malmo.se\/ciggtillbehor\/<\/a><\/p>\n<\/li>\n<\/ul>","protected":false},"featured_media":67746,"comment_status":"open","ping_status":"closed","template":"","meta":[],"product_brand":[397],"product_cat":[71,268,236,151],"product_tag":[],"class_list":{"0":"post-64427","1":"product","2":"type-product","3":"status-publish","4":"has-post-thumbnail","6":"product_brand-petteroes","7":"product_cat-ciggtillbehor","8":"product_cat-hylsor","9":"product_cat-petteroes","10":"product_cat-rulltobak","12":"first","13":"instock","14":"taxable","15":"shipping-taxable","16":"purchasable","17":"product-type-variable"},"_links":{"self":[{"href":"https:\/\/snus-malmo.se\/sv\/wp-json\/wp\/v2\/product\/64427","targetHints":{"allow":["GET"]}}],"collection":[{"href":"https:\/\/snus-malmo.se\/sv\/wp-json\/wp\/v2\/product"}],"about":[{"href":"https:\/\/snus-malmo.se\/sv\/wp-json\/wp\/v2\/types\/product"}],"replies":[{"embeddable":true,"href":"https:\/\/snus-malmo.se\/sv\/wp-json\/wp\/v2\/comments?post=64427"}],"version-history":[{"count":0,"href":"https:\/\/snus-malmo.se\/sv\/wp-json\/wp\/v2\/product\/64427\/revisions"}],"wp:featuredmedia":[{"embeddable":true,"href":"https:\/\/snus-malmo.se\/sv\/wp-json\/wp\/v2\/media\/67746"}],"wp:attachment":[{"href":"https:\/\/snus-malmo.se\/sv\/wp-json\/wp\/v2\/media?parent=64427"}],"wp:term":[{"taxonomy":"product_brand","embeddable":true,"href":"https:\/\/snus-malmo.se\/sv\/wp-json\/wp\/v2\/product_brand?post=64427"},{"taxonomy":"product_cat","embeddable":true,"href":"https:\/\/snus-malmo.se\/sv\/wp-json\/wp\/v2\/product_cat?post=64427"},{"taxonomy":"product_tag","embeddable":true,"href":"https:\/\/snus-malmo.se\/sv\/wp-json\/wp\/v2\/product_tag?post=64427"}],"curies":[{"name":"wp","href":"https:\/\/api.w.org\/{rel}","templated":true}]}}