{"id":67141,"date":"2025-08-20T07:51:08","date_gmt":"2025-08-20T07:51:08","guid":{"rendered":"https:\/\/snus-malmo.se\/?post_type=product&#038;p=67141"},"modified":"2025-11-29T10:39:57","modified_gmt":"2025-11-29T10:39:57","slug":"lewa-classic-nico-taste-of-tobacco","status":"publish","type":"product","link":"https:\/\/snus-malmo.se\/sv\/produkt\/lewa-classic-nico-taste-of-tobacco\/","title":{"rendered":"LEWA Classic Nico Taste of Tobacco"},"content":{"rendered":"<h1 data-start=\"206\" data-end=\"284\">LEWA Classic Nico Taste of Tobacco Styrka 3 \u2013 Tobaksfritt Snus med Nikotin<\/h1>\n<p data-start=\"286\" data-end=\"544\"><strong data-start=\"286\" data-end=\"333\">LEWA Classic Nico Taste of Tobacco Styrka 3<\/strong> \u00e4r ett modernt alternativ f\u00f6r dig som s\u00f6ker <strong data-start=\"378\" data-end=\"410\">tobaksfritt snus med nikotin<\/strong>. Denna variant \u00e4r helt fri fr\u00e5n tobak men inneh\u00e5ller nikotin f\u00f6r att ge samma k\u00e4nsla och tillfredsst\u00e4llelse som traditionellt snus.<\/p>\n<p data-start=\"546\" data-end=\"790\">Med en autentisk <strong data-start=\"563\" data-end=\"577\">tobakssmak<\/strong>, men utan de skadliga \u00e4mnena som finns i riktig tobak, f\u00e5r du en renare och fr\u00e4schare upplevelse. Styrka 3 ger en balanserad nikotineffekt som passar b\u00e5de vana snusare och dig som vill ha en mediumstark prilla.<\/p>\n<hr data-start=\"792\" data-end=\"795\" \/>\n<h2 data-start=\"797\" data-end=\"859\">Varf\u00f6r v\u00e4lja LEWA Classic Nico Taste of Tobacco Styrka 3?<\/h2>\n<p data-start=\"861\" data-end=\"1241\">\u2705 <strong data-start=\"863\" data-end=\"883\">Tobaksfritt snus<\/strong> \u2013 samma smak och k\u00e4nsla som klassiskt snus men helt utan tobak.<br data-start=\"947\" data-end=\"950\" \/>\u2705 <strong data-start=\"952\" data-end=\"974\">Inneh\u00e5ller nikotin<\/strong> \u2013 ger en \u00e4kta snusupplevelse med styrka 3 (medium).<br data-start=\"1026\" data-end=\"1029\" \/>\u2705 <strong data-start=\"1031\" data-end=\"1048\">Klassisk smak<\/strong> \u2013 autentisk smak av tobak f\u00f6r en traditionell k\u00e4nsla.<br data-start=\"1102\" data-end=\"1105\" \/>\u2705 <strong data-start=\"1107\" data-end=\"1128\">All white-prillor<\/strong> \u2013 fr\u00e4scha, diskreta och bekv\u00e4ma under l\u00e4ppen.<br data-start=\"1174\" data-end=\"1177\" \/>\u2705 <strong data-start=\"1179\" data-end=\"1196\">Ingen koffein<\/strong> \u2013 endast nikotin, inget extra stimulantia.<\/p>\n<hr data-start=\"1243\" data-end=\"1246\" \/>\n<h2 data-start=\"1248\" data-end=\"1303\">Vem passar LEWA Classic Nico Taste of Tobacco f\u00f6r?<\/h2>\n<p data-start=\"1305\" data-end=\"1344\">Denna variant \u00e4r perfekt f\u00f6r dig som:<\/p>\n<ul data-start=\"1346\" data-end=\"1663\">\n<li data-start=\"1346\" data-end=\"1400\">\n<p data-start=\"1348\" data-end=\"1400\">Vill ha <strong data-start=\"1356\" data-end=\"1376\">tobaksfritt snus<\/strong> men \u00e4nd\u00e5 med nikotin.<\/p>\n<\/li>\n<li data-start=\"1401\" data-end=\"1478\">\n<p data-start=\"1403\" data-end=\"1478\">F\u00f6redrar <strong data-start=\"1412\" data-end=\"1435\">klassisk tobakssmak<\/strong> ist\u00e4llet f\u00f6r fruktiga eller s\u00f6ta smaker.<\/p>\n<\/li>\n<li data-start=\"1479\" data-end=\"1531\">\n<p data-start=\"1481\" data-end=\"1531\">S\u00f6ker en <strong data-start=\"1490\" data-end=\"1517\">mediumstark nikotinhalt<\/strong> (styrka 3).<\/p>\n<\/li>\n<li data-start=\"1532\" data-end=\"1588\">\n<p data-start=\"1534\" data-end=\"1588\">Vill minska tobaksintaget men inte sl\u00e4ppa nikotinet.<\/p>\n<\/li>\n<li data-start=\"1589\" data-end=\"1663\">\n<p data-start=\"1591\" data-end=\"1663\">Letar efter ett diskret och fr\u00e4scht snusalternativ i all white-format.<\/p>\n<\/li>\n<\/ul>\n<hr data-start=\"1665\" data-end=\"1668\" \/>\n<h2 data-start=\"1670\" data-end=\"1736\">K\u00f6p LEWA Classic Nico Taste of Tobacco Styrka 3 hos Veloop.se<\/h2>\n<p data-start=\"1738\" data-end=\"2021\">Hos <strong data-start=\"1742\" data-end=\"1755\">Veloop.se<\/strong> hittar du ett brett sortiment av <strong data-start=\"1789\" data-end=\"1821\">tobaksfritt snus med nikotin<\/strong> fr\u00e5n popul\u00e4ra varum\u00e4rken som <strong data-start=\"1851\" data-end=\"1859\">LEWA<\/strong>. Vi erbjuder snabba leveranser, bra priser och produkter f\u00f6r alla behov \u2013 oavsett om du vill ha nikotinfritt, koffeinfritt eller nikotinsnus med klassisk smak.<\/p>\n<p data-start=\"2023\" data-end=\"2151\">\ud83d\udc49 Utforska v\u00e5rt sortiment av <strong data-start=\"2053\" data-end=\"2078\"><a class=\"decorated-link\" href=\"#\" rel=\"noopener\" data-start=\"2055\" data-end=\"2076\">tobaksfritt snus<\/a><\/strong> och se fler varianter av <strong data-start=\"2104\" data-end=\"2122\"><a class=\"decorated-link\" href=\"#\" rel=\"noopener\" data-start=\"2106\" data-end=\"2120\">LEWA snus<\/a><\/strong> f\u00f6r att hitta din favorit.<\/p>","protected":false},"excerpt":{"rendered":"<h1 data-start=\"206\" data-end=\"284\">LEWA Classic Nico Taste of Tobacco Styrka 3 \u2013 Tobaksfritt Snus med Nikotin<\/h1>\n<p>LEWA Classic Nico Taste of Tobacco Styrka 3 \u2013 tobaksfritt snus med nikotin. Klassisk tobakssmak och medium styrka f\u00f6r en autentisk och balanserad snusupplevelse.<\/p>\n<p>\ud83d\udc49 Utforska v\u00e5rt sortiment av <strong data-start=\"2188\" data-end=\"2214\"><a class=\"decorated-link\" href=\"#\" rel=\"noopener\" data-start=\"2190\" data-end=\"2212\">nikotinfritt snus<\/a><\/strong> och hitta fler produkter fr\u00e5n <strong data-start=\"2245\" data-end=\"2263\"><a class=\"decorated-link\" href=\"#\" rel=\"noopener\" data-start=\"2247\" data-end=\"2261\">LEWA snus<\/a><\/strong>.<\/p>","protected":false},"featured_media":67129,"comment_status":"open","ping_status":"closed","template":"","meta":[],"product_brand":[421],"product_cat":[102,137],"product_tag":[],"class_list":{"0":"post-67141","1":"product","2":"type-product","3":"status-publish","4":"has-post-thumbnail","6":"product_brand-lewa","7":"product_cat-lewa","8":"product_cat-slim","10":"first","11":"instock","12":"featured","13":"taxable","14":"shipping-taxable","15":"purchasable","16":"product-type-variable"},"_links":{"self":[{"href":"https:\/\/snus-malmo.se\/sv\/wp-json\/wp\/v2\/product\/67141","targetHints":{"allow":["GET"]}}],"collection":[{"href":"https:\/\/snus-malmo.se\/sv\/wp-json\/wp\/v2\/product"}],"about":[{"href":"https:\/\/snus-malmo.se\/sv\/wp-json\/wp\/v2\/types\/product"}],"replies":[{"embeddable":true,"href":"https:\/\/snus-malmo.se\/sv\/wp-json\/wp\/v2\/comments?post=67141"}],"version-history":[{"count":0,"href":"https:\/\/snus-malmo.se\/sv\/wp-json\/wp\/v2\/product\/67141\/revisions"}],"wp:featuredmedia":[{"embeddable":true,"href":"https:\/\/snus-malmo.se\/sv\/wp-json\/wp\/v2\/media\/67129"}],"wp:attachment":[{"href":"https:\/\/snus-malmo.se\/sv\/wp-json\/wp\/v2\/media?parent=67141"}],"wp:term":[{"taxonomy":"product_brand","embeddable":true,"href":"https:\/\/snus-malmo.se\/sv\/wp-json\/wp\/v2\/product_brand?post=67141"},{"taxonomy":"product_cat","embeddable":true,"href":"https:\/\/snus-malmo.se\/sv\/wp-json\/wp\/v2\/product_cat?post=67141"},{"taxonomy":"product_tag","embeddable":true,"href":"https:\/\/snus-malmo.se\/sv\/wp-json\/wp\/v2\/product_tag?post=67141"}],"curies":[{"name":"wp","href":"https:\/\/api.w.org\/{rel}","templated":true}]}}