{"id":67155,"date":"2025-08-20T08:39:40","date_gmt":"2025-08-20T08:39:40","guid":{"rendered":"https:\/\/snus-malmo.se\/?post_type=product&#038;p=67155"},"modified":"2025-09-22T11:45:54","modified_gmt":"2025-09-22T11:45:54","slug":"lewa-classic-liquorice-nikotinfritt-snus","status":"publish","type":"product","link":"https:\/\/snus-malmo.se\/sv\/produkt\/lewa-classic-liquorice-nikotinfritt-snus\/","title":{"rendered":"LEWA Classic Liquorice Nikotinfritt Snus &#8211; Max 1 per kund"},"content":{"rendered":"<h1 data-start=\"219\" data-end=\"316\"><strong data-start=\"225\" data-end=\"316\">LEWA Classic Liquorice Nikotinfritt Snus \u2013 Snus utan nikotin, tobak och med lakritssmak<\/strong><\/h1>\n<p data-start=\"318\" data-end=\"735\">Letar du efter ett alternativ till traditionellt snus som b\u00e5de \u00e4r tobaks- och nikotinfritt, men \u00e4nd\u00e5 ger en liknande k\u00e4nsla och smakupplevelse? <strong data-start=\"462\" data-end=\"506\">LEWA Classic Liquorice Nikotinfritt Snus<\/strong> \u00e4r det perfekta valet f\u00f6r dig som vill ha en <strong data-start=\"552\" data-end=\"586\">unik smakupplevelse av lakrits<\/strong>, samtidigt som du slipper nikotin och tobak. Varje portion inneh\u00e5ller <strong data-start=\"657\" data-end=\"674\">20 mg koffein<\/strong>, vilket ger en uppiggande effekt \u2013 precis som en kopp kaffe.<\/p>\n<p data-start=\"737\" data-end=\"1097\">Den klassiska snusk\u00e4nslan \u00e4r bibeh\u00e5llen genom en smakprofil av <strong data-start=\"800\" data-end=\"811\">lakrits<\/strong>, vilket ger en distinkt och njutbar smak. Samtidigt f\u00e5r du en frisk upplevelse med <strong data-start=\"895\" data-end=\"909\">yerba mate<\/strong>, som hj\u00e4lper till att h\u00e5lla smaken l\u00e4ngre. <strong data-start=\"953\" data-end=\"979\">LEWA Classic Liquorice<\/strong> \u00e4r den perfekta l\u00f6sningen f\u00f6r den som vill njuta av en prilla utan de skadliga \u00e4mnena som finns i traditionellt snus.<\/p>\n<hr data-start=\"1099\" data-end=\"1102\" \/>\n<h2 data-start=\"1104\" data-end=\"1168\">\u2b50 <strong data-start=\"1110\" data-end=\"1168\">Varf\u00f6r v\u00e4lja LEWA Classic Liquorice Nikotinfritt Snus?<\/strong><\/h2>\n<ul data-start=\"1170\" data-end=\"1679\">\n<li data-start=\"1170\" data-end=\"1286\">\n<p data-start=\"1172\" data-end=\"1286\"><strong data-start=\"1172\" data-end=\"1209\">Helt fritt fr\u00e5n nikotin och tobak<\/strong> \u2013 ett utm\u00e4rkt alternativ f\u00f6r dig som vill sluta snusa eller undvika nikotin.<\/p>\n<\/li>\n<li data-start=\"1287\" data-end=\"1383\">\n<p data-start=\"1289\" data-end=\"1383\"><strong data-start=\"1289\" data-end=\"1310\">Uppiggande effekt<\/strong> \u2013 varje portion inneh\u00e5ller <strong data-start=\"1338\" data-end=\"1355\">20 mg koffein<\/strong>, motsvarande en kopp kaffe.<\/p>\n<\/li>\n<li data-start=\"1384\" data-end=\"1496\">\n<p data-start=\"1386\" data-end=\"1496\"><strong data-start=\"1386\" data-end=\"1406\">Unik lakritssmak<\/strong> \u2013 f\u00f6r dig som vill ha en smakrik prilla som skiljer sig fr\u00e5n traditionella snusvarianter.<\/p>\n<\/li>\n<li data-start=\"1497\" data-end=\"1569\">\n<p data-start=\"1499\" data-end=\"1569\"><strong data-start=\"1499\" data-end=\"1528\">Vit prilla i normalformat<\/strong> \u2013 diskret, fr\u00e4sch och enkel att anv\u00e4nda.<\/p>\n<\/li>\n<li data-start=\"1570\" data-end=\"1679\">\n<p data-start=\"1572\" data-end=\"1679\"><strong data-start=\"1572\" data-end=\"1607\">Inga s\u00f6tningsmedel eller socker<\/strong> \u2013 ett naturligare alternativ f\u00f6r den som s\u00f6ker en h\u00e4lsosammare produkt.<\/p>\n<\/li>\n<\/ul>\n<hr data-start=\"1681\" data-end=\"1684\" \/>\n<h2 data-start=\"1686\" data-end=\"1753\">\ud83d\udc64 <strong data-start=\"1693\" data-end=\"1753\">Vem passar LEWA Classic Liquorice Nikotinfritt Snus f\u00f6r?<\/strong><\/h2>\n<p data-start=\"1755\" data-end=\"1797\"><strong data-start=\"1755\" data-end=\"1781\">LEWA Classic Liquorice<\/strong> passar dig som:<\/p>\n<ul data-start=\"1798\" data-end=\"2138\">\n<li data-start=\"1798\" data-end=\"1857\">\n<p data-start=\"1800\" data-end=\"1857\">Vill <strong data-start=\"1805\" data-end=\"1826\">sluta med nikotin<\/strong> men saknar vanan av en prilla.<\/p>\n<\/li>\n<li data-start=\"1858\" data-end=\"1920\">\n<p data-start=\"1860\" data-end=\"1920\">S\u00f6ker ett <strong data-start=\"1870\" data-end=\"1889\">snus utan tobak<\/strong> som \u00e4nd\u00e5 har en distinkt smak.<\/p>\n<\/li>\n<li data-start=\"1921\" data-end=\"2007\">\n<p data-start=\"1923\" data-end=\"2007\">Beh\u00f6ver en <strong data-start=\"1934\" data-end=\"1950\">koffeinboost<\/strong> under dagen, exempelvis vid studier, tr\u00e4ning eller jobb.<\/p>\n<\/li>\n<li data-start=\"2008\" data-end=\"2068\">\n<p data-start=\"2010\" data-end=\"2068\">Vill ha ett <strong data-start=\"2022\" data-end=\"2055\">alternativ till energidrycker<\/strong> eller kaffe.<\/p>\n<\/li>\n<li data-start=\"2069\" data-end=\"2138\">\n<p data-start=\"2071\" data-end=\"2138\">Letar efter ett <strong data-start=\"2087\" data-end=\"2137\">diskret, funktionellt och h\u00e4lsosammare snusval<\/strong>.<\/p>\n<\/li>\n<\/ul>\n<hr data-start=\"2140\" data-end=\"2143\" \/>\n<h2 data-start=\"2145\" data-end=\"2214\">\ud83d\uded2 <strong data-start=\"2152\" data-end=\"2214\">K\u00f6p LEWA Classic Liquorice Nikotinfritt Snus hos Veloop.se<\/strong><\/h2>\n<p data-start=\"2216\" data-end=\"2498\">Hos <strong data-start=\"2220\" data-end=\"2233\">Veloop.se<\/strong>, din onlinebutik f\u00f6r snus och tobak, hittar du ett brett sortiment av <strong data-start=\"2304\" data-end=\"2333\">nikotinfria snusprodukter<\/strong> som LEWA. Vi erbjuder snabba leveranser, bra priser och produkter f\u00f6r alla behov \u2013 oavsett om du snusar dagligen eller bara vill ha ett koffeinalternativ p\u00e5 spr\u00e5ng.<\/p>\n<p data-start=\"2500\" data-end=\"2820\">Kolla g\u00e4rna in v\u00e5rt <a class=\"decorated-link\" href=\"https:\/\/snus-malmo.se\/sv\/nikotinfritt-snus\/\" target=\"_new\" rel=\"noopener\" data-start=\"2520\" data-end=\"2593\"><strong data-start=\"2521\" data-end=\"2554\">nikotinfri snus-sortiment h\u00e4r<\/strong><\/a> f\u00f6r att hitta fler alternativ som passar just dig!<br data-start=\"2644\" data-end=\"2647\" \/>Om du \u00e4r ett fan av <strong data-start=\"2667\" data-end=\"2675\">LEWA<\/strong> och deras innovativa snusprodukter, titta p\u00e5 v\u00e5rt <a class=\"decorated-link\" href=\"https:\/\/snus-malmo.se\/sv\/lewa\/\" target=\"_new\" rel=\"noopener\" data-start=\"2726\" data-end=\"2775\"><strong data-start=\"2727\" data-end=\"2749\">LEWA sortiment h\u00e4r<\/strong><\/a> f\u00f6r att uppt\u00e4cka fler fantastiska produkter.<\/p>","protected":false},"excerpt":{"rendered":"<h1 data-start=\"219\" data-end=\"316\"><strong data-start=\"225\" data-end=\"316\">LEWA Classic Liquorice Nikotinfritt Snus &#8211; Max 1 per kund<\/strong><\/h1>\n<p>Nikotinfritt snus med lakritssmak och koffein fr\u00e5n LEWA \u2013 smakrik och fr\u00e4sch upplevelse utan nikotin eller tobak. K\u00f6p online hos Veloop.se.<\/p>\n<p>Kolla g\u00e4rna in v\u00e5rt <a class=\"decorated-link\" href=\"https:\/\/snus-malmo.se\/sv\/nikotinfritt-snus\/\" target=\"_new\" rel=\"noopener\" data-start=\"2520\" data-end=\"2593\"><strong data-start=\"2521\" data-end=\"2554\">nikotinfri snus-sortiment h\u00e4r<\/strong><\/a> f\u00f6r att hitta fler alternativ som passar just dig!<br data-start=\"2644\" data-end=\"2647\" \/>Om du \u00e4r ett fan av <strong data-start=\"2667\" data-end=\"2675\">LEWA<\/strong> och deras innovativa snusprodukter, titta p\u00e5 v\u00e5rt <a class=\"decorated-link\" href=\"https:\/\/snus-malmo.se\/sv\/lewa\/\" target=\"_new\" rel=\"noopener\" data-start=\"2726\" data-end=\"2775\"><strong data-start=\"2727\" data-end=\"2749\">LEWA sortiment h\u00e4r<\/strong><\/a> f\u00f6r att uppt\u00e4cka fler fantastiska produkter.<\/p>","protected":false},"featured_media":67098,"comment_status":"open","ping_status":"closed","template":"","meta":[],"product_brand":[421],"product_cat":[76,136,102,434],"product_tag":[],"class_list":{"0":"post-67155","1":"product","2":"type-product","3":"status-publish","4":"has-post-thumbnail","6":"product_brand-lewa","7":"product_cat-nikotinfritt-snus","8":"product_cat-all-whites","9":"product_cat-lewa","10":"product_cat-upsell1","12":"first","13":"instock","14":"sale","15":"featured","16":"sold-individually","17":"taxable","18":"shipping-taxable","19":"purchasable","20":"product-type-simple"},"_links":{"self":[{"href":"https:\/\/snus-malmo.se\/sv\/wp-json\/wp\/v2\/product\/67155","targetHints":{"allow":["GET"]}}],"collection":[{"href":"https:\/\/snus-malmo.se\/sv\/wp-json\/wp\/v2\/product"}],"about":[{"href":"https:\/\/snus-malmo.se\/sv\/wp-json\/wp\/v2\/types\/product"}],"replies":[{"embeddable":true,"href":"https:\/\/snus-malmo.se\/sv\/wp-json\/wp\/v2\/comments?post=67155"}],"version-history":[{"count":0,"href":"https:\/\/snus-malmo.se\/sv\/wp-json\/wp\/v2\/product\/67155\/revisions"}],"wp:featuredmedia":[{"embeddable":true,"href":"https:\/\/snus-malmo.se\/sv\/wp-json\/wp\/v2\/media\/67098"}],"wp:attachment":[{"href":"https:\/\/snus-malmo.se\/sv\/wp-json\/wp\/v2\/media?parent=67155"}],"wp:term":[{"taxonomy":"product_brand","embeddable":true,"href":"https:\/\/snus-malmo.se\/sv\/wp-json\/wp\/v2\/product_brand?post=67155"},{"taxonomy":"product_cat","embeddable":true,"href":"https:\/\/snus-malmo.se\/sv\/wp-json\/wp\/v2\/product_cat?post=67155"},{"taxonomy":"product_tag","embeddable":true,"href":"https:\/\/snus-malmo.se\/sv\/wp-json\/wp\/v2\/product_tag?post=67155"}],"curies":[{"name":"wp","href":"https:\/\/api.w.org\/{rel}","templated":true}]}}