{"id":67296,"date":"2025-09-22T09:05:23","date_gmt":"2025-09-22T09:05:23","guid":{"rendered":"https:\/\/snus-malmo.se\/?post_type=product&#038;p=67296"},"modified":"2025-12-19T16:10:00","modified_gmt":"2025-12-19T16:10:00","slug":"greatest-arctic-edition-slim-167-mg-g","status":"publish","type":"product","link":"https:\/\/snus-malmo.se\/sv\/produkt\/greatest-arctic-edition-slim-167-mg-g\/","title":{"rendered":"Greatest Arctic Edition Slim 16,7 mg\/g"},"content":{"rendered":"<h1>Greatest Arctic Edition Slim 16,7 mg\/g<\/h1>\n<p data-start=\"242\" data-end=\"521\"><strong data-start=\"242\" data-end=\"269\">Greatest Arctic Edition<\/strong> \u00e4r ett extra starkt vitt snus fr\u00e5n det finska varum\u00e4rket <em data-start=\"327\" data-end=\"337\">Greatest<\/em>, tillverkat av <strong data-start=\"353\" data-end=\"381\">Premium Pouch Finland Oy<\/strong>. Denna variant erbjuder en kraftfull nikotinupplevelse i ett diskret <strong data-start=\"451\" data-end=\"466\">slim-format<\/strong>, med en fr\u00e4sch och isande smak av <strong data-start=\"501\" data-end=\"520\">mint och mentol<\/strong>.<\/p>\n<p data-start=\"523\" data-end=\"827\">Med en nikotinhalt p\u00e5 <strong data-start=\"545\" data-end=\"558\">16,7 mg\/g<\/strong> (ca <strong data-start=\"563\" data-end=\"583\">10 mg per prilla<\/strong>) passar Greatest Arctic Edition perfekt f\u00f6r dig som s\u00f6ker en intensiv men kontrollerad nikotinkick utan tobak. Det torra snuset ger en l\u00e5ngvarig smak och en svalkande k\u00e4nsla under l\u00e4ppen \u2013 perfekt f\u00f6r b\u00e5de vardagsbruk och mer kr\u00e4vande stunder.<\/p>\n<hr data-start=\"829\" data-end=\"832\" \/>\n<h2 data-start=\"834\" data-end=\"864\"><strong data-start=\"841\" data-end=\"864\">Smakprofil &amp; Styrka <\/strong>Greatest Arctic Edition Slim 16,7 mg\/g<\/h2>\n<p data-start=\"865\" data-end=\"1150\">Den tydliga mintsmaken kombinerad med mentol ger en kylande och uppfriskande effekt, samtidigt som den h\u00f6ga nikotinstyrkan levererar snabbt och effektivt. Produkten \u00e4r <strong data-start=\"1033\" data-end=\"1046\">tobaksfri<\/strong>, vilket g\u00f6r den till ett popul\u00e4rt alternativ f\u00f6r den som vill ha nikotin utan traditionellt tobakssnus.<\/p>\n<hr data-start=\"1152\" data-end=\"1155\" \/>\n<h2 data-start=\"1157\" data-end=\"1187\"><strong data-start=\"1164\" data-end=\"1187\">Produktinformation <\/strong>Greatest Arctic Edition Slim 16,7 mg\/g<strong data-start=\"1164\" data-end=\"1187\">:<\/strong><\/h2>\n<ul data-start=\"1189\" data-end=\"1589\">\n<li data-start=\"1189\" data-end=\"1216\">\n<p data-start=\"1191\" data-end=\"1216\"><strong data-start=\"1191\" data-end=\"1205\">Varum\u00e4rke:<\/strong> Greatest<\/p>\n<\/li>\n<li data-start=\"1217\" data-end=\"1260\">\n<p data-start=\"1219\" data-end=\"1260\"><strong data-start=\"1219\" data-end=\"1234\">Produkttyp:<\/strong> Vitt snus (tobaksfritt)<\/p>\n<\/li>\n<li data-start=\"1261\" data-end=\"1288\">\n<p data-start=\"1263\" data-end=\"1288\"><strong data-start=\"1263\" data-end=\"1272\">Smak:<\/strong> Mint &amp; mentol<\/p>\n<\/li>\n<li data-start=\"1289\" data-end=\"1338\">\n<p data-start=\"1291\" data-end=\"1338\"><strong data-start=\"1291\" data-end=\"1307\">Nikotinhalt:<\/strong> 16,7 mg\/g (10 mg per prilla)<\/p>\n<\/li>\n<li data-start=\"1339\" data-end=\"1366\">\n<p data-start=\"1341\" data-end=\"1366\"><strong data-start=\"1341\" data-end=\"1352\">Styrka:<\/strong> Extra stark<\/p>\n<\/li>\n<li data-start=\"1367\" data-end=\"1410\">\n<p data-start=\"1369\" data-end=\"1410\"><strong data-start=\"1369\" data-end=\"1380\">Format:<\/strong> Slim (diskret, smal prilla)<\/p>\n<\/li>\n<li data-start=\"1411\" data-end=\"1448\">\n<p data-start=\"1413\" data-end=\"1448\"><strong data-start=\"1413\" data-end=\"1440\">Antal prillor per dosa:<\/strong> 20 st<\/p>\n<\/li>\n<li data-start=\"1449\" data-end=\"1481\">\n<p data-start=\"1451\" data-end=\"1481\"><strong data-start=\"1451\" data-end=\"1474\">Totalvikt per dosa:<\/strong> 12 g<\/p>\n<\/li>\n<li data-start=\"1482\" data-end=\"1507\">\n<p data-start=\"1484\" data-end=\"1507\"><strong data-start=\"1484\" data-end=\"1498\">Prillvikt:<\/strong> 0,60 g<\/p>\n<\/li>\n<li data-start=\"1508\" data-end=\"1553\">\n<p data-start=\"1510\" data-end=\"1553\"><strong data-start=\"1510\" data-end=\"1526\">Tillverkare:<\/strong> Premium Pouch Finland Oy<\/p>\n<\/li>\n<li data-start=\"1554\" data-end=\"1589\">\n<p data-start=\"1556\" data-end=\"1589\"><strong data-start=\"1556\" data-end=\"1576\">Lanseringsdatum:<\/strong> 2025-08-24<\/p>\n<\/li>\n<\/ul>\n<hr data-start=\"1591\" data-end=\"1594\" \/>\n<h3 data-start=\"1596\" data-end=\"1622\"><strong data-start=\"1603\" data-end=\"1620\">Ingredienser <\/strong>Greatest Arctic Edition Slim 16,7 mg\/g<\/h3>\n<h3 data-start=\"1596\" data-end=\"1622\"><strong data-start=\"1603\" data-end=\"1620\">:<\/strong><\/h3>\n<p data-start=\"1623\" data-end=\"1790\">Cellulosa (E460), vatten, glycerol (E422), naturliga aromer, fuktighetsbevarande medel (E1520), nikotin (1,6 %), salt, s\u00f6tningsmedel (E955), citronsyra (E330), mentol.<\/p>\n<hr data-start=\"1792\" data-end=\"1795\" \/>\n<h3 data-start=\"1797\" data-end=\"1832\"><strong data-start=\"1804\" data-end=\"1830\">Om varum\u00e4rket Greatest<\/strong><\/h3>\n<p data-start=\"1833\" data-end=\"2053\"><em data-start=\"1833\" data-end=\"1843\">Greatest<\/em> erbjuder ett brett utbud av tobaksfritt snus i olika smaker och styrkor. Fokus ligger p\u00e5 kvalitet, variation och tydlig nikotinprofil \u2013 perfekt f\u00f6r vuxna anv\u00e4ndare som s\u00f6ker alternativ till traditionellt snus.<\/p>","protected":false},"excerpt":{"rendered":"<h1 data-start=\"128\" data-end=\"450\">Greatest Arctic Edition Slim 16,7 mg\/g<\/h1>\n<p data-start=\"128\" data-end=\"450\"><strong data-start=\"2125\" data-end=\"2152\">Greatest Arctic Edition<\/strong> \u00e4r ett tobaksfritt, vitt snus med en extra stark nikotinhalt p\u00e5 <strong data-start=\"2217\" data-end=\"2230\">16,7 mg\/g<\/strong> och uppfriskande smak av <strong data-start=\"2256\" data-end=\"2275\">mint och mentol<\/strong>. Den levereras i <strong data-start=\"2293\" data-end=\"2311\">slimmat format<\/strong> f\u00f6r diskret anv\u00e4ndning. Varje prilla inneh\u00e5ller ca <strong data-start=\"2363\" data-end=\"2380\">10 mg nikotin<\/strong>, perfekt f\u00f6r dig som vill ha kraft och fr\u00e4sch\u00f6r i samma prilla.<br data-start=\"2444\" data-end=\"2447\" \/><strong data-start=\"2447\" data-end=\"2513\">20 portioner per dosa | Tillverkad av Premium Pouch Finland Oy<\/strong><\/p>","protected":false},"featured_media":67291,"comment_status":"open","ping_status":"closed","template":"","meta":[],"product_brand":[436],"product_cat":[434,136,355,435,143],"product_tag":[],"class_list":{"0":"post-67296","1":"product","2":"type-product","3":"status-publish","4":"has-post-thumbnail","6":"product_brand-greatest","7":"product_cat-upsell1","8":"product_cat-all-whites","9":"product_cat-extra-strongextra-stark","10":"product_cat-greatest","11":"product_cat-nyheter","13":"first","14":"instock","15":"sale","16":"featured","17":"sold-individually","18":"taxable","19":"shipping-taxable","20":"purchasable","21":"product-type-simple"},"_links":{"self":[{"href":"https:\/\/snus-malmo.se\/sv\/wp-json\/wp\/v2\/product\/67296","targetHints":{"allow":["GET"]}}],"collection":[{"href":"https:\/\/snus-malmo.se\/sv\/wp-json\/wp\/v2\/product"}],"about":[{"href":"https:\/\/snus-malmo.se\/sv\/wp-json\/wp\/v2\/types\/product"}],"replies":[{"embeddable":true,"href":"https:\/\/snus-malmo.se\/sv\/wp-json\/wp\/v2\/comments?post=67296"}],"version-history":[{"count":0,"href":"https:\/\/snus-malmo.se\/sv\/wp-json\/wp\/v2\/product\/67296\/revisions"}],"wp:featuredmedia":[{"embeddable":true,"href":"https:\/\/snus-malmo.se\/sv\/wp-json\/wp\/v2\/media\/67291"}],"wp:attachment":[{"href":"https:\/\/snus-malmo.se\/sv\/wp-json\/wp\/v2\/media?parent=67296"}],"wp:term":[{"taxonomy":"product_brand","embeddable":true,"href":"https:\/\/snus-malmo.se\/sv\/wp-json\/wp\/v2\/product_brand?post=67296"},{"taxonomy":"product_cat","embeddable":true,"href":"https:\/\/snus-malmo.se\/sv\/wp-json\/wp\/v2\/product_cat?post=67296"},{"taxonomy":"product_tag","embeddable":true,"href":"https:\/\/snus-malmo.se\/sv\/wp-json\/wp\/v2\/product_tag?post=67296"}],"curies":[{"name":"wp","href":"https:\/\/api.w.org\/{rel}","templated":true}]}}