{"id":67305,"date":"2025-09-22T09:28:17","date_gmt":"2025-09-22T09:28:17","guid":{"rendered":"https:\/\/snus-malmo.se\/?post_type=product&#038;p=67305"},"modified":"2025-12-19T16:09:42","modified_gmt":"2025-12-19T16:09:42","slug":"greatest-cold-dry-slim-8mg","status":"publish","type":"product","link":"https:\/\/snus-malmo.se\/sv\/produkt\/greatest-cold-dry-slim-8mg\/","title":{"rendered":"Greatest Cold Dry Slim 8mg"},"content":{"rendered":"<h1>Greatest Cold Dry Slim 8mg<\/h1>\n<p data-start=\"279\" data-end=\"574\"><strong data-start=\"279\" data-end=\"309\">Greatest Cold Dry Slim 8mg<\/strong> \u00e4r ett tobaksfritt vitt snus som kombinerar en uppfriskande mintsmak med en balanserad nikotinstyrka. Produkten tillverkas av <strong data-start=\"436\" data-end=\"464\">Premium Pouch Finland Oy<\/strong> och ing\u00e5r i varum\u00e4rket <em data-start=\"488\" data-end=\"498\">Greatest<\/em>, som \u00e4r k\u00e4nt f\u00f6r sitt h\u00f6gkvalitativa vita snus i olika styrkor och smaker.<\/p>\n<p data-start=\"576\" data-end=\"883\">Med en nikotinhalt p\u00e5 <strong data-start=\"598\" data-end=\"608\">8 mg\/g<\/strong> (ca <strong data-start=\"613\" data-end=\"634\">5,6 mg per prilla<\/strong>) \u00e4r <strong data-start=\"639\" data-end=\"669\">Greatest Cold Dry Slim 8mg<\/strong> ett utm\u00e4rkt val f\u00f6r dig som vill ha en tydlig nikotineffekt utan att det blir f\u00f6r starkt. Den torra portionen ger en kontrollerad fris\u00e4ttning av nikotin och smak, vilket g\u00f6r upplevelsen b\u00e5de diskret och l\u00e5ngvarig.<\/p>\n<hr data-start=\"885\" data-end=\"888\" \/>\n<h2 data-start=\"890\" data-end=\"951\"><strong data-start=\"897\" data-end=\"951\">Smakprofil och styrka \u2013 Greatest Cold Dry Slim 8mg<\/strong><\/h2>\n<p data-start=\"953\" data-end=\"1276\"><strong data-start=\"953\" data-end=\"983\">Greatest Cold Dry Slim 8mg<\/strong> bjuder p\u00e5 en sval, fr\u00e4sch smak av mint med inslag av mentol som ger en kylande k\u00e4nsla under l\u00e4ppen. Den medelstarka nikotinstyrkan g\u00f6r att <strong data-start=\"1123\" data-end=\"1153\">Greatest Cold Dry Slim 8mg<\/strong> passar b\u00e5de nya anv\u00e4ndare och dig som f\u00f6redrar ett n\u00e5got mildare alternativ, utan att kompromissa med smak eller kvalitet.<\/p>\n<hr data-start=\"1278\" data-end=\"1281\" \/>\n<h3 data-start=\"1283\" data-end=\"1341\"><strong data-start=\"1290\" data-end=\"1341\">Produktinformation \u2013 Greatest Cold Dry Slim 8mg<\/strong><\/h3>\n<ul data-start=\"1343\" data-end=\"1791\">\n<li data-start=\"1343\" data-end=\"1370\">\n<p data-start=\"1345\" data-end=\"1370\"><strong data-start=\"1345\" data-end=\"1359\">Varum\u00e4rke:<\/strong> Greatest<\/p>\n<\/li>\n<li data-start=\"1371\" data-end=\"1414\">\n<p data-start=\"1373\" data-end=\"1414\"><strong data-start=\"1373\" data-end=\"1388\">Produkttyp:<\/strong> Vitt snus (tobaksfritt)<\/p>\n<\/li>\n<li data-start=\"1415\" data-end=\"1462\">\n<p data-start=\"1417\" data-end=\"1462\"><strong data-start=\"1417\" data-end=\"1433\">Produktnamn:<\/strong> Greatest Cold Dry Slim 8mg<\/p>\n<\/li>\n<li data-start=\"1463\" data-end=\"1481\">\n<p data-start=\"1465\" data-end=\"1481\"><strong data-start=\"1465\" data-end=\"1474\">Smak:<\/strong> Mint<\/p>\n<\/li>\n<li data-start=\"1482\" data-end=\"1532\">\n<p data-start=\"1484\" data-end=\"1532\"><strong data-start=\"1484\" data-end=\"1500\">Nikotinhalt:<\/strong> 8 mg\/g (ca 5,6 mg per prilla)<\/p>\n<\/li>\n<li data-start=\"1533\" data-end=\"1555\">\n<p data-start=\"1535\" data-end=\"1555\"><strong data-start=\"1535\" data-end=\"1546\">Styrka:<\/strong> Medium<\/p>\n<\/li>\n<li data-start=\"1556\" data-end=\"1602\">\n<p data-start=\"1558\" data-end=\"1602\"><strong data-start=\"1558\" data-end=\"1569\">Format:<\/strong> Slim (diskret och smal prilla)<\/p>\n<\/li>\n<li data-start=\"1603\" data-end=\"1631\">\n<p data-start=\"1605\" data-end=\"1631\"><strong data-start=\"1605\" data-end=\"1622\">Portionsvikt:<\/strong> 0,70 g<\/p>\n<\/li>\n<li data-start=\"1632\" data-end=\"1671\">\n<p data-start=\"1634\" data-end=\"1671\"><strong data-start=\"1634\" data-end=\"1663\">Antal portioner per dosa:<\/strong> 20 st<\/p>\n<\/li>\n<li data-start=\"1672\" data-end=\"1704\">\n<p data-start=\"1674\" data-end=\"1704\"><strong data-start=\"1674\" data-end=\"1697\">Totalvikt per dosa:<\/strong> 14 g<\/p>\n<\/li>\n<li data-start=\"1705\" data-end=\"1750\">\n<p data-start=\"1707\" data-end=\"1750\"><strong data-start=\"1707\" data-end=\"1723\">Tillverkare:<\/strong> Premium Pouch Finland Oy<\/p>\n<\/li>\n<li data-start=\"1751\" data-end=\"1791\">\n<p data-start=\"1753\" data-end=\"1791\"><strong data-start=\"1753\" data-end=\"1773\">Lanseringsdatum:<\/strong> [Datum vid behov]<\/p>\n<\/li>\n<\/ul>\n<hr data-start=\"1793\" data-end=\"1796\" \/>\n<h3 data-start=\"1798\" data-end=\"1853\"><strong data-start=\"1805\" data-end=\"1851\">Ingredienser i Greatest Cold Dry Slim 8mg:<\/strong><\/h3>\n<p data-start=\"1854\" data-end=\"2021\">Cellulosa (E460), vatten, glycerol (E422), naturliga aromer, fuktighetsbevarande medel (E1520), nikotin (0,8 %), salt, s\u00f6tningsmedel (E955), citronsyra (E330), mentol.<\/p>\n<hr data-start=\"2023\" data-end=\"2026\" \/>\n<h3 data-start=\"2028\" data-end=\"2081\"><strong data-start=\"2035\" data-end=\"2079\">Varf\u00f6r v\u00e4lja Greatest Cold Dry Slim 8mg?<\/strong><\/h3>\n<p data-start=\"2082\" data-end=\"2385\"><strong data-start=\"2082\" data-end=\"2112\">Greatest Cold Dry Slim 8mg<\/strong> \u00e4r ett sj\u00e4lvklart val f\u00f6r dig som vill ha ett diskret, tobaksfritt snus med uppfriskande smak och m\u00e5ttlig nikotinhalt. Med sin kombination av kvalitet, smak och format erbjuder <strong data-start=\"2290\" data-end=\"2320\">Greatest Cold Dry Slim 8mg<\/strong> en nikotinupplevelse som passar b\u00e5de till vardags och p\u00e5 spr\u00e5ng.<\/p>\n<hr data-start=\"2387\" data-end=\"2390\" \/>\n<h2 data-start=\"2392\" data-end=\"2453\"><strong data-start=\"2397\" data-end=\"2453\">Kort produktbeskrivning \u2013 Greatest Cold Dry Slim 8mg<\/strong><\/h2>\n<p data-start=\"2455\" data-end=\"2752\"><strong data-start=\"2455\" data-end=\"2485\">Greatest Cold Dry Slim 8mg<\/strong> \u00e4r ett vitt, tobaksfritt snus med frisk mintsmak och en medelstark nikotinhalt p\u00e5 <strong data-start=\"2568\" data-end=\"2578\">8 mg\/g<\/strong>. Det smala slim-formatet g\u00f6r att <strong data-start=\"2612\" data-end=\"2642\">Greatest Cold Dry Slim 8mg<\/strong> sitter diskret och bekv\u00e4mt under l\u00e4ppen.<br data-start=\"2683\" data-end=\"2686\" \/><strong data-start=\"2686\" data-end=\"2752\">20 portioner per dosa | Tillverkad av Premium Pouch Finland Oy<\/strong><\/p>\n<p data-start=\"2455\" data-end=\"2752\">\ud83d\udd17 <a class=\"decorated-link\" href=\"https:\/\/www.greatestpouch.com\/\" target=\"_new\" rel=\"noopener\" data-start=\"69\" data-end=\"130\"><strong data-start=\"70\" data-end=\"97\">L\u00e4s mer om Greatest h\u00e4r<\/strong><\/a><\/p>","protected":false},"excerpt":{"rendered":"<h1>Greatest Cold Dry Slim 8mg<\/h1>\n<p data-start=\"128\" data-end=\"450\"><strong data-start=\"118\" data-end=\"148\">Greatest Cold Dry Slim 8mg<\/strong> \u00e4r ett tobaksfritt vitt snus med frisk mintsmak och medelstark nikotinhalt p\u00e5 <strong data-start=\"227\" data-end=\"237\">8 mg\/g<\/strong>. Slim-formatet ger en diskret och fr\u00e4sch upplevelse \u2013 perfekt f\u00f6r dagligt bruk.<\/p>\n<p data-start=\"128\" data-end=\"450\">\ud83d\udd17 <a class=\"decorated-link\" href=\"https:\/\/www.greatestpouch.com\/\" target=\"_new\" rel=\"noopener\" data-start=\"69\" data-end=\"130\"><strong data-start=\"70\" data-end=\"97\">L\u00e4s mer om Greatest h\u00e4r<\/strong><\/a><\/p>","protected":false},"featured_media":67286,"comment_status":"open","ping_status":"closed","template":"","meta":[],"product_brand":[436],"product_cat":[434,136,355,435,143],"product_tag":[],"class_list":{"0":"post-67305","1":"product","2":"type-product","3":"status-publish","4":"has-post-thumbnail","6":"product_brand-greatest","7":"product_cat-upsell1","8":"product_cat-all-whites","9":"product_cat-extra-strongextra-stark","10":"product_cat-greatest","11":"product_cat-nyheter","13":"first","14":"instock","15":"sale","16":"featured","17":"sold-individually","18":"taxable","19":"shipping-taxable","20":"purchasable","21":"product-type-simple"},"_links":{"self":[{"href":"https:\/\/snus-malmo.se\/sv\/wp-json\/wp\/v2\/product\/67305","targetHints":{"allow":["GET"]}}],"collection":[{"href":"https:\/\/snus-malmo.se\/sv\/wp-json\/wp\/v2\/product"}],"about":[{"href":"https:\/\/snus-malmo.se\/sv\/wp-json\/wp\/v2\/types\/product"}],"replies":[{"embeddable":true,"href":"https:\/\/snus-malmo.se\/sv\/wp-json\/wp\/v2\/comments?post=67305"}],"version-history":[{"count":0,"href":"https:\/\/snus-malmo.se\/sv\/wp-json\/wp\/v2\/product\/67305\/revisions"}],"wp:featuredmedia":[{"embeddable":true,"href":"https:\/\/snus-malmo.se\/sv\/wp-json\/wp\/v2\/media\/67286"}],"wp:attachment":[{"href":"https:\/\/snus-malmo.se\/sv\/wp-json\/wp\/v2\/media?parent=67305"}],"wp:term":[{"taxonomy":"product_brand","embeddable":true,"href":"https:\/\/snus-malmo.se\/sv\/wp-json\/wp\/v2\/product_brand?post=67305"},{"taxonomy":"product_cat","embeddable":true,"href":"https:\/\/snus-malmo.se\/sv\/wp-json\/wp\/v2\/product_cat?post=67305"},{"taxonomy":"product_tag","embeddable":true,"href":"https:\/\/snus-malmo.se\/sv\/wp-json\/wp\/v2\/product_tag?post=67305"}],"curies":[{"name":"wp","href":"https:\/\/api.w.org\/{rel}","templated":true}]}}