{"id":67316,"date":"2025-09-22T09:53:26","date_gmt":"2025-09-22T09:53:26","guid":{"rendered":"https:\/\/snus-malmo.se\/?post_type=product&#038;p=67316"},"modified":"2025-11-29T10:37:16","modified_gmt":"2025-11-29T10:37:16","slug":"greatest-cold-dry-xl-2","status":"publish","type":"product","link":"https:\/\/snus-malmo.se\/sv\/produkt\/greatest-cold-dry-xl-2\/","title":{"rendered":"Greatest Cold Dry XL"},"content":{"rendered":"<h1>Greatest Cold Dry XL<\/h1>\n<p data-start=\"223\" data-end=\"517\"><strong data-start=\"223\" data-end=\"247\">Greatest Cold Dry XL<\/strong> \u00e4r ett tobaksfritt vitt snus i extra stort format, som erbjuder en kraftfull och fr\u00e4sch mintsmak. Produkten tillverkas av <strong data-start=\"370\" data-end=\"398\">Premium Pouch Finland Oy<\/strong> under varum\u00e4rket <em data-start=\"416\" data-end=\"426\">Greatest<\/em>, k\u00e4nt f\u00f6r sitt h\u00f6gkvalitativa vita snus med tydliga nikotinniv\u00e5er och uppfriskande smaker.<\/p>\n<p data-start=\"519\" data-end=\"822\">Med sin gener\u00f6sa portionsstorlek ger <strong data-start=\"556\" data-end=\"580\">Greatest Cold Dry XL<\/strong> en l\u00e5ngvarig nikotinupplevelse och fr\u00e4sch k\u00e4nsla under l\u00e4ppen. Snuset \u00e4r extra starkt och passar dig som vill ha en rej\u00e4l nikotinkick i en stor, bekv\u00e4m prilla. Den torra ytan s\u00e4kerst\u00e4ller att smaken och nikotinet fris\u00e4tts j\u00e4mnt och l\u00e5ngsamt.<\/p>\n<hr data-start=\"824\" data-end=\"827\" \/>\n<h2 data-start=\"829\" data-end=\"878\"><strong data-start=\"836\" data-end=\"878\">Smak och styrka i Greatest Cold Dry XL<\/strong><\/h2>\n<p data-start=\"880\" data-end=\"1159\"><strong data-start=\"880\" data-end=\"904\">Greatest Cold Dry XL<\/strong> har en tydlig, kylande mint- och mentolsmak som ger en frisk k\u00e4nsla. Den extra stora portionen och den h\u00f6ga nikotinstyrkan g\u00f6r att <strong data-start=\"1036\" data-end=\"1060\">Greatest Cold Dry XL<\/strong> l\u00e4mpar sig s\u00e4rskilt v\u00e4l f\u00f6r erfarna anv\u00e4ndare som vill ha maximal effekt och smak i varje portion.<\/p>\n<hr data-start=\"1161\" data-end=\"1164\" \/>\n<h3 data-start=\"1166\" data-end=\"1218\"><strong data-start=\"1173\" data-end=\"1218\">Produktinformation \u2013 Greatest Cold Dry XL<\/strong><\/h3>\n<ul data-start=\"1220\" data-end=\"1617\">\n<li data-start=\"1220\" data-end=\"1247\">\n<p data-start=\"1222\" data-end=\"1247\"><strong data-start=\"1222\" data-end=\"1236\">Varum\u00e4rke:<\/strong> Greatest<\/p>\n<\/li>\n<li data-start=\"1248\" data-end=\"1291\">\n<p data-start=\"1250\" data-end=\"1291\"><strong data-start=\"1250\" data-end=\"1265\">Produkttyp:<\/strong> Vitt snus (tobaksfritt)<\/p>\n<\/li>\n<li data-start=\"1292\" data-end=\"1333\">\n<p data-start=\"1294\" data-end=\"1333\"><strong data-start=\"1294\" data-end=\"1310\">Produktnamn:<\/strong> Greatest Cold Dry XL<\/p>\n<\/li>\n<li data-start=\"1334\" data-end=\"1360\">\n<p data-start=\"1336\" data-end=\"1360\"><strong data-start=\"1336\" data-end=\"1345\">Smak:<\/strong> Mint, mentol<\/p>\n<\/li>\n<li data-start=\"1361\" data-end=\"1388\">\n<p data-start=\"1363\" data-end=\"1388\"><strong data-start=\"1363\" data-end=\"1374\">Styrka:<\/strong> Extra stark<\/p>\n<\/li>\n<li data-start=\"1389\" data-end=\"1428\">\n<p data-start=\"1391\" data-end=\"1428\"><strong data-start=\"1391\" data-end=\"1402\">Format:<\/strong> XL (extra stor portion)<\/p>\n<\/li>\n<li data-start=\"1429\" data-end=\"1492\">\n<p data-start=\"1431\" data-end=\"1492\"><strong data-start=\"1431\" data-end=\"1447\">Nikotinhalt:<\/strong> H\u00f6g (exakt mg\/g kan anges om tillg\u00e4ngligt)<\/p>\n<\/li>\n<li data-start=\"1493\" data-end=\"1530\">\n<p data-start=\"1495\" data-end=\"1530\"><strong data-start=\"1495\" data-end=\"1522\">Antal prillor per dosa:<\/strong> 20 st<\/p>\n<\/li>\n<li data-start=\"1531\" data-end=\"1576\">\n<p data-start=\"1533\" data-end=\"1576\"><strong data-start=\"1533\" data-end=\"1549\">Tillverkare:<\/strong> Premium Pouch Finland Oy<\/p>\n<\/li>\n<li data-start=\"1577\" data-end=\"1617\">\n<p data-start=\"1579\" data-end=\"1617\"><strong data-start=\"1579\" data-end=\"1599\">Lanseringsdatum:<\/strong> [Datum vid behov]<\/p>\n<\/li>\n<\/ul>\n<hr data-start=\"1619\" data-end=\"1622\" \/>\n<h3 data-start=\"1624\" data-end=\"1673\"><strong data-start=\"1631\" data-end=\"1671\">Ingredienser i Greatest Cold Dry XL:<\/strong><\/h3>\n<p data-start=\"1674\" data-end=\"1833\">Cellulosa (E460), vatten, glycerol (E422), naturliga aromer, fuktighetsbevarande medel (E1520), nikotin, salt, s\u00f6tningsmedel (E955), citronsyra (E330), mentol.<\/p>\n<hr data-start=\"1835\" data-end=\"1838\" \/>\n<h3 data-start=\"1840\" data-end=\"1887\"><strong data-start=\"1847\" data-end=\"1885\">Varf\u00f6r v\u00e4lja Greatest Cold Dry XL?<\/strong><\/h3>\n<p data-start=\"1888\" data-end=\"2095\">Med sin extra stora portionsstorlek och starka mintsmak \u00e4r <strong data-start=\"1947\" data-end=\"1971\">Greatest Cold Dry XL<\/strong> ett utm\u00e4rkt val f\u00f6r dig som vill ha en kraftfull, l\u00e5ngvarig och uppfriskande nikotinupplevelse i ett tobaksfritt vitt snus.<\/p>\n<p data-start=\"1888\" data-end=\"2095\">\ud83d\udd17 <a class=\"decorated-link\" href=\"https:\/\/www.greatestpouch.com\/\" target=\"_new\" rel=\"noopener\" data-start=\"69\" data-end=\"130\"><strong data-start=\"70\" data-end=\"97\">L\u00e4s mer om Greatest h\u00e4r<\/strong><\/a><\/p>","protected":false},"excerpt":{"rendered":"<h1>Greatest Cold Dry XL<\/h1>\n<p><strong data-start=\"2159\" data-end=\"2183\">Greatest Cold Dry XL<\/strong> \u00e4r ett extra stort vitt snus med frisk mint- och mentolsmak och extra stark nikotinhalt. Den stora portionen ger en l\u00e5ngvarig och kraftfull nikotinupplevelse, perfekt f\u00f6r dig som vill ha maximal smak och styrka.<br data-start=\"2395\" data-end=\"2398\" \/><strong data-start=\"2398\" data-end=\"2464\">20 portioner per dosa | Tillverkad av Premium Pouch Finland Oy<\/strong><\/p>\n<p>\ud83d\udd17 <a class=\"decorated-link\" href=\"https:\/\/www.greatestpouch.com\/\" target=\"_new\" rel=\"noopener\" data-start=\"69\" data-end=\"130\"><strong data-start=\"70\" data-end=\"97\">L\u00e4s mer om Greatest h\u00e4r<\/strong><\/a><\/p>","protected":false},"featured_media":67289,"comment_status":"open","ping_status":"closed","template":"","meta":[],"product_brand":[436],"product_cat":[136,355,435,143],"product_tag":[],"class_list":{"0":"post-67316","1":"product","2":"type-product","3":"status-publish","4":"has-post-thumbnail","6":"product_brand-greatest","7":"product_cat-all-whites","8":"product_cat-extra-strongextra-stark","9":"product_cat-greatest","10":"product_cat-nyheter","12":"first","13":"instock","14":"sold-individually","15":"taxable","16":"shipping-taxable","17":"purchasable","18":"product-type-variable"},"_links":{"self":[{"href":"https:\/\/snus-malmo.se\/sv\/wp-json\/wp\/v2\/product\/67316","targetHints":{"allow":["GET"]}}],"collection":[{"href":"https:\/\/snus-malmo.se\/sv\/wp-json\/wp\/v2\/product"}],"about":[{"href":"https:\/\/snus-malmo.se\/sv\/wp-json\/wp\/v2\/types\/product"}],"replies":[{"embeddable":true,"href":"https:\/\/snus-malmo.se\/sv\/wp-json\/wp\/v2\/comments?post=67316"}],"version-history":[{"count":0,"href":"https:\/\/snus-malmo.se\/sv\/wp-json\/wp\/v2\/product\/67316\/revisions"}],"wp:featuredmedia":[{"embeddable":true,"href":"https:\/\/snus-malmo.se\/sv\/wp-json\/wp\/v2\/media\/67289"}],"wp:attachment":[{"href":"https:\/\/snus-malmo.se\/sv\/wp-json\/wp\/v2\/media?parent=67316"}],"wp:term":[{"taxonomy":"product_brand","embeddable":true,"href":"https:\/\/snus-malmo.se\/sv\/wp-json\/wp\/v2\/product_brand?post=67316"},{"taxonomy":"product_cat","embeddable":true,"href":"https:\/\/snus-malmo.se\/sv\/wp-json\/wp\/v2\/product_cat?post=67316"},{"taxonomy":"product_tag","embeddable":true,"href":"https:\/\/snus-malmo.se\/sv\/wp-json\/wp\/v2\/product_tag?post=67316"}],"curies":[{"name":"wp","href":"https:\/\/api.w.org\/{rel}","templated":true}]}}