{"id":67447,"date":"2025-09-28T20:32:01","date_gmt":"2025-09-28T20:32:01","guid":{"rendered":"https:\/\/snus-malmo.se\/?post_type=product&#038;p=67447"},"modified":"2025-11-24T20:30:59","modified_gmt":"2025-11-24T20:30:59","slug":"velo-shift-hot-dragonfruit","status":"publish","type":"product","link":"https:\/\/snus-malmo.se\/sv\/produkt\/velo-shift-hot-dragonfruit\/","title":{"rendered":"VELO Shift Hot Dragonfruit"},"content":{"rendered":"<h1>VELO Shift Hot Dragonfruit<\/h1>\n<p data-start=\"685\" data-end=\"1073\">Upplev en intensiv och fruktig snusupplevelse med <a href=\"https:\/\/www.velo.com\/se\/sv\/velo-shift-produkter\/produkt\/hot-dragon-fruit\" target=\"_blank\" rel=\"noopener\"><strong data-start=\"735\" data-end=\"765\">VELO Shift Hot Dragonfruit<\/strong><\/a>, ett starkt vitt snus fr\u00e5n det svenska varum\u00e4rket VELO. Produkten \u00e4r tillverkad av BAT och kombinerar en s\u00f6t och frisk smak av exotisk drakfrukt med en kryddig underton som ger en extra dimension till smaken. Resultatet \u00e4r en modern och smakrik nikotinportion f\u00f6r dig som vill ha n\u00e5got ut\u00f6ver det vanliga.<\/p>\n<h2 data-start=\"1075\" data-end=\"1096\">Smak och styrka<\/h2>\n<p data-start=\"1097\" data-end=\"1438\">VELO Shift Hot Dragonfruit tillh\u00f6r kategorin vitt snus och \u00e4r helt fritt fr\u00e5n tobak men inneh\u00e5ller nikotin. Varje portion inneh\u00e5ller <strong data-start=\"1230\" data-end=\"1246\">8 mg nikotin<\/strong>, motsvarande en styrka p\u00e5 <strong data-start=\"1273\" data-end=\"1286\">11,4 mg\/g<\/strong>, vilket placerar snuset i kategorin <em data-start=\"1323\" data-end=\"1331\">starkt<\/em>. Smaken av fruktig drakfrukt kombinerat med subtil krydda ger en balanserad och uppfriskande upplevelse.<\/p>\n<h2 data-start=\"1440\" data-end=\"1460\">Portionsformat<\/h2>\n<p data-start=\"1461\" data-end=\"1700\">Snuset levereras i <strong data-start=\"1480\" data-end=\"1495\">slim-format<\/strong>, vilket inneb\u00e4r att portionerna \u00e4r smalare \u00e4n standard och sitter diskret och bekv\u00e4mt under l\u00e4ppen. Med rundade kanter p\u00e5 portionerna f\u00e5r du en mjuk passform och en j\u00e4mn fris\u00e4ttning av smak och nikotin.<\/p>\n<h2 data-start=\"1702\" data-end=\"1730\">Design och f\u00f6rpackning<\/h2>\n<p data-start=\"1731\" data-end=\"2001\">En av de unika detaljerna med VELO Shift Hot Dragonfruit \u00e4r dess moderna <strong data-start=\"1804\" data-end=\"1827\">hexagonformade dosa<\/strong>. Den inneh\u00e5ller <strong data-start=\"1844\" data-end=\"1860\">20 portioner<\/strong> med en totalvikt p\u00e5 14 gram. Dosan \u00e4r l\u00e4tt att b\u00e4ra med sig och har en stilren design som g\u00f6r den b\u00e5de praktisk och estetiskt tilltalande.<\/p>\n<h2 data-start=\"2003\" data-end=\"2027\">Fakta om produkten<\/h2>\n<ul data-start=\"2028\" data-end=\"2351\">\n<li data-start=\"2028\" data-end=\"2051\">\n<p data-start=\"2030\" data-end=\"2051\"><strong data-start=\"2030\" data-end=\"2044\">Varum\u00e4rke:<\/strong> VELO<\/p>\n<\/li>\n<li data-start=\"2052\" data-end=\"2081\">\n<p data-start=\"2054\" data-end=\"2081\"><strong data-start=\"2054\" data-end=\"2069\">Produkttyp:<\/strong> Vitt snus<\/p>\n<\/li>\n<li data-start=\"2082\" data-end=\"2127\">\n<p data-start=\"2084\" data-end=\"2127\"><strong data-start=\"2084\" data-end=\"2100\">Smaksegment:<\/strong> Drakfrukt, krydda, frukt<\/p>\n<\/li>\n<li data-start=\"2128\" data-end=\"2182\">\n<p data-start=\"2130\" data-end=\"2182\"><strong data-start=\"2130\" data-end=\"2148\">Nikotinstyrka:<\/strong> Stark (11,4 mg\/g, 8 mg\/portion)<\/p>\n<\/li>\n<li data-start=\"2183\" data-end=\"2203\">\n<p data-start=\"2185\" data-end=\"2203\"><strong data-start=\"2185\" data-end=\"2196\">Format:<\/strong> Slim<\/p>\n<\/li>\n<li data-start=\"2204\" data-end=\"2243\">\n<p data-start=\"2206\" data-end=\"2243\"><strong data-start=\"2206\" data-end=\"2235\">Antal portioner per dosa:<\/strong> 20 st<\/p>\n<\/li>\n<li data-start=\"2244\" data-end=\"2288\">\n<p data-start=\"2246\" data-end=\"2288\"><strong data-start=\"2246\" data-end=\"2259\">Inneh\u00e5ll:<\/strong> 14 g totalt, 0,7 g\/portion<\/p>\n<\/li>\n<li data-start=\"2289\" data-end=\"2311\">\n<p data-start=\"2291\" data-end=\"2311\"><strong data-start=\"2291\" data-end=\"2305\">Producent:<\/strong> BAT<\/p>\n<\/li>\n<li data-start=\"2312\" data-end=\"2351\">\n<p data-start=\"2314\" data-end=\"2351\"><strong data-start=\"2314\" data-end=\"2334\">Lanseringsdatum:<\/strong> September 2025<\/p>\n<\/li>\n<\/ul>\n<h3 data-start=\"2353\" data-end=\"2366\">Om VELO<\/h3>\n<p data-start=\"2367\" data-end=\"2704\">VELO \u00e4r ett popul\u00e4rt varum\u00e4rke f\u00f6r vitt snus som lanserades 2022 och produceras av BAT. Sortimentet best\u00e5r av flera olika smaker och styrkor \u2013 alla baserade p\u00e5 v\u00e4xtfibrer ist\u00e4llet f\u00f6r tobak. VELO \u00e4r idag en av de mest efterfr\u00e5gade produkterna inom vitt snus i Sverige och Europa, tack vare sin innovation, kvalitet och breda smakutbud.<\/p>\n<p data-start=\"2367\" data-end=\"2704\"><a class=\"decorated-link\" href=\"https:\/\/snus-malmo.se\/sv\/velo-shift\/\" target=\"_new\" rel=\"noopener\" data-start=\"55\" data-end=\"112\">VELO Shift hos Veloop.se<\/a><\/p>\n<p data-start=\"2367\" data-end=\"2704\"><a class=\"decorated-link\" href=\"https:\/\/www.velo.com\/se\/sv\/velo-shift-produkter\" target=\"_new\" rel=\"noopener\" data-start=\"39\" data-end=\"123\" data-is-last-node=\"\">VELO Shift \u2013 VELO officiella sida<\/a><\/p>","protected":false},"excerpt":{"rendered":"<h1>VELO Shift Hot Dragonfruit<\/h1>\n<p>VELO Shift Hot Dragonfruit \u00e4r ett vitt snus i slim-format med smak av exotisk drakfrukt och en hint av krydda. Med en nikotinstyrka p\u00e5 8 mg\/portion (11,4 mg\/g) ger det en stark upplevelse utan tobak. Portionerna \u00e4r tunna, diskreta och levereras i en unik hexagonformad dosa med 20 prillor. Perfekt f\u00f6r dig som s\u00f6ker ett fruktigt, starkt och modernt vitt snus fr\u00e5n VELO.<\/p>\n<p><a class=\"decorated-link\" href=\"https:\/\/snus-malmo.se\/sv\/velo-shift\/\" target=\"_new\" rel=\"noopener\" data-start=\"55\" data-end=\"112\">VELO Shift hos Veloop.se<\/a><\/p>\n<p><a class=\"decorated-link\" href=\"https:\/\/www.velo.com\/se\/sv\/velo-shift-produkter\" target=\"_new\" rel=\"noopener\" data-start=\"39\" data-end=\"123\" data-is-last-node=\"\">VELO Shift \u2013 VELO officiella sida<\/a><\/p>","protected":false},"featured_media":67452,"comment_status":"open","ping_status":"closed","template":"","meta":[],"product_brand":[326],"product_cat":[136,137,438,255,437],"product_tag":[],"class_list":{"0":"post-67447","1":"product","2":"type-product","3":"status-publish","4":"has-post-thumbnail","6":"product_brand-velo","7":"product_cat-all-whites","8":"product_cat-slim","9":"product_cat-term","10":"product_cat-velo","11":"product_cat-velo-shift","13":"first","14":"instock","15":"taxable","16":"shipping-taxable","17":"purchasable","18":"product-type-variable"},"_links":{"self":[{"href":"https:\/\/snus-malmo.se\/sv\/wp-json\/wp\/v2\/product\/67447","targetHints":{"allow":["GET"]}}],"collection":[{"href":"https:\/\/snus-malmo.se\/sv\/wp-json\/wp\/v2\/product"}],"about":[{"href":"https:\/\/snus-malmo.se\/sv\/wp-json\/wp\/v2\/types\/product"}],"replies":[{"embeddable":true,"href":"https:\/\/snus-malmo.se\/sv\/wp-json\/wp\/v2\/comments?post=67447"}],"version-history":[{"count":0,"href":"https:\/\/snus-malmo.se\/sv\/wp-json\/wp\/v2\/product\/67447\/revisions"}],"wp:featuredmedia":[{"embeddable":true,"href":"https:\/\/snus-malmo.se\/sv\/wp-json\/wp\/v2\/media\/67452"}],"wp:attachment":[{"href":"https:\/\/snus-malmo.se\/sv\/wp-json\/wp\/v2\/media?parent=67447"}],"wp:term":[{"taxonomy":"product_brand","embeddable":true,"href":"https:\/\/snus-malmo.se\/sv\/wp-json\/wp\/v2\/product_brand?post=67447"},{"taxonomy":"product_cat","embeddable":true,"href":"https:\/\/snus-malmo.se\/sv\/wp-json\/wp\/v2\/product_cat?post=67447"},{"taxonomy":"product_tag","embeddable":true,"href":"https:\/\/snus-malmo.se\/sv\/wp-json\/wp\/v2\/product_tag?post=67447"}],"curies":[{"name":"wp","href":"https:\/\/api.w.org\/{rel}","templated":true}]}}