{"id":67856,"date":"2025-10-05T17:40:00","date_gmt":"2025-10-05T17:40:00","guid":{"rendered":"https:\/\/snus-malmo.se\/?post_type=product&#038;p=67856"},"modified":"2025-11-22T09:38:24","modified_gmt":"2025-11-22T09:38:24","slug":"x-15-portion-enbar-snussats-2","status":"publish","type":"product","link":"https:\/\/snus-malmo.se\/sv\/produkt\/x-15-portion-enbar-snussats-2\/","title":{"rendered":"X-15 Portion Enb\u00e4r Snussats"},"content":{"rendered":"<h1>X-15 Portion Enb\u00e4r Snussats<\/h1>\n<article class=\"product-text\">X-15 Enb\u00e4r Portion \u00e4r ett portionssnus med h\u00f6gkvalitativ tobak med smak av enb\u00e4r. Tobaken \u00e4r milj\u00f6v\u00e4nligt odlad och smaksatt med \u00e4kta enb\u00e4rextrakt. X-15 Snussats \u00e4r ett portionssnus f\u00f6r dig som vill g\u00f6ra ditt eget portionssnus.<\/article>\n<div class=\"buy-pane\">\n<div class=\"tab-content buy-tabs-content\">\n<div id=\"buy\" class=\"tab-pane active\">\n<div>\n<div><\/div>\n<div>\n<p><strong>Beredning<\/strong>:<\/p>\n<p>F\u00f6r normalt portionssnus:<\/p>\n<ul>\n<li>M\u00e4t upp 1,3dl vatten, tills\u00e4tt vattnet \u00f6ver snuset.<\/li>\n<li>F\u00f6rdela vattnet med portionerna och f\u00f6rslut p\u00e5sen.<\/li>\n<li>L\u00e5t sedan snuset vila i rumstemperatur under ett dygn, snuset \u00e4r sedan f\u00e4rdigt.<\/li>\n<\/ul>\n<p>Vill du smaks\u00e4tta ditt snus? Byt ut lika mycket vatten som smakessens.<\/p>\n<p>F\u00f6rvaringstips: Om produkten inte \u00e4r tillagad och p\u00e5sen inuti \u00e4r f\u00f6rsluten s\u00e5 kan produkten f\u00f6rvaras l\u00e4nge i kylsk\u00e5p eller i rumstemperatur. Efter tillredning s\u00e5 b\u00f6r snuset f\u00f6rvaras i kyl och h\u00e5ller lika l\u00e4nge som vanligt portionssnus.<\/p>\n<p><strong>Inneh\u00e5ll<\/strong>:\u00a0 tobak, vatten, salt 3%, surhetsreglerande medel (E 500), smakf\u00f6rst\u00e4rkare (koksalt), naturliga aromer.<\/p>\n<table class=\"product-specs\">\n<thead>\n<tr>\n<th>Fakta om produkten<\/th>\n<th class=\"text-right\"><\/th>\n<\/tr>\n<\/thead>\n<tbody>\n<tr>\n<td class=\"spec-key\">Varum\u00e4rke<\/td>\n<td class=\"spec-value text-right\">X-15 Snus<\/td>\n<\/tr>\n<tr>\n<td class=\"spec-key\">Produkttyp<\/td>\n<td class=\"spec -value text-right\">snussats portion<\/td>\n<\/tr>\n<tr>\n<td class=\"spec-key\">Nikotinstyrka<\/td>\n<td class=\"spec -value text-right\">normal<\/td>\n<\/tr>\n<tr>\n<td class=\"spec-key\">Producent<\/td>\n<td class=\"spec-value text-right\">X-15<\/td>\n<\/tr>\n<\/tbody>\n<\/table>\n<\/div>\n<\/div>\n<\/div>\n<\/div>\n<\/div>","protected":false},"excerpt":{"rendered":"<h1>X-15 Portion Enb\u00e4r Snussats<\/h1>\n<article class=\"product-text\">X-15 Enb\u00e4r Portion \u00e4r ett portionssnus med h\u00f6gkvalitativ tobak med smak av enb\u00e4r. Tobaken \u00e4r milj\u00f6v\u00e4nligt odlad och smaksatt med \u00e4kta enb\u00e4rextrakt. X-15 Snussats \u00e4r ett portionssnus f\u00f6r dig som vill g\u00f6ra ditt eget portionssnus.<\/article>\n<div class=\"buy-pane\">\n<div class=\"tab-content buy-tabs-content\">\n<div id=\"buy\" class=\"tab-pane active\">\n<div>\n<div><\/div>\n<div>\n<p><strong>Beredning<\/strong>:<\/p>\n<p>F\u00f6r normalt portionssnus:<\/p>\n<ul>\n<li>M\u00e4t upp 1,3dl vatten, tills\u00e4tt vattnet \u00f6ver snuset.<\/li>\n<li>F\u00f6rdela vattnet med portionerna och f\u00f6rslut p\u00e5sen.<\/li>\n<li>L\u00e5t sedan snuset vila i rumstemperatur under ett dygn, snuset \u00e4r sedan f\u00e4rdigt.<\/li>\n<\/ul>\n<\/div>\n<\/div>\n<\/div>\n<\/div>\n<\/div>","protected":false},"featured_media":67862,"comment_status":"open","ping_status":"closed","template":"","meta":[],"product_brand":[430],"product_cat":[138],"product_tag":[],"class_list":{"0":"post-67856","1":"product","2":"type-product","3":"status-publish","4":"has-post-thumbnail","6":"product_brand-x-15","7":"product_cat-snussatser-portion","9":"first","10":"instock","11":"taxable","12":"shipping-taxable","13":"purchasable","14":"product-type-variable"},"_links":{"self":[{"href":"https:\/\/snus-malmo.se\/sv\/wp-json\/wp\/v2\/product\/67856","targetHints":{"allow":["GET"]}}],"collection":[{"href":"https:\/\/snus-malmo.se\/sv\/wp-json\/wp\/v2\/product"}],"about":[{"href":"https:\/\/snus-malmo.se\/sv\/wp-json\/wp\/v2\/types\/product"}],"replies":[{"embeddable":true,"href":"https:\/\/snus-malmo.se\/sv\/wp-json\/wp\/v2\/comments?post=67856"}],"version-history":[{"count":0,"href":"https:\/\/snus-malmo.se\/sv\/wp-json\/wp\/v2\/product\/67856\/revisions"}],"wp:featuredmedia":[{"embeddable":true,"href":"https:\/\/snus-malmo.se\/sv\/wp-json\/wp\/v2\/media\/67862"}],"wp:attachment":[{"href":"https:\/\/snus-malmo.se\/sv\/wp-json\/wp\/v2\/media?parent=67856"}],"wp:term":[{"taxonomy":"product_brand","embeddable":true,"href":"https:\/\/snus-malmo.se\/sv\/wp-json\/wp\/v2\/product_brand?post=67856"},{"taxonomy":"product_cat","embeddable":true,"href":"https:\/\/snus-malmo.se\/sv\/wp-json\/wp\/v2\/product_cat?post=67856"},{"taxonomy":"product_tag","embeddable":true,"href":"https:\/\/snus-malmo.se\/sv\/wp-json\/wp\/v2\/product_tag?post=67856"}],"curies":[{"name":"wp","href":"https:\/\/api.w.org\/{rel}","templated":true}]}}