{"id":67877,"date":"2025-10-05T17:49:48","date_gmt":"2025-10-05T17:49:48","guid":{"rendered":"https:\/\/snus-malmo.se\/?post_type=product&#038;p=67877"},"modified":"2025-11-22T09:38:19","modified_gmt":"2025-11-22T09:38:19","slug":"x-15-premium-original-portionssnus","status":"publish","type":"product","link":"https:\/\/snus-malmo.se\/sv\/produkt\/x-15-premium-original-portionssnus\/","title":{"rendered":"X-15 Premium Original Portionssnus"},"content":{"rendered":"<h1 data-start=\"291\" data-end=\"667\">X-15 Premium Original Portionssnus<\/h1>\n<p data-start=\"291\" data-end=\"667\"><strong data-start=\"291\" data-end=\"316\">X-15 Premium Original<\/strong> \u00e4r ett portionssnus av h\u00f6g kvalitet, tillverkat av noggrant utvald tobak med en klassisk och balanserad tobakssmak. Tobaken \u00e4r milj\u00f6v\u00e4nligt odlad och smaksatt med naturliga aromer f\u00f6r en autentisk snusupplevelse. X-15 \u00e4r ett snussatskoncept som g\u00f6r det enkelt f\u00f6r dig att tillreda ditt eget portionssnus \u2013 utan att kompromissa p\u00e5 smak eller kvalitet.<\/p>\n<hr data-start=\"669\" data-end=\"672\" \/>\n<h3 data-start=\"674\" data-end=\"737\"><strong data-start=\"678\" data-end=\"737\">S\u00e5 h\u00e4r tillreder du X-15 Premium Original Portionssnus:<\/strong><\/h3>\n<p data-start=\"739\" data-end=\"768\"><strong data-start=\"739\" data-end=\"768\">F\u00f6r normalt portionssnus:<\/strong><\/p>\n<ol data-start=\"770\" data-end=\"1035\">\n<li data-start=\"770\" data-end=\"801\">\n<p data-start=\"773\" data-end=\"801\">M\u00e4t upp <strong data-start=\"781\" data-end=\"798\">1,3 dl vatten<\/strong>.<\/p>\n<\/li>\n<li data-start=\"802\" data-end=\"846\">\n<p data-start=\"805\" data-end=\"846\">H\u00e4ll vattnet j\u00e4mnt \u00f6ver portionssnuset.<\/p>\n<\/li>\n<li data-start=\"847\" data-end=\"915\">\n<p data-start=\"850\" data-end=\"915\">F\u00f6rdela v\u00e4tskan genom att f\u00f6rsiktigt skaka eller massera p\u00e5sen.<\/p>\n<\/li>\n<li data-start=\"916\" data-end=\"1035\">\n<p data-start=\"919\" data-end=\"1035\">F\u00f6rslut p\u00e5sen noggrant och l\u00e5t vila i <strong data-start=\"957\" data-end=\"987\">rumstemperatur i 24 timmar<\/strong>.<br data-start=\"988\" data-end=\"991\" \/>Efter det \u00e4r ditt snus redo att anv\u00e4ndas.<\/p>\n<\/li>\n<\/ol>\n<p data-start=\"1037\" data-end=\"1134\"><strong data-start=\"1037\" data-end=\"1072\">Vill du smaks\u00e4tta snuset sj\u00e4lv?<\/strong><br data-start=\"1072\" data-end=\"1075\" \/>Byt ut \u00f6nskad m\u00e4ngd vatten mot en smakessens i samma volym.<\/p>\n<hr data-start=\"1136\" data-end=\"1139\" \/>\n<h3 data-start=\"1141\" data-end=\"1164\"><strong data-start=\"1145\" data-end=\"1164\">F\u00f6rvaringstips:<\/strong><\/h3>\n<ul data-start=\"1166\" data-end=\"1369\">\n<li data-start=\"1166\" data-end=\"1274\">\n<p data-start=\"1168\" data-end=\"1274\"><strong data-start=\"1168\" data-end=\"1185\">O\u00f6ppnad p\u00e5se:<\/strong> F\u00f6rvaras svalt, g\u00e4rna i kylsk\u00e5p, men klarar \u00e4ven rumstemperatur under l\u00e4ngre perioder.<\/p>\n<\/li>\n<li data-start=\"1275\" data-end=\"1369\">\n<p data-start=\"1277\" data-end=\"1369\"><strong data-start=\"1277\" data-end=\"1295\">Tillrett snus:<\/strong> F\u00f6rvaras i kylsk\u00e5p och har h\u00e5llbarhet likv\u00e4rdig med vanligt portionssnus.<\/p>\n<\/li>\n<\/ul>\n<hr data-start=\"1371\" data-end=\"1374\" \/>\n<h3 data-start=\"1376\" data-end=\"1395\"><strong data-start=\"1380\" data-end=\"1393\">Inneh\u00e5ll:<\/strong><\/h3>\n<p data-start=\"1396\" data-end=\"1499\">Tobak, vatten, salt (3 %), surhetsreglerande medel (E500), smakf\u00f6rst\u00e4rkare (koksalt), naturliga aromer.<\/p>\n<hr data-start=\"1501\" data-end=\"1504\" \/>\n<h3 data-start=\"1506\" data-end=\"1535\"><strong data-start=\"1510\" data-end=\"1533\">Produktinformation:<\/strong><\/h3>\n<ul data-start=\"1536\" data-end=\"1657\">\n<li data-start=\"1536\" data-end=\"1564\">\n<p data-start=\"1538\" data-end=\"1564\"><strong data-start=\"1538\" data-end=\"1552\">Varum\u00e4rke:<\/strong> X-15 Snus<\/p>\n<\/li>\n<li data-start=\"1565\" data-end=\"1603\">\n<p data-start=\"1567\" data-end=\"1603\"><strong data-start=\"1567\" data-end=\"1582\">Produkttyp:<\/strong> Snussats \u2013 Portion<\/p>\n<\/li>\n<li data-start=\"1604\" data-end=\"1633\">\n<p data-start=\"1606\" data-end=\"1633\"><strong data-start=\"1606\" data-end=\"1624\">Nikotinstyrka:<\/strong> Normal<\/p>\n<\/li>\n<li data-start=\"1634\" data-end=\"1657\">\n<p data-start=\"1636\" data-end=\"1657\"><strong data-start=\"1636\" data-end=\"1650\">Producent:<\/strong> X-15<\/p>\n<\/li>\n<\/ul>","protected":false},"excerpt":{"rendered":"<h1>X-15 Premium Original Portionssnus<\/h1>\n<article class=\"product-text\">\n<p data-start=\"164\" data-end=\"599\">Upplev den rena och traditionella tobakssmaken med <strong data-start=\"215\" data-end=\"240\">X-15 Premium Original<\/strong>, ett portionssnus f\u00f6r dig som vill ha full kontroll p\u00e5 ditt snus \u2013 utan att kompromissa med kvalitet. Med naturliga aromer och milj\u00f6v\u00e4nligt odlad tobak f\u00e5r du en v\u00e4lbalanserad och fyllig smak. Snussatsen \u00e4r enkel att tillreda hemma \u2013 bara tills\u00e4tt vatten, v\u00e4nta 24 timmar och snuset \u00e4r klart. Perfekt f\u00f6r dig som vill ha ett klassiskt snus med premiumk\u00e4nsla.<\/p>\n<p data-start=\"601\" data-end=\"701\">\u2705 Enkel att tillreda<br data-start=\"621\" data-end=\"624\" \/>\u2705 Klassisk tobakssmak<br data-start=\"645\" data-end=\"648\" \/>\u2705 Milj\u00f6v\u00e4nligt odlad tobak<br data-start=\"674\" data-end=\"677\" \/>\u2705 Normal nikotinstyrka<\/p>\n<\/article>\n<div class=\"buy-pane\">\n<div class=\"tab-content buy-tabs-content\">\n<div id=\"buy\" class=\"tab-pane active\">\n<div>\n<div><\/div>\n<div>\n<p><strong>Beredning<\/strong>:<\/p>\n<p>F\u00f6r normalt portionssnus:<\/p>\n<ul>\n<li>M\u00e4t upp 1,3dl vatten, tills\u00e4tt vattnet \u00f6ver snuset.<\/li>\n<li>F\u00f6rdela vattnet med portionerna och f\u00f6rslut p\u00e5sen.<\/li>\n<li>L\u00e5t sedan snuset vila i rumstemperatur under ett dygn, snuset \u00e4r sedan f\u00e4rdigt.<\/li>\n<\/ul>\n<\/div>\n<\/div>\n<\/div>\n<\/div>\n<\/div>","protected":false},"featured_media":67871,"comment_status":"open","ping_status":"closed","template":"","meta":[],"product_brand":[430],"product_cat":[138],"product_tag":[],"class_list":{"0":"post-67877","1":"product","2":"type-product","3":"status-publish","4":"has-post-thumbnail","6":"product_brand-x-15","7":"product_cat-snussatser-portion","9":"first","10":"instock","11":"taxable","12":"shipping-taxable","13":"purchasable","14":"product-type-variable"},"_links":{"self":[{"href":"https:\/\/snus-malmo.se\/sv\/wp-json\/wp\/v2\/product\/67877","targetHints":{"allow":["GET"]}}],"collection":[{"href":"https:\/\/snus-malmo.se\/sv\/wp-json\/wp\/v2\/product"}],"about":[{"href":"https:\/\/snus-malmo.se\/sv\/wp-json\/wp\/v2\/types\/product"}],"replies":[{"embeddable":true,"href":"https:\/\/snus-malmo.se\/sv\/wp-json\/wp\/v2\/comments?post=67877"}],"version-history":[{"count":0,"href":"https:\/\/snus-malmo.se\/sv\/wp-json\/wp\/v2\/product\/67877\/revisions"}],"wp:featuredmedia":[{"embeddable":true,"href":"https:\/\/snus-malmo.se\/sv\/wp-json\/wp\/v2\/media\/67871"}],"wp:attachment":[{"href":"https:\/\/snus-malmo.se\/sv\/wp-json\/wp\/v2\/media?parent=67877"}],"wp:term":[{"taxonomy":"product_brand","embeddable":true,"href":"https:\/\/snus-malmo.se\/sv\/wp-json\/wp\/v2\/product_brand?post=67877"},{"taxonomy":"product_cat","embeddable":true,"href":"https:\/\/snus-malmo.se\/sv\/wp-json\/wp\/v2\/product_cat?post=67877"},{"taxonomy":"product_tag","embeddable":true,"href":"https:\/\/snus-malmo.se\/sv\/wp-json\/wp\/v2\/product_tag?post=67877"}],"curies":[{"name":"wp","href":"https:\/\/api.w.org\/{rel}","templated":true}]}}