{"id":67994,"date":"2025-10-15T21:12:24","date_gmt":"2025-10-15T21:12:24","guid":{"rendered":"https:\/\/snus-malmo.se\/?post_type=product&#038;p=67994"},"modified":"2025-10-15T21:16:15","modified_gmt":"2025-10-15T21:16:15","slug":"elements-ks-slim-box-50-32-leaves","status":"publish","type":"product","link":"https:\/\/snus-malmo.se\/sv\/produkt\/elements-ks-slim-box-50-32-leaves\/","title":{"rendered":"ELEMENTS-KS-SLIM-BOX-50-32 leaves"},"content":{"rendered":"<div class=\"product__description rte quick-add-hidden\">\n<h1 data-start=\"2393\" data-end=\"2489\">ELEMENTS-KS-SLIM-BOX-50-32 leaves<\/h1>\n<h3 data-start=\"728\" data-end=\"822\"><strong data-start=\"732\" data-end=\"822\">ELEMENTS KS SLIM BOX-50 &#8211; 32 LEAVES \u2013 premium King Size Slim-rullpapper i praktisk box<\/strong><\/h3>\n<p data-start=\"824\" data-end=\"1135\">Upplev h\u00f6gsta kvalitet med <strong data-start=\"851\" data-end=\"890\">ELEMENTS KS SLIM BOX-50 &#8211; 32 LEAVES<\/strong>, en praktisk box med <strong data-start=\"912\" data-end=\"956\">50 booklets av King Size Slim-rullpapper<\/strong>. Perfekt f\u00f6r dig som vill ha alltid redo-papper med ultratunn och naturlig k\u00e4nsla. Dessa <strong data-start=\"1046\" data-end=\"1065\">Elements papper<\/strong> erbjuder en <strong data-start=\"1078\" data-end=\"1121\">ren, j\u00e4mn och konsekvent rullupplevelse<\/strong> varje g\u00e5ng.<\/p>\n<p data-start=\"1137\" data-end=\"1397\">Tillverkade av <strong data-start=\"1152\" data-end=\"1181\">100 % naturligt rispapper<\/strong> med <strong data-start=\"1186\" data-end=\"1207\">sockerbaserat lim<\/strong>, brinner pappren l\u00e5ngsamt och j\u00e4mnt utan kemiska tillsatser. Boxen inneh\u00e5ller 50 booklets med <strong data-start=\"1302\" data-end=\"1327\">32 leaves per booklet<\/strong>, vilket g\u00f6r den idealisk f\u00f6r b\u00e5de privat bruk och butiksexponering.<\/p>\n<hr data-start=\"1399\" data-end=\"1402\" \/>\n<h3 data-start=\"1404\" data-end=\"1463\">\ud83c\udf3f <strong data-start=\"1411\" data-end=\"1463\">Varf\u00f6r v\u00e4lja ELEMENTS KS SLIM BOX-50 &#8211; 32 LEAVES<\/strong><\/h3>\n<ul data-start=\"1465\" data-end=\"1790\">\n<li data-start=\"1465\" data-end=\"1540\">\n<p data-start=\"1467\" data-end=\"1540\">\u2705 Ultratunna King Size Slim-rullpapper f\u00f6r j\u00e4mn och l\u00e5ngsam f\u00f6rbr\u00e4nning<\/p>\n<\/li>\n<li data-start=\"1541\" data-end=\"1600\">\n<p data-start=\"1543\" data-end=\"1600\">\u2705 100 % naturligt rispapper och kemikaliefri produktion<\/p>\n<\/li>\n<li data-start=\"1601\" data-end=\"1655\">\n<p data-start=\"1603\" data-end=\"1655\">\u2705 Sockerbaserat lim f\u00f6r ren och askfri f\u00f6rbr\u00e4nning<\/p>\n<\/li>\n<li data-start=\"1656\" data-end=\"1714\">\n<p data-start=\"1658\" data-end=\"1714\">\u2705 Praktisk box med 50 booklets \u2013 alltid redo att rulla<\/p>\n<\/li>\n<li data-start=\"1715\" data-end=\"1790\">\n<p data-start=\"1717\" data-end=\"1790\">\u2705 Perfekt f\u00f6r dig som vill <strong data-start=\"1744\" data-end=\"1770\">k\u00f6pa rullpapper online<\/strong> i premiumkvalitet<\/p>\n<\/li>\n<\/ul>\n<hr data-start=\"1792\" data-end=\"1795\" \/>\n<h3 data-start=\"1797\" data-end=\"1863\">\u2699\ufe0f <strong data-start=\"1804\" data-end=\"1863\">Specifikationer f\u00f6r ELEMENTS KS SLIM BOX-50 &#8211; 32 LEAVES<\/strong><\/h3>\n<div class=\"_tableContainer_1rjym_1\">\n<div class=\"group _tableWrapper_1rjym_13 flex w-fit flex-col-reverse\" tabindex=\"-1\">\n<table class=\"w-fit min-w-(--thread-content-width)\" data-start=\"1865\" data-end=\"2124\">\n<thead data-start=\"1865\" data-end=\"1893\">\n<tr data-start=\"1865\" data-end=\"1893\">\n<th data-start=\"1865\" data-end=\"1876\" data-col-size=\"sm\">Egenskap<\/th>\n<th data-start=\"1876\" data-end=\"1893\" data-col-size=\"sm\">Specifikation<\/th>\n<\/tr>\n<\/thead>\n<tbody data-start=\"1925\" data-end=\"2124\">\n<tr data-start=\"1925\" data-end=\"1945\">\n<td data-start=\"1925\" data-end=\"1931\" data-col-size=\"sm\">Typ<\/td>\n<td data-start=\"1931\" data-end=\"1945\" data-col-size=\"sm\">Rullpapper<\/td>\n<\/tr>\n<tr data-start=\"1946\" data-end=\"1973\">\n<td data-start=\"1946\" data-end=\"1955\" data-col-size=\"sm\">Format<\/td>\n<td data-start=\"1955\" data-end=\"1973\" data-col-size=\"sm\">King Size Slim<\/td>\n<\/tr>\n<tr data-start=\"1974\" data-end=\"2007\">\n<td data-start=\"1974\" data-end=\"2001\" data-col-size=\"sm\">Antal leaves per booklet<\/td>\n<td data-start=\"2001\" data-end=\"2007\" data-col-size=\"sm\">32<\/td>\n<\/tr>\n<tr data-start=\"2008\" data-end=\"2039\">\n<td data-start=\"2008\" data-end=\"2033\" data-col-size=\"sm\">Antal booklets per box<\/td>\n<td data-start=\"2033\" data-end=\"2039\" data-col-size=\"sm\">50<\/td>\n<\/tr>\n<tr data-start=\"2040\" data-end=\"2074\">\n<td data-start=\"2040\" data-end=\"2051\" data-col-size=\"sm\">Material<\/td>\n<td data-start=\"2051\" data-end=\"2074\" data-col-size=\"sm\">Naturligt rispapper<\/td>\n<\/tr>\n<tr data-start=\"2075\" data-end=\"2101\">\n<td data-start=\"2075\" data-end=\"2084\" data-col-size=\"sm\">Limtyp<\/td>\n<td data-start=\"2084\" data-end=\"2101\" data-col-size=\"sm\">Sockerbaserat<\/td>\n<\/tr>\n<tr data-start=\"2102\" data-end=\"2124\">\n<td data-start=\"2102\" data-end=\"2113\" data-col-size=\"sm\">Ursprung<\/td>\n<td data-start=\"2113\" data-end=\"2124\" data-col-size=\"sm\">Spanien<\/td>\n<\/tr>\n<\/tbody>\n<\/table>\n<\/div>\n<\/div>\n<hr data-start=\"2126\" data-end=\"2129\" \/>\n<h3 data-start=\"2131\" data-end=\"2192\">\ud83d\udca8 <strong data-start=\"2138\" data-end=\"2192\">F\u00f6r vem passar ELEMENTS KS SLIM BOX-50 &#8211; 32 LEAVES<\/strong><\/h3>\n<p data-start=\"2194\" data-end=\"2418\">Dessa <strong data-start=\"2200\" data-end=\"2229\">King Size Slim-rullpapper<\/strong> passar b\u00e5de nyb\u00f6rjare och erfarna rullare som vill ha <strong data-start=\"2284\" data-end=\"2323\">premiumkvalitet och enkel hantering<\/strong>. Perfekt f\u00f6r dig som vill kombinera <strong data-start=\"2360\" data-end=\"2397\">funktion, renhet och bekv\u00e4mlighet<\/strong> i en praktisk box.<\/p>\n<hr data-start=\"2420\" data-end=\"2423\" \/>\n<h3 data-start=\"2425\" data-end=\"2489\">\ud83d\uded2 <strong data-start=\"2432\" data-end=\"2489\">K\u00f6p ELEMENTS KS SLIM BOX-50 &#8211; 32 LEAVES hos Veloop.se<\/strong><\/h3>\n<p data-start=\"2491\" data-end=\"2754\">Best\u00e4ll <strong data-start=\"2499\" data-end=\"2538\">ELEMENTS KS SLIM BOX-50 &#8211; 32 LEAVES<\/strong> direkt fr\u00e5n <strong data-start=\"2551\" data-end=\"2612\"><a class=\"decorated-link\" href=\"https:\/\/snus-malmo.se\/sv\/produkt-kategori\/elements\/\" target=\"_new\" rel=\"noopener\" data-start=\"2553\" data-end=\"2610\">Veloop.se<\/a><\/strong> \u2013 Sveriges p\u00e5litliga butik f\u00f6r <strong data-start=\"2644\" data-end=\"2685\">rullpapper, tips och premiumtillbeh\u00f6r<\/strong>.<br data-start=\"2686\" data-end=\"2689\" \/>Snabb leverans, trygg betalning och produkter av h\u00f6gsta kvalitet.<\/p>\n<p data-start=\"2756\" data-end=\"2860\">\ud83d\udc49 <a class=\"decorated-link\" href=\"https:\/\/snus-malmo.se\/sv\/produkt-kategori\/elements\/\" target=\"_new\" rel=\"noopener\" data-start=\"2759\" data-end=\"2860\">K\u00f6p ELEMENTS KS SLIM BOX-50 &#8211; 32 LEAVES hos Veloop.se<\/a><\/p>\n<\/div>\n<p data-start=\"2319\" data-end=\"2414\">","protected":false},"excerpt":{"rendered":"<div class=\"product__description rte quick-add-hidden\">\n<h1 data-start=\"553\" data-end=\"632\">ELEMENTS-KS-SLIM-BOX-50-32 leaves<\/h1>\n<p>Uppt\u00e4ck <strong data-start=\"346\" data-end=\"385\">ELEMENTS KS SLIM BOX-50 &#8211; 32 LEAVES<\/strong> hos <strong data-start=\"390\" data-end=\"403\">Veloop.se<\/strong> \u2013 premium <strong data-start=\"414\" data-end=\"443\">King Size Slim-rullpapper<\/strong> i praktisk box med 50 booklets. Ultratunna, naturliga och kemikaliefria papper f\u00f6r en ren, j\u00e4mn och smakfull rullupplevelse.<br data-start=\"568\" data-end=\"571\" \/>\ud83d\udc49 <a class=\"decorated-link\" href=\"https:\/\/snus-malmo.se\/sv\/produkt-kategori\/elements\/\" target=\"_new\" rel=\"noopener\" data-start=\"574\" data-end=\"670\">K\u00f6p Elements KS Slim Box-50 online hos Veloop.se<\/a><\/div>\n<div class=\"product__description rte quick-add-hidden\">\n<p data-start=\"529\" data-end=\"608\">\n<\/div>\n<p>&nbsp;<\/p>","protected":false},"featured_media":67999,"comment_status":"open","ping_status":"closed","template":"","meta":[],"product_brand":[],"product_cat":[71,198,265,146],"product_tag":[],"class_list":{"0":"post-67994","1":"product","2":"type-product","3":"status-publish","4":"has-post-thumbnail","6":"product_cat-ciggtillbehor","7":"product_cat-elements","8":"product_cat-papper-slim","9":"product_cat-tillbehor","11":"first","12":"instock","13":"taxable","14":"shipping-taxable","15":"product-type-variable"},"_links":{"self":[{"href":"https:\/\/snus-malmo.se\/sv\/wp-json\/wp\/v2\/product\/67994","targetHints":{"allow":["GET"]}}],"collection":[{"href":"https:\/\/snus-malmo.se\/sv\/wp-json\/wp\/v2\/product"}],"about":[{"href":"https:\/\/snus-malmo.se\/sv\/wp-json\/wp\/v2\/types\/product"}],"replies":[{"embeddable":true,"href":"https:\/\/snus-malmo.se\/sv\/wp-json\/wp\/v2\/comments?post=67994"}],"version-history":[{"count":0,"href":"https:\/\/snus-malmo.se\/sv\/wp-json\/wp\/v2\/product\/67994\/revisions"}],"wp:featuredmedia":[{"embeddable":true,"href":"https:\/\/snus-malmo.se\/sv\/wp-json\/wp\/v2\/media\/67999"}],"wp:attachment":[{"href":"https:\/\/snus-malmo.se\/sv\/wp-json\/wp\/v2\/media?parent=67994"}],"wp:term":[{"taxonomy":"product_brand","embeddable":true,"href":"https:\/\/snus-malmo.se\/sv\/wp-json\/wp\/v2\/product_brand?post=67994"},{"taxonomy":"product_cat","embeddable":true,"href":"https:\/\/snus-malmo.se\/sv\/wp-json\/wp\/v2\/product_cat?post=67994"},{"taxonomy":"product_tag","embeddable":true,"href":"https:\/\/snus-malmo.se\/sv\/wp-json\/wp\/v2\/product_tag?post=67994"}],"curies":[{"name":"wp","href":"https:\/\/api.w.org\/{rel}","templated":true}]}}