{"id":68015,"date":"2025-10-15T21:35:07","date_gmt":"2025-10-15T21:35:07","guid":{"rendered":"https:\/\/snus-malmo.se\/?post_type=product&#038;p=68015"},"modified":"2025-10-15T21:41:26","modified_gmt":"2025-10-15T21:41:26","slug":"elements-pink-grinder-aluminium-4-part-large","status":"publish","type":"product","link":"https:\/\/snus-malmo.se\/sv\/produkt\/elements-pink-grinder-aluminium-4-part-large\/","title":{"rendered":"ELEMENTS PINK GRINDER ALUMINIUM 4 PART LARGE"},"content":{"rendered":"<div class=\"product__description rte quick-add-hidden\">\n<h1 data-start=\"2393\" data-end=\"2489\">ELEMENTS PINK GRINDER ALUMINIUM 4 PART LARGE<\/h1>\n<h3 data-start=\"733\" data-end=\"817\"><strong data-start=\"737\" data-end=\"817\">ELEMENTS PINK GRINDER ALUMINIUM 4 PART LARGE \u2013 premium rosa aluminiumgrinder<\/strong><\/h3>\n<p data-start=\"819\" data-end=\"1107\">Upplev maximal funktion med <strong data-start=\"847\" data-end=\"895\">ELEMENTS PINK GRINDER ALUMINIUM 4 PART LARGE<\/strong>, en <strong data-start=\"900\" data-end=\"943\">4-delad aluminiumgrinder i stor storlek<\/strong>. Perfekt f\u00f6r dig som vill mala \u00f6rter snabbt, enkelt och effektivt med stil. Den rosa f\u00e4rgen g\u00f6r att grindern sticker ut samtidigt som den h\u00e5ller h\u00f6gsta kvalitet.<\/p>\n<p data-start=\"1109\" data-end=\"1343\">Tillverkad av <strong data-start=\"1123\" data-end=\"1144\">h\u00e5llbar aluminium<\/strong> med vassa, exakt slipade t\u00e4nder f\u00f6r j\u00e4mn och fin malning. 4-delad design med kammare f\u00f6r malda \u00f6rter och separat uppsamlingsfack f\u00f6r pollen\/keef, vilket g\u00f6r grindern b\u00e5de praktisk och funktionell.<\/p>\n<hr data-start=\"1345\" data-end=\"1348\" \/>\n<h3 data-start=\"1350\" data-end=\"1418\">\ud83c\udf38 <strong data-start=\"1357\" data-end=\"1418\">Varf\u00f6r v\u00e4lja ELEMENTS PINK GRINDER ALUMINIUM 4 PART LARGE<\/strong><\/h3>\n<ul data-start=\"1420\" data-end=\"1715\">\n<li data-start=\"1420\" data-end=\"1490\">\n<p data-start=\"1422\" data-end=\"1490\">\u2705 Stor <strong data-start=\"1429\" data-end=\"1457\">4-delad aluminiumgrinder<\/strong> \u2013 perfekt f\u00f6r effektiv malning<\/p>\n<\/li>\n<li data-start=\"1491\" data-end=\"1542\">\n<p data-start=\"1493\" data-end=\"1542\">\u2705 Robust konstruktion i h\u00f6gkvalitativ aluminium<\/p>\n<\/li>\n<li data-start=\"1543\" data-end=\"1586\">\n<p data-start=\"1545\" data-end=\"1586\">\u2705 Vassa t\u00e4nder f\u00f6r j\u00e4mn och fin malning<\/p>\n<\/li>\n<li data-start=\"1587\" data-end=\"1641\">\n<p data-start=\"1589\" data-end=\"1641\">\u2705 Separata kammare f\u00f6r malda \u00f6rter och pollen\/keef<\/p>\n<\/li>\n<li data-start=\"1642\" data-end=\"1715\">\n<p data-start=\"1644\" data-end=\"1715\">\u2705 Idealisk f\u00f6r dig som vill <strong data-start=\"1672\" data-end=\"1695\">k\u00f6pa grinder online<\/strong> med premiumdesign<\/p>\n<\/li>\n<\/ul>\n<hr data-start=\"1717\" data-end=\"1720\" \/>\n<h3 data-start=\"1722\" data-end=\"1797\">\u2699\ufe0f <strong data-start=\"1729\" data-end=\"1797\">Specifikationer f\u00f6r ELEMENTS PINK GRINDER ALUMINIUM 4 PART LARGE<\/strong><\/h3>\n<div class=\"_tableContainer_1rjym_1\">\n<div class=\"group _tableWrapper_1rjym_13 flex w-fit flex-col-reverse\" tabindex=\"-1\">\n<table class=\"w-fit min-w-(--thread-content-width)\" data-start=\"1799\" data-end=\"2048\">\n<thead data-start=\"1799\" data-end=\"1827\">\n<tr data-start=\"1799\" data-end=\"1827\">\n<th data-start=\"1799\" data-end=\"1810\" data-col-size=\"sm\">Egenskap<\/th>\n<th data-start=\"1810\" data-end=\"1827\" data-col-size=\"sm\">Specifikation<\/th>\n<\/tr>\n<\/thead>\n<tbody data-start=\"1859\" data-end=\"2048\">\n<tr data-start=\"1859\" data-end=\"1887\">\n<td data-start=\"1859\" data-end=\"1865\" data-col-size=\"sm\">Typ<\/td>\n<td data-start=\"1865\" data-end=\"1887\" data-col-size=\"sm\">Grinder \/ \u00f6rtmixer<\/td>\n<\/tr>\n<tr data-start=\"1888\" data-end=\"1912\">\n<td data-start=\"1888\" data-end=\"1899\" data-col-size=\"sm\">Material<\/td>\n<td data-start=\"1899\" data-end=\"1912\" data-col-size=\"sm\">Aluminium<\/td>\n<\/tr>\n<tr data-start=\"1913\" data-end=\"1938\">\n<td data-start=\"1913\" data-end=\"1927\" data-col-size=\"sm\">Antal delar<\/td>\n<td data-start=\"1927\" data-end=\"1938\" data-col-size=\"sm\">4-delad<\/td>\n<\/tr>\n<tr data-start=\"1939\" data-end=\"1958\">\n<td data-start=\"1939\" data-end=\"1949\" data-col-size=\"sm\">Storlek<\/td>\n<td data-start=\"1949\" data-end=\"1958\" data-col-size=\"sm\">Large<\/td>\n<\/tr>\n<tr data-start=\"1959\" data-end=\"1974\">\n<td data-start=\"1959\" data-end=\"1966\" data-col-size=\"sm\">F\u00e4rg<\/td>\n<td data-start=\"1966\" data-end=\"1974\" data-col-size=\"sm\">Rosa<\/td>\n<\/tr>\n<tr data-start=\"1975\" data-end=\"2025\">\n<td data-start=\"1975\" data-end=\"1988\" data-col-size=\"sm\">Funktioner<\/td>\n<td data-start=\"1988\" data-end=\"2025\" data-col-size=\"sm\">Kammare f\u00f6r \u00f6rter och pollen\/keef<\/td>\n<\/tr>\n<tr data-start=\"2026\" data-end=\"2048\">\n<td data-start=\"2026\" data-end=\"2037\" data-col-size=\"sm\">Ursprung<\/td>\n<td data-start=\"2037\" data-end=\"2048\" data-col-size=\"sm\">Spanien<\/td>\n<\/tr>\n<\/tbody>\n<\/table>\n<\/div>\n<\/div>\n<hr data-start=\"2050\" data-end=\"2053\" \/>\n<h3 data-start=\"2055\" data-end=\"2125\">\ud83d\udca8 <strong data-start=\"2062\" data-end=\"2125\">F\u00f6r vem passar ELEMENTS PINK GRINDER ALUMINIUM 4 PART LARGE<\/strong><\/h3>\n<p data-start=\"2127\" data-end=\"2345\">Denna <strong data-start=\"2133\" data-end=\"2176\">rosa 4-delade Elements aluminiumgrinder<\/strong> passar alla som vill ha <strong data-start=\"2201\" data-end=\"2243\">effektiv malning med stil och kvalitet<\/strong>. Perfekt f\u00f6r b\u00e5de nyb\u00f6rjare och vana anv\u00e4ndare som vill kombinera funktion, h\u00e5llbarhet och estetik.<\/p>\n<hr data-start=\"2347\" data-end=\"2350\" \/>\n<h3 data-start=\"2352\" data-end=\"2425\">\ud83d\uded2 <strong data-start=\"2359\" data-end=\"2425\">K\u00f6p ELEMENTS PINK GRINDER ALUMINIUM 4 PART LARGE hos Veloop.se<\/strong><\/h3>\n<p data-start=\"2427\" data-end=\"2703\">Best\u00e4ll <strong data-start=\"2435\" data-end=\"2483\">ELEMENTS PINK GRINDER ALUMINIUM 4 PART LARGE<\/strong> direkt fr\u00e5n <strong data-start=\"2496\" data-end=\"2557\"><a class=\"decorated-link\" href=\"https:\/\/snus-malmo.se\/sv\/produkt-kategori\/elements\/\" target=\"_new\" rel=\"noopener\" data-start=\"2498\" data-end=\"2555\">Veloop.se<\/a><\/strong> \u2013 Sveriges p\u00e5litliga butik f\u00f6r <strong data-start=\"2589\" data-end=\"2634\">grinders, rullpapper och premiumtillbeh\u00f6r<\/strong>.<br data-start=\"2635\" data-end=\"2638\" \/>Snabb leverans, trygg betalning och produkter av h\u00f6gsta kvalitet.<\/p>\n<p data-start=\"2705\" data-end=\"2818\">\ud83d\udc49 <a class=\"decorated-link\" href=\"https:\/\/snus-malmo.se\/sv\/produkt-kategori\/elements\/\" target=\"_new\" rel=\"noopener\" data-start=\"2708\" data-end=\"2818\">K\u00f6p ELEMENTS PINK GRINDER ALUMINIUM 4 PART LARGE hos Veloop.se<\/a><\/p>\n<\/div>\n<p data-start=\"2319\" data-end=\"2414\">","protected":false},"excerpt":{"rendered":"<div class=\"product__description rte quick-add-hidden\">\n<h1 data-start=\"553\" data-end=\"632\">ELEMENTS PINK GRINDER ALUMINIUM 4 PART LARGE<\/h1>\n<p>Uppt\u00e4ck <strong data-start=\"353\" data-end=\"401\">ELEMENTS PINK GRINDER ALUMINIUM 4 PART LARGE<\/strong> hos <strong data-start=\"406\" data-end=\"419\">Veloop.se<\/strong> \u2013 en stilren <strong data-start=\"433\" data-end=\"468\">rosa aluminiumgrinder i 4 delar<\/strong> f\u00f6r effektiv och enkel malning av \u00f6rter. Storlek Large, robust konstruktion och l\u00e5ng h\u00e5llbarhet.<br data-start=\"565\" data-end=\"568\" \/>\ud83d\udc49 <a class=\"decorated-link\" href=\"https:\/\/snus-malmo.se\/sv\/produkt-kategori\/elements\/\" target=\"_new\" rel=\"noopener\" data-start=\"571\" data-end=\"675\">K\u00f6p Elements Pink Aluminium Grinder online hos Veloop.se<\/a><\/p>\n<\/div>\n<p>&nbsp;<\/p>","protected":false},"featured_media":68019,"comment_status":"open","ping_status":"closed","template":"","meta":[],"product_brand":[],"product_cat":[71,198,439,146],"product_tag":[],"class_list":{"0":"post-68015","1":"product","2":"type-product","3":"status-publish","4":"has-post-thumbnail","6":"product_cat-ciggtillbehor","7":"product_cat-elements","8":"product_cat-grinder","9":"product_cat-tillbehor","11":"first","12":"instock","13":"taxable","14":"shipping-taxable","15":"product-type-simple"},"_links":{"self":[{"href":"https:\/\/snus-malmo.se\/sv\/wp-json\/wp\/v2\/product\/68015","targetHints":{"allow":["GET"]}}],"collection":[{"href":"https:\/\/snus-malmo.se\/sv\/wp-json\/wp\/v2\/product"}],"about":[{"href":"https:\/\/snus-malmo.se\/sv\/wp-json\/wp\/v2\/types\/product"}],"replies":[{"embeddable":true,"href":"https:\/\/snus-malmo.se\/sv\/wp-json\/wp\/v2\/comments?post=68015"}],"version-history":[{"count":0,"href":"https:\/\/snus-malmo.se\/sv\/wp-json\/wp\/v2\/product\/68015\/revisions"}],"wp:featuredmedia":[{"embeddable":true,"href":"https:\/\/snus-malmo.se\/sv\/wp-json\/wp\/v2\/media\/68019"}],"wp:attachment":[{"href":"https:\/\/snus-malmo.se\/sv\/wp-json\/wp\/v2\/media?parent=68015"}],"wp:term":[{"taxonomy":"product_brand","embeddable":true,"href":"https:\/\/snus-malmo.se\/sv\/wp-json\/wp\/v2\/product_brand?post=68015"},{"taxonomy":"product_cat","embeddable":true,"href":"https:\/\/snus-malmo.se\/sv\/wp-json\/wp\/v2\/product_cat?post=68015"},{"taxonomy":"product_tag","embeddable":true,"href":"https:\/\/snus-malmo.se\/sv\/wp-json\/wp\/v2\/product_tag?post=68015"}],"curies":[{"name":"wp","href":"https:\/\/api.w.org\/{rel}","templated":true}]}}