{"id":68027,"date":"2025-10-15T21:48:01","date_gmt":"2025-10-15T21:48:01","guid":{"rendered":"https:\/\/snus-malmo.se\/?post_type=product&#038;p=68027"},"modified":"2025-10-15T21:52:24","modified_gmt":"2025-10-15T21:52:24","slug":"elements-red-grinder-aluminium-4-part-large","status":"publish","type":"product","link":"https:\/\/snus-malmo.se\/sv\/produkt\/elements-red-grinder-aluminium-4-part-large\/","title":{"rendered":"ELEMENTS RED GRINDER ALUMINIUM 4 PART LARGE"},"content":{"rendered":"<div class=\"product__description rte quick-add-hidden\">\n<h1 data-start=\"2393\" data-end=\"2489\">ELEMENTS RED GRINDER ALUMINIUM 4 PART LARGE<\/h1>\n<p data-start=\"2705\" data-end=\"2818\">\n<\/div>\n<h3 data-start=\"734\" data-end=\"816\"><strong data-start=\"738\" data-end=\"816\">ELEMENTS RED GRINDER ALUMINIUM 4 PART LARGE \u2013 premium r\u00f6d aluminiumgrinder<\/strong><\/h3>\n<p data-start=\"818\" data-end=\"1114\">Upplev maximal funktion med <strong data-start=\"846\" data-end=\"893\">ELEMENTS RED GRINDER ALUMINIUM 4 PART LARGE<\/strong>, en <strong data-start=\"898\" data-end=\"941\">4-delad aluminiumgrinder i stor storlek<\/strong>. Perfekt f\u00f6r dig som vill mala \u00f6rter snabbt, enkelt och effektivt med stil. Den r\u00f6da f\u00e4rgen g\u00f6r grindern b\u00e5de elegant och synlig samtidigt som kvaliteten \u00e4r h\u00f6gsta klass.<\/p>\n<p data-start=\"1116\" data-end=\"1350\">Tillverkad av <strong data-start=\"1130\" data-end=\"1151\">h\u00e5llbar aluminium<\/strong> med vassa, exakt slipade t\u00e4nder f\u00f6r j\u00e4mn och fin malning. 4-delad design med kammare f\u00f6r malda \u00f6rter och separat uppsamlingsfack f\u00f6r pollen\/keef, vilket g\u00f6r grindern b\u00e5de praktisk och funktionell.<\/p>\n<hr data-start=\"1352\" data-end=\"1355\" \/>\n<h3 data-start=\"1357\" data-end=\"1424\">\u2764\ufe0f <strong data-start=\"1364\" data-end=\"1424\">Varf\u00f6r v\u00e4lja ELEMENTS RED GRINDER ALUMINIUM 4 PART LARGE<\/strong><\/h3>\n<ul data-start=\"1426\" data-end=\"1725\">\n<li data-start=\"1426\" data-end=\"1496\">\n<p data-start=\"1428\" data-end=\"1496\">\u2705 Stor <strong data-start=\"1435\" data-end=\"1463\">4-delad aluminiumgrinder<\/strong> \u2013 perfekt f\u00f6r effektiv malning<\/p>\n<\/li>\n<li data-start=\"1497\" data-end=\"1548\">\n<p data-start=\"1499\" data-end=\"1548\">\u2705 Robust konstruktion i h\u00f6gkvalitativ aluminium<\/p>\n<\/li>\n<li data-start=\"1549\" data-end=\"1592\">\n<p data-start=\"1551\" data-end=\"1592\">\u2705 Vassa t\u00e4nder f\u00f6r j\u00e4mn och fin malning<\/p>\n<\/li>\n<li data-start=\"1593\" data-end=\"1647\">\n<p data-start=\"1595\" data-end=\"1647\">\u2705 Separata kammare f\u00f6r malda \u00f6rter och pollen\/keef<\/p>\n<\/li>\n<li data-start=\"1648\" data-end=\"1725\">\n<p data-start=\"1650\" data-end=\"1725\">\u2705 Idealisk f\u00f6r dig som vill <strong data-start=\"1678\" data-end=\"1705\">k\u00f6pa r\u00f6d grinder online<\/strong> med premiumdesign<\/p>\n<\/li>\n<\/ul>\n<hr data-start=\"1727\" data-end=\"1730\" \/>\n<h3 data-start=\"1732\" data-end=\"1806\">\u2699\ufe0f <strong data-start=\"1739\" data-end=\"1806\">Specifikationer f\u00f6r ELEMENTS RED GRINDER ALUMINIUM 4 PART LARGE<\/strong><\/h3>\n<div class=\"_tableContainer_1rjym_1\">\n<div class=\"group _tableWrapper_1rjym_13 flex w-fit flex-col-reverse\" tabindex=\"-1\">\n<table class=\"w-fit min-w-(--thread-content-width)\" data-start=\"1808\" data-end=\"2056\">\n<thead data-start=\"1808\" data-end=\"1836\">\n<tr data-start=\"1808\" data-end=\"1836\">\n<th data-start=\"1808\" data-end=\"1819\" data-col-size=\"sm\">Egenskap<\/th>\n<th data-start=\"1819\" data-end=\"1836\" data-col-size=\"sm\">Specifikation<\/th>\n<\/tr>\n<\/thead>\n<tbody data-start=\"1868\" data-end=\"2056\">\n<tr data-start=\"1868\" data-end=\"1896\">\n<td data-start=\"1868\" data-end=\"1874\" data-col-size=\"sm\">Typ<\/td>\n<td data-start=\"1874\" data-end=\"1896\" data-col-size=\"sm\">Grinder \/ \u00f6rtmixer<\/td>\n<\/tr>\n<tr data-start=\"1897\" data-end=\"1921\">\n<td data-start=\"1897\" data-end=\"1908\" data-col-size=\"sm\">Material<\/td>\n<td data-start=\"1908\" data-end=\"1921\" data-col-size=\"sm\">Aluminium<\/td>\n<\/tr>\n<tr data-start=\"1922\" data-end=\"1947\">\n<td data-start=\"1922\" data-end=\"1936\" data-col-size=\"sm\">Antal delar<\/td>\n<td data-start=\"1936\" data-end=\"1947\" data-col-size=\"sm\">4-delad<\/td>\n<\/tr>\n<tr data-start=\"1948\" data-end=\"1967\">\n<td data-start=\"1948\" data-end=\"1958\" data-col-size=\"sm\">Storlek<\/td>\n<td data-start=\"1958\" data-end=\"1967\" data-col-size=\"sm\">Large<\/td>\n<\/tr>\n<tr data-start=\"1968\" data-end=\"1982\">\n<td data-start=\"1968\" data-end=\"1975\" data-col-size=\"sm\">F\u00e4rg<\/td>\n<td data-start=\"1975\" data-end=\"1982\" data-col-size=\"sm\">R\u00f6d<\/td>\n<\/tr>\n<tr data-start=\"1983\" data-end=\"2033\">\n<td data-start=\"1983\" data-end=\"1996\" data-col-size=\"sm\">Funktioner<\/td>\n<td data-start=\"1996\" data-end=\"2033\" data-col-size=\"sm\">Kammare f\u00f6r \u00f6rter och pollen\/keef<\/td>\n<\/tr>\n<tr data-start=\"2034\" data-end=\"2056\">\n<td data-start=\"2034\" data-end=\"2045\" data-col-size=\"sm\">Ursprung<\/td>\n<td data-start=\"2045\" data-end=\"2056\" data-col-size=\"sm\">Spanien<\/td>\n<\/tr>\n<\/tbody>\n<\/table>\n<\/div>\n<\/div>\n<hr data-start=\"2058\" data-end=\"2061\" \/>\n<h3 data-start=\"2063\" data-end=\"2132\">\ud83d\udca8 <strong data-start=\"2070\" data-end=\"2132\">F\u00f6r vem passar ELEMENTS RED GRINDER ALUMINIUM 4 PART LARGE<\/strong><\/h3>\n<p data-start=\"2134\" data-end=\"2352\">Denna <strong data-start=\"2140\" data-end=\"2183\">r\u00f6da 4-delade Elements aluminiumgrinder<\/strong> passar alla som vill ha <strong data-start=\"2208\" data-end=\"2250\">effektiv malning med stil och kvalitet<\/strong>. Perfekt f\u00f6r b\u00e5de nyb\u00f6rjare och vana anv\u00e4ndare som vill kombinera funktion, h\u00e5llbarhet och estetik.<\/p>\n<hr data-start=\"2354\" data-end=\"2357\" \/>\n<h3 data-start=\"2359\" data-end=\"2431\">\ud83d\uded2 <strong data-start=\"2366\" data-end=\"2431\">K\u00f6p ELEMENTS RED GRINDER ALUMINIUM 4 PART LARGE hos Veloop.se<\/strong><\/h3>\n<p data-start=\"2433\" data-end=\"2708\">Best\u00e4ll <strong data-start=\"2441\" data-end=\"2488\">ELEMENTS RED GRINDER ALUMINIUM 4 PART LARGE<\/strong> direkt fr\u00e5n <strong data-start=\"2501\" data-end=\"2562\"><a class=\"decorated-link\" href=\"https:\/\/snus-malmo.se\/sv\/produkt-kategori\/elements\/\" target=\"_new\" rel=\"noopener\" data-start=\"2503\" data-end=\"2560\">Veloop.se<\/a><\/strong> \u2013 Sveriges p\u00e5litliga butik f\u00f6r <strong data-start=\"2594\" data-end=\"2639\">grinders, rullpapper och premiumtillbeh\u00f6r<\/strong>.<br data-start=\"2640\" data-end=\"2643\" \/>Snabb leverans, trygg betalning och produkter av h\u00f6gsta kvalitet.<\/p>\n<p data-start=\"2710\" data-end=\"2822\">\ud83d\udc49 <a class=\"decorated-link\" href=\"https:\/\/snus-malmo.se\/sv\/produkt-kategori\/elements\/\" target=\"_new\" rel=\"noopener\" data-start=\"2713\" data-end=\"2822\">K\u00f6p ELEMENTS RED GRINDER ALUMINIUM 4 PART LARGE hos Veloop.se<\/a><\/p>","protected":false},"excerpt":{"rendered":"<div class=\"product__description rte quick-add-hidden\">\n<h1 data-start=\"553\" data-end=\"632\">ELEMENTS RED GRINDER ALUMINIUM 4 PART LARGE<\/h1>\n<p>Uppt\u00e4ck <strong data-start=\"351\" data-end=\"398\">ELEMENTS RED GRINDER ALUMINIUM 4 PART LARGE<\/strong> hos <strong data-start=\"403\" data-end=\"416\">Veloop.se<\/strong> \u2013 en stilren <strong data-start=\"430\" data-end=\"464\">r\u00f6d aluminiumgrinder i 4 delar<\/strong> f\u00f6r effektiv och enkel malning av \u00f6rter. Storlek Large, robust konstruktion och l\u00e5ng h\u00e5llbarhet.<br data-start=\"561\" data-end=\"564\" \/>\ud83d\udc49 <a class=\"decorated-link\" href=\"https:\/\/snus-malmo.se\/sv\/produkt-kategori\/elements\/\" target=\"_new\" rel=\"noopener\" data-start=\"567\" data-end=\"676\">K\u00f6p Elements Red Aluminium Grinder Large online hos Veloop.se<\/a><\/div>\n<p>&nbsp;<\/p>","protected":false},"featured_media":68028,"comment_status":"open","ping_status":"closed","template":"","meta":[],"product_brand":[],"product_cat":[71,198,439,146],"product_tag":[],"class_list":{"0":"post-68027","1":"product","2":"type-product","3":"status-publish","4":"has-post-thumbnail","6":"product_cat-ciggtillbehor","7":"product_cat-elements","8":"product_cat-grinder","9":"product_cat-tillbehor","11":"first","12":"instock","13":"taxable","14":"shipping-taxable","15":"product-type-simple"},"_links":{"self":[{"href":"https:\/\/snus-malmo.se\/sv\/wp-json\/wp\/v2\/product\/68027","targetHints":{"allow":["GET"]}}],"collection":[{"href":"https:\/\/snus-malmo.se\/sv\/wp-json\/wp\/v2\/product"}],"about":[{"href":"https:\/\/snus-malmo.se\/sv\/wp-json\/wp\/v2\/types\/product"}],"replies":[{"embeddable":true,"href":"https:\/\/snus-malmo.se\/sv\/wp-json\/wp\/v2\/comments?post=68027"}],"version-history":[{"count":0,"href":"https:\/\/snus-malmo.se\/sv\/wp-json\/wp\/v2\/product\/68027\/revisions"}],"wp:featuredmedia":[{"embeddable":true,"href":"https:\/\/snus-malmo.se\/sv\/wp-json\/wp\/v2\/media\/68028"}],"wp:attachment":[{"href":"https:\/\/snus-malmo.se\/sv\/wp-json\/wp\/v2\/media?parent=68027"}],"wp:term":[{"taxonomy":"product_brand","embeddable":true,"href":"https:\/\/snus-malmo.se\/sv\/wp-json\/wp\/v2\/product_brand?post=68027"},{"taxonomy":"product_cat","embeddable":true,"href":"https:\/\/snus-malmo.se\/sv\/wp-json\/wp\/v2\/product_cat?post=68027"},{"taxonomy":"product_tag","embeddable":true,"href":"https:\/\/snus-malmo.se\/sv\/wp-json\/wp\/v2\/product_tag?post=68027"}],"curies":[{"name":"wp","href":"https:\/\/api.w.org\/{rel}","templated":true}]}}