{"id":68082,"date":"2025-10-16T08:03:16","date_gmt":"2025-10-16T08:03:16","guid":{"rendered":"https:\/\/snus-malmo.se\/?post_type=product&#038;p=68082"},"modified":"2025-10-16T08:08:48","modified_gmt":"2025-10-16T08:08:48","slug":"elements-cone-tips-32-tips-booklet-24-box","status":"publish","type":"product","link":"https:\/\/snus-malmo.se\/sv\/produkt\/elements-cone-tips-32-tips-booklet-24-box\/","title":{"rendered":"ELEMENTS CONE TIPS  32 TIPS  booklet 24 box"},"content":{"rendered":"<div class=\"product__description rte quick-add-hidden\">\n<h1 data-start=\"2393\" data-end=\"2489\">ELEMENTS CONE TIPS 32 TIPS booklet 24 box<\/h1>\n<p data-start=\"30\" data-end=\"394\"><strong data-start=\"30\" data-end=\"75\">ELEMENTS CONE TIPS 32 TIPS Booklet 24 Box<\/strong><br data-start=\"75\" data-end=\"78\" \/>F\u00e5 den perfekta avslutningen p\u00e5 din rullning med <strong data-start=\"127\" data-end=\"172\">ELEMENTS CONE TIPS 32 TIPS Booklet 24 Box<\/strong>, en praktisk f\u00f6rpackning med 24 b\u00f6cker som varje inneh\u00e5ller 32 tips. Dessa h\u00f6gkvalitativa kon-tips \u00e4r designade f\u00f6r att ge st\u00f6d och stabilitet \u00e5t dina f\u00f6rfyllda koner, vilket g\u00f6r dem b\u00e5de l\u00e4ttare och mer bekv\u00e4ma att r\u00f6ka.<\/p>\n<p data-start=\"396\" data-end=\"807\">Tillverkade av samma ultratunna rispapper som ELEMENTS koner, erbjuder dessa tips en ren och smakneutral upplevelse. De naturliga sockerbaserade limmet s\u00e4kerst\u00e4ller att tipsen f\u00e4ster bra utan att p\u00e5verka smaken, och deras design g\u00f6r dem enkla att anv\u00e4nda med koner av King Size-format. Den praktiska boken g\u00f6r det enkelt att h\u00e5lla ordning p\u00e5 tipsen och se till att du alltid har en till hands n\u00e4r du beh\u00f6ver en.<\/p>\n<p data-start=\"809\" data-end=\"871\">\ud83c\udf1f <strong data-start=\"812\" data-end=\"871\">Varf\u00f6r v\u00e4lja ELEMENTS CONE TIPS 32 TIPS Booklet 24 Box?<\/strong><\/p>\n<p data-start=\"873\" data-end=\"1151\">\u2705 32 tips per booklet \u2013 24 b\u00f6cker i varje box<br data-start=\"918\" data-end=\"921\" \/>\u2705 Ultratunna tips i samma rispapper som ELEMENTS koner<br data-start=\"975\" data-end=\"978\" \/>\u2705 Smakneutral f\u00f6r en ren och of\u00f6r\u00e4ndrad upplevelse<br data-start=\"1028\" data-end=\"1031\" \/>\u2705 Naturligt sockerlim f\u00f6r s\u00e4ker och stabil f\u00f6rbr\u00e4nning<br data-start=\"1085\" data-end=\"1088\" \/>\u2705 Enkel och praktisk f\u00f6rpackning som h\u00e5ller ordning p\u00e5 tipsen<\/p>\n<p data-start=\"1153\" data-end=\"1223\">\u2699\ufe0f <strong data-start=\"1156\" data-end=\"1221\">Specifikationer f\u00f6r ELEMENTS CONE TIPS 32 TIPS Booklet 24 Box<\/strong><\/p>\n<div class=\"_tableContainer_1rjym_1\">\n<div class=\"group _tableWrapper_1rjym_13 flex w-fit flex-col-reverse\" tabindex=\"-1\">\n<table class=\"w-fit min-w-(--thread-content-width)\" data-start=\"1224\" data-end=\"1790\">\n<thead data-start=\"1224\" data-end=\"1287\">\n<tr data-start=\"1224\" data-end=\"1287\">\n<th data-start=\"1224\" data-end=\"1250\" data-col-size=\"sm\"><strong data-start=\"1226\" data-end=\"1238\">Egenskap<\/strong><\/th>\n<th data-start=\"1250\" data-end=\"1287\" data-col-size=\"sm\"><strong data-start=\"1252\" data-end=\"1269\">Specifikation<\/strong><\/th>\n<\/tr>\n<\/thead>\n<tbody data-start=\"1350\" data-end=\"1790\">\n<tr data-start=\"1350\" data-end=\"1412\">\n<td data-start=\"1350\" data-end=\"1375\" data-col-size=\"sm\"><strong data-start=\"1352\" data-end=\"1359\">Typ<\/strong><\/td>\n<td data-start=\"1375\" data-end=\"1412\" data-col-size=\"sm\">Kon-tips<\/td>\n<\/tr>\n<tr data-start=\"1413\" data-end=\"1475\">\n<td data-start=\"1413\" data-end=\"1438\" data-col-size=\"sm\"><strong data-start=\"1415\" data-end=\"1437\">Antal tips per bok<\/strong><\/td>\n<td data-start=\"1438\" data-end=\"1475\" data-col-size=\"sm\">32 tips<\/td>\n<\/tr>\n<tr data-start=\"1476\" data-end=\"1540\">\n<td data-start=\"1476\" data-end=\"1503\" data-col-size=\"sm\"><strong data-start=\"1478\" data-end=\"1502\">Antal b\u00f6cker per box<\/strong><\/td>\n<td data-start=\"1503\" data-end=\"1540\" data-col-size=\"sm\">24 b\u00f6cker<\/td>\n<\/tr>\n<tr data-start=\"1541\" data-end=\"1602\">\n<td data-start=\"1541\" data-end=\"1566\" data-col-size=\"sm\"><strong data-start=\"1543\" data-end=\"1555\">Material<\/strong><\/td>\n<td data-start=\"1566\" data-end=\"1602\" data-col-size=\"sm\">Naturligt rispapper<\/td>\n<\/tr>\n<tr data-start=\"1603\" data-end=\"1664\">\n<td data-start=\"1603\" data-end=\"1628\" data-col-size=\"sm\"><strong data-start=\"1605\" data-end=\"1615\">Limtyp<\/strong><\/td>\n<td data-start=\"1628\" data-end=\"1664\" data-col-size=\"sm\">Sockerbaserat<\/td>\n<\/tr>\n<tr data-start=\"1665\" data-end=\"1730\">\n<td data-start=\"1665\" data-end=\"1690\" data-col-size=\"sm\"><strong data-start=\"1667\" data-end=\"1675\">F\u00e4rg<\/strong><\/td>\n<td data-start=\"1690\" data-end=\"1730\" data-col-size=\"sm\">Ovanlig standardf\u00e4rg (transparent)<\/td>\n<\/tr>\n<tr data-start=\"1731\" data-end=\"1790\">\n<td data-start=\"1731\" data-end=\"1756\" data-col-size=\"sm\"><strong data-start=\"1733\" data-end=\"1745\">Ursprung<\/strong><\/td>\n<td data-start=\"1756\" data-end=\"1790\" data-col-size=\"sm\">Spanien<\/td>\n<\/tr>\n<\/tbody>\n<\/table>\n<\/div>\n<\/div>\n<p data-start=\"1792\" data-end=\"1856\">\ud83d\udca8 <strong data-start=\"1795\" data-end=\"1856\">F\u00f6r vem passar ELEMENTS CONE TIPS 32 TIPS Booklet 24 Box?<\/strong><\/p>\n<p data-start=\"1858\" data-end=\"2135\">Dessa tips \u00e4r perfekta f\u00f6r den som ofta anv\u00e4nder f\u00f6rfyllda koner och vill ha en enkel, smakneutral och p\u00e5litlig l\u00f6sning. Oavsett om du \u00e4r nyb\u00f6rjare eller erfaren, kommer dessa tips g\u00f6ra rullningen enklare och bekv\u00e4mare, samtidigt som du beh\u00e5ller en ren och smakfull upplevelse.<\/p>\n<p data-start=\"2137\" data-end=\"2203\">\ud83d\uded2 <strong data-start=\"2140\" data-end=\"2203\">K\u00f6p ELEMENTS CONE TIPS 32 TIPS Booklet 24 Box hos Veloop.se<\/strong><\/p>\n<p data-start=\"2205\" data-end=\"2412\">Best\u00e4ll <strong data-start=\"2213\" data-end=\"2258\">ELEMENTS CONE TIPS 32 TIPS Booklet 24 Box<\/strong> direkt fr\u00e5n Veloop.se \u2013 din p\u00e5litliga butik f\u00f6r rullpapper, koner och premiumtillbeh\u00f6r. Snabb leverans, trygg betalning och produkter av h\u00f6gsta kvalitet.<\/p>\n<p data-start=\"2414\" data-end=\"2480\">\ud83d\udc49 <strong data-start=\"2417\" data-end=\"2480\">K\u00f6p ELEMENTS CONE TIPS 32 TIPS Booklet 24 Box hos Veloop.se<\/strong><\/p>\n<\/div>\n<p data-start=\"2319\" data-end=\"2414\">","protected":false},"excerpt":{"rendered":"<div class=\"product__description rte quick-add-hidden\">\n<h1 data-start=\"553\" data-end=\"632\">ELEMENTS CONE TIPS 32 TIPS booklet 24 box<\/h1>\n<p><strong data-start=\"2517\" data-end=\"2562\">ELEMENTS CONE TIPS 32 TIPS Booklet 24 Box<\/strong> inneh\u00e5ller 24 b\u00f6cker, varje med 32 ultratunna kon-tips. Tillverkade av rispapper med sockerbaserat lim f\u00f6r en ren och smakneutral f\u00f6rbr\u00e4nning. Perfekt f\u00f6r den som anv\u00e4nder f\u00f6rfyllda koner och vill ha en enkel och praktisk l\u00f6sning f\u00f6r sina tips.<\/p>\n<\/div>\n<p>&nbsp;<\/p>","protected":false},"featured_media":68088,"comment_status":"open","ping_status":"closed","template":"","meta":[],"product_brand":[],"product_cat":[71,198,267,146,440],"product_tag":[],"class_list":{"0":"post-68082","1":"product","2":"type-product","3":"status-publish","4":"has-post-thumbnail","6":"product_cat-ciggtillbehor","7":"product_cat-elements","8":"product_cat-filter","9":"product_cat-tillbehor","10":"product_cat-tips-pappers-tips","12":"first","13":"instock","14":"taxable","15":"shipping-taxable","16":"product-type-variable"},"_links":{"self":[{"href":"https:\/\/snus-malmo.se\/sv\/wp-json\/wp\/v2\/product\/68082","targetHints":{"allow":["GET"]}}],"collection":[{"href":"https:\/\/snus-malmo.se\/sv\/wp-json\/wp\/v2\/product"}],"about":[{"href":"https:\/\/snus-malmo.se\/sv\/wp-json\/wp\/v2\/types\/product"}],"replies":[{"embeddable":true,"href":"https:\/\/snus-malmo.se\/sv\/wp-json\/wp\/v2\/comments?post=68082"}],"version-history":[{"count":0,"href":"https:\/\/snus-malmo.se\/sv\/wp-json\/wp\/v2\/product\/68082\/revisions"}],"wp:featuredmedia":[{"embeddable":true,"href":"https:\/\/snus-malmo.se\/sv\/wp-json\/wp\/v2\/media\/68088"}],"wp:attachment":[{"href":"https:\/\/snus-malmo.se\/sv\/wp-json\/wp\/v2\/media?parent=68082"}],"wp:term":[{"taxonomy":"product_brand","embeddable":true,"href":"https:\/\/snus-malmo.se\/sv\/wp-json\/wp\/v2\/product_brand?post=68082"},{"taxonomy":"product_cat","embeddable":true,"href":"https:\/\/snus-malmo.se\/sv\/wp-json\/wp\/v2\/product_cat?post=68082"},{"taxonomy":"product_tag","embeddable":true,"href":"https:\/\/snus-malmo.se\/sv\/wp-json\/wp\/v2\/product_tag?post=68082"}],"curies":[{"name":"wp","href":"https:\/\/api.w.org\/{rel}","templated":true}]}}