{"id":68092,"date":"2025-10-16T08:09:29","date_gmt":"2025-10-16T08:09:29","guid":{"rendered":"https:\/\/snus-malmo.se\/?post_type=product&#038;p=68092"},"modified":"2025-10-16T08:20:23","modified_gmt":"2025-10-16T08:20:23","slug":"elements-tips-perforated-50-leaves-booklet-50-box","status":"publish","type":"product","link":"https:\/\/snus-malmo.se\/sv\/produkt\/elements-tips-perforated-50-leaves-booklet-50-box\/","title":{"rendered":"ELEMENTS TIPS PERFORATED, 50 leaves-booklet, 50 box"},"content":{"rendered":"<div class=\"product__description rte quick-add-hidden\">\n<h1 data-start=\"2393\" data-end=\"2489\">ELEMENTS TIPS PERFORATED, 50 leaves-booklet, 50 box<\/h1>\n<p data-start=\"30\" data-end=\"452\"><strong data-start=\"30\" data-end=\"84\">ELEMENTS TIPS PERFORATED, 50 Leaves Booklet 50 Box<\/strong><br data-start=\"84\" data-end=\"87\" \/>Uppt\u00e4ck den perfekta l\u00f6sningen f\u00f6r rullning med <strong data-start=\"135\" data-end=\"189\">ELEMENTS TIPS PERFORATED, 50 Leaves Booklet 50 Box<\/strong>, en praktisk f\u00f6rpackning som inneh\u00e5ller 50 b\u00f6cker med 50 perforerade tips i varje. Dessa tips \u00e4r designade f\u00f6r att ge dig full kontroll \u00f6ver din rullning, med en enkel, f\u00f6rskuren design som g\u00f6r det l\u00e4ttare att forma och anv\u00e4nda dem f\u00f6r en optimal rullupplevelse.<\/p>\n<p data-start=\"454\" data-end=\"884\">Tillverkade av samma h\u00f6gkvalitativa, ultratunna rispapper som ELEMENTS \u00f6vriga produkter, erbjuder dessa tips en ren och smakneutral f\u00f6rbr\u00e4nning. De perforerade kanterna g\u00f6r att du enkelt kan riva av varje tips f\u00f6r exakt r\u00e4tt m\u00e4ngd. Med naturligt sockerbaserat lim brinner dessa tips l\u00e5ngsamt och stabilt utan att p\u00e5verka smaken p\u00e5 inneh\u00e5llet. Perfekta f\u00f6r b\u00e5de nyb\u00f6rjare och erfarna rullare, dessa tips ger b\u00e5de funktion och stil.<\/p>\n<p data-start=\"886\" data-end=\"957\">\ud83c\udf1f <strong data-start=\"889\" data-end=\"957\">Varf\u00f6r v\u00e4lja ELEMENTS TIPS PERFORATED, 50 Leaves Booklet 50 Box?<\/strong><\/p>\n<p data-start=\"959\" data-end=\"1255\">\u2705 50 tips per booklet \u2013 50 b\u00f6cker per box<br data-start=\"1000\" data-end=\"1003\" \/>\u2705 Perforerade tips f\u00f6r enkel anv\u00e4ndning och exakt rullning<br data-start=\"1061\" data-end=\"1064\" \/>\u2705 Ultratunt rispapper med naturligt sockerlim f\u00f6r en ren och l\u00e5ngsam f\u00f6rbr\u00e4nning<br data-start=\"1144\" data-end=\"1147\" \/>\u2705 Smakneutral f\u00f6r en of\u00f6r\u00e4ndrad upplevelse<br data-start=\"1189\" data-end=\"1192\" \/>\u2705 Praktisk och ekonomisk f\u00f6rpackning f\u00f6r l\u00e5ngvarig anv\u00e4ndning<\/p>\n<p data-start=\"1257\" data-end=\"1336\">\u2699\ufe0f <strong data-start=\"1260\" data-end=\"1334\">Specifikationer f\u00f6r ELEMENTS TIPS PERFORATED, 50 Leaves Booklet 50 Box<\/strong><\/p>\n<div class=\"_tableContainer_1rjym_1\">\n<div class=\"group _tableWrapper_1rjym_13 flex w-fit flex-col-reverse\" tabindex=\"-1\">\n<table class=\"w-fit min-w-(--thread-content-width)\" data-start=\"1337\" data-end=\"1902\">\n<thead data-start=\"1337\" data-end=\"1400\">\n<tr data-start=\"1337\" data-end=\"1400\">\n<th data-start=\"1337\" data-end=\"1363\" data-col-size=\"sm\"><strong data-start=\"1339\" data-end=\"1351\">Egenskap<\/strong><\/th>\n<th data-start=\"1363\" data-end=\"1400\" data-col-size=\"sm\"><strong data-start=\"1365\" data-end=\"1382\">Specifikation<\/strong><\/th>\n<\/tr>\n<\/thead>\n<tbody data-start=\"1463\" data-end=\"1902\">\n<tr data-start=\"1463\" data-end=\"1524\">\n<td data-start=\"1463\" data-end=\"1488\" data-col-size=\"sm\"><strong data-start=\"1465\" data-end=\"1472\">Typ<\/strong><\/td>\n<td data-start=\"1488\" data-end=\"1524\" data-col-size=\"sm\">Perforerade tips<\/td>\n<\/tr>\n<tr data-start=\"1525\" data-end=\"1587\">\n<td data-start=\"1525\" data-end=\"1550\" data-col-size=\"sm\"><strong data-start=\"1527\" data-end=\"1549\">Antal tips per bok<\/strong><\/td>\n<td data-start=\"1550\" data-end=\"1587\" data-col-size=\"sm\">50 tips<\/td>\n<\/tr>\n<tr data-start=\"1588\" data-end=\"1652\">\n<td data-start=\"1588\" data-end=\"1615\" data-col-size=\"sm\"><strong data-start=\"1590\" data-end=\"1614\">Antal b\u00f6cker per box<\/strong><\/td>\n<td data-start=\"1615\" data-end=\"1652\" data-col-size=\"sm\">50 b\u00f6cker<\/td>\n<\/tr>\n<tr data-start=\"1653\" data-end=\"1714\">\n<td data-start=\"1653\" data-end=\"1678\" data-col-size=\"sm\"><strong data-start=\"1655\" data-end=\"1667\">Material<\/strong><\/td>\n<td data-start=\"1678\" data-end=\"1714\" data-col-size=\"sm\">Naturligt rispapper<\/td>\n<\/tr>\n<tr data-start=\"1715\" data-end=\"1776\">\n<td data-start=\"1715\" data-end=\"1740\" data-col-size=\"sm\"><strong data-start=\"1717\" data-end=\"1727\">Limtyp<\/strong><\/td>\n<td data-start=\"1740\" data-end=\"1776\" data-col-size=\"sm\">Sockerbaserat<\/td>\n<\/tr>\n<tr data-start=\"1777\" data-end=\"1842\">\n<td data-start=\"1777\" data-end=\"1802\" data-col-size=\"sm\"><strong data-start=\"1779\" data-end=\"1787\">F\u00e4rg<\/strong><\/td>\n<td data-start=\"1802\" data-end=\"1842\" data-col-size=\"sm\">Ovanlig standardf\u00e4rg (transparent)<\/td>\n<\/tr>\n<tr data-start=\"1843\" data-end=\"1902\">\n<td data-start=\"1843\" data-end=\"1868\" data-col-size=\"sm\"><strong data-start=\"1845\" data-end=\"1857\">Ursprung<\/strong><\/td>\n<td data-start=\"1868\" data-end=\"1902\" data-col-size=\"sm\">Spanien<\/td>\n<\/tr>\n<\/tbody>\n<\/table>\n<\/div>\n<\/div>\n<p data-start=\"1904\" data-end=\"1977\">\ud83d\udca8 <strong data-start=\"1907\" data-end=\"1977\">F\u00f6r vem passar ELEMENTS TIPS PERFORATED, 50 Leaves Booklet 50 Box?<\/strong><\/p>\n<p data-start=\"1979\" data-end=\"2236\">Dessa perforerade tips passar perfekt f\u00f6r den som vill ha exakt kontroll och bekv\u00e4mlighet vid rullning. Med 50 tips per bok och en l\u00e5ngvarig f\u00f6rpackning, \u00e4r dessa idealiska f\u00f6r b\u00e5de nyb\u00f6rjare och erfarna rullare som s\u00f6ker enkelhet och kvalitet i varje drag.<\/p>\n<p data-start=\"2238\" data-end=\"2313\">\ud83d\uded2 <strong data-start=\"2241\" data-end=\"2313\">K\u00f6p ELEMENTS TIPS PERFORATED, 50 Leaves Booklet 50 Box hos Veloop.se<\/strong><\/p>\n<p data-start=\"2315\" data-end=\"2536\">Best\u00e4ll <strong data-start=\"2323\" data-end=\"2377\">ELEMENTS TIPS PERFORATED, 50 Leaves Booklet 50 Box<\/strong> direkt fr\u00e5n Veloop.se \u2013 din p\u00e5litliga leverant\u00f6r av rullpapper och tillbeh\u00f6r av h\u00f6gsta kvalitet. Snabb leverans, trygg betalning och produkter du kan lita p\u00e5.<\/p>\n<p data-start=\"2538\" data-end=\"2613\">\ud83d\udc49 <strong data-start=\"2541\" data-end=\"2613\">K\u00f6p ELEMENTS TIPS PERFORATED, 50 Leaves Booklet 50 Box hos Veloop.se<\/strong><\/p>\n<\/div>\n<p data-start=\"2319\" data-end=\"2414\">","protected":false},"excerpt":{"rendered":"<div class=\"product__description rte quick-add-hidden\">\n<h1 data-start=\"553\" data-end=\"632\"><img decoding=\"async\" class=\"wp-image-68101 alignright\" src=\"https:\/\/snus-malmo.se\/wp-content\/uploads\/2025\/10\/ELEMENTS_logo360x360.webp\" alt=\"\" width=\"119\" height=\"72\" srcset=\"https:\/\/snus-malmo.se\/wp-content\/uploads\/2025\/10\/ELEMENTS_logo360x360.webp 350w, https:\/\/snus-malmo.se\/wp-content\/uploads\/2025\/10\/ELEMENTS_logo360x360-18x12.webp 18w\" sizes=\"(max-width: 119px) 100vw, 119px\" \/>ELEMENTS TIPS PERFORATED, 50 leaves-booklet, 50 box<\/h1>\n<p><strong data-start=\"2650\" data-end=\"2704\">ELEMENTS TIPS PERFORATED, 50 Leaves Booklet 50 Box<\/strong> inneh\u00e5ller 50 b\u00f6cker med 50 perforerade tips per bok. Tillverkade av ultratunt rispapper med naturligt sockerlim f\u00f6r en l\u00e5ngsam och ren f\u00f6rbr\u00e4nning. Dessa tips \u00e4r perfekta f\u00f6r rullaren som vill ha enkelhet och precision, med perforerade kanter som g\u00f6r det l\u00e4tt att forma varje tips.<\/p>\n<\/div>\n<p>&nbsp;<\/p>","protected":false},"featured_media":68097,"comment_status":"open","ping_status":"closed","template":"","meta":[],"product_brand":[],"product_cat":[71,198,267,146,440],"product_tag":[],"class_list":{"0":"post-68092","1":"product","2":"type-product","3":"status-publish","4":"has-post-thumbnail","6":"product_cat-ciggtillbehor","7":"product_cat-elements","8":"product_cat-filter","9":"product_cat-tillbehor","10":"product_cat-tips-pappers-tips","12":"first","13":"instock","14":"taxable","15":"shipping-taxable","16":"product-type-variable"},"_links":{"self":[{"href":"https:\/\/snus-malmo.se\/sv\/wp-json\/wp\/v2\/product\/68092","targetHints":{"allow":["GET"]}}],"collection":[{"href":"https:\/\/snus-malmo.se\/sv\/wp-json\/wp\/v2\/product"}],"about":[{"href":"https:\/\/snus-malmo.se\/sv\/wp-json\/wp\/v2\/types\/product"}],"replies":[{"embeddable":true,"href":"https:\/\/snus-malmo.se\/sv\/wp-json\/wp\/v2\/comments?post=68092"}],"version-history":[{"count":0,"href":"https:\/\/snus-malmo.se\/sv\/wp-json\/wp\/v2\/product\/68092\/revisions"}],"wp:featuredmedia":[{"embeddable":true,"href":"https:\/\/snus-malmo.se\/sv\/wp-json\/wp\/v2\/media\/68097"}],"wp:attachment":[{"href":"https:\/\/snus-malmo.se\/sv\/wp-json\/wp\/v2\/media?parent=68092"}],"wp:term":[{"taxonomy":"product_brand","embeddable":true,"href":"https:\/\/snus-malmo.se\/sv\/wp-json\/wp\/v2\/product_brand?post=68092"},{"taxonomy":"product_cat","embeddable":true,"href":"https:\/\/snus-malmo.se\/sv\/wp-json\/wp\/v2\/product_cat?post=68092"},{"taxonomy":"product_tag","embeddable":true,"href":"https:\/\/snus-malmo.se\/sv\/wp-json\/wp\/v2\/product_tag?post=68092"}],"curies":[{"name":"wp","href":"https:\/\/api.w.org\/{rel}","templated":true}]}}