{"id":69182,"date":"2025-10-28T13:06:16","date_gmt":"2025-10-28T13:06:16","guid":{"rendered":"https:\/\/snus-malmo.se\/?post_type=product&#038;p=69182"},"modified":"2025-11-22T08:40:39","modified_gmt":"2025-11-22T08:40:39","slug":"marlboro-crafted-green-100s","status":"publish","type":"product","link":"https:\/\/snus-malmo.se\/sv\/produkt\/marlboro-crafted-green-100s\/","title":{"rendered":"Marlboro Crafted Green 100&#8217;s"},"content":{"rendered":"<div class=\"product__description rte quick-add-hidden\">\n<h1>Marlboro Crafted Green 100s<\/h1>\n<p>Marlboro Crafted Green\u00a0100s \u00e4r l\u00e5nga cigaretter som marknadsf\u00f6rs av Philip Morris och var ett av de mest k\u00e4nda varum\u00e4rkena sedan tidigt av 1900-talet.<\/p>\n<p><strong>Format:<\/strong>\u00a0L\u00e5nga\u00a0(100mm)<br \/>\n<strong>Tobakstyrka:<\/strong>\u00a0Full Flavour<strong><br \/>\nFilter:<\/strong>\u00a0Standard<br \/>\n<strong>Antal:<\/strong>\u00a020\u00a0Cigaretter<br \/>\n<strong>Pakettyp:<\/strong>\u00a0H\u00e5rdpack<br \/>\n<strong>Limpa:<\/strong>\u00a010 paket<\/p>\n<\/div>\n<p>&nbsp;<\/p>","protected":false},"excerpt":{"rendered":"<div class=\"product__description rte quick-add-hidden\">\n<h1>Marlboro Crafted Green 100s<\/h1>\n<p>Marlboro Crafted green 100s \u00e4r l\u00e5nga cigaretter som marknadsf\u00f6rs av Philip Morris och var ett av de mest k\u00e4nda varum\u00e4rkena sedan tidigt av 1900-talet.<\/p>\n<p><strong>Format:<\/strong>\u00a0L\u00e5nga\u00a0(100mm)<br \/>\n<strong>Tobakstyrka:<\/strong>\u00a0Full Flavour<strong><br \/>\nFilter:<\/strong>\u00a0Standard<br \/>\n<strong>Antal:<\/strong>\u00a020\u00a0Cigaretter<br \/>\n<strong>Pakettyp:<\/strong>\u00a0H\u00e5rdpack<br \/>\n<strong>Limpa:<\/strong>\u00a010 paket<\/p>\n<\/div>\n<p>&nbsp;<\/p>","protected":false},"featured_media":69188,"comment_status":"open","ping_status":"closed","template":"","meta":[],"product_brand":[],"product_cat":[28,227],"product_tag":[],"class_list":{"0":"post-69182","1":"product","2":"type-product","3":"status-publish","4":"has-post-thumbnail","6":"product_cat-cigaretter","7":"product_cat-marlboro","9":"first","10":"instock","11":"taxable","12":"shipping-taxable","13":"purchasable","14":"product-type-variable"},"_links":{"self":[{"href":"https:\/\/snus-malmo.se\/sv\/wp-json\/wp\/v2\/product\/69182","targetHints":{"allow":["GET"]}}],"collection":[{"href":"https:\/\/snus-malmo.se\/sv\/wp-json\/wp\/v2\/product"}],"about":[{"href":"https:\/\/snus-malmo.se\/sv\/wp-json\/wp\/v2\/types\/product"}],"replies":[{"embeddable":true,"href":"https:\/\/snus-malmo.se\/sv\/wp-json\/wp\/v2\/comments?post=69182"}],"version-history":[{"count":0,"href":"https:\/\/snus-malmo.se\/sv\/wp-json\/wp\/v2\/product\/69182\/revisions"}],"wp:featuredmedia":[{"embeddable":true,"href":"https:\/\/snus-malmo.se\/sv\/wp-json\/wp\/v2\/media\/69188"}],"wp:attachment":[{"href":"https:\/\/snus-malmo.se\/sv\/wp-json\/wp\/v2\/media?parent=69182"}],"wp:term":[{"taxonomy":"product_brand","embeddable":true,"href":"https:\/\/snus-malmo.se\/sv\/wp-json\/wp\/v2\/product_brand?post=69182"},{"taxonomy":"product_cat","embeddable":true,"href":"https:\/\/snus-malmo.se\/sv\/wp-json\/wp\/v2\/product_cat?post=69182"},{"taxonomy":"product_tag","embeddable":true,"href":"https:\/\/snus-malmo.se\/sv\/wp-json\/wp\/v2\/product_tag?post=69182"}],"curies":[{"name":"wp","href":"https:\/\/api.w.org\/{rel}","templated":true}]}}