{"id":69604,"date":"2025-11-06T21:30:39","date_gmt":"2025-11-06T21:30:39","guid":{"rendered":"https:\/\/snus-malmo.se\/?post_type=product&#038;p=69604"},"modified":"2025-11-06T21:59:03","modified_gmt":"2025-11-06T21:59:03","slug":"77-watermelon-ice-104-mg-2","status":"publish","type":"product","link":"https:\/\/snus-malmo.se\/sv\/produkt\/77-watermelon-ice-104-mg-2\/","title":{"rendered":"77 Watermelon Ice 10,4 mg"},"content":{"rendered":"<h1>77 Watermelon Ice 10,4 mg<\/h1>\n<h1>-All White Portion<\/h1>\n<h2 data-start=\"143\" data-end=\"223\">77 Watermelon Ice \u2013 Extra stark nikotinportion med smak av vattenmelon och is<\/h2>\n<p data-start=\"225\" data-end=\"560\"><strong data-start=\"225\" data-end=\"246\">77 Watermelon Ice<\/strong> \u00e4r en extra stark nikotinportion i formatet <strong data-start=\"291\" data-end=\"299\">Slim<\/strong>, med en uppfriskande smak av s\u00f6t <strong data-start=\"333\" data-end=\"348\">vattenmelon<\/strong> och en kylande touch av <strong data-start=\"373\" data-end=\"388\">isig mentol<\/strong>. Den perfekta kombinationen av fruktig s\u00f6tma och fr\u00e4sch kyla g\u00f6r denna all white-portion till ett popul\u00e4rt val f\u00f6r dig som s\u00f6ker en kraftfull nikotinupplevelse utan tobak.<\/p>\n<p data-start=\"562\" data-end=\"791\">Varum\u00e4rket <strong data-start=\"573\" data-end=\"579\">77<\/strong> erbjuder nikotinportioner med h\u00f6g nikotinhalt, och Watermelon Ice \u00e4r inget undantag \u2013 varje gram inneh\u00e5ller <strong data-start=\"688\" data-end=\"705\">20 mg nikotin<\/strong>, vilket g\u00f6r den idealisk f\u00f6r vana anv\u00e4ndare som f\u00f6redrar ett extra starkt alternativ.<\/p>\n<h3 data-start=\"793\" data-end=\"823\">Fakta om 77 Watermelon Ice<\/h3>\n<ul data-start=\"825\" data-end=\"1121\">\n<li data-start=\"825\" data-end=\"846\">\n<p data-start=\"827\" data-end=\"846\"><strong data-start=\"827\" data-end=\"841\">Varum\u00e4rke:<\/strong> 77<\/p>\n<\/li>\n<li data-start=\"847\" data-end=\"896\">\n<p data-start=\"849\" data-end=\"896\"><strong data-start=\"849\" data-end=\"864\">Produkttyp:<\/strong> All White Portion (tobaksfri)<\/p>\n<\/li>\n<li data-start=\"897\" data-end=\"927\">\n<p data-start=\"899\" data-end=\"927\"><strong data-start=\"899\" data-end=\"908\">Smak:<\/strong> Vattenmelon &amp; is<\/p>\n<\/li>\n<li data-start=\"928\" data-end=\"962\">\n<p data-start=\"930\" data-end=\"962\"><strong data-start=\"930\" data-end=\"948\">Nikotinstyrka:<\/strong> Extra stark<\/p>\n<\/li>\n<li data-start=\"963\" data-end=\"991\">\n<p data-start=\"965\" data-end=\"991\"><strong data-start=\"965\" data-end=\"981\">Nikotinhalt:<\/strong> 20 mg\/g<\/p>\n<\/li>\n<li data-start=\"992\" data-end=\"1012\">\n<p data-start=\"994\" data-end=\"1012\"><strong data-start=\"994\" data-end=\"1005\">Format:<\/strong> Slim<\/p>\n<\/li>\n<li data-start=\"1013\" data-end=\"1046\">\n<p data-start=\"1015\" data-end=\"1046\"><strong data-start=\"1015\" data-end=\"1037\">Inneh\u00e5ll per dosa:<\/strong> 10,4 g<\/p>\n<\/li>\n<li data-start=\"1047\" data-end=\"1091\">\n<p data-start=\"1049\" data-end=\"1091\"><strong data-start=\"1049\" data-end=\"1061\">Snustyp:<\/strong> Slim All White Extra Strong<\/p>\n<\/li>\n<li data-start=\"1092\" data-end=\"1121\">\n<p data-start=\"1094\" data-end=\"1121\"><strong data-start=\"1094\" data-end=\"1110\">Tillverkare:<\/strong> 77 Group<\/p>\n<\/li>\n<\/ul>\n<h3 data-start=\"1123\" data-end=\"1158\">Varf\u00f6r v\u00e4lja 77 Watermelon Ice?<\/h3>\n<ul data-start=\"1160\" data-end=\"1407\">\n<li data-start=\"1160\" data-end=\"1224\">\n<p data-start=\"1162\" data-end=\"1224\"><strong data-start=\"1162\" data-end=\"1190\">Tobaksfri nikotinportion<\/strong> med en fruktigt sval smakprofil<\/p>\n<\/li>\n<li data-start=\"1225\" data-end=\"1276\">\n<p data-start=\"1227\" data-end=\"1276\"><strong data-start=\"1227\" data-end=\"1242\">Slim-format<\/strong> som ligger diskret under l\u00e4ppen<\/p>\n<\/li>\n<li data-start=\"1277\" data-end=\"1346\">\n<p data-start=\"1279\" data-end=\"1346\"><strong data-start=\"1279\" data-end=\"1300\">H\u00f6g nikotinstyrka<\/strong> f\u00f6r dig som s\u00f6ker ett kraftfullt alternativ<\/p>\n<\/li>\n<li data-start=\"1347\" data-end=\"1407\">\n<p data-start=\"1349\" data-end=\"1407\">En av de <strong data-start=\"1358\" data-end=\"1384\">mest popul\u00e4ra smakerna<\/strong> i 77:s breda sortiment<\/p>\n<\/li>\n<\/ul>\n<p data-start=\"1409\" data-end=\"1549\">Utforska en ny niv\u00e5 av smak och styrka med <strong data-start=\"1452\" data-end=\"1473\">77 Watermelon Ice<\/strong> \u2013 en modern och smakrik nikotinportion f\u00f6r dig som vill ha det lilla extra.<\/p>","protected":false},"excerpt":{"rendered":"<h1>77 Watermelon Ice 10,4 mg<\/h1>\n<h1>-All White Portion<\/h1>\n<p><strong data-start=\"225\" data-end=\"246\">77 Watermelon Ice<\/strong> \u00e4r en extra stark nikotinportion i formatet <strong data-start=\"291\" data-end=\"299\">Slim<\/strong>, med en uppfriskande smak av s\u00f6t <strong data-start=\"333\" data-end=\"348\">vattenmelon<\/strong> och en kylande touch av <strong data-start=\"373\" data-end=\"388\">isig mentol<\/strong>. Den perfekta kombinationen av fruktig s\u00f6tma och fr\u00e4sch kyla g\u00f6r denna all white-portion till ett popul\u00e4rt val f\u00f6r dig som s\u00f6ker en kraftfull nikotinupplevelse utan tobak.<\/p>","protected":false},"featured_media":60199,"comment_status":"open","ping_status":"closed","template":"","meta":[],"product_brand":[327],"product_cat":[170,136,137,434],"product_tag":[],"class_list":{"0":"post-69604","1":"product","2":"type-product","3":"status-publish","4":"has-post-thumbnail","6":"product_brand-327","7":"product_cat-170","8":"product_cat-all-whites","9":"product_cat-slim","10":"product_cat-upsell1","12":"first","13":"instock","14":"sale","15":"sold-individually","16":"taxable","17":"shipping-taxable","18":"purchasable","19":"product-type-simple"},"_links":{"self":[{"href":"https:\/\/snus-malmo.se\/sv\/wp-json\/wp\/v2\/product\/69604","targetHints":{"allow":["GET"]}}],"collection":[{"href":"https:\/\/snus-malmo.se\/sv\/wp-json\/wp\/v2\/product"}],"about":[{"href":"https:\/\/snus-malmo.se\/sv\/wp-json\/wp\/v2\/types\/product"}],"replies":[{"embeddable":true,"href":"https:\/\/snus-malmo.se\/sv\/wp-json\/wp\/v2\/comments?post=69604"}],"version-history":[{"count":0,"href":"https:\/\/snus-malmo.se\/sv\/wp-json\/wp\/v2\/product\/69604\/revisions"}],"wp:featuredmedia":[{"embeddable":true,"href":"https:\/\/snus-malmo.se\/sv\/wp-json\/wp\/v2\/media\/60199"}],"wp:attachment":[{"href":"https:\/\/snus-malmo.se\/sv\/wp-json\/wp\/v2\/media?parent=69604"}],"wp:term":[{"taxonomy":"product_brand","embeddable":true,"href":"https:\/\/snus-malmo.se\/sv\/wp-json\/wp\/v2\/product_brand?post=69604"},{"taxonomy":"product_cat","embeddable":true,"href":"https:\/\/snus-malmo.se\/sv\/wp-json\/wp\/v2\/product_cat?post=69604"},{"taxonomy":"product_tag","embeddable":true,"href":"https:\/\/snus-malmo.se\/sv\/wp-json\/wp\/v2\/product_tag?post=69604"}],"curies":[{"name":"wp","href":"https:\/\/api.w.org\/{rel}","templated":true}]}}