{"id":69616,"date":"2025-11-06T21:54:23","date_gmt":"2025-11-06T21:54:23","guid":{"rendered":"https:\/\/snus-malmo.se\/?post_type=product&#038;p=69616"},"modified":"2025-11-06T22:00:28","modified_gmt":"2025-11-06T22:00:28","slug":"77-vb-artic-berry-104-mg-2","status":"publish","type":"product","link":"https:\/\/snus-malmo.se\/sv\/produkt\/77-vb-artic-berry-104-mg-2\/","title":{"rendered":"77 VB Artic Berry 10,4 mg"},"content":{"rendered":"<h1>77 VB Artic Berry 10,4 mg<\/h1>\n<h1>-All White Portion<\/h1>\n<h2 data-start=\"136\" data-end=\"213\">77 VB Arctic Berry \u2013 Frisk nikotinportion med smak av b\u00e4r och arktisk kyla<\/h2>\n<p data-start=\"215\" data-end=\"493\"><strong data-start=\"215\" data-end=\"237\">77 VB Arctic Berry<\/strong> \u00e4r en tobaksfri nikotinportion i <strong data-start=\"271\" data-end=\"286\">Slim-format<\/strong>, med en fr\u00e4sch och b\u00e4rig smakprofil kombinerad med en <strong data-start=\"341\" data-end=\"362\">sval mentolk\u00e4nsla<\/strong>. Den unika blandningen av <strong data-start=\"389\" data-end=\"401\">s\u00f6ta b\u00e4r<\/strong> och <strong data-start=\"406\" data-end=\"426\">kylande fr\u00e4sch\u00f6r<\/strong> ger en uppiggande smakupplevelse som h\u00e5ller sig fr\u00e4sch hela dagen.<\/p>\n<p data-start=\"495\" data-end=\"655\">Med en <strong data-start=\"502\" data-end=\"530\">nikotinhalt p\u00e5 10,4 mg\/g<\/strong> \u00e4r Arctic Berry en <strong data-start=\"550\" data-end=\"579\">medelstark nikotinportion<\/strong>, perfekt f\u00f6r dig som s\u00f6ker en smakrik men balanserad upplevelse utan tobak.<\/p>\n<h3 data-start=\"657\" data-end=\"688\">Fakta om 77 VB Arctic Berry<\/h3>\n<ul data-start=\"690\" data-end=\"966\">\n<li data-start=\"690\" data-end=\"711\">\n<p data-start=\"692\" data-end=\"711\"><strong data-start=\"692\" data-end=\"706\">Varum\u00e4rke:<\/strong> 77<\/p>\n<\/li>\n<li data-start=\"712\" data-end=\"761\">\n<p data-start=\"714\" data-end=\"761\"><strong data-start=\"714\" data-end=\"729\">Produkttyp:<\/strong> All White Portion (tobaksfri)<\/p>\n<\/li>\n<li data-start=\"762\" data-end=\"788\">\n<p data-start=\"764\" data-end=\"788\"><strong data-start=\"764\" data-end=\"773\">Smak:<\/strong> B\u00e4r &amp; mentol<\/p>\n<\/li>\n<li data-start=\"789\" data-end=\"818\">\n<p data-start=\"791\" data-end=\"818\"><strong data-start=\"791\" data-end=\"809\">Nikotinstyrka:<\/strong> Medium<\/p>\n<\/li>\n<li data-start=\"819\" data-end=\"849\">\n<p data-start=\"821\" data-end=\"849\"><strong data-start=\"821\" data-end=\"837\">Nikotinhalt:<\/strong> 10,4 mg\/g<\/p>\n<\/li>\n<li data-start=\"850\" data-end=\"870\">\n<p data-start=\"852\" data-end=\"870\"><strong data-start=\"852\" data-end=\"863\">Format:<\/strong> Slim<\/p>\n<\/li>\n<li data-start=\"871\" data-end=\"904\">\n<p data-start=\"873\" data-end=\"904\"><strong data-start=\"873\" data-end=\"895\">Inneh\u00e5ll per dosa:<\/strong> 10,4 g<\/p>\n<\/li>\n<li data-start=\"905\" data-end=\"936\">\n<p data-start=\"907\" data-end=\"936\"><strong data-start=\"907\" data-end=\"919\">Snustyp:<\/strong> Slim All White<\/p>\n<\/li>\n<li data-start=\"937\" data-end=\"966\">\n<p data-start=\"939\" data-end=\"966\"><strong data-start=\"939\" data-end=\"955\">Tillverkare:<\/strong> 77 Group<\/p>\n<\/li>\n<\/ul>\n<h3 data-start=\"968\" data-end=\"1003\">F\u00f6rdelar med 77 VB Arctic Berry<\/h3>\n<ul data-start=\"1005\" data-end=\"1241\">\n<li data-start=\"1005\" data-end=\"1047\">\n<p data-start=\"1007\" data-end=\"1047\"><strong data-start=\"1007\" data-end=\"1045\">Fruktig b\u00e4rsmak med kylande mentol<\/strong><\/p>\n<\/li>\n<li data-start=\"1048\" data-end=\"1111\">\n<p data-start=\"1050\" data-end=\"1111\"><strong data-start=\"1050\" data-end=\"1073\">Diskret Slim-format<\/strong> \u2013 bekv\u00e4mt och osynligt under l\u00e4ppen<\/p>\n<\/li>\n<li data-start=\"1112\" data-end=\"1184\">\n<p data-start=\"1114\" data-end=\"1184\"><strong data-start=\"1114\" data-end=\"1142\">Medelstark nikotinstyrka<\/strong> \u2013 passar b\u00e5de nya och erfarna anv\u00e4ndare<\/p>\n<\/li>\n<li data-start=\"1185\" data-end=\"1241\">\n<p data-start=\"1187\" data-end=\"1241\">Tobaksfri formula som ger en <strong data-start=\"1216\" data-end=\"1241\">ren och fr\u00e4sch k\u00e4nsla<\/strong><\/p>\n<\/li>\n<\/ul>\n<p data-start=\"1243\" data-end=\"1399\">Upplev en perfekt balans mellan b\u00e4rens s\u00f6tma och mentolens fr\u00e4schhet med <strong data-start=\"1316\" data-end=\"1338\">77 VB Arctic Berry<\/strong> \u2013 en modern nikotinportion med tydlig smak och lagom styrka.<\/p>","protected":false},"excerpt":{"rendered":"<h1>77 VB Artic Berry 10,4 mg<\/h1>\n<h1>-All White Portion<\/h1>\n<p><strong data-start=\"215\" data-end=\"237\">77 VB Arctic Berry<\/strong> \u00e4r en tobaksfri nikotinportion i <strong data-start=\"271\" data-end=\"286\">Slim-format<\/strong>, med en fr\u00e4sch och b\u00e4rig smakprofil kombinerad med en <strong data-start=\"341\" data-end=\"362\">sval mentolk\u00e4nsla<\/strong>. Den unika blandningen av <strong data-start=\"389\" data-end=\"401\">s\u00f6ta b\u00e4r<\/strong> och <strong data-start=\"406\" data-end=\"426\">kylande fr\u00e4sch\u00f6r<\/strong> ger en uppiggande smakupplevelse som h\u00e5ller sig fr\u00e4sch hela dagen.<\/p>","protected":false},"featured_media":59783,"comment_status":"open","ping_status":"closed","template":"","meta":[],"product_brand":[327],"product_cat":[434,170,136,137,354],"product_tag":[],"class_list":{"0":"post-69616","1":"product","2":"type-product","3":"status-publish","4":"has-post-thumbnail","6":"product_brand-327","7":"product_cat-upsell1","8":"product_cat-170","9":"product_cat-all-whites","10":"product_cat-slim","11":"product_cat-strongstark","13":"first","14":"instock","15":"sale","16":"sold-individually","17":"taxable","18":"shipping-taxable","19":"purchasable","20":"product-type-simple"},"_links":{"self":[{"href":"https:\/\/snus-malmo.se\/sv\/wp-json\/wp\/v2\/product\/69616","targetHints":{"allow":["GET"]}}],"collection":[{"href":"https:\/\/snus-malmo.se\/sv\/wp-json\/wp\/v2\/product"}],"about":[{"href":"https:\/\/snus-malmo.se\/sv\/wp-json\/wp\/v2\/types\/product"}],"replies":[{"embeddable":true,"href":"https:\/\/snus-malmo.se\/sv\/wp-json\/wp\/v2\/comments?post=69616"}],"version-history":[{"count":0,"href":"https:\/\/snus-malmo.se\/sv\/wp-json\/wp\/v2\/product\/69616\/revisions"}],"wp:featuredmedia":[{"embeddable":true,"href":"https:\/\/snus-malmo.se\/sv\/wp-json\/wp\/v2\/media\/59783"}],"wp:attachment":[{"href":"https:\/\/snus-malmo.se\/sv\/wp-json\/wp\/v2\/media?parent=69616"}],"wp:term":[{"taxonomy":"product_brand","embeddable":true,"href":"https:\/\/snus-malmo.se\/sv\/wp-json\/wp\/v2\/product_brand?post=69616"},{"taxonomy":"product_cat","embeddable":true,"href":"https:\/\/snus-malmo.se\/sv\/wp-json\/wp\/v2\/product_cat?post=69616"},{"taxonomy":"product_tag","embeddable":true,"href":"https:\/\/snus-malmo.se\/sv\/wp-json\/wp\/v2\/product_tag?post=69616"}],"curies":[{"name":"wp","href":"https:\/\/api.w.org\/{rel}","templated":true}]}}