{"id":69622,"date":"2025-11-06T21:56:26","date_gmt":"2025-11-06T21:56:26","guid":{"rendered":"https:\/\/snus-malmo.se\/?post_type=product&#038;p=69622"},"modified":"2025-11-06T21:58:03","modified_gmt":"2025-11-06T21:58:03","slug":"77-raspberry-vanilla-104-mg-2","status":"publish","type":"product","link":"https:\/\/snus-malmo.se\/sv\/produkt\/77-raspberry-vanilla-104-mg-2\/","title":{"rendered":"77 Raspberry Vanilla 10,4 mg"},"content":{"rendered":"<h1>77 Raspberry Vanilla 10,4 mg<\/h1>\n<h1>-All White Portion<\/h1>\n<h2 data-start=\"125\" data-end=\"205\">77 Raspberry Vanilla \u2013 Tobaksfri nikotinportion med smak av hallon och vanilj<\/h2>\n<p data-start=\"207\" data-end=\"541\"><strong data-start=\"207\" data-end=\"231\">77 Raspberry Vanilla<\/strong> \u00e4r en fruktig och kr\u00e4mig nikotinportion i <strong data-start=\"274\" data-end=\"289\">Slim-format<\/strong>, som kombinerar den s\u00f6ta och syrliga smaken av <strong data-start=\"337\" data-end=\"354\">f\u00e4rska hallon<\/strong> med en mjuk och len ton av <strong data-start=\"382\" data-end=\"392\">vanilj<\/strong>. Denna smakblandning ger en behaglig och balanserad upplevelse som passar perfekt f\u00f6r dig som vill ha en mild och smakrik nikotinportion utan tobak.<\/p>\n<p data-start=\"543\" data-end=\"713\">Med en <strong data-start=\"550\" data-end=\"578\">nikotinhalt p\u00e5 10,4 mg\/g<\/strong> \u00e4r Raspberry Vanilla en medelstark nikotinportion, l\u00e4mplig f\u00f6r b\u00e5de nya och vana anv\u00e4ndare som s\u00f6ker en njutbar smak med lagom styrka.<\/p>\n<h3 data-start=\"715\" data-end=\"748\">Fakta om 77 Raspberry Vanilla<\/h3>\n<ul data-start=\"750\" data-end=\"1029\">\n<li data-start=\"750\" data-end=\"771\">\n<p data-start=\"752\" data-end=\"771\"><strong data-start=\"752\" data-end=\"766\">Varum\u00e4rke:<\/strong> 77<\/p>\n<\/li>\n<li data-start=\"772\" data-end=\"821\">\n<p data-start=\"774\" data-end=\"821\"><strong data-start=\"774\" data-end=\"789\">Produkttyp:<\/strong> All White Portion (tobaksfri)<\/p>\n<\/li>\n<li data-start=\"822\" data-end=\"851\">\n<p data-start=\"824\" data-end=\"851\"><strong data-start=\"824\" data-end=\"833\">Smak:<\/strong> Hallon &amp; vanilj<\/p>\n<\/li>\n<li data-start=\"852\" data-end=\"881\">\n<p data-start=\"854\" data-end=\"881\"><strong data-start=\"854\" data-end=\"872\">Nikotinstyrka:<\/strong> Medium<\/p>\n<\/li>\n<li data-start=\"882\" data-end=\"912\">\n<p data-start=\"884\" data-end=\"912\"><strong data-start=\"884\" data-end=\"900\">Nikotinhalt:<\/strong> 10,4 mg\/g<\/p>\n<\/li>\n<li data-start=\"913\" data-end=\"933\">\n<p data-start=\"915\" data-end=\"933\"><strong data-start=\"915\" data-end=\"926\">Format:<\/strong> Slim<\/p>\n<\/li>\n<li data-start=\"934\" data-end=\"967\">\n<p data-start=\"936\" data-end=\"967\"><strong data-start=\"936\" data-end=\"958\">Inneh\u00e5ll per dosa:<\/strong> 10,4 g<\/p>\n<\/li>\n<li data-start=\"968\" data-end=\"999\">\n<p data-start=\"970\" data-end=\"999\"><strong data-start=\"970\" data-end=\"982\">Snustyp:<\/strong> Slim All White<\/p>\n<\/li>\n<li data-start=\"1000\" data-end=\"1029\">\n<p data-start=\"1002\" data-end=\"1029\"><strong data-start=\"1002\" data-end=\"1018\">Tillverkare:<\/strong> 77 Group<\/p>\n<\/li>\n<\/ul>\n<h3 data-start=\"1031\" data-end=\"1069\">Varf\u00f6r v\u00e4lja 77 Raspberry Vanilla?<\/h3>\n<ul data-start=\"1071\" data-end=\"1300\">\n<li data-start=\"1071\" data-end=\"1129\">\n<p data-start=\"1073\" data-end=\"1129\">Frisk och fruktig smak av <strong data-start=\"1099\" data-end=\"1127\">hallon med kr\u00e4mig vanilj<\/strong><\/p>\n<\/li>\n<li data-start=\"1130\" data-end=\"1176\">\n<p data-start=\"1132\" data-end=\"1176\"><strong data-start=\"1132\" data-end=\"1174\">Tobaksfri och fr\u00e4sch all white-portion<\/strong><\/p>\n<\/li>\n<li data-start=\"1177\" data-end=\"1243\">\n<p data-start=\"1179\" data-end=\"1243\">Lagom nikotinstyrka \u2013 passar b\u00e5de nyb\u00f6rjare och vana anv\u00e4ndare<\/p>\n<\/li>\n<li data-start=\"1244\" data-end=\"1300\">\n<p data-start=\"1246\" data-end=\"1300\">Slim-format som ger en bekv\u00e4m och diskret anv\u00e4ndning<\/p>\n<\/li>\n<\/ul>\n<p data-start=\"1302\" data-end=\"1452\">Njut av en len och b\u00e4rig nikotinupplevelse med <strong data-start=\"1349\" data-end=\"1373\">77 Raspberry Vanilla<\/strong> \u2013 en smakrik och tobaksfri portion med perfekt balans mellan s\u00f6tt och syrligt.<\/p>","protected":false},"excerpt":{"rendered":"<h1>77 Raspberry Vanilla 10,4 mg<\/h1>\n<h1>-All White Portion<\/h1>\n<p data-start=\"140\" data-end=\"264\">Tobaksfri nikotinportion med frisk smak av hallon och kr\u00e4mig vanilj. Medelstark nikotinhalt 10,4 mg\/g i bekv\u00e4mt slim-format.<\/p>","protected":false},"featured_media":59778,"comment_status":"open","ping_status":"closed","template":"","meta":[],"product_brand":[327],"product_cat":[170,136,137,354,434],"product_tag":[],"class_list":{"0":"post-69622","1":"product","2":"type-product","3":"status-publish","4":"has-post-thumbnail","6":"product_brand-327","7":"product_cat-170","8":"product_cat-all-whites","9":"product_cat-slim","10":"product_cat-strongstark","11":"product_cat-upsell1","13":"first","14":"instock","15":"sale","16":"sold-individually","17":"taxable","18":"shipping-taxable","19":"purchasable","20":"product-type-simple"},"_links":{"self":[{"href":"https:\/\/snus-malmo.se\/sv\/wp-json\/wp\/v2\/product\/69622","targetHints":{"allow":["GET"]}}],"collection":[{"href":"https:\/\/snus-malmo.se\/sv\/wp-json\/wp\/v2\/product"}],"about":[{"href":"https:\/\/snus-malmo.se\/sv\/wp-json\/wp\/v2\/types\/product"}],"replies":[{"embeddable":true,"href":"https:\/\/snus-malmo.se\/sv\/wp-json\/wp\/v2\/comments?post=69622"}],"version-history":[{"count":0,"href":"https:\/\/snus-malmo.se\/sv\/wp-json\/wp\/v2\/product\/69622\/revisions"}],"wp:featuredmedia":[{"embeddable":true,"href":"https:\/\/snus-malmo.se\/sv\/wp-json\/wp\/v2\/media\/59778"}],"wp:attachment":[{"href":"https:\/\/snus-malmo.se\/sv\/wp-json\/wp\/v2\/media?parent=69622"}],"wp:term":[{"taxonomy":"product_brand","embeddable":true,"href":"https:\/\/snus-malmo.se\/sv\/wp-json\/wp\/v2\/product_brand?post=69622"},{"taxonomy":"product_cat","embeddable":true,"href":"https:\/\/snus-malmo.se\/sv\/wp-json\/wp\/v2\/product_cat?post=69622"},{"taxonomy":"product_tag","embeddable":true,"href":"https:\/\/snus-malmo.se\/sv\/wp-json\/wp\/v2\/product_tag?post=69622"}],"curies":[{"name":"wp","href":"https:\/\/api.w.org\/{rel}","templated":true}]}}