{"id":69628,"date":"2025-11-06T22:03:53","date_gmt":"2025-11-06T22:03:53","guid":{"rendered":"https:\/\/snus-malmo.se\/?post_type=product&#038;p=69628"},"modified":"2025-11-06T22:05:07","modified_gmt":"2025-11-06T22:05:07","slug":"77-peach-mint-104-mg-2","status":"publish","type":"product","link":"https:\/\/snus-malmo.se\/sv\/produkt\/77-peach-mint-104-mg-2\/","title":{"rendered":"77 Peach &#038; Mint 10,4 mg"},"content":{"rendered":"<h1>77 Peach &amp; Mint 10,4 mg<\/h1>\n<h1>-All White Portion<\/h1>\n<p data-start=\"199\" data-end=\"492\"><strong data-start=\"199\" data-end=\"218\">77 Peach &amp; Mint<\/strong> \u00e4r en fr\u00e4sch och fruktig nikotinportion i <strong data-start=\"261\" data-end=\"276\">Slim-format<\/strong>, som kombinerar den s\u00f6ta smaken av <strong data-start=\"312\" data-end=\"332\">solmogen persika<\/strong> med en uppfriskande touch av <strong data-start=\"362\" data-end=\"370\">mint<\/strong>. En perfekt balans mellan fruktig s\u00f6tma och sval friskhet \u2013 f\u00f6r dig som s\u00f6ker en smakrik och tobaksfri nikotinupplevelse.<\/p>\n<p data-start=\"494\" data-end=\"643\">Med en <strong data-start=\"501\" data-end=\"540\">medelstark nikotinhalt p\u00e5 10,4 mg\/g<\/strong> passar denna portion b\u00e5de nya och vana anv\u00e4ndare som f\u00f6redrar en n\u00e5got mildare men \u00e4nd\u00e5 tydlig effekt.<\/p>\n<h3 data-start=\"645\" data-end=\"673\">Fakta om 77 Peach &amp; Mint<\/h3>\n<ul data-start=\"675\" data-end=\"953\">\n<li data-start=\"675\" data-end=\"696\">\n<p data-start=\"677\" data-end=\"696\"><strong data-start=\"677\" data-end=\"691\">Varum\u00e4rke:<\/strong> 77<\/p>\n<\/li>\n<li data-start=\"697\" data-end=\"746\">\n<p data-start=\"699\" data-end=\"746\"><strong data-start=\"699\" data-end=\"714\">Produkttyp:<\/strong> All White Portion (tobaksfri)<\/p>\n<\/li>\n<li data-start=\"747\" data-end=\"775\">\n<p data-start=\"749\" data-end=\"775\"><strong data-start=\"749\" data-end=\"758\">Smak:<\/strong> Persika &amp; mint<\/p>\n<\/li>\n<li data-start=\"776\" data-end=\"805\">\n<p data-start=\"778\" data-end=\"805\"><strong data-start=\"778\" data-end=\"796\">Nikotinstyrka:<\/strong> Medium<\/p>\n<\/li>\n<li data-start=\"806\" data-end=\"836\">\n<p data-start=\"808\" data-end=\"836\"><strong data-start=\"808\" data-end=\"824\">Nikotinhalt:<\/strong> 10,4 mg\/g<\/p>\n<\/li>\n<li data-start=\"837\" data-end=\"857\">\n<p data-start=\"839\" data-end=\"857\"><strong data-start=\"839\" data-end=\"850\">Format:<\/strong> Slim<\/p>\n<\/li>\n<li data-start=\"858\" data-end=\"891\">\n<p data-start=\"860\" data-end=\"891\"><strong data-start=\"860\" data-end=\"882\">Inneh\u00e5ll per dosa:<\/strong> 10,4 g<\/p>\n<\/li>\n<li data-start=\"892\" data-end=\"923\">\n<p data-start=\"894\" data-end=\"923\"><strong data-start=\"894\" data-end=\"906\">Snustyp:<\/strong> Slim All White<\/p>\n<\/li>\n<li data-start=\"924\" data-end=\"953\">\n<p data-start=\"926\" data-end=\"953\"><strong data-start=\"926\" data-end=\"942\">Tillverkare:<\/strong> 77 Group<\/p>\n<\/li>\n<\/ul>\n<h3 data-start=\"955\" data-end=\"987\">F\u00f6rdelar med 77 Peach &amp; Mint<\/h3>\n<ul data-start=\"989\" data-end=\"1217\">\n<li data-start=\"989\" data-end=\"1047\">\n<p data-start=\"991\" data-end=\"1047\">S\u00f6t smak av <strong data-start=\"1003\" data-end=\"1014\">persika<\/strong> med uppfriskande <strong data-start=\"1032\" data-end=\"1045\">minttoner<\/strong><\/p>\n<\/li>\n<li data-start=\"1048\" data-end=\"1101\">\n<p data-start=\"1050\" data-end=\"1101\"><strong data-start=\"1050\" data-end=\"1081\">Tobaksfri all white-portion<\/strong> med fr\u00e4sch k\u00e4nsla<\/p>\n<\/li>\n<li data-start=\"1102\" data-end=\"1167\">\n<p data-start=\"1104\" data-end=\"1167\"><strong data-start=\"1104\" data-end=\"1125\">Medelstark styrka<\/strong> \u2013 passar b\u00e5de nya och erfarna anv\u00e4ndare<\/p>\n<\/li>\n<li data-start=\"1168\" data-end=\"1217\">\n<p data-start=\"1170\" data-end=\"1217\"><strong data-start=\"1170\" data-end=\"1193\">Diskret Slim-format<\/strong> f\u00f6r bekv\u00e4m anv\u00e4ndning<\/p>\n<\/li>\n<\/ul>\n<p data-start=\"1219\" data-end=\"1359\">Upplev en somrig och svalkande nikotinportion med <strong data-start=\"1269\" data-end=\"1288\">77 Peach &amp; Mint<\/strong> \u2013 en smakfull och fr\u00e4sch kombination i ett modernt tobaksfritt format.<\/p>","protected":false},"excerpt":{"rendered":"<h1>77 Peach &amp; Mint 10,4 mg<\/h1>\n<h1>-All White Portion<\/h1>\n<p data-start=\"112\" data-end=\"316\"><strong data-start=\"112\" data-end=\"139\">77 Peach &amp; Mint 10,4 mg<\/strong> \u00e4r en tobaksfri nikotinportion i slim-format med en fruktig smak av s\u00f6t persika och en fr\u00e4sch touch av mint. Medelstark nikotinstyrka som passar b\u00e5de nya och erfarna anv\u00e4ndare.<\/p>","protected":false},"featured_media":59775,"comment_status":"open","ping_status":"closed","template":"","meta":[],"product_brand":[327],"product_cat":[434,170,136,137,354],"product_tag":[],"class_list":{"0":"post-69628","1":"product","2":"type-product","3":"status-publish","4":"has-post-thumbnail","6":"product_brand-327","7":"product_cat-upsell1","8":"product_cat-170","9":"product_cat-all-whites","10":"product_cat-slim","11":"product_cat-strongstark","13":"first","14":"instock","15":"sale","16":"sold-individually","17":"taxable","18":"shipping-taxable","19":"purchasable","20":"product-type-simple"},"_links":{"self":[{"href":"https:\/\/snus-malmo.se\/sv\/wp-json\/wp\/v2\/product\/69628","targetHints":{"allow":["GET"]}}],"collection":[{"href":"https:\/\/snus-malmo.se\/sv\/wp-json\/wp\/v2\/product"}],"about":[{"href":"https:\/\/snus-malmo.se\/sv\/wp-json\/wp\/v2\/types\/product"}],"replies":[{"embeddable":true,"href":"https:\/\/snus-malmo.se\/sv\/wp-json\/wp\/v2\/comments?post=69628"}],"version-history":[{"count":0,"href":"https:\/\/snus-malmo.se\/sv\/wp-json\/wp\/v2\/product\/69628\/revisions"}],"wp:featuredmedia":[{"embeddable":true,"href":"https:\/\/snus-malmo.se\/sv\/wp-json\/wp\/v2\/media\/59775"}],"wp:attachment":[{"href":"https:\/\/snus-malmo.se\/sv\/wp-json\/wp\/v2\/media?parent=69628"}],"wp:term":[{"taxonomy":"product_brand","embeddable":true,"href":"https:\/\/snus-malmo.se\/sv\/wp-json\/wp\/v2\/product_brand?post=69628"},{"taxonomy":"product_cat","embeddable":true,"href":"https:\/\/snus-malmo.se\/sv\/wp-json\/wp\/v2\/product_cat?post=69628"},{"taxonomy":"product_tag","embeddable":true,"href":"https:\/\/snus-malmo.se\/sv\/wp-json\/wp\/v2\/product_tag?post=69628"}],"curies":[{"name":"wp","href":"https:\/\/api.w.org\/{rel}","templated":true}]}}