{"id":69634,"date":"2025-11-06T22:19:07","date_gmt":"2025-11-06T22:19:07","guid":{"rendered":"https:\/\/snus-malmo.se\/?post_type=product&#038;p=69634"},"modified":"2025-11-06T22:21:30","modified_gmt":"2025-11-06T22:21:30","slug":"77-ice-mint-104mg-2","status":"publish","type":"product","link":"https:\/\/snus-malmo.se\/sv\/produkt\/77-ice-mint-104mg-2\/","title":{"rendered":"77 Ice Mint 10,4mg"},"content":{"rendered":"<h1>77 Ice Mint 10,4mg -All White Portion<\/h1>\n<h2 data-start=\"119\" data-end=\"194\">77 Ice Mint \u2013 Tobaksfri nikotinportion med intensiv och kylande mintsmak<\/h2>\n<p data-start=\"196\" data-end=\"462\"><strong data-start=\"196\" data-end=\"211\">77 Ice Mint<\/strong> \u00e4r en kraftigt uppfriskande nikotinportion i <strong data-start=\"257\" data-end=\"272\">Slim-format<\/strong>, som bjuder p\u00e5 en ren och intensiv smak av <strong data-start=\"316\" data-end=\"331\">iskall mint<\/strong>. Den tydliga mentolk\u00e4nslan ger en l\u00e5ngvarig och fr\u00e4sch upplevelse \u2013 perfekt f\u00f6r dig som vill ha en sval nikotinportion utan tobak.<\/p>\n<p data-start=\"464\" data-end=\"623\">Med en <strong data-start=\"471\" data-end=\"512\">medelstark nikotinstyrka p\u00e5 10,4 mg\/g<\/strong> passar 77 Ice Mint b\u00e5de nya och vana anv\u00e4ndare som s\u00f6ker en fr\u00e4sch och balanserad effekt i ett diskret format.<\/p>\n<h3 data-start=\"625\" data-end=\"649\">Fakta om 77 Ice Mint<\/h3>\n<ul data-start=\"651\" data-end=\"926\">\n<li data-start=\"651\" data-end=\"672\">\n<p data-start=\"653\" data-end=\"672\"><strong data-start=\"653\" data-end=\"667\">Varum\u00e4rke:<\/strong> 77<\/p>\n<\/li>\n<li data-start=\"673\" data-end=\"722\">\n<p data-start=\"675\" data-end=\"722\"><strong data-start=\"675\" data-end=\"690\">Produkttyp:<\/strong> All White Portion (tobaksfri)<\/p>\n<\/li>\n<li data-start=\"723\" data-end=\"748\">\n<p data-start=\"725\" data-end=\"748\"><strong data-start=\"725\" data-end=\"734\">Smak:<\/strong> Iskall mint<\/p>\n<\/li>\n<li data-start=\"749\" data-end=\"778\">\n<p data-start=\"751\" data-end=\"778\"><strong data-start=\"751\" data-end=\"769\">Nikotinstyrka:<\/strong> Medium<\/p>\n<\/li>\n<li data-start=\"779\" data-end=\"809\">\n<p data-start=\"781\" data-end=\"809\"><strong data-start=\"781\" data-end=\"797\">Nikotinhalt:<\/strong> 10,4 mg\/g<\/p>\n<\/li>\n<li data-start=\"810\" data-end=\"830\">\n<p data-start=\"812\" data-end=\"830\"><strong data-start=\"812\" data-end=\"823\">Format:<\/strong> Slim<\/p>\n<\/li>\n<li data-start=\"831\" data-end=\"864\">\n<p data-start=\"833\" data-end=\"864\"><strong data-start=\"833\" data-end=\"855\">Inneh\u00e5ll per dosa:<\/strong> 10,4 g<\/p>\n<\/li>\n<li data-start=\"865\" data-end=\"896\">\n<p data-start=\"867\" data-end=\"896\"><strong data-start=\"867\" data-end=\"879\">Snustyp:<\/strong> Slim All White<\/p>\n<\/li>\n<li data-start=\"897\" data-end=\"926\">\n<p data-start=\"899\" data-end=\"926\"><strong data-start=\"899\" data-end=\"915\">Tillverkare:<\/strong> 77 Group<\/p>\n<\/li>\n<\/ul>\n<h3 data-start=\"928\" data-end=\"967\">D\u00e4rf\u00f6r v\u00e4ljer anv\u00e4ndare 77 Ice Mint<\/h3>\n<ul data-start=\"969\" data-end=\"1170\">\n<li data-start=\"969\" data-end=\"1003\">\n<p data-start=\"971\" data-end=\"1003\">Frisk och <strong data-start=\"981\" data-end=\"1001\">kylande mintsmak<\/strong><\/p>\n<\/li>\n<li data-start=\"1004\" data-end=\"1059\">\n<p data-start=\"1006\" data-end=\"1059\"><strong data-start=\"1006\" data-end=\"1035\">Tobaksfri och vit portion<\/strong> \u2013 inga missf\u00e4rgningar<\/p>\n<\/li>\n<li data-start=\"1060\" data-end=\"1116\">\n<p data-start=\"1062\" data-end=\"1116\"><strong data-start=\"1062\" data-end=\"1085\">Lagom nikotinstyrka<\/strong> \u2013 passar de flesta anv\u00e4ndare<\/p>\n<\/li>\n<li data-start=\"1117\" data-end=\"1170\">\n<p data-start=\"1119\" data-end=\"1170\"><strong data-start=\"1119\" data-end=\"1134\">Slim-format<\/strong> f\u00f6r diskret och bekv\u00e4m anv\u00e4ndning<\/p>\n<\/li>\n<\/ul>\n<p data-start=\"1172\" data-end=\"1302\">Njut av en iskall och fr\u00e4sch nikotinupplevelse med <strong data-start=\"1223\" data-end=\"1238\">77 Ice Mint<\/strong> \u2013 perfekt f\u00f6r dig som vill h\u00e5lla det rent, svalt och effektivt.<\/p>","protected":false},"excerpt":{"rendered":"<h1>77 Ice Mint 10,4mg -All White Portion<\/h1>\n<p data-start=\"1353\" data-end=\"1512\"><strong data-start=\"1353\" data-end=\"1376\">77 Ice Mint 10,4 mg<\/strong> \u00e4r en tobaksfri nikotinportion i slim-format med en ren, kraftfull mintsmak. Medelstark styrka f\u00f6r en fr\u00e4sch och balanserad upplevelse.<\/p>\n<p>&nbsp;<\/p>","protected":false},"featured_media":59770,"comment_status":"open","ping_status":"closed","template":"","meta":[],"product_brand":[327],"product_cat":[170,136,137,354,434],"product_tag":[],"class_list":{"0":"post-69634","1":"product","2":"type-product","3":"status-publish","4":"has-post-thumbnail","6":"product_brand-327","7":"product_cat-170","8":"product_cat-all-whites","9":"product_cat-slim","10":"product_cat-strongstark","11":"product_cat-upsell1","13":"first","14":"instock","15":"sale","16":"sold-individually","17":"taxable","18":"shipping-taxable","19":"purchasable","20":"product-type-simple"},"_links":{"self":[{"href":"https:\/\/snus-malmo.se\/sv\/wp-json\/wp\/v2\/product\/69634","targetHints":{"allow":["GET"]}}],"collection":[{"href":"https:\/\/snus-malmo.se\/sv\/wp-json\/wp\/v2\/product"}],"about":[{"href":"https:\/\/snus-malmo.se\/sv\/wp-json\/wp\/v2\/types\/product"}],"replies":[{"embeddable":true,"href":"https:\/\/snus-malmo.se\/sv\/wp-json\/wp\/v2\/comments?post=69634"}],"version-history":[{"count":0,"href":"https:\/\/snus-malmo.se\/sv\/wp-json\/wp\/v2\/product\/69634\/revisions"}],"wp:featuredmedia":[{"embeddable":true,"href":"https:\/\/snus-malmo.se\/sv\/wp-json\/wp\/v2\/media\/59770"}],"wp:attachment":[{"href":"https:\/\/snus-malmo.se\/sv\/wp-json\/wp\/v2\/media?parent=69634"}],"wp:term":[{"taxonomy":"product_brand","embeddable":true,"href":"https:\/\/snus-malmo.se\/sv\/wp-json\/wp\/v2\/product_brand?post=69634"},{"taxonomy":"product_cat","embeddable":true,"href":"https:\/\/snus-malmo.se\/sv\/wp-json\/wp\/v2\/product_cat?post=69634"},{"taxonomy":"product_tag","embeddable":true,"href":"https:\/\/snus-malmo.se\/sv\/wp-json\/wp\/v2\/product_tag?post=69634"}],"curies":[{"name":"wp","href":"https:\/\/api.w.org\/{rel}","templated":true}]}}