{"id":69640,"date":"2025-11-06T22:23:47","date_gmt":"2025-11-06T22:23:47","guid":{"rendered":"https:\/\/snus-malmo.se\/?post_type=product&#038;p=69640"},"modified":"2025-11-06T22:24:58","modified_gmt":"2025-11-06T22:24:58","slug":"77-ghost-cola-20-mg-2","status":"publish","type":"product","link":"https:\/\/snus-malmo.se\/sv\/produkt\/77-ghost-cola-20-mg-2\/","title":{"rendered":"77 Ghost Cola 20 mg"},"content":{"rendered":"<h1>77 Ghost Cola 20 mg &#8211; All White Portion<\/h1>\n<h2 data-start=\"118\" data-end=\"183\">77 Ghost Cola \u2013 Extra stark nikotinportion med iskall colasmak<\/h2>\n<p data-start=\"185\" data-end=\"491\"><strong data-start=\"185\" data-end=\"210\">77 Ghost Cola 20 mg\/g<\/strong> \u00e4r en kraftfull, tobaksfri nikotinportion i <strong data-start=\"255\" data-end=\"270\">Slim-format<\/strong> med en unik smak av <strong data-start=\"291\" data-end=\"308\">klassisk cola<\/strong> blandad med en <strong data-start=\"324\" data-end=\"347\">iskall mentolk\u00e4nsla<\/strong>. Denna smakprofil ger en sp\u00e4nnande twist d\u00e4r s\u00f6tman fr\u00e5n colan m\u00f6ter en intensiv kylig fr\u00e4sch\u00f6r \u2013 f\u00f6r dig som vill ha n\u00e5got ut\u00f6ver det vanliga.<\/p>\n<p data-start=\"493\" data-end=\"680\">Med en <strong data-start=\"500\" data-end=\"538\">extra stark nikotinhalt p\u00e5 20 mg\/g<\/strong> passar 77 Ghost Cola perfekt f\u00f6r erfarna anv\u00e4ndare som s\u00f6ker en rej\u00e4l nikotinkick i kombination med en distinkt och svalkande smakupplevelse.<\/p>\n<h3 data-start=\"682\" data-end=\"708\">Fakta om 77 Ghost Cola<\/h3>\n<ul data-start=\"710\" data-end=\"1003\">\n<li data-start=\"710\" data-end=\"731\">\n<p data-start=\"712\" data-end=\"731\"><strong data-start=\"712\" data-end=\"726\">Varum\u00e4rke:<\/strong> 77<\/p>\n<\/li>\n<li data-start=\"732\" data-end=\"781\">\n<p data-start=\"734\" data-end=\"781\"><strong data-start=\"734\" data-end=\"749\">Produkttyp:<\/strong> All White Portion (tobaksfri)<\/p>\n<\/li>\n<li data-start=\"782\" data-end=\"809\">\n<p data-start=\"784\" data-end=\"809\"><strong data-start=\"784\" data-end=\"793\">Smak:<\/strong> Cola &amp; mentol<\/p>\n<\/li>\n<li data-start=\"810\" data-end=\"844\">\n<p data-start=\"812\" data-end=\"844\"><strong data-start=\"812\" data-end=\"830\">Nikotinstyrka:<\/strong> Extra stark<\/p>\n<\/li>\n<li data-start=\"845\" data-end=\"873\">\n<p data-start=\"847\" data-end=\"873\"><strong data-start=\"847\" data-end=\"863\">Nikotinhalt:<\/strong> 20 mg\/g<\/p>\n<\/li>\n<li data-start=\"874\" data-end=\"894\">\n<p data-start=\"876\" data-end=\"894\"><strong data-start=\"876\" data-end=\"887\">Format:<\/strong> Slim<\/p>\n<\/li>\n<li data-start=\"895\" data-end=\"928\">\n<p data-start=\"897\" data-end=\"928\"><strong data-start=\"897\" data-end=\"919\">Inneh\u00e5ll per dosa:<\/strong> 10,4 g<\/p>\n<\/li>\n<li data-start=\"929\" data-end=\"973\">\n<p data-start=\"931\" data-end=\"973\"><strong data-start=\"931\" data-end=\"943\">Snustyp:<\/strong> Slim All White Extra Strong<\/p>\n<\/li>\n<li data-start=\"974\" data-end=\"1003\">\n<p data-start=\"976\" data-end=\"1003\"><strong data-start=\"976\" data-end=\"992\">Tillverkare:<\/strong> 77 Group<\/p>\n<\/li>\n<\/ul>\n<h3 data-start=\"1005\" data-end=\"1036\">Varf\u00f6r v\u00e4lja 77 Ghost Cola?<\/h3>\n<ul data-start=\"1038\" data-end=\"1255\">\n<li data-start=\"1038\" data-end=\"1086\">\n<p data-start=\"1040\" data-end=\"1086\"><strong data-start=\"1040\" data-end=\"1057\">Unik colasmak<\/strong> med tydlig, kylande mentol<\/p>\n<\/li>\n<li data-start=\"1087\" data-end=\"1137\">\n<p data-start=\"1089\" data-end=\"1137\"><strong data-start=\"1089\" data-end=\"1117\">Tobaksfri nikotinportion<\/strong> med fr\u00e4sch k\u00e4nsla<\/p>\n<\/li>\n<li data-start=\"1138\" data-end=\"1195\">\n<p data-start=\"1140\" data-end=\"1195\"><strong data-start=\"1140\" data-end=\"1169\">Extra stark nikotinstyrka<\/strong> \u2013 f\u00f6r erfarna anv\u00e4ndare<\/p>\n<\/li>\n<li data-start=\"1196\" data-end=\"1255\">\n<p data-start=\"1198\" data-end=\"1255\"><strong data-start=\"1198\" data-end=\"1213\">Slim-format<\/strong> som \u00e4r diskret och bekv\u00e4mt under l\u00e4ppen<\/p>\n<\/li>\n<\/ul>\n<p data-start=\"1257\" data-end=\"1395\">Ge smakl\u00f6karna en upplevelse ut\u00f6ver det vanliga med <strong data-start=\"1309\" data-end=\"1326\">77 Ghost Cola<\/strong> \u2013 en intensiv och sval nikotinportion med h\u00f6g styrka och dj\u00e4rv smak.<\/p>","protected":false},"excerpt":{"rendered":"<h1>77 Ghost Cola 20 mg -All White Portion<\/h1>\n<p data-start=\"185\" data-end=\"491\"><strong data-start=\"185\" data-end=\"210\">77 Ghost Cola 20 mg\/g<\/strong> \u00e4r en kraftfull, tobaksfri nikotinportion i <strong data-start=\"255\" data-end=\"270\">Slim-format<\/strong> med en unik smak av <strong data-start=\"291\" data-end=\"308\">klassisk cola<\/strong> blandad med en <strong data-start=\"324\" data-end=\"347\">iskall mentolk\u00e4nsla<\/strong>. Denna smakprofil ger en sp\u00e4nnande twist d\u00e4r s\u00f6tman fr\u00e5n colan m\u00f6ter en intensiv kylig fr\u00e4sch\u00f6r \u2013 f\u00f6r dig som vill ha n\u00e5got ut\u00f6ver det vanliga.<\/p>\n<p data-start=\"493\" data-end=\"680\">","protected":false},"featured_media":59761,"comment_status":"open","ping_status":"closed","template":"","meta":[],"product_brand":[327],"product_cat":[434,170,136,355,137],"product_tag":[],"class_list":{"0":"post-69640","1":"product","2":"type-product","3":"status-publish","4":"has-post-thumbnail","6":"product_brand-327","7":"product_cat-upsell1","8":"product_cat-170","9":"product_cat-all-whites","10":"product_cat-extra-strongextra-stark","11":"product_cat-slim","13":"first","14":"instock","15":"sale","16":"sold-individually","17":"taxable","18":"shipping-taxable","19":"purchasable","20":"product-type-simple"},"_links":{"self":[{"href":"https:\/\/snus-malmo.se\/sv\/wp-json\/wp\/v2\/product\/69640","targetHints":{"allow":["GET"]}}],"collection":[{"href":"https:\/\/snus-malmo.se\/sv\/wp-json\/wp\/v2\/product"}],"about":[{"href":"https:\/\/snus-malmo.se\/sv\/wp-json\/wp\/v2\/types\/product"}],"replies":[{"embeddable":true,"href":"https:\/\/snus-malmo.se\/sv\/wp-json\/wp\/v2\/comments?post=69640"}],"version-history":[{"count":0,"href":"https:\/\/snus-malmo.se\/sv\/wp-json\/wp\/v2\/product\/69640\/revisions"}],"wp:featuredmedia":[{"embeddable":true,"href":"https:\/\/snus-malmo.se\/sv\/wp-json\/wp\/v2\/media\/59761"}],"wp:attachment":[{"href":"https:\/\/snus-malmo.se\/sv\/wp-json\/wp\/v2\/media?parent=69640"}],"wp:term":[{"taxonomy":"product_brand","embeddable":true,"href":"https:\/\/snus-malmo.se\/sv\/wp-json\/wp\/v2\/product_brand?post=69640"},{"taxonomy":"product_cat","embeddable":true,"href":"https:\/\/snus-malmo.se\/sv\/wp-json\/wp\/v2\/product_cat?post=69640"},{"taxonomy":"product_tag","embeddable":true,"href":"https:\/\/snus-malmo.se\/sv\/wp-json\/wp\/v2\/product_tag?post=69640"}],"curies":[{"name":"wp","href":"https:\/\/api.w.org\/{rel}","templated":true}]}}