{"id":69652,"date":"2025-11-06T22:32:43","date_gmt":"2025-11-06T22:32:43","guid":{"rendered":"https:\/\/snus-malmo.se\/?post_type=product&#038;p=69652"},"modified":"2025-11-06T22:40:15","modified_gmt":"2025-11-06T22:40:15","slug":"77-cola-cherry-104mg-2","status":"publish","type":"product","link":"https:\/\/snus-malmo.se\/sv\/produkt\/77-cola-cherry-104mg-2\/","title":{"rendered":"77 Cola Cherry 10,4mg"},"content":{"rendered":"<h1>77 Cola Cherry\u00a0 10,4mg -All White Portion<\/h1>\n<h2 data-start=\"125\" data-end=\"198\">77 Cola Cherry \u2013 Tobaksfri nikotinportion med smak av cola och k\u00f6rsb\u00e4r<\/h2>\n<p data-start=\"200\" data-end=\"488\"><strong data-start=\"200\" data-end=\"218\">77 Cola Cherry<\/strong> \u00e4r en smakrik nikotinportion i <strong data-start=\"250\" data-end=\"265\">Slim-format<\/strong>, som kombinerar den klassiska smaken av <strong data-start=\"306\" data-end=\"314\">cola<\/strong> med s\u00f6t och syrlig <strong data-start=\"334\" data-end=\"345\">k\u00f6rsb\u00e4r<\/strong>. Denna v\u00e4lbalanserade smakprofil ger en uppfriskande och fruktig upplevelse, perfekt f\u00f6r dig som s\u00f6ker n\u00e5got unikt och l\u00e4ckert i varje prilla.<\/p>\n<p data-start=\"490\" data-end=\"689\">Med en <strong data-start=\"497\" data-end=\"525\">nikotinhalt p\u00e5 10,4 mg\/g<\/strong> erbjuder 77 Cola Cherry en <strong data-start=\"553\" data-end=\"574\">medelstark styrka<\/strong>, vilket g\u00f6r den l\u00e4mplig f\u00f6r b\u00e5de nyb\u00f6rjare och vana anv\u00e4ndare som vill njuta av smak utan att det blir f\u00f6r starkt.<\/p>\n<h3 data-start=\"691\" data-end=\"718\">Fakta om 77 Cola Cherry<\/h3>\n<ul data-start=\"720\" data-end=\"998\">\n<li data-start=\"720\" data-end=\"741\">\n<p data-start=\"722\" data-end=\"741\"><strong data-start=\"722\" data-end=\"736\">Varum\u00e4rke:<\/strong> 77<\/p>\n<\/li>\n<li data-start=\"742\" data-end=\"791\">\n<p data-start=\"744\" data-end=\"791\"><strong data-start=\"744\" data-end=\"759\">Produkttyp:<\/strong> All White Portion (tobaksfri)<\/p>\n<\/li>\n<li data-start=\"792\" data-end=\"820\">\n<p data-start=\"794\" data-end=\"820\"><strong data-start=\"794\" data-end=\"803\">Smak:<\/strong> Cola &amp; k\u00f6rsb\u00e4r<\/p>\n<\/li>\n<li data-start=\"821\" data-end=\"850\">\n<p data-start=\"823\" data-end=\"850\"><strong data-start=\"823\" data-end=\"841\">Nikotinstyrka:<\/strong> Medium<\/p>\n<\/li>\n<li data-start=\"851\" data-end=\"881\">\n<p data-start=\"853\" data-end=\"881\"><strong data-start=\"853\" data-end=\"869\">Nikotinhalt:<\/strong> 10,4 mg\/g<\/p>\n<\/li>\n<li data-start=\"882\" data-end=\"902\">\n<p data-start=\"884\" data-end=\"902\"><strong data-start=\"884\" data-end=\"895\">Format:<\/strong> Slim<\/p>\n<\/li>\n<li data-start=\"903\" data-end=\"936\">\n<p data-start=\"905\" data-end=\"936\"><strong data-start=\"905\" data-end=\"927\">Inneh\u00e5ll per dosa:<\/strong> 10,4 g<\/p>\n<\/li>\n<li data-start=\"937\" data-end=\"968\">\n<p data-start=\"939\" data-end=\"968\"><strong data-start=\"939\" data-end=\"951\">Snustyp:<\/strong> Slim All White<\/p>\n<\/li>\n<li data-start=\"969\" data-end=\"998\">\n<p data-start=\"971\" data-end=\"998\"><strong data-start=\"971\" data-end=\"987\">Tillverkare:<\/strong> 77 Group<\/p>\n<\/li>\n<\/ul>\n<h3 data-start=\"1000\" data-end=\"1042\">D\u00e4rf\u00f6r v\u00e4ljer anv\u00e4ndare 77 Cola Cherry<\/h3>\n<ul data-start=\"1044\" data-end=\"1263\">\n<li data-start=\"1044\" data-end=\"1095\">\n<p data-start=\"1046\" data-end=\"1095\">Sp\u00e4nnande smak av <strong data-start=\"1064\" data-end=\"1093\">cola och fruktigt k\u00f6rsb\u00e4r<\/strong><\/p>\n<\/li>\n<li data-start=\"1096\" data-end=\"1139\">\n<p data-start=\"1098\" data-end=\"1139\"><strong data-start=\"1098\" data-end=\"1137\">Tobaksfri och fr\u00e4sch nikotinportion<\/strong><\/p>\n<\/li>\n<li data-start=\"1140\" data-end=\"1203\">\n<p data-start=\"1142\" data-end=\"1203\"><strong data-start=\"1142\" data-end=\"1165\">Lagom nikotinstyrka<\/strong> f\u00f6r en j\u00e4mn och behaglig upplevelse<\/p>\n<\/li>\n<li data-start=\"1204\" data-end=\"1263\">\n<p data-start=\"1206\" data-end=\"1263\"><strong data-start=\"1206\" data-end=\"1221\">Slim-format<\/strong> som \u00e4r diskret och bekv\u00e4mt under l\u00e4ppen<\/p>\n<\/li>\n<\/ul>\n<p data-start=\"1265\" data-end=\"1412\">Upplev den perfekta balansen mellan s\u00f6tma och friskhet med <strong data-start=\"1324\" data-end=\"1342\">77 Cola Cherry<\/strong> \u2013 en modern all white-portion som f\u00f6rnyar smakupplevelsen utan tobak.<\/p>","protected":false},"excerpt":{"rendered":"<h1>77 Cola Cherry 10,4mg -All White Portion<\/h1>\n<p data-start=\"200\" data-end=\"488\"><strong data-start=\"200\" data-end=\"218\">77 Cola Cherry<\/strong> \u00e4r en smakrik nikotinportion i <strong data-start=\"250\" data-end=\"265\">Slim-format<\/strong>, som kombinerar den klassiska smaken av <strong data-start=\"306\" data-end=\"314\">cola<\/strong> med s\u00f6t och syrlig <strong data-start=\"334\" data-end=\"345\">k\u00f6rsb\u00e4r<\/strong>. Denna v\u00e4lbalanserade smakprofil ger en uppfriskande och fruktig upplevelse, perfekt f\u00f6r dig som s\u00f6ker n\u00e5got unikt och l\u00e4ckert i varje prilla.<\/p>\n<p data-start=\"490\" data-end=\"689\">","protected":false},"featured_media":59752,"comment_status":"open","ping_status":"closed","template":"","meta":[],"product_brand":[327],"product_cat":[434,170,136,137,354],"product_tag":[],"class_list":{"0":"post-69652","1":"product","2":"type-product","3":"status-publish","4":"has-post-thumbnail","6":"product_brand-327","7":"product_cat-upsell1","8":"product_cat-170","9":"product_cat-all-whites","10":"product_cat-slim","11":"product_cat-strongstark","13":"first","14":"instock","15":"sale","16":"sold-individually","17":"taxable","18":"shipping-taxable","19":"purchasable","20":"product-type-simple"},"_links":{"self":[{"href":"https:\/\/snus-malmo.se\/sv\/wp-json\/wp\/v2\/product\/69652","targetHints":{"allow":["GET"]}}],"collection":[{"href":"https:\/\/snus-malmo.se\/sv\/wp-json\/wp\/v2\/product"}],"about":[{"href":"https:\/\/snus-malmo.se\/sv\/wp-json\/wp\/v2\/types\/product"}],"replies":[{"embeddable":true,"href":"https:\/\/snus-malmo.se\/sv\/wp-json\/wp\/v2\/comments?post=69652"}],"version-history":[{"count":0,"href":"https:\/\/snus-malmo.se\/sv\/wp-json\/wp\/v2\/product\/69652\/revisions"}],"wp:featuredmedia":[{"embeddable":true,"href":"https:\/\/snus-malmo.se\/sv\/wp-json\/wp\/v2\/media\/59752"}],"wp:attachment":[{"href":"https:\/\/snus-malmo.se\/sv\/wp-json\/wp\/v2\/media?parent=69652"}],"wp:term":[{"taxonomy":"product_brand","embeddable":true,"href":"https:\/\/snus-malmo.se\/sv\/wp-json\/wp\/v2\/product_brand?post=69652"},{"taxonomy":"product_cat","embeddable":true,"href":"https:\/\/snus-malmo.se\/sv\/wp-json\/wp\/v2\/product_cat?post=69652"},{"taxonomy":"product_tag","embeddable":true,"href":"https:\/\/snus-malmo.se\/sv\/wp-json\/wp\/v2\/product_tag?post=69652"}],"curies":[{"name":"wp","href":"https:\/\/api.w.org\/{rel}","templated":true}]}}