{"id":69657,"date":"2025-11-06T22:32:53","date_gmt":"2025-11-06T22:32:53","guid":{"rendered":"https:\/\/snus-malmo.se\/?post_type=product&#038;p=69657"},"modified":"2025-11-06T22:34:12","modified_gmt":"2025-11-06T22:34:12","slug":"77-blueberry-ice-104mg-2","status":"publish","type":"product","link":"https:\/\/snus-malmo.se\/sv\/produkt\/77-blueberry-ice-104mg-2\/","title":{"rendered":"77 Blueberry ice 10,4mg"},"content":{"rendered":"<h1>77 Blueberry ice 10,4mg -All White Portion<\/h1>\n<h2 data-start=\"124\" data-end=\"205\">77 Blueberry Ice \u2013 Tobaksfri nikotinportion med smak av bl\u00e5b\u00e4r och sval mentol<\/h2>\n<p data-start=\"207\" data-end=\"521\"><strong data-start=\"207\" data-end=\"237\">77 Blueberry Ice 10,4 mg\/g<\/strong> \u00e4r en fruktig och uppfriskande nikotinportion i <strong data-start=\"286\" data-end=\"301\">Slim-format<\/strong>, som kombinerar den s\u00f6ta och fylliga smaken av <strong data-start=\"349\" data-end=\"359\">bl\u00e5b\u00e4r<\/strong> med en <strong data-start=\"367\" data-end=\"391\">kylande mentolk\u00e4nsla<\/strong>. En perfekt balans mellan b\u00e4rig s\u00f6tma och sval fr\u00e4sch\u00f6r \u2013 f\u00f6r dig som vill ha en smakrik och modern nikotinupplevelse utan tobak.<\/p>\n<p data-start=\"523\" data-end=\"677\">Med en <strong data-start=\"530\" data-end=\"571\">medelstark nikotinstyrka p\u00e5 10,4 mg\/g<\/strong> passar Blueberry Ice b\u00e5de nya och vana anv\u00e4ndare som s\u00f6ker en diskret och fr\u00e4sch portion med tydlig smak.<\/p>\n<h3 data-start=\"679\" data-end=\"708\">Fakta om 77 Blueberry Ice<\/h3>\n<ul data-start=\"710\" data-end=\"989\">\n<li data-start=\"710\" data-end=\"731\">\n<p data-start=\"712\" data-end=\"731\"><strong data-start=\"712\" data-end=\"726\">Varum\u00e4rke:<\/strong> 77<\/p>\n<\/li>\n<li data-start=\"732\" data-end=\"781\">\n<p data-start=\"734\" data-end=\"781\"><strong data-start=\"734\" data-end=\"749\">Produkttyp:<\/strong> All White Portion (tobaksfri)<\/p>\n<\/li>\n<li data-start=\"782\" data-end=\"811\">\n<p data-start=\"784\" data-end=\"811\"><strong data-start=\"784\" data-end=\"793\">Smak:<\/strong> Bl\u00e5b\u00e4r &amp; mentol<\/p>\n<\/li>\n<li data-start=\"812\" data-end=\"841\">\n<p data-start=\"814\" data-end=\"841\"><strong data-start=\"814\" data-end=\"832\">Nikotinstyrka:<\/strong> Medium<\/p>\n<\/li>\n<li data-start=\"842\" data-end=\"872\">\n<p data-start=\"844\" data-end=\"872\"><strong data-start=\"844\" data-end=\"860\">Nikotinhalt:<\/strong> 10,4 mg\/g<\/p>\n<\/li>\n<li data-start=\"873\" data-end=\"893\">\n<p data-start=\"875\" data-end=\"893\"><strong data-start=\"875\" data-end=\"886\">Format:<\/strong> Slim<\/p>\n<\/li>\n<li data-start=\"894\" data-end=\"927\">\n<p data-start=\"896\" data-end=\"927\"><strong data-start=\"896\" data-end=\"918\">Inneh\u00e5ll per dosa:<\/strong> 10,4 g<\/p>\n<\/li>\n<li data-start=\"928\" data-end=\"959\">\n<p data-start=\"930\" data-end=\"959\"><strong data-start=\"930\" data-end=\"942\">Snustyp:<\/strong> Slim All White<\/p>\n<\/li>\n<li data-start=\"960\" data-end=\"989\">\n<p data-start=\"962\" data-end=\"989\"><strong data-start=\"962\" data-end=\"978\">Tillverkare:<\/strong> 77 Group<\/p>\n<\/li>\n<\/ul>\n<h3 data-start=\"991\" data-end=\"1024\">F\u00f6rdelar med 77 Blueberry Ice<\/h3>\n<ul data-start=\"1026\" data-end=\"1266\">\n<li data-start=\"1026\" data-end=\"1086\">\n<p data-start=\"1028\" data-end=\"1086\">Frisk och <strong data-start=\"1038\" data-end=\"1061\">fruktig bl\u00e5b\u00e4rssmak<\/strong> med <strong data-start=\"1066\" data-end=\"1084\">kylande mentol<\/strong><\/p>\n<\/li>\n<li data-start=\"1087\" data-end=\"1141\">\n<p data-start=\"1089\" data-end=\"1141\"><strong data-start=\"1089\" data-end=\"1117\">Tobaksfri nikotinportion<\/strong> i diskret Slim-format<\/p>\n<\/li>\n<li data-start=\"1142\" data-end=\"1212\">\n<p data-start=\"1144\" data-end=\"1212\"><strong data-start=\"1144\" data-end=\"1167\">Lagom nikotinstyrka<\/strong> \u2013 passar b\u00e5de nyb\u00f6rjare och vana anv\u00e4ndare<\/p>\n<\/li>\n<li data-start=\"1213\" data-end=\"1266\">\n<p data-start=\"1215\" data-end=\"1266\">Ger en <strong data-start=\"1222\" data-end=\"1244\">ren, fr\u00e4sch k\u00e4nsla<\/strong> utan missf\u00e4rgningar<\/p>\n<\/li>\n<\/ul>\n<p data-start=\"1268\" data-end=\"1392\">Njut av en fruktig och sval nikotinupplevelse med <strong data-start=\"1318\" data-end=\"1338\">77 Blueberry Ice<\/strong> \u2013 en perfekt balans mellan smak, styrka och fr\u00e4sch\u00f6r.<\/p>","protected":false},"excerpt":{"rendered":"<h1>77 Blueberry ice 10,4mg -All White Portion<\/h1>\n<p><strong data-start=\"1443\" data-end=\"1471\">77 Blueberry Ice 10,4 mg<\/strong> \u00e4r en tobaksfri nikotinportion i slim-format med smak av bl\u00e5b\u00e4r och sval mentol. Medelstark styrka \u2013 fr\u00e4sch, fruktig och diskret.<\/p>\n<p>&nbsp;<\/p>","protected":false},"featured_media":59749,"comment_status":"open","ping_status":"closed","template":"","meta":[],"product_brand":[327],"product_cat":[434,170,136,137,354],"product_tag":[],"class_list":{"0":"post-69657","1":"product","2":"type-product","3":"status-publish","4":"has-post-thumbnail","6":"product_brand-327","7":"product_cat-upsell1","8":"product_cat-170","9":"product_cat-all-whites","10":"product_cat-slim","11":"product_cat-strongstark","13":"first","14":"instock","15":"sale","16":"sold-individually","17":"taxable","18":"shipping-taxable","19":"purchasable","20":"product-type-simple"},"_links":{"self":[{"href":"https:\/\/snus-malmo.se\/sv\/wp-json\/wp\/v2\/product\/69657","targetHints":{"allow":["GET"]}}],"collection":[{"href":"https:\/\/snus-malmo.se\/sv\/wp-json\/wp\/v2\/product"}],"about":[{"href":"https:\/\/snus-malmo.se\/sv\/wp-json\/wp\/v2\/types\/product"}],"replies":[{"embeddable":true,"href":"https:\/\/snus-malmo.se\/sv\/wp-json\/wp\/v2\/comments?post=69657"}],"version-history":[{"count":0,"href":"https:\/\/snus-malmo.se\/sv\/wp-json\/wp\/v2\/product\/69657\/revisions"}],"wp:featuredmedia":[{"embeddable":true,"href":"https:\/\/snus-malmo.se\/sv\/wp-json\/wp\/v2\/media\/59749"}],"wp:attachment":[{"href":"https:\/\/snus-malmo.se\/sv\/wp-json\/wp\/v2\/media?parent=69657"}],"wp:term":[{"taxonomy":"product_brand","embeddable":true,"href":"https:\/\/snus-malmo.se\/sv\/wp-json\/wp\/v2\/product_brand?post=69657"},{"taxonomy":"product_cat","embeddable":true,"href":"https:\/\/snus-malmo.se\/sv\/wp-json\/wp\/v2\/product_cat?post=69657"},{"taxonomy":"product_tag","embeddable":true,"href":"https:\/\/snus-malmo.se\/sv\/wp-json\/wp\/v2\/product_tag?post=69657"}],"curies":[{"name":"wp","href":"https:\/\/api.w.org\/{rel}","templated":true}]}}