{"id":69662,"date":"2025-11-06T22:32:58","date_gmt":"2025-11-06T22:32:58","guid":{"rendered":"https:\/\/snus-malmo.se\/?post_type=product&#038;p=69662"},"modified":"2025-11-06T22:36:16","modified_gmt":"2025-11-06T22:36:16","slug":"77-apple-mint-104mg","status":"publish","type":"product","link":"https:\/\/snus-malmo.se\/sv\/produkt\/77-apple-mint-104mg\/","title":{"rendered":"77 Apple Mint 10,4mg."},"content":{"rendered":"<h1>77 Apple Mint Slim Strong -All White Portion<\/h1>\n<h2 data-start=\"121\" data-end=\"191\">77 Apple Mint \u2013 Tobaksfri nikotinportion med smak av \u00e4pple och mint<\/h2>\n<p data-start=\"193\" data-end=\"498\"><strong data-start=\"193\" data-end=\"220\">77 Apple Mint 10,4 mg\/g<\/strong> \u00e4r en fr\u00e4sch och fruktig nikotinportion i <strong data-start=\"263\" data-end=\"278\">Slim-format<\/strong>, med en uppfriskande smak av <strong data-start=\"308\" data-end=\"331\">syrligt gr\u00f6nt \u00e4pple<\/strong> och en mjuk touch av <strong data-start=\"353\" data-end=\"361\">mint<\/strong>. Kombinationen ger en balanserad upplevelse med b\u00e5de fruktighet och svalka \u2013 perfekt f\u00f6r dig som s\u00f6ker en smakrik men tobaksfri portion.<\/p>\n<p data-start=\"500\" data-end=\"677\">Med <strong data-start=\"504\" data-end=\"545\">medelstark nikotinstyrka p\u00e5 10,4 mg\/g<\/strong> \u00e4r 77 Apple Mint ett bra val f\u00f6r b\u00e5de nya och vana anv\u00e4ndare som vill ha en fr\u00e4sch nikotinportion med tydlig smak men lagom effekt.<\/p>\n<h3 data-start=\"679\" data-end=\"705\">Fakta om 77 Apple Mint<\/h3>\n<ul data-start=\"707\" data-end=\"989\">\n<li data-start=\"707\" data-end=\"728\">\n<p data-start=\"709\" data-end=\"728\"><strong data-start=\"709\" data-end=\"723\">Varum\u00e4rke:<\/strong> 77<\/p>\n<\/li>\n<li data-start=\"729\" data-end=\"778\">\n<p data-start=\"731\" data-end=\"778\"><strong data-start=\"731\" data-end=\"746\">Produkttyp:<\/strong> All White Portion (tobaksfri)<\/p>\n<\/li>\n<li data-start=\"779\" data-end=\"811\">\n<p data-start=\"781\" data-end=\"811\"><strong data-start=\"781\" data-end=\"790\">Smak:<\/strong> Gr\u00f6nt \u00e4pple &amp; mint<\/p>\n<\/li>\n<li data-start=\"812\" data-end=\"841\">\n<p data-start=\"814\" data-end=\"841\"><strong data-start=\"814\" data-end=\"832\">Nikotinstyrka:<\/strong> Medium<\/p>\n<\/li>\n<li data-start=\"842\" data-end=\"872\">\n<p data-start=\"844\" data-end=\"872\"><strong data-start=\"844\" data-end=\"860\">Nikotinhalt:<\/strong> 10,4 mg\/g<\/p>\n<\/li>\n<li data-start=\"873\" data-end=\"893\">\n<p data-start=\"875\" data-end=\"893\"><strong data-start=\"875\" data-end=\"886\">Format:<\/strong> Slim<\/p>\n<\/li>\n<li data-start=\"894\" data-end=\"927\">\n<p data-start=\"896\" data-end=\"927\"><strong data-start=\"896\" data-end=\"918\">Inneh\u00e5ll per dosa:<\/strong> 10,4 g<\/p>\n<\/li>\n<li data-start=\"928\" data-end=\"959\">\n<p data-start=\"930\" data-end=\"959\"><strong data-start=\"930\" data-end=\"942\">Snustyp:<\/strong> Slim All White<\/p>\n<\/li>\n<li data-start=\"960\" data-end=\"989\">\n<p data-start=\"962\" data-end=\"989\"><strong data-start=\"962\" data-end=\"978\">Tillverkare:<\/strong> 77 Group<\/p>\n<\/li>\n<\/ul>\n<h3 data-start=\"991\" data-end=\"1021\">F\u00f6rdelar med 77 Apple Mint<\/h3>\n<ul data-start=\"1023\" data-end=\"1237\">\n<li data-start=\"1023\" data-end=\"1079\">\n<p data-start=\"1025\" data-end=\"1079\">Fr\u00e4sch smak av <strong data-start=\"1040\" data-end=\"1057\">syrligt \u00e4pple<\/strong> med <strong data-start=\"1062\" data-end=\"1077\">mintig kyla<\/strong><\/p>\n<\/li>\n<li data-start=\"1080\" data-end=\"1120\">\n<p data-start=\"1082\" data-end=\"1120\"><strong data-start=\"1082\" data-end=\"1118\">Tobaksfri och vit nikotinportion<\/strong><\/p>\n<\/li>\n<li data-start=\"1121\" data-end=\"1174\">\n<p data-start=\"1123\" data-end=\"1174\"><strong data-start=\"1123\" data-end=\"1138\">Slim-format<\/strong> f\u00f6r diskret och bekv\u00e4m anv\u00e4ndning<\/p>\n<\/li>\n<li data-start=\"1175\" data-end=\"1237\">\n<p data-start=\"1177\" data-end=\"1237\"><strong data-start=\"1177\" data-end=\"1198\">Medelstark styrka<\/strong> \u2013 passar b\u00e5de nya och vana anv\u00e4ndare<\/p>\n<\/li>\n<\/ul>\n<p data-start=\"1239\" data-end=\"1367\">Njut av en fruktigt fr\u00e4sch nikotinupplevelse med <strong data-start=\"1288\" data-end=\"1305\">77 Apple Mint<\/strong> \u2013 ett smakfullt, tobaksfritt alternativ i ett modernt format<\/p>","protected":false},"excerpt":{"rendered":"<h1>77 Apple Mint Slim Strong -All White Portion<\/h1>\n<p><strong data-start=\"1418\" data-end=\"1443\">77 Apple Mint 10,4 mg<\/strong> \u00e4r en tobaksfri nikotinportion i slim-format med smak av gr\u00f6nt \u00e4pple och fr\u00e4sch mint. Medelstark styrka f\u00f6r en balanserad och uppiggande upplevelse.<\/p>\n<p>&nbsp;<\/p>","protected":false},"featured_media":29113,"comment_status":"open","ping_status":"closed","template":"","meta":[],"product_brand":[327],"product_cat":[434,170,136,137,354],"product_tag":[],"class_list":{"0":"post-69662","1":"product","2":"type-product","3":"status-publish","4":"has-post-thumbnail","6":"product_brand-327","7":"product_cat-upsell1","8":"product_cat-170","9":"product_cat-all-whites","10":"product_cat-slim","11":"product_cat-strongstark","13":"first","14":"instock","15":"sale","16":"sold-individually","17":"taxable","18":"shipping-taxable","19":"purchasable","20":"product-type-simple"},"_links":{"self":[{"href":"https:\/\/snus-malmo.se\/sv\/wp-json\/wp\/v2\/product\/69662","targetHints":{"allow":["GET"]}}],"collection":[{"href":"https:\/\/snus-malmo.se\/sv\/wp-json\/wp\/v2\/product"}],"about":[{"href":"https:\/\/snus-malmo.se\/sv\/wp-json\/wp\/v2\/types\/product"}],"replies":[{"embeddable":true,"href":"https:\/\/snus-malmo.se\/sv\/wp-json\/wp\/v2\/comments?post=69662"}],"version-history":[{"count":0,"href":"https:\/\/snus-malmo.se\/sv\/wp-json\/wp\/v2\/product\/69662\/revisions"}],"wp:featuredmedia":[{"embeddable":true,"href":"https:\/\/snus-malmo.se\/sv\/wp-json\/wp\/v2\/media\/29113"}],"wp:attachment":[{"href":"https:\/\/snus-malmo.se\/sv\/wp-json\/wp\/v2\/media?parent=69662"}],"wp:term":[{"taxonomy":"product_brand","embeddable":true,"href":"https:\/\/snus-malmo.se\/sv\/wp-json\/wp\/v2\/product_brand?post=69662"},{"taxonomy":"product_cat","embeddable":true,"href":"https:\/\/snus-malmo.se\/sv\/wp-json\/wp\/v2\/product_cat?post=69662"},{"taxonomy":"product_tag","embeddable":true,"href":"https:\/\/snus-malmo.se\/sv\/wp-json\/wp\/v2\/product_tag?post=69662"}],"curies":[{"name":"wp","href":"https:\/\/api.w.org\/{rel}","templated":true}]}}