{"id":69667,"date":"2025-11-06T22:33:06","date_gmt":"2025-11-06T22:33:06","guid":{"rendered":"https:\/\/snus-malmo.se\/?post_type=product&#038;p=69667"},"modified":"2025-11-06T22:37:48","modified_gmt":"2025-11-06T22:37:48","slug":"77-blackcurrant-ice-104-mg-all-white-portion","status":"publish","type":"product","link":"https:\/\/snus-malmo.se\/sv\/produkt\/77-blackcurrant-ice-104-mg-all-white-portion\/","title":{"rendered":"77 Blackcurrant Ice 10,4 mg &#8211; All White Portion"},"content":{"rendered":"<div class=\"product__description rte quick-add-hidden\">\n<article class=\"product-text\">\n<h1 data-start=\"110\" data-end=\"192\">77 Blackcurrant Ice 10,4 mg<\/h1>\n<h2 data-start=\"110\" data-end=\"192\">77 Blackcurrant Ice \u2013 Extra stark nikotinportion med smak av svartvinb\u00e4r och is<\/h2>\n<p data-start=\"194\" data-end=\"492\"><strong data-start=\"194\" data-end=\"217\">77 Blackcurrant Ice<\/strong> \u00e4r en tobaksfri nikotinportion i formatet <strong data-start=\"260\" data-end=\"268\">Slim<\/strong>, som kombinerar den fylliga och b\u00e4riga smaken av <strong data-start=\"318\" data-end=\"333\">svartvinb\u00e4r<\/strong> med en svalkande k\u00e4nsla av <strong data-start=\"361\" data-end=\"376\">isig mentol<\/strong>. Den fruktiga s\u00f6tman m\u00f6ter en fr\u00e4sch kyla \u2013 en smakupplevelse som b\u00e5de sticker ut och h\u00e5ller sig fr\u00e4sch hela dagen.<\/p>\n<p data-start=\"494\" data-end=\"725\">Precis som \u00f6vriga produkter fr\u00e5n varum\u00e4rket <strong data-start=\"538\" data-end=\"544\">77<\/strong>, har Blackcurrant Ice en <strong data-start=\"570\" data-end=\"599\">extra stark nikotinstyrka<\/strong> med <strong data-start=\"604\" data-end=\"630\">20 mg nikotin per gram<\/strong>, vilket g\u00f6r den perfekt f\u00f6r vana anv\u00e4ndare som s\u00f6ker en kraftfull effekt i ett diskret format.<\/p>\n<h3 data-start=\"727\" data-end=\"759\">Fakta om 77 Blackcurrant Ice<\/h3>\n<ul data-start=\"761\" data-end=\"1057\">\n<li data-start=\"761\" data-end=\"782\">\n<p data-start=\"763\" data-end=\"782\"><strong data-start=\"763\" data-end=\"777\">Varum\u00e4rke:<\/strong> 77<\/p>\n<\/li>\n<li data-start=\"783\" data-end=\"832\">\n<p data-start=\"785\" data-end=\"832\"><strong data-start=\"785\" data-end=\"800\">Produkttyp:<\/strong> All White Portion (tobaksfri)<\/p>\n<\/li>\n<li data-start=\"833\" data-end=\"863\">\n<p data-start=\"835\" data-end=\"863\"><strong data-start=\"835\" data-end=\"844\">Smak:<\/strong> Svartvinb\u00e4r &amp; is<\/p>\n<\/li>\n<li data-start=\"864\" data-end=\"898\">\n<p data-start=\"866\" data-end=\"898\"><strong data-start=\"866\" data-end=\"884\">Nikotinstyrka:<\/strong> Extra stark<\/p>\n<\/li>\n<li data-start=\"899\" data-end=\"927\">\n<p data-start=\"901\" data-end=\"927\"><strong data-start=\"901\" data-end=\"917\">Nikotinhalt:<\/strong> 20 mg\/g<\/p>\n<\/li>\n<li data-start=\"928\" data-end=\"948\">\n<p data-start=\"930\" data-end=\"948\"><strong data-start=\"930\" data-end=\"941\">Format:<\/strong> Slim<\/p>\n<\/li>\n<li data-start=\"949\" data-end=\"982\">\n<p data-start=\"951\" data-end=\"982\"><strong data-start=\"951\" data-end=\"973\">Inneh\u00e5ll per dosa:<\/strong> 10,4 g<\/p>\n<\/li>\n<li data-start=\"983\" data-end=\"1027\">\n<p data-start=\"985\" data-end=\"1027\"><strong data-start=\"985\" data-end=\"997\">Snustyp:<\/strong> Slim All White Extra Strong<\/p>\n<\/li>\n<li data-start=\"1028\" data-end=\"1057\">\n<p data-start=\"1030\" data-end=\"1057\"><strong data-start=\"1030\" data-end=\"1046\">Tillverkare:<\/strong> 77 Group<\/p>\n<\/li>\n<\/ul>\n<h3 data-start=\"1059\" data-end=\"1102\">D\u00e4rf\u00f6r v\u00e4ljer m\u00e5nga 77 Blackcurrant Ice<\/h3>\n<ul data-start=\"1104\" data-end=\"1364\">\n<li data-start=\"1104\" data-end=\"1171\">\n<p data-start=\"1106\" data-end=\"1171\">Intensiv och fruktig smak av <strong data-start=\"1135\" data-end=\"1169\">svartvinb\u00e4r med kylande mentol<\/strong><\/p>\n<\/li>\n<li data-start=\"1172\" data-end=\"1227\">\n<p data-start=\"1174\" data-end=\"1227\"><strong data-start=\"1174\" data-end=\"1197\">Diskret Slim-format<\/strong> som \u00e4r bekv\u00e4mt under l\u00e4ppen<\/p>\n<\/li>\n<li data-start=\"1228\" data-end=\"1284\">\n<p data-start=\"1230\" data-end=\"1284\"><strong data-start=\"1230\" data-end=\"1260\">Extra stark nikotinportion<\/strong> f\u00f6r erfarna anv\u00e4ndare<\/p>\n<\/li>\n<li data-start=\"1285\" data-end=\"1364\">\n<p data-start=\"1287\" data-end=\"1364\">En unik smak i ett brett sortiment av <strong data-start=\"1325\" data-end=\"1356\">tobaksfria nikotinportioner<\/strong> fr\u00e5n 77<\/p>\n<\/li>\n<\/ul>\n<p data-start=\"1366\" data-end=\"1511\">Upplev en fr\u00e4sch och fruktig nikotinupplevelse med <strong data-start=\"1417\" data-end=\"1440\">77 Blackcurrant Ice<\/strong> \u2013 en modern all white-portion med h\u00f6g nikotinhalt och balanserad smak.<\/p>\n<\/article>\n<div class=\"buy-pane\">\n<div class=\"tab-content buy-tabs-content\">\n<div id=\"buy\" class=\"tab-pane active\">\n<div>\n<div><\/div>\n<\/div>\n<\/div>\n<\/div>\n<\/div>\n<\/div>\n<p>&nbsp;<\/p>","protected":false},"excerpt":{"rendered":"<h1>77 Blackcurrant Ice 10,4 mg<\/h1>\n<p><strong data-start=\"194\" data-end=\"217\">77 Blackcurrant Ice<\/strong> \u00e4r en tobaksfri nikotinportion i formatet <strong data-start=\"260\" data-end=\"268\">Slim<\/strong>, som kombinerar den fylliga och b\u00e4riga smaken av <strong data-start=\"318\" data-end=\"333\">svartvinb\u00e4r<\/strong> med en svalkande k\u00e4nsla av <strong data-start=\"361\" data-end=\"376\">isig mentol<\/strong>. Den fruktiga s\u00f6tman m\u00f6ter en fr\u00e4sch kyla \u2013 en smakupplevelse som b\u00e5de sticker ut och h\u00e5ller sig fr\u00e4sch hela dagen.<\/p>","protected":false},"featured_media":59743,"comment_status":"open","ping_status":"closed","template":"","meta":[],"product_brand":[327],"product_cat":[434,170,136,137,354],"product_tag":[],"class_list":{"0":"post-69667","1":"product","2":"type-product","3":"status-publish","4":"has-post-thumbnail","6":"product_brand-327","7":"product_cat-upsell1","8":"product_cat-170","9":"product_cat-all-whites","10":"product_cat-slim","11":"product_cat-strongstark","13":"first","14":"instock","15":"sale","16":"sold-individually","17":"taxable","18":"shipping-taxable","19":"purchasable","20":"product-type-simple"},"_links":{"self":[{"href":"https:\/\/snus-malmo.se\/sv\/wp-json\/wp\/v2\/product\/69667","targetHints":{"allow":["GET"]}}],"collection":[{"href":"https:\/\/snus-malmo.se\/sv\/wp-json\/wp\/v2\/product"}],"about":[{"href":"https:\/\/snus-malmo.se\/sv\/wp-json\/wp\/v2\/types\/product"}],"replies":[{"embeddable":true,"href":"https:\/\/snus-malmo.se\/sv\/wp-json\/wp\/v2\/comments?post=69667"}],"version-history":[{"count":0,"href":"https:\/\/snus-malmo.se\/sv\/wp-json\/wp\/v2\/product\/69667\/revisions"}],"wp:featuredmedia":[{"embeddable":true,"href":"https:\/\/snus-malmo.se\/sv\/wp-json\/wp\/v2\/media\/59743"}],"wp:attachment":[{"href":"https:\/\/snus-malmo.se\/sv\/wp-json\/wp\/v2\/media?parent=69667"}],"wp:term":[{"taxonomy":"product_brand","embeddable":true,"href":"https:\/\/snus-malmo.se\/sv\/wp-json\/wp\/v2\/product_brand?post=69667"},{"taxonomy":"product_cat","embeddable":true,"href":"https:\/\/snus-malmo.se\/sv\/wp-json\/wp\/v2\/product_cat?post=69667"},{"taxonomy":"product_tag","embeddable":true,"href":"https:\/\/snus-malmo.se\/sv\/wp-json\/wp\/v2\/product_tag?post=69667"}],"curies":[{"name":"wp","href":"https:\/\/api.w.org\/{rel}","templated":true}]}}