{"id":69672,"date":"2025-11-06T22:33:10","date_gmt":"2025-11-06T22:33:10","guid":{"rendered":"https:\/\/snus-malmo.se\/?post_type=product&#038;p=69672"},"modified":"2025-11-06T22:38:54","modified_gmt":"2025-11-06T22:38:54","slug":"77-cola-vanilla-slim-extra-strong-all-white-portion-2","status":"publish","type":"product","link":"https:\/\/snus-malmo.se\/sv\/produkt\/77-cola-vanilla-slim-extra-strong-all-white-portion-2\/","title":{"rendered":"77 Cola &#038; Vanilla Slim Extra Strong All White Portion"},"content":{"rendered":"<p>77 Cola &amp; Vanilla har en h\u00e4rlig smak av Cola och vanilj med en extra stark nikotinstyrka p\u00e5 20 mg per gram.<\/p>\n<p>77 Cola &amp; Vanilla \u00e4r en Extra stark nikotinportion i formatet Slim\u00a0med smak av vanilj och Cola.<\/p>\n<p>77 \u00e4r ett nytt varum\u00e4rke d\u00e4r alla nikotinportioner har en extra stark nikotinstyrka och kommer i 10 st sp\u00e4nnande smaker.<\/p>\n<p>&nbsp;<\/p>\n<table class=\"product-specs\">\n<thead>\n<tr>\n<th>Fakta om produkten<\/th>\n<th class=\"text-right\"><\/th>\n<\/tr>\n<\/thead>\n<tbody>\n<tr>\n<td class=\"spec-key\">Varum\u00e4rke<\/td>\n<td class=\"spec-value text-right\">77<\/td>\n<\/tr>\n<tr>\n<td class=\"spec-key\">Produkttyp<\/td>\n<td class=\"spec -value text-right\">all white portion<\/td>\n<\/tr>\n<tr>\n<td class=\"spec-key\">Nikotinstyrka<\/td>\n<td class=\"spec -value text-right\">Extra Stark<\/td>\n<\/tr>\n<tr>\n<td class=\"spec-key\">Nikotinhalt<\/td>\n<td class=\"spec -value text-right\">20 mg\/g<\/td>\n<\/tr>\n<tr>\n<td class=\"spec-key\">Smak<\/td>\n<td class=\"spec -value text-right\">Vanilj<\/td>\n<\/tr>\n<tr>\n<td class=\"spec-key\">Inneh\u00e5ll\/f\u00f6rpackning<\/td>\n<td class=\"spec -value text-right\">10 g<\/td>\n<\/tr>\n<tr>\n<td class=\"spec-key\">Snustyp<\/td>\n<td class=\"spec -value text-right\">Slim All White Extra Strong<\/td>\n<\/tr>\n<tr>\n<td class=\"spec-key\">Format<\/td>\n<td class=\"spec -value text-right\">Slim<\/td>\n<\/tr>\n<tr>\n<td class=\"spec-key\">Producent<\/td>\n<td class=\"spec-value text-right\">77 Group<\/td>\n<\/tr>\n<\/tbody>\n<\/table>","protected":false},"excerpt":{"rendered":"<p>77 Cola &amp; Vanilla har en h\u00e4rlig smak av Cola och vanilj med en extra stark nikotinstyrka p\u00e5 20 mg per gram.<\/p>\n<p>77 Cola &amp; Vanilla \u00e4r en Extra stark nikotinportion i formatet Slim\u00a0med smak av vanilj och Cola.<\/p>\n<p>77 \u00e4r ett nytt varum\u00e4rke d\u00e4r alla nikotinportioner har en extra stark nikotinstyrka och kommer i 10 st sp\u00e4nnande smaker.<\/p>","protected":false},"featured_media":59746,"comment_status":"open","ping_status":"closed","template":"","meta":[],"product_brand":[327],"product_cat":[170,136,355,137],"product_tag":[],"class_list":{"0":"post-69672","1":"product","2":"type-product","3":"status-publish","4":"has-post-thumbnail","6":"product_brand-327","7":"product_cat-170","8":"product_cat-all-whites","9":"product_cat-extra-strongextra-stark","10":"product_cat-slim","12":"first","13":"instock","14":"sale","15":"sold-individually","16":"taxable","17":"shipping-taxable","18":"purchasable","19":"product-type-simple"},"_links":{"self":[{"href":"https:\/\/snus-malmo.se\/sv\/wp-json\/wp\/v2\/product\/69672","targetHints":{"allow":["GET"]}}],"collection":[{"href":"https:\/\/snus-malmo.se\/sv\/wp-json\/wp\/v2\/product"}],"about":[{"href":"https:\/\/snus-malmo.se\/sv\/wp-json\/wp\/v2\/types\/product"}],"replies":[{"embeddable":true,"href":"https:\/\/snus-malmo.se\/sv\/wp-json\/wp\/v2\/comments?post=69672"}],"version-history":[{"count":0,"href":"https:\/\/snus-malmo.se\/sv\/wp-json\/wp\/v2\/product\/69672\/revisions"}],"wp:featuredmedia":[{"embeddable":true,"href":"https:\/\/snus-malmo.se\/sv\/wp-json\/wp\/v2\/media\/59746"}],"wp:attachment":[{"href":"https:\/\/snus-malmo.se\/sv\/wp-json\/wp\/v2\/media?parent=69672"}],"wp:term":[{"taxonomy":"product_brand","embeddable":true,"href":"https:\/\/snus-malmo.se\/sv\/wp-json\/wp\/v2\/product_brand?post=69672"},{"taxonomy":"product_cat","embeddable":true,"href":"https:\/\/snus-malmo.se\/sv\/wp-json\/wp\/v2\/product_cat?post=69672"},{"taxonomy":"product_tag","embeddable":true,"href":"https:\/\/snus-malmo.se\/sv\/wp-json\/wp\/v2\/product_tag?post=69672"}],"curies":[{"name":"wp","href":"https:\/\/api.w.org\/{rel}","templated":true}]}}