{"id":69695,"date":"2025-11-09T14:11:00","date_gmt":"2025-11-09T14:11:00","guid":{"rendered":"https:\/\/snus-malmo.se\/?post_type=product&#038;p=69695"},"modified":"2025-11-22T09:54:06","modified_gmt":"2025-11-22T09:54:06","slug":"cohiba-siglo-ii","status":"publish","type":"product","link":"https:\/\/snus-malmo.se\/sv\/produkt\/cohiba-siglo-ii\/","title":{"rendered":"Cohiba Siglo II"},"content":{"rendered":"<h1>Cohiba Siglo II<\/h1>\n<h1><strong style=\"color: #333333; font-size: 16px;\" data-start=\"790\" data-end=\"813\">Cohiba Siglo-serien<\/strong><span style=\"color: #333333; font-size: 16px;\"> \u00e4r en hyllning till kubansk cigarrkultur och tillh\u00f6r v\u00e4rldens mest eftertraktade premiumcigarrer. Serien <\/span><strong style=\"color: #333333; font-size: 16px;\" data-start=\"919\" data-end=\"942\">Siglo I, II och III<\/strong><span style=\"color: #333333; font-size: 16px;\"> representerar tre olika storlekar och karakt\u00e4rer, men alla delar samma unika DNA \u2013 en full\u00e4ndad balans mellan arom, styrka och elegans.<\/span><\/h1>\n<p data-start=\"1080\" data-end=\"1212\">Tillverkade av <strong data-start=\"1095\" data-end=\"1157\">de finaste tobaksbladen fr\u00e5n Vuelta Abajo-regionen p\u00e5 Kuba<\/strong>, erbjuder varje Siglo en sofistikerad r\u00f6kupplevelse.<\/p>\n<ul data-start=\"1213\" data-end=\"1501\">\n<li data-start=\"1213\" data-end=\"1314\">\n<p data-start=\"1215\" data-end=\"1314\"><strong data-start=\"1215\" data-end=\"1233\">Cohiba Siglo I<\/strong> \u2013 kort och intensiv, perfekt f\u00f6r en kortare r\u00f6kupplevelse med tydlig karakt\u00e4r.<\/p>\n<\/li>\n<li data-start=\"1315\" data-end=\"1408\">\n<p data-start=\"1317\" data-end=\"1408\"><strong data-start=\"1317\" data-end=\"1336\">Cohiba Siglo II<\/strong> \u2013 harmonisk och rund med klassisk Cohiba-s\u00f6tma och subtil kryddighet.<\/p>\n<\/li>\n<li data-start=\"1409\" data-end=\"1501\">\n<p data-start=\"1411\" data-end=\"1501\"><strong data-start=\"1411\" data-end=\"1431\">Cohiba Siglo III<\/strong> \u2013 l\u00e4ngre format med djupare smakprofil och len eftersmak som varar.<\/p>\n<\/li>\n<\/ul>\n<p data-start=\"1503\" data-end=\"1633\">Varje cigarr \u00e4r handrullad av m\u00e4stare i <strong data-start=\"1543\" data-end=\"1566\">El Laguito-fabriken<\/strong>, vilket garanterar h\u00f6gsta kvalitet och genuin kubansk tradition.<\/p>\n<p data-start=\"1635\" data-end=\"1883\">Hos <strong data-start=\"1639\" data-end=\"1674\"><a class=\"decorated-link\" href=\"https:\/\/snus-malmo.se\/sv\/\" target=\"_new\" rel=\"noopener\" data-start=\"1641\" data-end=\"1672\">veloop.se<\/a><\/strong> hittar du ett exklusivt urval av <strong data-start=\"1708\" data-end=\"1729\">kubanska cigarrer<\/strong> och premiumtillbeh\u00f6r f\u00f6r den sanna cigarr\u00e4lskaren. Uppt\u00e4ck fler klassiska m\u00e4rken och modeller i v\u00e5r kategori f\u00f6r <a class=\"decorated-link\" href=\"https:\/\/snus-malmo.se\/sv\/cigarr\/\" target=\"_new\" rel=\"noopener\" data-start=\"1843\" data-end=\"1880\">cigarrer<\/a>.<\/p>\n<p data-start=\"1885\" data-end=\"2036\">F\u00f6r mer information om <strong data-start=\"1908\" data-end=\"1918\">Cohiba<\/strong>, dess historia och produktion, bes\u00f6k g\u00e4rna den officiella hemsidan f\u00f6r <a class=\"decorated-link\" href=\"https:\/\/www.habanos.com\/en\/\" target=\"_new\" rel=\"noopener\" data-start=\"1990\" data-end=\"2033\">Habanos S.A.<\/a>.<\/p>","protected":false},"excerpt":{"rendered":"<h1>Cohiba Siglo II<\/h1>\n<p>Upplev \u00e4kta kubansk elegans med <strong data-start=\"392\" data-end=\"422\">Cohiba Siglo I, II och III<\/strong> \u2013 tre ikoniska cigarrer fr\u00e5n v\u00e4rldens mest prestigefyllda cigarrm\u00e4rke. Perfekt balans mellan smak, styrka och hantverk.<\/p>\n<ul data-start=\"1213\" data-end=\"1501\">\n<li data-start=\"1213\" data-end=\"1314\">\n<p data-start=\"1215\" data-end=\"1314\"><strong data-start=\"1215\" data-end=\"1233\">Cohiba Siglo I<\/strong> \u2013 kort och intensiv, perfekt f\u00f6r en kortare r\u00f6kupplevelse med tydlig karakt\u00e4r.<\/p>\n<\/li>\n<li data-start=\"1315\" data-end=\"1408\">\n<p data-start=\"1317\" data-end=\"1408\"><strong data-start=\"1317\" data-end=\"1336\">Cohiba Siglo II<\/strong> \u2013 harmonisk och rund med klassisk Cohiba-s\u00f6tma och subtil kryddighet.<\/p>\n<\/li>\n<li data-start=\"1409\" data-end=\"1501\">\n<p data-start=\"1411\" data-end=\"1501\"><strong data-start=\"1411\" data-end=\"1431\">Cohiba Siglo III<\/strong> \u2013 l\u00e4ngre format med djupare smakprofil och len eftersmak som varar.<\/p>\n<\/li>\n<\/ul>\n<p>Uppt\u00e4ck fler exklusiva cigarrer p\u00e5 <a class=\"decorated-link\" href=\"https:\/\/snus-malmo.se\/sv\/cigarr\/\" target=\"_new\" rel=\"noopener\" data-start=\"578\" data-end=\"623\">veloop.se\/cigarr<\/a>. L\u00e4s mer om varum\u00e4rket p\u00e5 <a class=\"decorated-link\" href=\"https:\/\/www.habanos.com\/en\/\" target=\"_new\" rel=\"noopener\" data-start=\"650\" data-end=\"709\">Habanos officiella webbplats<\/a>.<\/p>","protected":false},"featured_media":69729,"comment_status":"open","ping_status":"closed","template":"","meta":[],"product_brand":[417],"product_cat":[53,187],"product_tag":[],"class_list":{"0":"post-69695","1":"product","2":"type-product","3":"status-publish","4":"has-post-thumbnail","6":"product_brand-cohiba","7":"product_cat-cigarr","8":"product_cat-cohiba","10":"first","11":"outofstock","12":"taxable","13":"shipping-taxable","14":"product-type-simple"},"_links":{"self":[{"href":"https:\/\/snus-malmo.se\/sv\/wp-json\/wp\/v2\/product\/69695","targetHints":{"allow":["GET"]}}],"collection":[{"href":"https:\/\/snus-malmo.se\/sv\/wp-json\/wp\/v2\/product"}],"about":[{"href":"https:\/\/snus-malmo.se\/sv\/wp-json\/wp\/v2\/types\/product"}],"replies":[{"embeddable":true,"href":"https:\/\/snus-malmo.se\/sv\/wp-json\/wp\/v2\/comments?post=69695"}],"version-history":[{"count":0,"href":"https:\/\/snus-malmo.se\/sv\/wp-json\/wp\/v2\/product\/69695\/revisions"}],"wp:featuredmedia":[{"embeddable":true,"href":"https:\/\/snus-malmo.se\/sv\/wp-json\/wp\/v2\/media\/69729"}],"wp:attachment":[{"href":"https:\/\/snus-malmo.se\/sv\/wp-json\/wp\/v2\/media?parent=69695"}],"wp:term":[{"taxonomy":"product_brand","embeddable":true,"href":"https:\/\/snus-malmo.se\/sv\/wp-json\/wp\/v2\/product_brand?post=69695"},{"taxonomy":"product_cat","embeddable":true,"href":"https:\/\/snus-malmo.se\/sv\/wp-json\/wp\/v2\/product_cat?post=69695"},{"taxonomy":"product_tag","embeddable":true,"href":"https:\/\/snus-malmo.se\/sv\/wp-json\/wp\/v2\/product_tag?post=69695"}],"curies":[{"name":"wp","href":"https:\/\/api.w.org\/{rel}","templated":true}]}}