{"id":69700,"date":"2025-11-09T14:14:13","date_gmt":"2025-11-09T14:14:13","guid":{"rendered":"https:\/\/snus-malmo.se\/?post_type=product&#038;p=69700"},"modified":"2025-11-22T09:53:40","modified_gmt":"2025-11-22T09:53:40","slug":"cohiba-wide-short-6","status":"publish","type":"product","link":"https:\/\/snus-malmo.se\/sv\/produkt\/cohiba-wide-short-6\/","title":{"rendered":"COHIBA WIDE SHORT \/6"},"content":{"rendered":"<h1 class=\"product_title entry-title\">COHIBA WIDE SHORT \/6<\/h1>\n<div class=\"after_title_wrapper\">\n<div class=\"product_sale_badge\">\n<p data-start=\"734\" data-end=\"1041\"><strong data-start=\"734\" data-end=\"758\">Cohiba Wide Short \/6<\/strong> \u00e4r den perfekta kombinationen av kubansk tradition och modern bekv\u00e4mlighet. Denna exklusiva short-format cigarr erbjuder den karakt\u00e4ristiska <strong data-start=\"900\" data-end=\"917\">Cohiba-smaken<\/strong> i ett smidigt och snabbt format \u2013 idealiskt f\u00f6r den som vill uppleva den autentiska smaken av Kuba \u00e4ven n\u00e4r tiden \u00e4r knapp.<\/p>\n<p data-start=\"1043\" data-end=\"1325\">Tillverkad av <strong data-start=\"1057\" data-end=\"1080\">100 % kubansk tobak<\/strong> fr\u00e5n den ber\u00f6mda regionen <strong data-start=\"1107\" data-end=\"1123\">Vuelta Abajo<\/strong>, k\u00e4nd f\u00f6r sina f\u00f6rstklassiga tobaksblad, ger <strong data-start=\"1169\" data-end=\"1186\">Wide Short \/6<\/strong> en fyllig men balanserad r\u00f6kupplevelse. Smaken \u00e4r elegant och komplex, med toner av tr\u00e4, kakao och en l\u00e4tt s\u00f6tma som \u00e4r typisk f\u00f6r Cohiba.<\/p>\n<p data-start=\"1327\" data-end=\"1584\">Varje cigarr i <strong data-start=\"1342\" data-end=\"1366\">Cohiba Wide Short \/6<\/strong> levereras f\u00f6rrullad och redo att r\u00f6kas direkt ur f\u00f6rpackningen \u2013 perfekt f\u00f6r b\u00e5de nyb\u00f6rjare och erfarna cigarrentusiaster. Den eleganta f\u00f6rpackningen med sex cigarrer g\u00f6r den dessutom till ett utm\u00e4rkt val som present.<\/p>\n<p data-start=\"1586\" data-end=\"1787\">Uppt\u00e4ck fler exklusiva <strong data-start=\"1609\" data-end=\"1630\">kubanska cigarrer<\/strong> och tillbeh\u00f6r hos <a class=\"decorated-link\" href=\"https:\/\/snus-malmo.se\/sv\/\" target=\"_new\" rel=\"noopener\" data-start=\"1649\" data-end=\"1680\">veloop.se<\/a>. Bes\u00f6k v\u00e5r cigarrkategori f\u00f6r fler varum\u00e4rken och format: <a class=\"decorated-link\" href=\"https:\/\/snus-malmo.se\/sv\/cigarr\/\" target=\"_new\" rel=\"noopener\" data-start=\"1739\" data-end=\"1784\">veloop.se\/cigarr<\/a>.<\/p>\n<p data-start=\"1789\" data-end=\"1913\">F\u00f6r mer information om <strong data-start=\"1812\" data-end=\"1822\">Cohiba<\/strong> och dess rika historia, bes\u00f6k <a class=\"decorated-link\" href=\"https:\/\/www.habanos.com\/en\/\" target=\"_new\" rel=\"noopener\" data-start=\"1853\" data-end=\"1912\">Habanos officiella webbplats<\/a>.<\/p>\n<\/div>\n<div class=\"product_price\"><\/div>\n<\/div>","protected":false},"excerpt":{"rendered":"<h1 class=\"product_title entry-title\">COHIBA WIDE SHORT \/6<\/h1>\n<div class=\"after_title_wrapper\">\n<div class=\"product_sale_badge\"><strong data-start=\"262\" data-end=\"286\">Cohiba Wide Short \/6<\/strong> erbjuder den exklusiva smaken av \u00e4kta kubansk tobak i ett kompakt format. Perfekt f\u00f6r dig som vill njuta av en \u00e4kta Cohiba-upplevelse p\u00e5 kortare tid \u2013 med samma lyx och kvalitet som st\u00f6rre cigarrer. Utforska fler premiumcigarrer p\u00e5 <a class=\"decorated-link\" href=\"https:\/\/snus-malmo.se\/sv\/cigarr\/\" target=\"_new\" rel=\"noopener\" data-start=\"519\" data-end=\"564\">veloop.se\/cigarr<\/a> och l\u00e4s mer om varum\u00e4rket p\u00e5 <a class=\"decorated-link\" href=\"https:\/\/www.habanos.com\/en\/\" target=\"_new\" rel=\"noopener\" data-start=\"594\" data-end=\"653\">Habanos officiella webbplats<\/a>.<\/div>\n<div class=\"product_price\"><\/div>\n<\/div>","protected":false},"featured_media":69732,"comment_status":"open","ping_status":"closed","template":"","meta":[],"product_brand":[417],"product_cat":[32,187],"product_tag":[],"class_list":{"0":"post-69700","1":"product","2":"type-product","3":"status-publish","4":"has-post-thumbnail","6":"product_brand-cohiba","7":"product_cat-cigariller","8":"product_cat-cohiba","10":"first","11":"outofstock","12":"taxable","13":"shipping-taxable","14":"product-type-simple"},"_links":{"self":[{"href":"https:\/\/snus-malmo.se\/sv\/wp-json\/wp\/v2\/product\/69700","targetHints":{"allow":["GET"]}}],"collection":[{"href":"https:\/\/snus-malmo.se\/sv\/wp-json\/wp\/v2\/product"}],"about":[{"href":"https:\/\/snus-malmo.se\/sv\/wp-json\/wp\/v2\/types\/product"}],"replies":[{"embeddable":true,"href":"https:\/\/snus-malmo.se\/sv\/wp-json\/wp\/v2\/comments?post=69700"}],"version-history":[{"count":0,"href":"https:\/\/snus-malmo.se\/sv\/wp-json\/wp\/v2\/product\/69700\/revisions"}],"wp:featuredmedia":[{"embeddable":true,"href":"https:\/\/snus-malmo.se\/sv\/wp-json\/wp\/v2\/media\/69732"}],"wp:attachment":[{"href":"https:\/\/snus-malmo.se\/sv\/wp-json\/wp\/v2\/media?parent=69700"}],"wp:term":[{"taxonomy":"product_brand","embeddable":true,"href":"https:\/\/snus-malmo.se\/sv\/wp-json\/wp\/v2\/product_brand?post=69700"},{"taxonomy":"product_cat","embeddable":true,"href":"https:\/\/snus-malmo.se\/sv\/wp-json\/wp\/v2\/product_cat?post=69700"},{"taxonomy":"product_tag","embeddable":true,"href":"https:\/\/snus-malmo.se\/sv\/wp-json\/wp\/v2\/product_tag?post=69700"}],"curies":[{"name":"wp","href":"https:\/\/api.w.org\/{rel}","templated":true}]}}