{"id":69706,"date":"2025-11-09T14:21:52","date_gmt":"2025-11-09T14:21:52","guid":{"rendered":"https:\/\/snus-malmo.se\/?post_type=product&#038;p=69706"},"modified":"2025-11-12T09:18:00","modified_gmt":"2025-11-12T09:18:00","slug":"h-upmann-corona-tube","status":"publish","type":"product","link":"https:\/\/snus-malmo.se\/sv\/produkt\/h-upmann-corona-tube\/","title":{"rendered":"H. Upmann Corona Tube"},"content":{"rendered":"<h1>H. Upmann Corona Tube<\/h1>\n<p data-start=\"720\" data-end=\"1024\"><strong data-start=\"720\" data-end=\"745\">H. Upmann Corona Tube<\/strong> \u00e4r en ikonisk cigarr som representerar det b\u00e4sta av den klassiska kubanska cigarrtraditionen. M\u00e4rket <strong data-start=\"847\" data-end=\"860\">H. Upmann<\/strong> grundades redan p\u00e5 1800-talet och \u00e4r k\u00e4nt v\u00e4rlden \u00f6ver f\u00f6r sina eleganta och v\u00e4lbalanserade cigarrer \u2013 perfekta f\u00f6r finsmakare som s\u00f6ker subtilitet och kvalitet.<\/p>\n<p data-start=\"1026\" data-end=\"1341\">Denna <strong data-start=\"1032\" data-end=\"1057\">Corona i aluminiumtub<\/strong> \u00e4r tillverkad helt f\u00f6r hand av de finaste tobaksbladen fr\u00e5n <strong data-start=\"1118\" data-end=\"1143\">Vuelta Abajo-regionen<\/strong> p\u00e5 Kuba \u2013 samma omr\u00e5de som levererar tobak till v\u00e4rldens mest exklusiva m\u00e4rken. Tobaksblandningen ger en <strong data-start=\"1249\" data-end=\"1285\">mild till medelfyllig smakprofil<\/strong> med inslag av n\u00f6t, cedertr\u00e4 och en l\u00e4tt kr\u00e4mig s\u00f6tma.<\/p>\n<p data-start=\"1343\" data-end=\"1611\">Den eleganta tuben g\u00f6r <strong data-start=\"1366\" data-end=\"1391\">H. Upmann Corona Tube<\/strong> idealisk f\u00f6r resor eller f\u00f6rvaring, samtidigt som cigarren skyddas mot fukt och skador. Ett perfekt val b\u00e5de f\u00f6r den erfarne cigarrk\u00e4nnaren och f\u00f6r den som vill uppt\u00e4cka den kubanska cigarrkulturen i sin renaste form.<\/p>\n<p data-start=\"1613\" data-end=\"1825\">Utforska fler premiumcigarrer och exklusiva m\u00e4rken hos <a class=\"decorated-link\" href=\"https:\/\/snus-malmo.se\/sv\/\" target=\"_new\" rel=\"noopener\" data-start=\"1668\" data-end=\"1699\">veloop.se<\/a> \u2013 din destination f\u00f6r genuina kubanska cigarrer. Se hela v\u00e5rt sortiment h\u00e4r: <a class=\"decorated-link\" href=\"https:\/\/snus-malmo.se\/sv\/cigarr\/\" target=\"_new\" rel=\"noopener\" data-start=\"1777\" data-end=\"1822\">veloop.se\/cigarr<\/a>.<\/p>\n<p data-start=\"1827\" data-end=\"1969\">F\u00f6r mer information om <strong data-start=\"1850\" data-end=\"1863\">H. Upmann<\/strong> och andra klassiska kubanska m\u00e4rken, bes\u00f6k <a class=\"decorated-link\" href=\"https:\/\/www.habanos.com\/en\/\" target=\"_new\" rel=\"noopener\" data-start=\"1907\" data-end=\"1966\">Habanos officiella webbplats<\/a>.<\/p>","protected":false},"excerpt":{"rendered":"<h1>H. Upmann Corona Tube<\/h1>\n<p><strong data-start=\"262\" data-end=\"287\">H. Upmann Corona Tube<\/strong> \u00e4r en klassisk kubansk cigarr som kombinerar elegans, balans och tradition i ett praktiskt aluminiumr\u00f6r. Perfekt f\u00f6r cigarr\u00e4lskare som uppskattar en mild till medelfyllig smak. Uppt\u00e4ck fler exklusiva cigarrer p\u00e5 <a class=\"decorated-link\" href=\"https:\/\/snus-malmo.se\/sv\/cigarr\/\" target=\"_new\" rel=\"noopener\" data-start=\"500\" data-end=\"545\">veloop.se\/cigarr<\/a> och l\u00e4r dig mer om varum\u00e4rket via <a class=\"decorated-link\" href=\"https:\/\/www.habanos.com\/en\/\" target=\"_new\" rel=\"noopener\" data-start=\"580\" data-end=\"639\">Habanos officiella webbplats<\/a>.<\/p>","protected":false},"featured_media":69748,"comment_status":"open","ping_status":"closed","template":"","meta":[],"product_brand":[417],"product_cat":[53,187],"product_tag":[],"class_list":{"0":"post-69706","1":"product","2":"type-product","3":"status-publish","4":"has-post-thumbnail","6":"product_brand-cohiba","7":"product_cat-cigarr","8":"product_cat-cohiba","10":"first","11":"instock","12":"taxable","13":"shipping-taxable","14":"product-type-simple"},"_links":{"self":[{"href":"https:\/\/snus-malmo.se\/sv\/wp-json\/wp\/v2\/product\/69706","targetHints":{"allow":["GET"]}}],"collection":[{"href":"https:\/\/snus-malmo.se\/sv\/wp-json\/wp\/v2\/product"}],"about":[{"href":"https:\/\/snus-malmo.se\/sv\/wp-json\/wp\/v2\/types\/product"}],"replies":[{"embeddable":true,"href":"https:\/\/snus-malmo.se\/sv\/wp-json\/wp\/v2\/comments?post=69706"}],"version-history":[{"count":0,"href":"https:\/\/snus-malmo.se\/sv\/wp-json\/wp\/v2\/product\/69706\/revisions"}],"wp:featuredmedia":[{"embeddable":true,"href":"https:\/\/snus-malmo.se\/sv\/wp-json\/wp\/v2\/media\/69748"}],"wp:attachment":[{"href":"https:\/\/snus-malmo.se\/sv\/wp-json\/wp\/v2\/media?parent=69706"}],"wp:term":[{"taxonomy":"product_brand","embeddable":true,"href":"https:\/\/snus-malmo.se\/sv\/wp-json\/wp\/v2\/product_brand?post=69706"},{"taxonomy":"product_cat","embeddable":true,"href":"https:\/\/snus-malmo.se\/sv\/wp-json\/wp\/v2\/product_cat?post=69706"},{"taxonomy":"product_tag","embeddable":true,"href":"https:\/\/snus-malmo.se\/sv\/wp-json\/wp\/v2\/product_tag?post=69706"}],"curies":[{"name":"wp","href":"https:\/\/api.w.org\/{rel}","templated":true}]}}