{"id":69708,"date":"2025-11-09T14:26:54","date_gmt":"2025-11-09T14:26:54","guid":{"rendered":"https:\/\/snus-malmo.se\/?post_type=product&#038;p=69708"},"modified":"2025-11-11T20:17:11","modified_gmt":"2025-11-11T20:17:11","slug":"hoyo-de-monterrey","status":"publish","type":"product","link":"https:\/\/snus-malmo.se\/sv\/produkt\/hoyo-de-monterrey\/","title":{"rendered":"HOYO DE MONTERREY"},"content":{"rendered":"<h1 class=\"product_title entry-title\">HOYO DE MONTERREY<\/h1>\n<p data-start=\"842\" data-end=\"1213\"><strong data-start=\"842\" data-end=\"863\">Hoyo de Monterrey<\/strong> \u00e4r ett av Kubas mest klassiska och respekterade cigarrm\u00e4rken \u2013 k\u00e4nt f\u00f6r sin subtila elegans, raffinerade smak och f\u00f6rstklassiga hantverk. Grundat redan p\u00e5 1800-talet i staden San Juan y Mart\u00ednez, hj\u00e4rtat av den ber\u00f6mda <strong data-start=\"1083\" data-end=\"1108\">Vuelta Abajo-regionen<\/strong>, representerar Hoyo de Monterrey den genuina kubanska cigarrtraditionen i sin mest sofistikerade form.<\/p>\n<p data-start=\"1215\" data-end=\"1501\">Cigarrerna fr\u00e5n <strong data-start=\"1231\" data-end=\"1252\">Hoyo de Monterrey<\/strong> k\u00e4nnetecknas av en <strong data-start=\"1272\" data-end=\"1302\">mild till medelfyllig smak<\/strong> med aromer av cedertr\u00e4, n\u00f6tter, kakao och en l\u00e4tt kr\u00e4mig s\u00f6tma. Denna balans g\u00f6r m\u00e4rket popul\u00e4rt b\u00e5de bland erfarna cigarrk\u00e4nnare och de som s\u00f6ker en mjukare men fortfarande komplex r\u00f6kupplevelse.<\/p>\n<p data-start=\"1503\" data-end=\"1752\">Varje cigarr \u00e4r <strong data-start=\"1519\" data-end=\"1557\">handrullad av skickliga torcedores<\/strong> (cigarrmakare) med omsorgsfullt utvalda tobaksblad fr\u00e5n Vuelta Abajo \u2013 ett av v\u00e4rldens mest prestigefyllda odlingsomr\u00e5den. Resultatet \u00e4r en cigarr med perfekt drag, rik arom och uts\u00f6kt finish.<\/p>\n<p data-start=\"1754\" data-end=\"2002\">Hos <strong data-start=\"1758\" data-end=\"1793\"><a class=\"decorated-link\" href=\"https:\/\/snus-malmo.se\/sv\/\" target=\"_new\" rel=\"noopener\" data-start=\"1760\" data-end=\"1791\">veloop.se<\/a><\/strong> hittar du ett noggrant utvalt sortiment av <strong data-start=\"1837\" data-end=\"1858\">kubanska cigarrer<\/strong>, tillbeh\u00f6r och exklusiva m\u00e4rken f\u00f6r den sanna cigarrentusiasten. Utforska hela v\u00e5rt utbud h\u00e4r: <a class=\"decorated-link\" href=\"https:\/\/snus-malmo.se\/sv\/cigarr\/\" target=\"_new\" rel=\"noopener\" data-start=\"1954\" data-end=\"1999\">veloop.se\/cigarr<\/a>.<\/p>\n<p data-start=\"2004\" data-end=\"2197\">Vill du veta mer om <strong data-start=\"2024\" data-end=\"2045\">Hoyo de Monterrey<\/strong> och andra ikoniska kubanska cigarrm\u00e4rken? Bes\u00f6k <a class=\"decorated-link\" href=\"https:\/\/www.habanos.com\/en\/\" target=\"_new\" rel=\"noopener\" data-start=\"2094\" data-end=\"2153\">Habanos officiella webbplats<\/a> f\u00f6r historik, produktion och inspiration.<\/p>","protected":false},"excerpt":{"rendered":"<h1 class=\"product_title entry-title\">HOYO DE MONTERREY<\/h1>\n<p><strong data-start=\"381\" data-end=\"402\">Hoyo de Monterrey<\/strong> erbjuder en klassisk och elegant kubansk cigarrupplevelse med mild till medelfyllig smakprofil och exceptionell balans. En favorit bland k\u00e4nnare som uppskattar hantverk och tradition. Utforska fler exklusiva cigarrer p\u00e5 <a class=\"decorated-link\" href=\"https:\/\/snus-malmo.se\/sv\/cigarr\/\" target=\"_new\" rel=\"noopener\" data-start=\"623\" data-end=\"668\">veloop.se\/cigarr<\/a> och l\u00e4r dig mer om varum\u00e4rket p\u00e5 <a class=\"decorated-link\" href=\"https:\/\/www.habanos.com\/en\/\" target=\"_new\" rel=\"noopener\" data-start=\"702\" data-end=\"761\">Habanos officiella webbplats<\/a><\/p>","protected":false},"featured_media":69733,"comment_status":"open","ping_status":"closed","template":"","meta":[],"product_brand":[417],"product_cat":[53,187],"product_tag":[],"class_list":{"0":"post-69708","1":"product","2":"type-product","3":"status-publish","4":"has-post-thumbnail","6":"product_brand-cohiba","7":"product_cat-cigarr","8":"product_cat-cohiba","10":"first","11":"instock","12":"taxable","13":"shipping-taxable","14":"product-type-simple"},"_links":{"self":[{"href":"https:\/\/snus-malmo.se\/sv\/wp-json\/wp\/v2\/product\/69708","targetHints":{"allow":["GET"]}}],"collection":[{"href":"https:\/\/snus-malmo.se\/sv\/wp-json\/wp\/v2\/product"}],"about":[{"href":"https:\/\/snus-malmo.se\/sv\/wp-json\/wp\/v2\/types\/product"}],"replies":[{"embeddable":true,"href":"https:\/\/snus-malmo.se\/sv\/wp-json\/wp\/v2\/comments?post=69708"}],"version-history":[{"count":0,"href":"https:\/\/snus-malmo.se\/sv\/wp-json\/wp\/v2\/product\/69708\/revisions"}],"wp:featuredmedia":[{"embeddable":true,"href":"https:\/\/snus-malmo.se\/sv\/wp-json\/wp\/v2\/media\/69733"}],"wp:attachment":[{"href":"https:\/\/snus-malmo.se\/sv\/wp-json\/wp\/v2\/media?parent=69708"}],"wp:term":[{"taxonomy":"product_brand","embeddable":true,"href":"https:\/\/snus-malmo.se\/sv\/wp-json\/wp\/v2\/product_brand?post=69708"},{"taxonomy":"product_cat","embeddable":true,"href":"https:\/\/snus-malmo.se\/sv\/wp-json\/wp\/v2\/product_cat?post=69708"},{"taxonomy":"product_tag","embeddable":true,"href":"https:\/\/snus-malmo.se\/sv\/wp-json\/wp\/v2\/product_tag?post=69708"}],"curies":[{"name":"wp","href":"https:\/\/api.w.org\/{rel}","templated":true}]}}