{"id":69716,"date":"2025-11-09T14:41:54","date_gmt":"2025-11-09T14:41:54","guid":{"rendered":"https:\/\/snus-malmo.se\/?post_type=product&#038;p=69716"},"modified":"2025-11-11T20:28:51","modified_gmt":"2025-11-11T20:28:51","slug":"punch-corona-tube","status":"publish","type":"product","link":"https:\/\/snus-malmo.se\/sv\/produkt\/punch-corona-tube\/","title":{"rendered":"Punch Corona Tube"},"content":{"rendered":"<h1>Punch Corona Tube<\/h1>\n<p data-start=\"806\" data-end=\"1161\"><strong data-start=\"806\" data-end=\"820\">Punch Tube<\/strong> \u00e4r en ikonisk kubansk cigarr som kombinerar klassiskt hantverk med bekv\u00e4mligheten av en skyddande aluminiumtub. Cigarren \u00e4r tillverkad av <strong data-start=\"959\" data-end=\"1003\">100 % handrullad tobak fr\u00e5n Vuelta Abajo<\/strong>, den mest prestigefyllda tobaksregionen p\u00e5 Kuba, och erbjuder en <strong data-start=\"1069\" data-end=\"1105\">mild till medelfyllig smakprofil<\/strong> med subtila toner av tr\u00e4, n\u00f6t och en l\u00e4tt kryddighet.<\/p>\n<p data-start=\"1163\" data-end=\"1362\">Aluminiumtuben bevarar cigarrens fr\u00e4sch\u00f6r och aroma, vilket g\u00f6r <strong data-start=\"1227\" data-end=\"1241\">Punch Tube<\/strong> idealisk f\u00f6r resor eller f\u00f6rvaring. Formatet ger ocks\u00e5 en praktisk och elegant presentm\u00f6jlighet f\u00f6r cigarrentusiaster.<\/p>\n<p data-start=\"1364\" data-end=\"1625\">Varje cigarr \u00e4r <strong data-start=\"1380\" data-end=\"1424\">noggrant handgjord av erfarna torcedores<\/strong> och levererar en balanserad och njutbar r\u00f6kupplevelse. Punch Tube \u00e4r ett utm\u00e4rkt val f\u00f6r b\u00e5de nyb\u00f6rjare som vill uppt\u00e4cka kubanska cigarrer och f\u00f6r vana r\u00f6kare som uppskattar tradition och kvalitet.<\/p>\n<p data-start=\"1627\" data-end=\"1849\">Hos <strong data-start=\"1631\" data-end=\"1666\"><a class=\"decorated-link\" href=\"https:\/\/snus-malmo.se\/sv\/\" target=\"_new\" rel=\"noopener\" data-start=\"1633\" data-end=\"1664\">veloop.se<\/a><\/strong> hittar du ett noggrant utvalt sortiment av <strong data-start=\"1710\" data-end=\"1731\">kubanska cigarrer<\/strong>, tillbeh\u00f6r och klassiska m\u00e4rken. Se hela v\u00e5rt utbud av cigarrer h\u00e4r: <a class=\"decorated-link\" href=\"https:\/\/snus-malmo.se\/sv\/cigarr\/\" target=\"_new\" rel=\"noopener\" data-start=\"1801\" data-end=\"1846\">veloop.se\/cigarr<\/a>.<\/p>\n<p data-start=\"1851\" data-end=\"1991\">F\u00f6r mer information om <strong data-start=\"1874\" data-end=\"1883\">Punch<\/strong> och andra klassiska kubanska cigarrer, bes\u00f6k <a class=\"decorated-link\" href=\"https:\/\/www.habanos.com\/en\/\" target=\"_new\" rel=\"noopener\" data-start=\"1929\" data-end=\"1988\">Habanos officiella webbplats<\/a>.<\/p>","protected":false},"excerpt":{"rendered":"<h1>Punch Corona Tube<\/h1>\n<p><strong data-start=\"311\" data-end=\"325\">Punch Tube<\/strong> \u00e4r en klassisk kubansk cigarr i praktiskt aluminiumtub-format som erbjuder en mild till medelfyllig smak med subtila toner av cedertr\u00e4 och krydda. Perfekt f\u00f6r cigarr\u00e4lskare som vill ha kvalitet och tradition i ett kompakt format. Utforska fler premiumcigarrer p\u00e5 <a class=\"decorated-link\" href=\"https:\/\/snus-malmo.se\/sv\/cigarr\/\" target=\"_new\" rel=\"noopener\" data-start=\"589\" data-end=\"634\">veloop.se\/cigarr<\/a> och l\u00e4r dig mer om m\u00e4rket p\u00e5 <a class=\"decorated-link\" href=\"https:\/\/www.habanos.com\/en\/\" target=\"_new\" rel=\"noopener\" data-start=\"664\" data-end=\"723\">Habanos officiella webbplats<\/a>.<\/p>","protected":false},"featured_media":69735,"comment_status":"open","ping_status":"closed","template":"","meta":[],"product_brand":[417],"product_cat":[53,187],"product_tag":[],"class_list":{"0":"post-69716","1":"product","2":"type-product","3":"status-publish","4":"has-post-thumbnail","6":"product_brand-cohiba","7":"product_cat-cigarr","8":"product_cat-cohiba","10":"first","11":"instock","12":"taxable","13":"shipping-taxable","14":"product-type-simple"},"_links":{"self":[{"href":"https:\/\/snus-malmo.se\/sv\/wp-json\/wp\/v2\/product\/69716","targetHints":{"allow":["GET"]}}],"collection":[{"href":"https:\/\/snus-malmo.se\/sv\/wp-json\/wp\/v2\/product"}],"about":[{"href":"https:\/\/snus-malmo.se\/sv\/wp-json\/wp\/v2\/types\/product"}],"replies":[{"embeddable":true,"href":"https:\/\/snus-malmo.se\/sv\/wp-json\/wp\/v2\/comments?post=69716"}],"version-history":[{"count":0,"href":"https:\/\/snus-malmo.se\/sv\/wp-json\/wp\/v2\/product\/69716\/revisions"}],"wp:featuredmedia":[{"embeddable":true,"href":"https:\/\/snus-malmo.se\/sv\/wp-json\/wp\/v2\/media\/69735"}],"wp:attachment":[{"href":"https:\/\/snus-malmo.se\/sv\/wp-json\/wp\/v2\/media?parent=69716"}],"wp:term":[{"taxonomy":"product_brand","embeddable":true,"href":"https:\/\/snus-malmo.se\/sv\/wp-json\/wp\/v2\/product_brand?post=69716"},{"taxonomy":"product_cat","embeddable":true,"href":"https:\/\/snus-malmo.se\/sv\/wp-json\/wp\/v2\/product_cat?post=69716"},{"taxonomy":"product_tag","embeddable":true,"href":"https:\/\/snus-malmo.se\/sv\/wp-json\/wp\/v2\/product_tag?post=69716"}],"curies":[{"name":"wp","href":"https:\/\/api.w.org\/{rel}","templated":true}]}}