{"id":69723,"date":"2025-11-09T14:50:34","date_gmt":"2025-11-09T14:50:34","guid":{"rendered":"https:\/\/snus-malmo.se\/?post_type=product&#038;p=69723"},"modified":"2025-11-12T09:13:48","modified_gmt":"2025-11-12T09:13:48","slug":"bolivar-royal-coronas-tubo","status":"publish","type":"product","link":"https:\/\/snus-malmo.se\/sv\/produkt\/bolivar-royal-coronas-tubo\/","title":{"rendered":"Bol\u00edvar Royal Coronas Tubo"},"content":{"rendered":"<h1>Bol\u00edvar Royal Coronas Tubo<\/h1>\n<p data-start=\"714\" data-end=\"982\"><strong data-start=\"714\" data-end=\"744\">Bol\u00edvar Royal Coronas Tubo<\/strong> \u00e4r en klassisk kubansk cigarr k\u00e4nd f\u00f6r sin fylliga smak och distinkta arom. M\u00e4rket <strong data-start=\"828\" data-end=\"839\">Bol\u00edvar<\/strong> \u00e4r v\u00e4rldsber\u00f6mt f\u00f6r sina kraftfulla cigarrer, och Royal Coronas Tubo lever upp till detta rykte med en <strong data-start=\"943\" data-end=\"979\">robust och njutbar r\u00f6kupplevelse<\/strong>.<\/p>\n<p data-start=\"984\" data-end=\"1319\">Cigarren \u00e4r <strong data-start=\"996\" data-end=\"1020\">124 mm l\u00e5ng (4 7\/8&#8243;)<\/strong> med en <strong data-start=\"1028\" data-end=\"1059\">ring gauge p\u00e5 50 (19,84 mm)<\/strong> och levereras i ett skyddande aluminiumr\u00f6r som bevarar fr\u00e4sch\u00f6ren och aromen. Den robusta konstruktionen och den handrullade tobaken fr\u00e5n <strong data-start=\"1198\" data-end=\"1231\">Vuelta Abajo-regionen p\u00e5 Kuba<\/strong> ger en intensiv men balanserad smakprofil med toner av cedertr\u00e4, jord och kryddighet.<\/p>\n<p data-start=\"1321\" data-end=\"1578\">Varje cigarr \u00e4r <strong data-start=\"1337\" data-end=\"1382\">noggrant handrullad av erfarna torcedores<\/strong> i Habanos-fabriker, vilket garanterar h\u00f6gsta kvalitet och perfekt drag. Bol\u00edvar Royal Coronas Tubo \u00e4r idealisk f\u00f6r den erfarne cigarr\u00e4lskaren som s\u00f6ker en kraftfull och klassisk kubansk cigarr.<\/p>\n<p data-start=\"1580\" data-end=\"1750\">Utforska fler kubanska cigarrer och premiumtillbeh\u00f6r hos <strong data-start=\"1637\" data-end=\"1672\"><a class=\"decorated-link\" href=\"https:\/\/snus-malmo.se\/sv\/\" target=\"_new\" rel=\"noopener\" data-start=\"1639\" data-end=\"1670\">veloop.se<\/a><\/strong>. Se hela v\u00e5rt sortiment h\u00e4r: <a class=\"decorated-link\" href=\"https:\/\/snus-malmo.se\/sv\/cigarr\/\" target=\"_new\" rel=\"noopener\" data-start=\"1702\" data-end=\"1747\">veloop.se\/cigarr<\/a>.<\/p>\n<p data-start=\"1752\" data-end=\"1894\">F\u00f6r mer information om <strong data-start=\"1775\" data-end=\"1786\">Bol\u00edvar<\/strong> och andra klassiska kubanska cigarrer, bes\u00f6k <a class=\"decorated-link\" href=\"https:\/\/www.habanos.com\/en\/\" target=\"_new\" rel=\"noopener\" data-start=\"1832\" data-end=\"1891\">Habanos officiella webbplats<\/a>.<\/p>","protected":false},"excerpt":{"rendered":"<h1>Bol\u00edvar Royal Coronas Tubo<\/h1>\n<p><strong data-start=\"291\" data-end=\"321\">Bol\u00edvar Royal Coronas Tubo<\/strong> \u00e4r en robust kubansk cigarr med kraftfull smak och en fyllig arom. Perfekt f\u00f6r cigarrentusiaster som uppskattar tradition och h\u00f6g kvalitet. Uppt\u00e4ck fler exklusiva cigarrer p\u00e5 <a class=\"decorated-link\" href=\"https:\/\/snus-malmo.se\/sv\/cigarr\/\" target=\"_new\" rel=\"noopener\" data-start=\"497\" data-end=\"542\">veloop.se\/cigarr<\/a> och l\u00e4s mer om varum\u00e4rket p\u00e5 <a class=\"decorated-link\" href=\"https:\/\/www.habanos.com\/en\/\" target=\"_new\" rel=\"noopener\" data-start=\"572\" data-end=\"631\">Habanos officiella webbplats<\/a>.<\/p>","protected":false},"featured_media":69747,"comment_status":"open","ping_status":"closed","template":"","meta":[],"product_brand":[417],"product_cat":[53,187],"product_tag":[],"class_list":{"0":"post-69723","1":"product","2":"type-product","3":"status-publish","4":"has-post-thumbnail","6":"product_brand-cohiba","7":"product_cat-cigarr","8":"product_cat-cohiba","10":"first","11":"instock","12":"taxable","13":"shipping-taxable","14":"product-type-simple"},"_links":{"self":[{"href":"https:\/\/snus-malmo.se\/sv\/wp-json\/wp\/v2\/product\/69723","targetHints":{"allow":["GET"]}}],"collection":[{"href":"https:\/\/snus-malmo.se\/sv\/wp-json\/wp\/v2\/product"}],"about":[{"href":"https:\/\/snus-malmo.se\/sv\/wp-json\/wp\/v2\/types\/product"}],"replies":[{"embeddable":true,"href":"https:\/\/snus-malmo.se\/sv\/wp-json\/wp\/v2\/comments?post=69723"}],"version-history":[{"count":0,"href":"https:\/\/snus-malmo.se\/sv\/wp-json\/wp\/v2\/product\/69723\/revisions"}],"wp:featuredmedia":[{"embeddable":true,"href":"https:\/\/snus-malmo.se\/sv\/wp-json\/wp\/v2\/media\/69747"}],"wp:attachment":[{"href":"https:\/\/snus-malmo.se\/sv\/wp-json\/wp\/v2\/media?parent=69723"}],"wp:term":[{"taxonomy":"product_brand","embeddable":true,"href":"https:\/\/snus-malmo.se\/sv\/wp-json\/wp\/v2\/product_brand?post=69723"},{"taxonomy":"product_cat","embeddable":true,"href":"https:\/\/snus-malmo.se\/sv\/wp-json\/wp\/v2\/product_cat?post=69723"},{"taxonomy":"product_tag","embeddable":true,"href":"https:\/\/snus-malmo.se\/sv\/wp-json\/wp\/v2\/product_tag?post=69723"}],"curies":[{"name":"wp","href":"https:\/\/api.w.org\/{rel}","templated":true}]}}