{"id":69725,"date":"2025-11-09T14:52:49","date_gmt":"2025-11-09T14:52:49","guid":{"rendered":"https:\/\/snus-malmo.se\/?post_type=product&#038;p=69725"},"modified":"2025-11-12T09:10:57","modified_gmt":"2025-11-12T09:10:57","slug":"bolivar-no-3-coronas-tubo","status":"publish","type":"product","link":"https:\/\/snus-malmo.se\/sv\/produkt\/bolivar-no-3-coronas-tubo\/","title":{"rendered":"Bol\u00edvar No. 3 Coronas Tubo"},"content":{"rendered":"<h1>Bol\u00edvar No. 3 Coronas Tubo<\/h1>\n<h3 data-start=\"211\" data-end=\"245\"><strong data-start=\"215\" data-end=\"245\">Bol\u00edvar No. 3 Coronas Tubo<\/strong><\/h3>\n<p data-start=\"247\" data-end=\"531\"><strong data-start=\"247\" data-end=\"277\">Bol\u00edvar No. 3 Coronas Tubo<\/strong> \u00e4r en klassisk kubansk cigarr som b\u00e4r m\u00e4rkets signatur \u2013 kraft, djup och elegans. Bol\u00edvar \u00e4r k\u00e4nt v\u00e4rlden \u00f6ver f\u00f6r sina intensiva och smakrika cigarrer, och No. 3 Coronas Tubo lever verkligen upp till sitt namn med en rik och balanserad r\u00f6kupplevelse.<\/p>\n<p data-start=\"533\" data-end=\"787\">Cigarren m\u00e4ter <strong data-start=\"548\" data-end=\"567\">124 mm (4 7\/8\u201d)<\/strong> i l\u00e4ngd och har en <strong data-start=\"587\" data-end=\"618\">ring gauge p\u00e5 50 (19,84 mm)<\/strong>. Den levereras i ett <strong data-start=\"640\" data-end=\"667\">skyddande aluminiumtubo<\/strong> som bevarar tobaken i perfekt skick och s\u00e4kerst\u00e4ller att aromen och fr\u00e4sch\u00f6ren finns kvar tills stunden d\u00e5 den t\u00e4nds.<\/p>\n<p data-start=\"789\" data-end=\"1087\">Inuti d\u00f6ljer sig noggrant <strong data-start=\"815\" data-end=\"862\">handrullad tobak fr\u00e5n Vuelta Abajo-regionen<\/strong> p\u00e5 Kuba \u2013 ett omr\u00e5de k\u00e4nt f\u00f6r sin exceptionella jordm\u00e5n och h\u00f6ga kvalitet. Resultatet \u00e4r en fyllig cigarr med <strong data-start=\"973\" data-end=\"1012\">toner av ceder, jord och kryddighet<\/strong>, d\u00e4r varje drag bjuder p\u00e5 en harmonisk balans mellan styrka och elegans.<\/p>\n<p data-start=\"1089\" data-end=\"1247\">Varje <strong data-start=\"1095\" data-end=\"1112\">Bol\u00edvar No. 3<\/strong> tillverkas f\u00f6r hand av erfarna <strong data-start=\"1144\" data-end=\"1158\">torcedores<\/strong> i Habanos-fabriker, vilket garanterar ett perfekt drag och en konsekvent h\u00f6g kvalitet.<\/p>\n<p data-start=\"1249\" data-end=\"1395\">Detta \u00e4r en cigarr f\u00f6r den <strong data-start=\"1276\" data-end=\"1295\">erfarne r\u00f6karen<\/strong> som uppskattar en <strong data-start=\"1314\" data-end=\"1370\">kraftfull, traditionell och autentisk kubansk cigarr<\/strong> med distinkt karakt\u00e4r.<\/p>\n<p data-start=\"1580\" data-end=\"1750\">Utforska fler kubanska cigarrer och premiumtillbeh\u00f6r hos <strong data-start=\"1637\" data-end=\"1672\"><a class=\"decorated-link\" href=\"https:\/\/snus-malmo.se\/sv\/\" target=\"_new\" rel=\"noopener\" data-start=\"1639\" data-end=\"1670\">veloop.se<\/a><\/strong>. Se hela v\u00e5rt sortiment h\u00e4r: <a class=\"decorated-link\" href=\"https:\/\/snus-malmo.se\/sv\/cigarr\/\" target=\"_new\" rel=\"noopener\" data-start=\"1702\" data-end=\"1747\">veloop.se\/cigarr<\/a>.<\/p>\n<p data-start=\"1752\" data-end=\"1894\">F\u00f6r mer information om <strong data-start=\"1775\" data-end=\"1786\">Bol\u00edvar<\/strong> och andra klassiska kubanska cigarrer, bes\u00f6k <a class=\"decorated-link\" href=\"https:\/\/www.habanos.com\/en\/\" target=\"_new\" rel=\"noopener\" data-start=\"1832\" data-end=\"1891\">Habanos officiella webbplats<\/a>.<\/p>","protected":false},"excerpt":{"rendered":"<h1>Bol\u00edvar No. 3 Coronas Tubo<\/h1>\n<p><strong data-start=\"247\" data-end=\"277\">Bol\u00edvar No. 3 Coronas Tubo<\/strong> \u00e4r en klassisk kubansk cigarr som b\u00e4r m\u00e4rkets signatur \u2013 kraft, djup och elegans. Bol\u00edvar \u00e4r k\u00e4nt v\u00e4rlden \u00f6ver f\u00f6r sina intensiva och smakrika cigarrer, och No. 3 Coronas Tubo lever verkligen upp till sitt namn med en rik och balanserad r\u00f6kupplevelse. Uppt\u00e4ck fler exklusiva cigarrer p\u00e5 <a class=\"decorated-link\" href=\"https:\/\/snus-malmo.se\/sv\/cigarr\/\" target=\"_new\" rel=\"noopener\" data-start=\"497\" data-end=\"542\">veloop.se\/cigarr<\/a> och l\u00e4s mer om varum\u00e4rket p\u00e5 <a class=\"decorated-link\" href=\"https:\/\/www.habanos.com\/en\/\" target=\"_new\" rel=\"noopener\" data-start=\"572\" data-end=\"631\">Habanos officiella webbplats<\/a>.<\/p>","protected":false},"featured_media":69739,"comment_status":"open","ping_status":"closed","template":"","meta":[],"product_brand":[417],"product_cat":[53,187],"product_tag":[],"class_list":{"0":"post-69725","1":"product","2":"type-product","3":"status-publish","4":"has-post-thumbnail","6":"product_brand-cohiba","7":"product_cat-cigarr","8":"product_cat-cohiba","10":"first","11":"instock","12":"taxable","13":"shipping-taxable","14":"product-type-simple"},"_links":{"self":[{"href":"https:\/\/snus-malmo.se\/sv\/wp-json\/wp\/v2\/product\/69725","targetHints":{"allow":["GET"]}}],"collection":[{"href":"https:\/\/snus-malmo.se\/sv\/wp-json\/wp\/v2\/product"}],"about":[{"href":"https:\/\/snus-malmo.se\/sv\/wp-json\/wp\/v2\/types\/product"}],"replies":[{"embeddable":true,"href":"https:\/\/snus-malmo.se\/sv\/wp-json\/wp\/v2\/comments?post=69725"}],"version-history":[{"count":0,"href":"https:\/\/snus-malmo.se\/sv\/wp-json\/wp\/v2\/product\/69725\/revisions"}],"wp:featuredmedia":[{"embeddable":true,"href":"https:\/\/snus-malmo.se\/sv\/wp-json\/wp\/v2\/media\/69739"}],"wp:attachment":[{"href":"https:\/\/snus-malmo.se\/sv\/wp-json\/wp\/v2\/media?parent=69725"}],"wp:term":[{"taxonomy":"product_brand","embeddable":true,"href":"https:\/\/snus-malmo.se\/sv\/wp-json\/wp\/v2\/product_brand?post=69725"},{"taxonomy":"product_cat","embeddable":true,"href":"https:\/\/snus-malmo.se\/sv\/wp-json\/wp\/v2\/product_cat?post=69725"},{"taxonomy":"product_tag","embeddable":true,"href":"https:\/\/snus-malmo.se\/sv\/wp-json\/wp\/v2\/product_tag?post=69725"}],"curies":[{"name":"wp","href":"https:\/\/api.w.org\/{rel}","templated":true}]}}