{"id":69973,"date":"2025-11-21T20:50:13","date_gmt":"2025-11-21T20:50:13","guid":{"rendered":"https:\/\/snus-malmo.se\/?post_type=product&#038;p=69973"},"modified":"2025-11-21T20:54:22","modified_gmt":"2025-11-21T20:54:22","slug":"avant-raspberry-liqorice-2","status":"publish","type":"product","link":"https:\/\/snus-malmo.se\/sv\/produkt\/avant-raspberry-liqorice-2\/","title":{"rendered":"Avant Raspberry Liqorice"},"content":{"rendered":"<div class=\"product__description rte quick-add-hidden\">\n<article class=\"product-text\">Avant Raspberry Liqorice \u00e4r ett\u00a0<strong>hallon, lakrits<\/strong>\u00a0smakbearbetat snus fr\u00e5n m\u00e4rket Avant. Produkten har en normal styrka och presenteras i Slim-format med 20 prillor per dosa. Denna produkt av typen vitt snus framst\u00e4lls av Kurbits Snus AB.<\/article>\n<div class=\"buy-pane\">\n<div class=\"tab-content buy-tabs-content\">\n<div id=\"buy\" class=\"tab-pane active\">\n<div>\n<div class=\"variants list\">\n<h2>Om produkten Avant Raspberry Liqorice<\/h2>\n<p>Avant Raspberry Liqorice \u00e4r en produkt fr\u00e5n varum\u00e4rket Avant, framst\u00e4lld av Kurbits Snus AB. Produkten \u00e4r av typen vitt snus, \u00e4ven k\u00e4nd som All White Portion. Snuset \u00e4r framst\u00e4llt i Slim-format, vilket inneb\u00e4r att varje prilla har ett smalare format. Produkten inneh\u00e5ller inte tobak, men inneh\u00e5ller nikotin. Nikotinhalten i detta snus klassificeras som normal.<\/p>\n<h2>Avant Raspberry Liqorice: Smak och Nikotinm\u00e4ngd<\/h2>\n<p>Denna vitt snus-produkt, Avant Raspberry Liqorice, har smaker av Hallon och Lakrits i Slim-format. Bed\u00f6mningen av produkten \u00e4r en vanlig styrka vilket motsvarar en nikotinhalten p\u00e5 7,8 Mg\/prilla och 12,0 Mg\/G.<\/p>\n<h3>Format f\u00f6r portionerna: Slim<\/h3>\n<p>Avant Raspberry Liqorice presenteras i Slim-format. Detta format \u00e4r smalare j\u00e4mf\u00f6rt med standardformat och bidrar till ett mindre i\u00f6gonfallande format vid anv\u00e4ndning.<\/p>\n<h3>Information om Avant Raspberry Liqorice:<\/h3>\n<ul>\n<li><strong>Kategori:<\/strong>\u00a0Vitt snus<\/li>\n<li><strong>Smakegenskaper:<\/strong>\u00a0Hallon, Lakrits<\/li>\n<li><strong>Definition av styrka:<\/strong>\u00a0Normal<\/li>\n<li><strong>Tillverkare:<\/strong>\u00a0Kurbits Snus AB<\/li>\n<li><strong>Nikotin Mg\/prilla:<\/strong>\u00a07,8<\/li>\n<li><strong>Antal prillor per dosa:<\/strong>\u00a020<\/li>\n<\/ul>\n<h3>Fler data om Avant<\/h3>\n<p>Avant \u00e4r ett varum\u00e4rke framtaget av Kurbits Snus AB. M\u00e4rket introducerar ett omfattande sortiment av snusprodukter, inr\u00e4knat produkter av typen vitt snus.<\/p>\n<\/div>\n<\/div>\n<\/div>\n<\/div>\n<\/div>\n<\/div>\n<p>&nbsp;<\/p>","protected":false},"excerpt":{"rendered":"<article class=\"product-text\">Avant Raspberry Liqorice \u00e4r ett\u00a0<strong>hallon, lakrits<\/strong>\u00a0smakbearbetat snus fr\u00e5n m\u00e4rket Avant. Produkten har en normal styrka och presenteras i Slim-format med 20 prillor per dosa. Denna produkt av typen vitt snus framst\u00e4lls av Kurbits Snus AB.<\/article>\n<div class=\"buy-pane\">\n<div class=\"tab-content buy-tabs-content\">\n<div id=\"buy\" class=\"tab-pane active\">\n<div>\n<div class=\"variants list\">\n<h2>Om produkten Avant Raspberry Liqorice<\/h2>\n<p>Avant Raspberry Liqorice \u00e4r en produkt fr\u00e5n varum\u00e4rket Avant, framst\u00e4lld av Kurbits Snus AB. Produkten \u00e4r av typen vitt snus, \u00e4ven k\u00e4nd som All White Portion. Snuset \u00e4r framst\u00e4llt i Slim-format, vilket inneb\u00e4r att varje prilla har ett smalare format. Produkten inneh\u00e5ller inte tobak, men inneh\u00e5ller nikotin. Nikotinhalten i detta snus klassificeras som normal.<\/p>\n<\/div>\n<\/div>\n<\/div>\n<\/div>\n<\/div>","protected":false},"featured_media":17139,"comment_status":"open","ping_status":"closed","template":"","meta":[],"product_brand":[],"product_cat":[434,136,174,137],"product_tag":[],"class_list":{"0":"post-69973","1":"product","2":"type-product","3":"status-publish","4":"has-post-thumbnail","6":"product_cat-upsell1","7":"product_cat-all-whites","8":"product_cat-avant","9":"product_cat-slim","11":"first","12":"instock","13":"sale","14":"taxable","15":"shipping-taxable","16":"purchasable","17":"product-type-simple"},"_links":{"self":[{"href":"https:\/\/snus-malmo.se\/sv\/wp-json\/wp\/v2\/product\/69973","targetHints":{"allow":["GET"]}}],"collection":[{"href":"https:\/\/snus-malmo.se\/sv\/wp-json\/wp\/v2\/product"}],"about":[{"href":"https:\/\/snus-malmo.se\/sv\/wp-json\/wp\/v2\/types\/product"}],"replies":[{"embeddable":true,"href":"https:\/\/snus-malmo.se\/sv\/wp-json\/wp\/v2\/comments?post=69973"}],"version-history":[{"count":0,"href":"https:\/\/snus-malmo.se\/sv\/wp-json\/wp\/v2\/product\/69973\/revisions"}],"wp:featuredmedia":[{"embeddable":true,"href":"https:\/\/snus-malmo.se\/sv\/wp-json\/wp\/v2\/media\/17139"}],"wp:attachment":[{"href":"https:\/\/snus-malmo.se\/sv\/wp-json\/wp\/v2\/media?parent=69973"}],"wp:term":[{"taxonomy":"product_brand","embeddable":true,"href":"https:\/\/snus-malmo.se\/sv\/wp-json\/wp\/v2\/product_brand?post=69973"},{"taxonomy":"product_cat","embeddable":true,"href":"https:\/\/snus-malmo.se\/sv\/wp-json\/wp\/v2\/product_cat?post=69973"},{"taxonomy":"product_tag","embeddable":true,"href":"https:\/\/snus-malmo.se\/sv\/wp-json\/wp\/v2\/product_tag?post=69973"}],"curies":[{"name":"wp","href":"https:\/\/api.w.org\/{rel}","templated":true}]}}