{"id":70094,"date":"2025-11-25T15:23:34","date_gmt":"2025-11-25T15:23:34","guid":{"rendered":"https:\/\/snus-malmo.se\/?post_type=product&#038;p=70094"},"modified":"2025-12-16T17:08:13","modified_gmt":"2025-12-16T17:08:13","slug":"kelly-white-4-pack","status":"publish","type":"product","link":"https:\/\/snus-malmo.se\/sv\/produkt\/kelly-white-4-pack\/","title":{"rendered":"Kelly White 4 Pack"},"content":{"rendered":"<h1>Kelly White 4 Pack<\/h1>\n<article class=\"product-text\">Kelly White Hot Cherry Mini Strong \u00e4r ett vitt snus<strong>\u00a0<\/strong>under varum\u00e4rket Kelly White. Produkten har en stark nikotinhalt och kommer i miniformat. Varje dosa har 20 prillor.<\/article>\n<div class=\"buy-pane\">\n<div class=\"tab-content buy-tabs-content\">\n<div id=\"buy\" class=\"tab-pane active\">\n<div>\n<div class=\"variants list\">\n<h2>Om produkten Kelly White Hot Cherry Mini Strong<\/h2>\n<p>Kelly White Hot Cherry Mini Strong, producerad av White Industries AB, ing\u00e5r i varum\u00e4rket Kelly White. Denna produkt \u00e4r ett vitt snus som inte inneh\u00e5ller tobak men inneh\u00e5ller nikotin, den kommer i ett miniformat och bed\u00f6ms vara stark.<\/p>\n<h2>Kelly White Hot Cherry Mini Strong: Smak &amp; Styrka<\/h2>\n<p>Kelly White Hot Cherry Mini Strong \u00e4r ett vitt snus i miniformat. Produkten har smaker av chili och k\u00f6rsb\u00e4r och har en stark nikotinhalt, med 6,5 mg nikotin per portion och 16,25 mg nikotin per gram.<\/p>\n<h3>Kelly White Hot Cherry Mini Strong:<\/h3>\n<ul>\n<li><strong>Kategori:<\/strong>\u00a0Vitt snus<\/li>\n<li><strong>Smak:<\/strong>\u00a0Chili, k\u00f6rsb\u00e4r<\/li>\n<li><strong>Nikotinhalt:<\/strong>\u00a0Stark<\/li>\n<li><strong>Producent:<\/strong>\u00a0White Industries AB<\/li>\n<li><strong>Nikotin mg\/prilla:<\/strong>\u00a06,5 mg<\/li>\n<li><strong>Antal prillor per dosa:<\/strong>\u00a020<\/li>\n<\/ul>\n<h3>Ytterligare information f\u00f6r Kelly White<\/h3>\n<p>Kelly White \u00e4r ett varum\u00e4rke som har specialiserat sig p\u00e5 vitt snus. Fokusomr\u00e5det f\u00f6r varum\u00e4rket \u00e4r att producera tobaksfria produkter, i olika smaker och styrkor.<\/p>\n<\/div>\n<\/div>\n<\/div>\n<\/div>\n<\/div>","protected":false},"excerpt":{"rendered":"<h1 class=\"product-text\">Kelly White 4 Pack<\/h1>\n<div class=\"buy-pane\">\n<div class=\"tab-content buy-tabs-content\">\n<div id=\"buy\" class=\"tab-pane active\">\n<div>\n<div class=\"variants list\">\n<h2>Du v\u00e4ljer och n\u00e4mner i din order vilka smaker och antalet s\u00e5 f\u00e5r du en snygg Kelly White ask med din best\u00e4llning i.<\/h2>\n<p>G\u00e4ller alla Kelly White smaker och styrkor!<\/p>\n<h2>Kelly White Hot Cherry Mini Strong: Smak &amp; Styrka<\/h2>\n<p>Kelly White Hot Cherry Mini Strong \u00e4r ett vitt snus i miniformat. Produkten har smaker av chili och k\u00f6rsb\u00e4r och har en stark nikotinhalt, med 6,5 mg nikotin per portion och 16,25 mg nikotin per gram.<\/p>\n<\/div>\n<\/div>\n<\/div>\n<\/div>\n<\/div>","protected":false},"featured_media":70099,"comment_status":"open","ping_status":"closed","template":"","meta":[],"product_brand":[],"product_cat":[136,215,79],"product_tag":[],"class_list":{"0":"post-70094","1":"product","2":"type-product","3":"status-publish","4":"has-post-thumbnail","6":"product_cat-all-whites","7":"product_cat-kelly","8":"product_cat-mini-portion","10":"first","11":"instock","12":"sale","13":"taxable","14":"shipping-taxable","15":"purchasable","16":"product-type-simple"},"_links":{"self":[{"href":"https:\/\/snus-malmo.se\/sv\/wp-json\/wp\/v2\/product\/70094","targetHints":{"allow":["GET"]}}],"collection":[{"href":"https:\/\/snus-malmo.se\/sv\/wp-json\/wp\/v2\/product"}],"about":[{"href":"https:\/\/snus-malmo.se\/sv\/wp-json\/wp\/v2\/types\/product"}],"replies":[{"embeddable":true,"href":"https:\/\/snus-malmo.se\/sv\/wp-json\/wp\/v2\/comments?post=70094"}],"version-history":[{"count":0,"href":"https:\/\/snus-malmo.se\/sv\/wp-json\/wp\/v2\/product\/70094\/revisions"}],"wp:featuredmedia":[{"embeddable":true,"href":"https:\/\/snus-malmo.se\/sv\/wp-json\/wp\/v2\/media\/70099"}],"wp:attachment":[{"href":"https:\/\/snus-malmo.se\/sv\/wp-json\/wp\/v2\/media?parent=70094"}],"wp:term":[{"taxonomy":"product_brand","embeddable":true,"href":"https:\/\/snus-malmo.se\/sv\/wp-json\/wp\/v2\/product_brand?post=70094"},{"taxonomy":"product_cat","embeddable":true,"href":"https:\/\/snus-malmo.se\/sv\/wp-json\/wp\/v2\/product_cat?post=70094"},{"taxonomy":"product_tag","embeddable":true,"href":"https:\/\/snus-malmo.se\/sv\/wp-json\/wp\/v2\/product_tag?post=70094"}],"curies":[{"name":"wp","href":"https:\/\/api.w.org\/{rel}","templated":true}]}}